{"id":7420,"date":"2025-10-20T20:08:55","date_gmt":"2025-10-20T18:08:55","guid":{"rendered":"https:\/\/lanrel.eu\/?post_type=product&#038;p=7420"},"modified":"2025-10-21T20:57:11","modified_gmt":"2025-10-21T18:57:11","slug":"royal-canin-labrador-retriever-adult-karma-sucha-12kg","status":"publish","type":"product","link":"https:\/\/www.lanrel.pl\/pl\/produkt\/royal-canin-labrador-retriever-adult-karma-sucha-12kg\/","title":{"rendered":"ROYAL CANIN\u00ae Labrador Retriever Adult karma sucha 12kg"},"content":{"rendered":"<h4>Zalety:<\/h4>\n<ul>\n<li>Prawid\u0142owa masa cia\u0142a<\/li>\n<li>Zdrowie ko\u015bci i staw\u00f3w<\/li>\n<li>Zdrowa sk\u00f3ra i sier\u015b\u0107<\/li>\n<li>Specjalnie opracowany krokiet<\/li>\n<\/ul>\n<p>Uroczy, energiczny i przyjazny labrador retriever to rasa ps\u00f3w cenionych zar\u00f3wno, jako towarzysze rodziny, jak i utalentowane pies u\u017cytkowe. Dzi\u0119ki swojej sprawno\u015bci, inteligencji oraz doskona\u0142emu zmys\u0142owi w\u0119chu doskonale sparwdzaja si\u0119 jako psy przewodnicy, serwisowe czy ratownicze.<\/p>\n<p>Karma ROYAL CANIN\u00ae Labrador Retriever Adult, przeznaczona dla ps\u00f3w rasy labrador retriever powy\u017cej 15 miesi\u0105ca \u017cycia, zosta\u0142a opracowana specjalnie pod k\u0105tem potrzeb Twojego doros\u0142ego psa.<\/p>\n<p>Pierwotnie psy rasy labrador retriever pochodz\u0105ce\u00a0 z ch\u0142odnej p\u00f3\u0142nocy potrzebowa\u0142y du\u017cej dawki kalorii podczas pracy w lodowatych wodach Oceanu Atlantyckiego, a dzisiejsi przedstawiciele tej rasy odziedziczyli po nich ten niemal legendarny ju\u017c apetyt. W efekcie Tw\u00f3j pies wymaga odpowiednio dostosowanej diety, by zachowa\u0107 prawid\u0142ow\u0105 sylwetk\u0119. Dlatego karma ROYAL CANIN\u00ae Labrador Retriever Adult ma precyzyjnie dostosowan\u0105 warto\u015b\u0107 kaloryczn\u0105, przy jednoczesnym podwy\u017cszeniu poziomu bia\u0142ka i ograniczeniu poda\u017cy t\u0142uszczu, co sprzyja utrzymaniu optymalnej masy cia\u0142a psa.<\/p>\n<p>Charakterystyczna struktura woododpornej sier\u015bci ps\u00f3w rasy labrador retriever doskonale chroni je przed zimnem. Utrzymanie w\u0142a\u015bciwo\u015bci takiej szaty jest bardzo wa\u017cne. ROYAL CANIN\u00ae Labrador Retriever Adult to karma wspomagaj\u0105ca funkcje bariery sk\u00f3rnej, dzi\u0119ki unikalnemu kompleksowi sk\u0142adnik\u00f3w pokarmowych. W\u015br\u00f3d nich, zastosowanie oleju z og\u00f3recznika oraz innych \u017ar\u00f3de\u0142 niezb\u0119dnych kwas\u00f3w t\u0142uszczowych wspomaga utrzymanie zdrowia sk\u00f3ry i sier\u015bci Twojego psa.<\/p>\n<p>Labrador Retriever to zapalony sportowiec, daj\u0105cy z siebie wszystko podczas \u0107wicze\u0144. Jednak, z powodu masywnego cia\u0142a zdrowie jego silnie obci\u0105\u017canych staw\u00f3w wymaga dodatkowego wsparcia dietetycznego. Dzi\u0119ki wzbogaceniu w specjalne sk\u0142adniki pokarmowe, w tym kwasy t\u0142uszczowe omega 3 EPA i DHA, karma ROYAL CANIN\u00ae Labrador Retriever Adult sprzyja wspomaganiu zdrowia ko\u015bci i staw\u00f3w.<\/p>\n<p>Dodatkowo tekstura i receptura krokieta ROYAL CANIN\u00ae Labrador Retriever Adult zosta\u0142y specjalnie dostosowane do budowy ps\u00f3w rasy labrador retriever, a unikalny kszta\u0142t pomaga spowolni\u0107 tempo jedzenia, co wspomaga utrzymanie prawid\u0142owej sylwetki.<\/p>\n<p>W firmie ROYAL CANIN\u00ae intensywnie pracujemy nad dostarczaniem rozwi\u0105za\u0144 \u017cywieniowych najlepiej dostosowanych do potrzeb zwierz\u0105t. Wszystkie nasze produkty przechodz\u0105 dok\u0142adny proces kontroli jako\u015bci, gwarantuj\u0105cy najwy\u017csz\u0105 jako\u015b\u0107 karmy oraz pe\u0142ne pokrycie zapotrzebowania pokarmowego, odpowiednio do trybu \u017cycia Twojego psa. Oznacza to, \u017ce podaj\u0105c swojemu psu karm\u0119 ROYAL CANIN\u00ae Labrador Retriever Adult dostarczasz mu kompletn\u0105 i doskonale zbilansowan\u0105 diet\u0119<\/p>\n<p><img fetchpriority=\"high\" decoding=\"async\" class=\"alignnone size-full wp-image-7429\" src=\"http:\/\/lanrel.eu\/wp-content\/uploads\/2025\/10\/Labrador-Retriever_01.png\" alt=\"\" width=\"1920\" height=\"606\" srcset=\"https:\/\/www.lanrel.pl\/wp-content\/uploads\/2025\/10\/Labrador-Retriever_01.png 1920w, https:\/\/www.lanrel.pl\/wp-content\/uploads\/2025\/10\/Labrador-Retriever_01-300x95.png 300w, https:\/\/www.lanrel.pl\/wp-content\/uploads\/2025\/10\/Labrador-Retriever_01-1024x323.png 1024w, https:\/\/www.lanrel.pl\/wp-content\/uploads\/2025\/10\/Labrador-Retriever_01-768x242.png 768w, https:\/\/www.lanrel.pl\/wp-content\/uploads\/2025\/10\/Labrador-Retriever_01-1536x485.png 1536w, https:\/\/www.lanrel.pl\/wp-content\/uploads\/2025\/10\/Labrador-Retriever_01-18x6.png 18w, https:\/\/www.lanrel.pl\/wp-content\/uploads\/2025\/10\/Labrador-Retriever_01-600x189.png 600w\" sizes=\"(max-width: 1920px) 100vw, 1920px\" \/> <img decoding=\"async\" class=\"alignnone size-full wp-image-7430\" src=\"http:\/\/lanrel.eu\/wp-content\/uploads\/2025\/10\/Labrador-Retriever_02.png\" alt=\"\" width=\"1920\" height=\"536\" srcset=\"https:\/\/www.lanrel.pl\/wp-content\/uploads\/2025\/10\/Labrador-Retriever_02.png 1920w, https:\/\/www.lanrel.pl\/wp-content\/uploads\/2025\/10\/Labrador-Retriever_02-300x84.png 300w, https:\/\/www.lanrel.pl\/wp-content\/uploads\/2025\/10\/Labrador-Retriever_02-1024x286.png 1024w, https:\/\/www.lanrel.pl\/wp-content\/uploads\/2025\/10\/Labrador-Retriever_02-768x214.png 768w, https:\/\/www.lanrel.pl\/wp-content\/uploads\/2025\/10\/Labrador-Retriever_02-1536x429.png 1536w, https:\/\/www.lanrel.pl\/wp-content\/uploads\/2025\/10\/Labrador-Retriever_02-18x5.png 18w, https:\/\/www.lanrel.pl\/wp-content\/uploads\/2025\/10\/Labrador-Retriever_02-600x168.png 600w\" sizes=\"(max-width: 1920px) 100vw, 1920px\" \/> <img decoding=\"async\" class=\"alignnone size-full wp-image-7431\" src=\"http:\/\/lanrel.eu\/wp-content\/uploads\/2025\/10\/Labrador-Retriever_03.png\" alt=\"\" width=\"1920\" height=\"789\" srcset=\"https:\/\/www.lanrel.pl\/wp-content\/uploads\/2025\/10\/Labrador-Retriever_03.png 1920w, https:\/\/www.lanrel.pl\/wp-content\/uploads\/2025\/10\/Labrador-Retriever_03-300x123.png 300w, https:\/\/www.lanrel.pl\/wp-content\/uploads\/2025\/10\/Labrador-Retriever_03-1024x421.png 1024w, https:\/\/www.lanrel.pl\/wp-content\/uploads\/2025\/10\/Labrador-Retriever_03-768x316.png 768w, https:\/\/www.lanrel.pl\/wp-content\/uploads\/2025\/10\/Labrador-Retriever_03-1536x631.png 1536w, https:\/\/www.lanrel.pl\/wp-content\/uploads\/2025\/10\/Labrador-Retriever_03-18x7.png 18w, https:\/\/www.lanrel.pl\/wp-content\/uploads\/2025\/10\/Labrador-Retriever_03-600x247.png 600w\" sizes=\"(max-width: 1920px) 100vw, 1920px\" \/> <img loading=\"lazy\" decoding=\"async\" class=\"alignnone size-full wp-image-7432\" src=\"http:\/\/lanrel.eu\/wp-content\/uploads\/2025\/10\/Labrador-Retriever_04.png\" alt=\"\" width=\"1920\" height=\"522\" srcset=\"https:\/\/www.lanrel.pl\/wp-content\/uploads\/2025\/10\/Labrador-Retriever_04.png 1920w, https:\/\/www.lanrel.pl\/wp-content\/uploads\/2025\/10\/Labrador-Retriever_04-300x82.png 300w, https:\/\/www.lanrel.pl\/wp-content\/uploads\/2025\/10\/Labrador-Retriever_04-1024x278.png 1024w, https:\/\/www.lanrel.pl\/wp-content\/uploads\/2025\/10\/Labrador-Retriever_04-768x209.png 768w, https:\/\/www.lanrel.pl\/wp-content\/uploads\/2025\/10\/Labrador-Retriever_04-1536x418.png 1536w, https:\/\/www.lanrel.pl\/wp-content\/uploads\/2025\/10\/Labrador-Retriever_04-18x5.png 18w, https:\/\/www.lanrel.pl\/wp-content\/uploads\/2025\/10\/Labrador-Retriever_04-600x163.png 600w\" sizes=\"(max-width: 1920px) 100vw, 1920px\" \/> <img loading=\"lazy\" decoding=\"async\" class=\"alignnone size-full wp-image-7433\" src=\"http:\/\/lanrel.eu\/wp-content\/uploads\/2025\/10\/Labrador-Retriever_05.png\" alt=\"\" width=\"1920\" height=\"612\" srcset=\"https:\/\/www.lanrel.pl\/wp-content\/uploads\/2025\/10\/Labrador-Retriever_05.png 1920w, https:\/\/www.lanrel.pl\/wp-content\/uploads\/2025\/10\/Labrador-Retriever_05-300x96.png 300w, https:\/\/www.lanrel.pl\/wp-content\/uploads\/2025\/10\/Labrador-Retriever_05-1024x326.png 1024w, https:\/\/www.lanrel.pl\/wp-content\/uploads\/2025\/10\/Labrador-Retriever_05-768x245.png 768w, https:\/\/www.lanrel.pl\/wp-content\/uploads\/2025\/10\/Labrador-Retriever_05-1536x490.png 1536w, https:\/\/www.lanrel.pl\/wp-content\/uploads\/2025\/10\/Labrador-Retriever_05-18x6.png 18w, https:\/\/www.lanrel.pl\/wp-content\/uploads\/2025\/10\/Labrador-Retriever_05-600x191.png 600w\" sizes=\"(max-width: 1920px) 100vw, 1920px\" \/> <img loading=\"lazy\" decoding=\"async\" class=\"alignnone size-full wp-image-7434\" src=\"http:\/\/lanrel.eu\/wp-content\/uploads\/2025\/10\/Labrador-Retriever_06.png\" alt=\"\" width=\"1920\" height=\"690\" srcset=\"https:\/\/www.lanrel.pl\/wp-content\/uploads\/2025\/10\/Labrador-Retriever_06.png 1920w, https:\/\/www.lanrel.pl\/wp-content\/uploads\/2025\/10\/Labrador-Retriever_06-300x108.png 300w, https:\/\/www.lanrel.pl\/wp-content\/uploads\/2025\/10\/Labrador-Retriever_06-1024x368.png 1024w, https:\/\/www.lanrel.pl\/wp-content\/uploads\/2025\/10\/Labrador-Retriever_06-768x276.png 768w, https:\/\/www.lanrel.pl\/wp-content\/uploads\/2025\/10\/Labrador-Retriever_06-1536x552.png 1536w, https:\/\/www.lanrel.pl\/wp-content\/uploads\/2025\/10\/Labrador-Retriever_06-18x6.png 18w, https:\/\/www.lanrel.pl\/wp-content\/uploads\/2025\/10\/Labrador-Retriever_06-600x216.png 600w\" sizes=\"(max-width: 1920px) 100vw, 1920px\" \/> <img loading=\"lazy\" decoding=\"async\" class=\"alignnone size-full wp-image-7435\" src=\"http:\/\/lanrel.eu\/wp-content\/uploads\/2025\/10\/Labrador-Retriever_07.png\" alt=\"\" width=\"1920\" height=\"659\" srcset=\"https:\/\/www.lanrel.pl\/wp-content\/uploads\/2025\/10\/Labrador-Retriever_07.png 1920w, https:\/\/www.lanrel.pl\/wp-content\/uploads\/2025\/10\/Labrador-Retriever_07-300x103.png 300w, https:\/\/www.lanrel.pl\/wp-content\/uploads\/2025\/10\/Labrador-Retriever_07-1024x351.png 1024w, https:\/\/www.lanrel.pl\/wp-content\/uploads\/2025\/10\/Labrador-Retriever_07-768x264.png 768w, https:\/\/www.lanrel.pl\/wp-content\/uploads\/2025\/10\/Labrador-Retriever_07-1536x527.png 1536w, https:\/\/www.lanrel.pl\/wp-content\/uploads\/2025\/10\/Labrador-Retriever_07-18x6.png 18w, https:\/\/www.lanrel.pl\/wp-content\/uploads\/2025\/10\/Labrador-Retriever_07-600x206.png 600w\" sizes=\"(max-width: 1920px) 100vw, 1920px\" \/><\/p>\n<h4>Sk\u0142ad:<\/h4>\n<p>kukurydza, ry\u017c, suszone bia\u0142ko wo\u0142owe i wieprzowe*, suszone bia\u0142ko drobiowe, hydrolizat bia\u0142ka zwierz\u0119cego, t\u0142uszcze zwierz\u0119ce, w\u0142\u00f3kno ro\u015blinne, pulpa buraczana, gluten kukurydziany, pszenica, dro\u017cd\u017ce i ich cz\u0119\u015bci, olej rybny, sole mineralne, olej sojowy, \u0142uski i nasiona psyllium, fruktooligosacharydy, hydrolizat skorupiak\u00f3w (\u017ar\u00f3d\u0142o glukozaminy), olej z og\u00f3recznika (0,1%), wyci\u0105g z aksamitki wzniesionej (\u017ar\u00f3d\u0142o luteiny), hydrolizat chrz\u0105stki (\u017ar\u00f3d\u0142o chondroityny).<\/p>\n<p>*L.I.P.: bia\u0142ko wyselekcjonowane ze wzgl\u0119du na bardzo wysok\u0105 strawno\u015b\u0107.<\/p>\n<h4>Dodatki (na 1 kg karmy):<\/h4>\n<p>Witamina A: 28500 UI, Witamina D3: 800 UI, E1 (\u017belazo): 54 mg, E2 (Jod): 3,4 mg, E4 (Mied\u017a): 5 mg, E5 (Mangan): 38 mg, E6 (Cynk): 139 mg, E8 (Selen): 0,16 mg &#8211; Dodatki technologiczne: Klinoptylolit pochodzenia osadowego: 10 g &#8211; Dodatki sensoryczne: Wyci\u0105g z herbaty (\u017ar\u00f3d\u0142o polifenoli): 150 mg &#8211; Konserwanty &#8211; Przeciwutleniacze.<\/p>\n<h4>Sk\u0142adniki analityczne:<\/h4>\n<p>Bia\u0142ko surowe: 30,0% &#8211; Oleje i t\u0142uszcze surowe: 13,0% &#8211; Popi\u00f3\u0142 surowy: 6,6% &#8211; W\u0142\u00f3kno surowe: 3,8% &#8211; EPA\/DHA: 4 g\/kg.<\/p>\n<h4>Spos\u00f3b u\u017cycia:<\/h4>\n<p>patrz tabela.<\/p>\n<p>Najlepiej wykorzysta\u0107 przed: patrz data wa\u017cno\u015bci. Data wa\u017cno\u015bci, numer partii i numer rejestracyjny zak\u0142adu znajduj\u0105 si\u0119 z ty\u0142u opakowania. Przechowywa\u0107 w suchym i ch\u0142odnym miejscu.<\/p>\n<table style=\"height: 265px;\" width=\"1076\">\n<thead>\n<tr>\n<td><strong>Waga psa<\/strong><\/td>\n<td><strong>Niska aktywno\u015b\u0107<\/strong><\/td>\n<td><strong>Normalna aktywno\u015b\u0107<\/strong><\/td>\n<td><strong>Wysoka aktywno\u015b\u0107<\/strong><\/td>\n<\/tr>\n<\/thead>\n<tbody>\n<tr>\n<td>26 kg<\/td>\n<td>308 g<\/td>\n<td>356 g<\/td>\n<td>405 g<\/td>\n<\/tr>\n<tr>\n<td>28 kg<\/td>\n<td>325 g<\/td>\n<td>376 g<\/td>\n<td>428 g<\/td>\n<\/tr>\n<tr>\n<td>30 kg<\/td>\n<td>342 g<\/td>\n<td>396 g<\/td>\n<td>450 g<\/td>\n<\/tr>\n<tr>\n<td>32 kg<\/td>\n<td>359 g<\/td>\n<td>416 g<\/td>\n<td>473 g<\/td>\n<\/tr>\n<tr>\n<td>34 kg<\/td>\n<td>376 g<\/td>\n<td>435 g<\/td>\n<td>495 g<\/td>\n<\/tr>\n<tr>\n<td>36 kg<\/td>\n<td>393 g<\/td>\n<td>455 g<\/td>\n<td>516 g<\/td>\n<\/tr>\n<tr>\n<td>38 kg<\/td>\n<td>409 g<\/td>\n<td>473 g<\/td>\n<td>538 g<\/td>\n<\/tr>\n<tr>\n<td>40 kg<\/td>\n<td>425 g<\/td>\n<td>492 g<\/td>\n<td>559 g<\/td>\n<\/tr>\n<\/tbody>\n<\/table>\n<p>&nbsp;<\/p>","protected":false},"excerpt":{"rendered":"<p>Karma sucha dla ps\u00f3w doros\u0142ych rasy Labrador Retriver powy\u017cej 15 miesi\u0105ca \u017cycia.<\/p>\n<p>Marka: Royal Canin<\/p>\n<p>Dla jakiego pupila:Pies<\/p>\n<p><span class=\"ty-product-feature__label\">Wielko\u015b\u0107 pupila: Rasy du\u017ce<\/span><\/p>\n<p>Faza \u017cycia: Doros\u0142y<\/p>","protected":false},"featured_media":7427,"comment_status":"open","ping_status":"closed","template":"","meta":{"om_disable_all_campaigns":false,"inline_featured_image":false},"product_brand":[],"product_cat":[27,97,95],"product_tag":[],"class_list":{"0":"post-7420","1":"product","2":"type-product","3":"status-publish","4":"has-post-thumbnail","6":"product_cat-dog-food","7":"product_cat-psy-rasowe","8":"product_cat-royal-canin-dog-food","10":"first","11":"outofstock","12":"taxable","13":"shipping-taxable","14":"purchasable","15":"product-type-simple"},"_links":{"self":[{"href":"https:\/\/www.lanrel.pl\/pl\/wp-json\/wp\/v2\/product\/7420","targetHints":{"allow":["GET"]}}],"collection":[{"href":"https:\/\/www.lanrel.pl\/pl\/wp-json\/wp\/v2\/product"}],"about":[{"href":"https:\/\/www.lanrel.pl\/pl\/wp-json\/wp\/v2\/types\/product"}],"replies":[{"embeddable":true,"href":"https:\/\/www.lanrel.pl\/pl\/wp-json\/wp\/v2\/comments?post=7420"}],"wp:featuredmedia":[{"embeddable":true,"href":"https:\/\/www.lanrel.pl\/pl\/wp-json\/wp\/v2\/media\/7427"}],"wp:attachment":[{"href":"https:\/\/www.lanrel.pl\/pl\/wp-json\/wp\/v2\/media?parent=7420"}],"wp:term":[{"taxonomy":"product_brand","embeddable":true,"href":"https:\/\/www.lanrel.pl\/pl\/wp-json\/wp\/v2\/product_brand?post=7420"},{"taxonomy":"product_cat","embeddable":true,"href":"https:\/\/www.lanrel.pl\/pl\/wp-json\/wp\/v2\/product_cat?post=7420"},{"taxonomy":"product_tag","embeddable":true,"href":"https:\/\/www.lanrel.pl\/pl\/wp-json\/wp\/v2\/product_tag?post=7420"}],"curies":[{"name":"wp","href":"https:\/\/api.w.org\/{rel}","templated":true}]}}