{"id":7408,"date":"2025-10-20T19:57:19","date_gmt":"2025-10-20T17:57:19","guid":{"rendered":"https:\/\/lanrel.eu\/?post_type=product&#038;p=7408"},"modified":"2025-10-21T20:57:42","modified_gmt":"2025-10-21T18:57:42","slug":"royal-canin-jack-russell-terrier-puppy-karma-sucha-dla-szczeniat","status":"publish","type":"product","link":"https:\/\/www.lanrel.pl\/pl\/produkt\/royal-canin-jack-russell-terrier-puppy-karma-sucha-dla-szczeniat\/","title":{"rendered":"ROYAL CANIN\u00ae Jack Russell Terrier Puppy karma sucha dla szczeni\u0105t"},"content":{"rendered":"<h4>Zalety:<\/h4>\n<ul>\n<li>Wspomaganie uk\u0142adu odporno\u015bciowego<\/li>\n<li>Zdrowy wzrost<\/li>\n<li>Zdrowe trawienie<\/li>\n<li>Specjalnie opracowany krokiet: zdrowie z\u0119b\u00f3w<\/li>\n<\/ul>\n<p>Psy rasy jack russell s\u0105 wyj\u0105tkowe aktywne i zwinne oraz znane ze swojej niezale\u017cno\u015bci i czujno\u015bci. Jego charakter nie idzie w parze z wielko\u015bci\u0105.<\/p>\n<p>Karma ROYAL CANIN\u00ae Jack Russell Puppy zosta\u0142a opracowana specjalnie dla szczeni\u0105t rasy jack russell, do 10 miesi\u0105ca \u017cycia.<\/p>\n<p>Okres wzrostu u tych ps\u00f3w jest kr\u00f3tki i bardzo intensywny. Receptura karmy ROYAL CANIN\u00ae Jack Russell Puppy sprzyja prawid\u0142owemu wzrostowi, dzi\u0119ki odpowiedniemu zbilansowaniu energii, bia\u0142ka, wapnia i fosforu.<\/p>\n<p>Karma ROYAL CANIN\u00ae Jack Russell Puppy zawiera tak\u017ce opatentowany kompleks wsp\u00f3\u0142dzia\u0142aj\u0105cych przeciwutleniaczy, w tym witamin\u0119 E. Kompleks sprzyja wzmocnieniu naturalnych mechanizm\u00f3w obronnych szczeni\u0119cia.<\/p>\n<p>Wysokiej jako\u015bci bia\u0142ko i prebiotyki sprzyjaj\u0105 zdrowiu przewodu pokarmowego. Sk\u0142adniki te pomagaj\u0105 tak\u017ce utrzyma\u0107 r\u00f3wnowag\u0119 flory bakteryjnej jelit, co sprzyja odchodom o prawid\u0142owej konsystencji.<\/p>\n<p>Kszta\u0142t, rozmiar, tekstura krokiet\u00f3w zosta\u0142a opracowana specjalnie dla szczeni\u0105t rasy jack russell terrier. Krokiety zosta\u0142y dostosowane do rozmiaru szcz\u0119k ps\u00f3w tej rasy.<\/p>\n<p>Misj\u0105 ROYAL CANIN\u00ae jest zapewnianie rozwi\u0105za\u0144 \u017cywieniowych dostosowanych do potrzeb zwierz\u0105t. Wszystkie nasze produkty przechodz\u0105 liczne kontrole jako\u015bci, aby sprosta\u0107 najwy\u017cszym standardom marki i dostarczy\u0107 psu pokarm dostosowany do jego potrzeb \u017cywieniowych i trybu \u017cycia. ROYAL CANIN\u00ae Jack Russell Puppy jest karm\u0105 pe\u0142noporcjow\u0105.<\/p>\n<p><strong>SK\u0141AD:<\/strong> suszone bia\u0142ka drobiowe,\u00a0ry\u017c,\u00a0gluten pszenny*,\u00a0pszenica,\u00a0t\u0142uszcze zwierz\u0119ce,\u00a0kukurydza,\u00a0hydrolizowane bia\u0142ka zwierz\u0119ce,\u00a0wys\u0142odki buraczane,\u00a0gluten kukurydziany,\u00a0olej z ryb,\u00a0minera\u0142y,\u00a0olej sojowy,\u00a0produkty dro\u017cd\u017cy,\u00a0fruktooligosacharydy (0,5%),\u00a0dro\u017cd\u017ce (\u017ar\u00f3d\u0142o mannooligosacharyd\u00f3w i beta-glukan\u00f3w),\u00a0olej z og\u00f3recznika,\u00a0m\u0105czka z aksamitki,\u00a0sok z juki schidigera.<\/p>\n<p>*L.I.P.: bia\u0142ko wyselekcjonowane ze wzgl\u0119du na bardzo wysok\u0105 strawno\u015b\u0107.<\/p>\n<h4><strong>DODATKI\u00a0<\/strong>(na 1 kg karmy):<\/h4>\n<p>Witamina A: 29500 UI, Witamina D3: 800 UI, Witamina E: 590 mg, \u017belazo (3b103): 38 mg, Jod (3b201, 3b202): 3,8 mg, Mied\u017a (3b405, 3b406): 12 mg, Mangan (3b502, 3b504): 49 mg, Cynk (3b603, 3b605, 3b606): 132 mg, Selen (3b801, 3b811, 3b812): 0,08 mg &#8211; Dodatki technologiczne: Klinoptylolit pochodzenia osadowego: 10 g &#8211; Konserwanty &#8211; Przeciwutleniacze.<\/p>\n<h4><strong>SK\u0141ADNIKI ANALITYCZNE:<\/strong><\/h4>\n<p>Bia\u0142ko surowe:\u00a032,0%\u00a0&#8211;\u00a0W\u0142\u00f3kno surowe:\u00a01,4%\u00a0&#8211;\u00a0Oleje i t\u0142uszcze surowe:\u00a018,0%\u00a0&#8211;\u00a0Popi\u00f3\u0142 surowy:\u00a07,6%\u00a0&#8211;\u00a0Wap\u0144:\u00a01,2%\u00a0&#8211;\u00a0Fosfor:\u00a01,0%.<\/p>\n<h4>\u00a0<strong>SPOS\u00d3B U\u017bYCIA:<\/strong><\/h4>\n<p>patrz tabela.<\/p>\n<p>Najlepiej wykorzysta\u0107 przed: patrz data wa\u017cno\u015bci. Data wa\u017cno\u015bci, numer partii i numer rejestracyjny zak\u0142adu znajduj\u0105 si\u0119 na opakowaniu. Przechowywa\u0107 w suchym i ch\u0142odnym miejscu.<\/p>\n<table>\n<thead>\n<tr>\n<td><strong>Wiek psa (miesi\u0119cy)<\/strong><\/td>\n<td><strong>Waga psa = 5 kg<\/strong><\/td>\n<td><strong>Waga psa = 7 kg<\/strong><\/td>\n<td><strong>Waga psa = 10 kg<\/strong><\/td>\n<\/tr>\n<\/thead>\n<tbody>\n<tr>\n<td>2 m<\/td>\n<td>95 g<\/td>\n<td>115 g<\/td>\n<td>149 g<\/td>\n<\/tr>\n<tr>\n<td>3 m<\/td>\n<td>107 g<\/td>\n<td>135 g<\/td>\n<td>175 g<\/td>\n<\/tr>\n<tr>\n<td>4 m<\/td>\n<td>112 g<\/td>\n<td>143 g<\/td>\n<td>186 g<\/td>\n<\/tr>\n<tr>\n<td>5 m<\/td>\n<td>113 g<\/td>\n<td>145 g<\/td>\n<td>189 g<\/td>\n<\/tr>\n<tr>\n<td>6 m<\/td>\n<td>102 g<\/td>\n<td>144 g<\/td>\n<td>189 g<\/td>\n<\/tr>\n<tr>\n<td>7 m<\/td>\n<td>95 g<\/td>\n<td>135 g<\/td>\n<td>177g<\/td>\n<\/tr>\n<tr>\n<td>8 m<\/td>\n<td>87 g<\/td>\n<td>126 g<\/td>\n<td>165 g<\/td>\n<\/tr>\n<tr>\n<td>9 m<\/td>\n<td>90 g<\/td>\n<td>116<\/td>\n<td>153 g<\/td>\n<\/tr>\n<tr>\n<td>10 m<\/td>\n<td>92 g<\/td>\n<td>118<\/td>\n<td>157 g<\/td>\n<\/tr>\n<tr>\n<td>11 m<\/td>\n<td>Jack Russel Adult<\/td>\n<td>Jack Russel Adult<\/td>\n<td>Jack Russel Adult<\/td>\n<\/tr>\n<\/tbody>\n<\/table>","protected":false},"excerpt":{"rendered":"<p>Karma dla szczeni\u0105t rasy Jack Russell.<\/p>\n<p>Marka: Royal Canin<\/p>\n<p>Dla jakiego pupila:Pies<\/p>\n<p><span class=\"ty-product-feature__label\">Wielko\u015b\u0107 pupila:Rasy ma\u0142e<\/span><\/p>\n<p>Faza \u017cycia: Junior<\/p>","protected":false},"featured_media":7419,"comment_status":"open","ping_status":"closed","template":"","meta":{"om_disable_all_campaigns":false,"inline_featured_image":false},"product_brand":[],"product_cat":[27,95,96],"product_tag":[],"class_list":{"0":"post-7408","1":"product","2":"type-product","3":"status-publish","4":"has-post-thumbnail","6":"product_cat-dog-food","7":"product_cat-royal-canin-dog-food","8":"product_cat-szczenieta","10":"first","11":"outofstock","12":"taxable","13":"shipping-taxable","14":"product-type-variable","15":"has-default-attributes"},"_links":{"self":[{"href":"https:\/\/www.lanrel.pl\/pl\/wp-json\/wp\/v2\/product\/7408","targetHints":{"allow":["GET"]}}],"collection":[{"href":"https:\/\/www.lanrel.pl\/pl\/wp-json\/wp\/v2\/product"}],"about":[{"href":"https:\/\/www.lanrel.pl\/pl\/wp-json\/wp\/v2\/types\/product"}],"replies":[{"embeddable":true,"href":"https:\/\/www.lanrel.pl\/pl\/wp-json\/wp\/v2\/comments?post=7408"}],"wp:featuredmedia":[{"embeddable":true,"href":"https:\/\/www.lanrel.pl\/pl\/wp-json\/wp\/v2\/media\/7419"}],"wp:attachment":[{"href":"https:\/\/www.lanrel.pl\/pl\/wp-json\/wp\/v2\/media?parent=7408"}],"wp:term":[{"taxonomy":"product_brand","embeddable":true,"href":"https:\/\/www.lanrel.pl\/pl\/wp-json\/wp\/v2\/product_brand?post=7408"},{"taxonomy":"product_cat","embeddable":true,"href":"https:\/\/www.lanrel.pl\/pl\/wp-json\/wp\/v2\/product_cat?post=7408"},{"taxonomy":"product_tag","embeddable":true,"href":"https:\/\/www.lanrel.pl\/pl\/wp-json\/wp\/v2\/product_tag?post=7408"}],"curies":[{"name":"wp","href":"https:\/\/api.w.org\/{rel}","templated":true}]}}