{"id":7396,"date":"2025-10-20T19:32:05","date_gmt":"2025-10-20T17:32:05","guid":{"rendered":"https:\/\/lanrel.eu\/?post_type=product&#038;p=7396"},"modified":"2025-10-21T20:57:57","modified_gmt":"2025-10-21T18:57:57","slug":"royal-canin-jack-russell-terrier-adult-karma-sucha","status":"publish","type":"product","link":"https:\/\/www.lanrel.pl\/pl\/produkt\/royal-canin-jack-russell-terrier-adult-karma-sucha\/","title":{"rendered":"ROYAL CANIN\u00ae Jack Russell Terrier Adult karma sucha"},"content":{"rendered":"<h4>Zalety:<\/h4>\n<ul>\n<li>Muskulatura i witalno\u015b\u0107<\/li>\n<li>Zdrowa sk\u00f3ra i sier\u015b\u0107<\/li>\n<li>Zdrowie z\u0119b\u00f3w<\/li>\n<li>Specjalnie opracowany krokiet<\/li>\n<\/ul>\n<p>Psy rasy jack russell s\u0105 wyj\u0105tkowe aktywne i zwinne oraz znane ze swojej niezale\u017cno\u015bci i czujno\u015bci. Jego charakter nie idzie w parze z wielko\u015bci\u0105.<\/p>\n<p>Karma ROYAL CANIN\u00ae Jack Russell Adult zosta\u0142a opracowana specjalnie dla ps\u00f3w doros\u0142ych rasy jack russell, powy\u017cej 10 miesi\u0105ca \u017cycia.<\/p>\n<p>Psy rasy jack russell terrier s\u0105 znane z \u017cywio\u0142owego temperamentu. Receptura karmy zapewnia utrzymanie masy mi\u0119\u015bniowej dzi\u0119ki odpowiedniej zawarto\u015bci bia\u0142ka. Karma wzbogacona w kompleks przeciwutleniaczy wspomagaj\u0105cych witalno\u015b\u0107.<\/p>\n<p>Karma ROYAL CANIN\u00ae Jack Russell Adult sprzyja sprzyja wspomaganiu roli sk\u00f3ry jako bariery (unikalny kompleks sk\u0142adnik\u00f3w) i utrzymaniu jej zdrowia (EPA i DHA). Receptura wzbogacona jest tak\u017ce w olej z og\u00f3recznika.<\/p>\n<p>Utrzymanie zdrowia i higieny z\u0119b\u00f3w u ps\u00f3e ras ma\u0142ych jest bardzo wa\u017cne, dlatego w\u0142a\u015bnie receptura karmy ROYAL CANIN\u00ae Jack Russell Adult sprzyja ograniczaniu powstawania kamienia naz\u0119bnego dzi\u0119ki zwi\u0105zkom wi\u0105\u017c\u0105cym wap\u0144.<\/p>\n<p>Dodatkowo kszta\u0142t, wielko\u015b\u0107 i tekstura krokieta zosta\u0142y dostosowane do budowy szcz\u0119k ps\u00f3w rasy jack russell terrier.<\/p>\n<p>Misj\u0105 ROYAL CANIN\u00ae jest zapewnianie rozwi\u0105za\u0144 \u017cywieniowych dostosowanych do potrzeb zwierz\u0105t. Wszystkie nasze produkty przechodz\u0105 liczne kontrole jako\u015bci, aby sprosta\u0107 najwy\u017cszym standardom marki i dostarczy\u0107 psu pokarm dostosowany do jego potrzeb \u017cywieniowych i trybu \u017cycia. ROYAL CANIN\u00ae Jack Russell Adultjest karm\u0105 pe\u0142noporcjow\u0105.<\/p>\n<h4><strong>SK\u0141AD:<\/strong><\/h4>\n<p>suszone bia\u0142ka drobiowe, ry\u017c, kukurydza, pszenica, gluten pszenny*, t\u0142uszcze zwierz\u0119ce, hydrolizowane bia\u0142ka zwierz\u0119ce, wys\u0142odki buraczane, gluten kukurydziany, minera\u0142y (w tym trifosforan pentasodowy (0,35%)), olej z ryb, olej sojowy, produkty dro\u017cd\u017cy, fruktooligosacharydy, dro\u017cd\u017ce (\u017ar\u00f3d\u0142o mannooligosacharyd\u00f3w), olej z og\u00f3recznika (0,1%), m\u0105czka z aksamitki, glukozamina uzyskana z fermentacji, hydrolizowana chrz\u0105stka (\u017ar\u00f3d\u0142o chondroityny). *L.I.P.: bia\u0142ko wyselekcjonowane ze wzgl\u0119du na bardzo wysok\u0105 strawno\u015b\u0107.<\/p>\n<h4><strong>DODATKI\u00a0<\/strong>(na 1 kg karmy):<\/h4>\n<p>Witamina A: 29550 UI, Witamina D3: 800 UI, \u017belazo (3b103): 40 mg, Jod (3b201, 3b202): 4 mg, Mied\u017a (3b405, 3b406): 12 mg, Mangan (3b502, 3b504): 52 mg, Cynk (3b603, 3b605, 3b606): 137 mg, Selen (3b801, 3b811, 3b812): 0,08 mg &#8211; Dodatki technologiczne: Klinoptylolit pochodzenia osadowego: 10 g &#8211; Konserwanty &#8211; Przeciwutleniacze.<\/p>\n<h4><strong>SK\u0141ADNIKI ANALITYCZNE:<\/strong><\/h4>\n<p>Bia\u0142ko surowe:\u00a030,0%\u00a0&#8211;\u00a0W\u0142\u00f3kno surowe:\u00a01,3%\u00a0&#8211;\u00a0Oleje i t\u0142uszcze surowe:\u00a016,0%\u00a0&#8211;\u00a0Popi\u00f3\u0142 surowy:\u00a06,1%\u00a0&#8211;\u00a0EPA\/DHA:\u00a00,3%.<\/p>\n<h4><strong>SPOS\u00d3B U\u017bYCIA:<\/strong><\/h4>\n<p>patrz tabela.\u00a0Najlepiej wykorzysta\u0107 przed: patrz data wa\u017cno\u015bci. Data wa\u017cno\u015bci, numer partii i numer rejestracyjny zak\u0142adu znajduj\u0105 si\u0119 na opakowaniu.\u00a0Przechowywa\u0107 w suchym i ch\u0142odnym miejscu.<\/p>\n<table>\n<thead>\n<tr>\n<td><strong>Masa cia\u0142a psa<\/strong><\/td>\n<td><strong>Aktywno\u015b\u0107 niska<\/strong><\/td>\n<td><strong>Aktywno\u015b\u0107 umiarkowana<\/strong><\/td>\n<td><strong>Aktywno\u015b\u0107 wysoka<\/strong><\/td>\n<\/tr>\n<\/thead>\n<tbody>\n<tr>\n<td>4 kg<\/td>\n<td>68 g<\/td>\n<td>89 g<\/td>\n<td>103 g<\/td>\n<\/tr>\n<tr>\n<td>5 kg<\/td>\n<td>80 g<\/td>\n<td>105 g<\/td>\n<td>122 g<\/td>\n<\/tr>\n<tr>\n<td>6 kg<\/td>\n<td>92 g<\/td>\n<td>121 g<\/td>\n<td>140 g<\/td>\n<\/tr>\n<tr>\n<td>7 kg<\/td>\n<td>103 g<\/td>\n<td>136 g<\/td>\n<td>157 g<\/td>\n<\/tr>\n<tr>\n<td>8 kg<\/td>\n<td>114 g<\/td>\n<td>150 g<\/td>\n<td>174 g<\/td>\n<\/tr>\n<tr>\n<td>9 kg<\/td>\n<td>125 g<\/td>\n<td>164 g<\/td>\n<td>190 g<\/td>\n<\/tr>\n<tr>\n<td>10 kg<\/td>\n<td>135 g<\/td>\n<td>177 g<\/td>\n<td>206 g<\/td>\n<\/tr>\n<\/tbody>\n<\/table>","protected":false},"excerpt":{"rendered":"<p>Karma dla doros\u0142ych ps\u00f3w powy\u017cej 10 miesi\u0105ca \u017cycia rasy Jack Russell.<\/p>\n<p>Marka: Royal Canin<\/p>\n<p>Dla jakiego pupila:Pies<\/p>\n<p><span class=\"ty-product-feature__label\">Wielko\u015b\u0107 pupila:Rasy ma\u0142e<\/span><\/p>\n<p>Faza \u017cycia:Doros\u0142y<\/p>","protected":false},"featured_media":7405,"comment_status":"open","ping_status":"closed","template":"","meta":{"om_disable_all_campaigns":false,"inline_featured_image":false},"product_brand":[],"product_cat":[27,97,95],"product_tag":[],"class_list":{"0":"post-7396","1":"product","2":"type-product","3":"status-publish","4":"has-post-thumbnail","6":"product_cat-dog-food","7":"product_cat-psy-rasowe","8":"product_cat-royal-canin-dog-food","10":"first","11":"outofstock","12":"taxable","13":"shipping-taxable","14":"product-type-variable","15":"has-default-attributes"},"_links":{"self":[{"href":"https:\/\/www.lanrel.pl\/pl\/wp-json\/wp\/v2\/product\/7396","targetHints":{"allow":["GET"]}}],"collection":[{"href":"https:\/\/www.lanrel.pl\/pl\/wp-json\/wp\/v2\/product"}],"about":[{"href":"https:\/\/www.lanrel.pl\/pl\/wp-json\/wp\/v2\/types\/product"}],"replies":[{"embeddable":true,"href":"https:\/\/www.lanrel.pl\/pl\/wp-json\/wp\/v2\/comments?post=7396"}],"wp:featuredmedia":[{"embeddable":true,"href":"https:\/\/www.lanrel.pl\/pl\/wp-json\/wp\/v2\/media\/7405"}],"wp:attachment":[{"href":"https:\/\/www.lanrel.pl\/pl\/wp-json\/wp\/v2\/media?parent=7396"}],"wp:term":[{"taxonomy":"product_brand","embeddable":true,"href":"https:\/\/www.lanrel.pl\/pl\/wp-json\/wp\/v2\/product_brand?post=7396"},{"taxonomy":"product_cat","embeddable":true,"href":"https:\/\/www.lanrel.pl\/pl\/wp-json\/wp\/v2\/product_cat?post=7396"},{"taxonomy":"product_tag","embeddable":true,"href":"https:\/\/www.lanrel.pl\/pl\/wp-json\/wp\/v2\/product_tag?post=7396"}],"curies":[{"name":"wp","href":"https:\/\/api.w.org\/{rel}","templated":true}]}}