{"id":7387,"date":"2025-10-20T19:18:09","date_gmt":"2025-10-20T17:18:09","guid":{"rendered":"https:\/\/lanrel.eu\/?post_type=product&#038;p=7387"},"modified":"2025-10-21T20:58:25","modified_gmt":"2025-10-21T18:58:25","slug":"royal-canin-great-dane-adult-karma-sucha-12kg","status":"publish","type":"product","link":"https:\/\/www.lanrel.pl\/pl\/produkt\/royal-canin-great-dane-adult-karma-sucha-12kg\/","title":{"rendered":"ROYAL CANIN\u00ae Great Dane Adult karma sucha 12kg"},"content":{"rendered":"<h4>Zalety<\/h4>\n<ul>\n<li>Skoncentrowana energia<\/li>\n<li>Optymalne trawienie<\/li>\n<li>Zdrowie ko\u015bci i staw\u00f3w<\/li>\n<li>Specjalnie opracowany krokiet<\/li>\n<\/ul>\n<p>Dog niemiecki, rasa znana, jako najwi\u0119ksze psy \u015bwiata, w niezwyk\u0142y spos\u00f3b \u0142\u0105czy w sobie elegancj\u0119, si\u0142\u0119 i opanowanie. Poniewa\u017c ka\u017cda rasa ma swoje specyficzne potrzeby pokarmowe, dlatego podawanie diety opracowanej specjalnie dla dog\u00f3w niemieckich pozwoli Twojemu psu zapewni\u0107 dodatkowe korzy\u015bci.<\/p>\n<p>Karma ROYAL CANIN\u00ae Great Dane Adult przeznaczona dla ps\u00f3w rasy dog niemiecki powy\u017cej 24 miesi\u0105ca \u017cycia, zosta\u0142a opracowana specjalnie pod k\u0105tem potrzeb Twojego doros\u0142ego psa.<\/p>\n<p>ROYAL CANIN\u00ae Great Dane Adult to karma wspomagaj\u0105ca zdrowie przewodu pokarmowego, dzi\u0119ki wysokostrawnym bia\u0142kom L.I.P. oraz specjalnie wyselekcjonowanym typom w\u0142\u00f3kna pokarmowego, kt\u00f3re ograniczaj\u0105c fermentacj\u0119 jelitow\u0105 poprzez sprzyjanie utrzymaniu r\u00f3wnowagi mikroflory.<\/p>\n<p>Z powodu imponuj\u0105cej wielko\u015bci i bardzo d\u0142ugiego okresu wzrostu, stawy dog\u00f3w niemieckich wymagaj\u0105 szczeg\u00f3lnego traktowania. Karma ROYAL CANIN\u00ae Great Dane Adult\u00a0 zawiera optymalny poziom wapnia, fosforu i innych sk\u0142adnik\u00f3w pokarmowych (jak EPA i DHA) wspomagaj\u0105cych zdrowe stawy i mocne ko\u015bci.<\/p>\n<p>Charakterystyczna, muskularna budowa dog\u00f3w niemieckich (nawet do 80% mi\u0119\u015bni) sprawia, \u017ce potrzeby energetycznie ps\u00f3w tej rasy sa nawet o 50% ni\u017c u innych ps\u00f3w o podobnej masie cia\u0142a. W karmie ROYAL CANIN\u00ae Great Dane Adult tak dostosowano poziom i \u017ar\u00f3d\u0142a energii, by pokrywa\u0142y potrzeby psa, bez ryzyka prze\u0142adowania przewodu pokarmowego.<\/p>\n<p>Dodatkowo, zaleca si\u0119 podzielenie dziennej dawki karmy przynajmniej na dwa posi\u0142ki, co pomaga utrzyma\u0107 prawid\u0142owy przebieg trawienia.<\/p>\n<p>Krokiety w karmie ROYAL CANIN\u00ae Great Dane Adult zosta\u0142y opracowane specjalnie z uwzgl\u0119dnieniem cech ps\u00f3w rasy dog niemiecki. Obok wysokiej smakowito\u015bci, unikalna receptura umo\u017cliwia zmniejszenie obj\u0119to\u015bci porcji, a krokiety zach\u0119caj\u0105 psa do dok\u0142adnego rozgryzania jedzenia.<\/p>\n<p>W firmie ROYAL CANIN\u00ae intensywnie pracujemy nad dostarczaniem rozwi\u0105za\u0144 \u017cywieniowych najlepiej dostosowanych do potrzeb zwierz\u0105t. Wszystkie nasze produkty przechodz\u0105 dok\u0142adny proces kontroli jako\u015bci, gwarantuj\u0105cy najwy\u017csz\u0105 jako\u015b\u0107 karmy oraz pe\u0142ne pokrycie zapotrzebowania pokarmowego, odpowiednio do trybu \u017cycia Twojego psa. Oznacza to, \u017ce podaj\u0105c swojemu psu karm\u0119 ROYAL CANIN\u00ae Great Dane Adult dostarczasz mu kompletn\u0105 i doskonale zbilansowan\u0105 diet\u0119<\/p>\n<h4><strong>SK\u0141AD:<\/strong><\/h4>\n<p>t\u0142uszcze zwierz\u0119ce, maniok (tapioka), suszone bia\u0142ka drobiowe, gluten pszenny*, m\u0105ka kukurydziana, ry\u017c, hydrolizowane bia\u0142ka zwierz\u0119ce, minera\u0142y, w\u0142\u00f3kno ro\u015blinne, olej z ryb, wys\u0142odki buraczane, olej sojowy, produkty dro\u017cd\u017cy, dro\u017cd\u017ce (\u017ar\u00f3d\u0142o mannooligosacharyd\u00f3w), glukozamina uzyskana z fermentacji, m\u0105czka z aksamitki, hydrolizowana chrz\u0105stka (\u017ar\u00f3d\u0142o chondroityny).<\/p>\n<p>*L.I.P.: bia\u0142ko wyselekcjonowane ze wzgl\u0119du na bardzo wysok\u0105 strawno\u015b\u0107.<\/p>\n<p><strong>DODATKI\u00a0<\/strong>(na 1 kg karmy):<\/p>\n<p>Dodatki dietetyczne: Witamina A: 31000 UI, Witamina D3: 800 UI, \u017belazo (3b103): 60 mg, Jod (3b201, 3b202): 5,3 mg, Mied\u017a (3b405, 3b406): 14 mg, Mangan (3b502, 3b504): 67 mg, Cynk (3b603, 3b605, 3b606): 145 mg, Selen (3b801, 3b811, 3b812): 0,16 mg &#8211; Dodatki technologiczne: Klinoptylolit pochodzenia osadowego: 10 g &#8211; Konserwanty &#8211; Przeciwutleniacze.<\/p>\n<p><strong>SK\u0141ADNIKI ANALITYCZNE:<\/strong><\/p>\n<p>Bia\u0142ko surowe:\u00a023,0%\u00a0&#8211;\u00a0W\u0142\u00f3kno surowe:\u00a02,4%\u00a0&#8211;\u00a0Oleje i t\u0142uszcze surowe:\u00a025,0%\u00a0&#8211;\u00a0Popi\u00f3\u0142 surowy:\u00a06,6%\u00a0&#8211;\u00a0EPA\/DHA:\u00a00,5%.<\/p>\n<p><strong>SPOS\u00d3B U\u017bYCIA:<\/strong><\/p>\n<p>patrz tabela.\u00a0Najlepiej wykorzysta\u0107 przed: patrz data wa\u017cno\u015bci. Data wa\u017cno\u015bci, numer partii i numer rejestracyjny zak\u0142adu znajduj\u0105 si\u0119 na opakowaniu.\u00a0Przechowywa\u0107 w suchym i ch\u0142odnym miejscu.<\/p>\n<p>&nbsp;<\/p>\n<table>\n<thead>\n<tr>\n<td><strong>Waga psa<\/strong><\/td>\n<td><strong>Normalna aktywno\u015b\u0107<\/strong><\/td>\n<td><strong>Podwy\u017cszona aktywno\u015b\u0107<\/strong><\/td>\n<\/tr>\n<\/thead>\n<tbody>\n<tr>\n<td>50 kg<\/td>\n<td>634 g<\/td>\n<td>765 g<\/td>\n<\/tr>\n<tr>\n<td>55 kg<\/td>\n<td>681 g<\/td>\n<td>822 g<\/td>\n<\/tr>\n<tr>\n<td>60 kg<\/td>\n<td>727 g<\/td>\n<td>877 g<\/td>\n<\/tr>\n<tr>\n<td>65 kg<\/td>\n<td>772 g<\/td>\n<td>931 g<\/td>\n<\/tr>\n<tr>\n<td>70 kg<\/td>\n<td>816 g<\/td>\n<td>985 g<\/td>\n<\/tr>\n<tr>\n<td>75 kg<\/td>\n<td>859 g<\/td>\n<td>1.037 g<\/td>\n<\/tr>\n<tr>\n<td>80 kg<\/td>\n<td>902 g<\/td>\n<td>1.088 g<\/td>\n<\/tr>\n<\/tbody>\n<\/table>\n<p>&nbsp;<\/p>","protected":false},"excerpt":{"rendered":"<p>Sucha karma dla doros\u0142ych (od 24. miesi\u0105ca \u017cycia) ps\u00f3w rasy Great Dane.<\/p>\n<p>Marka: Royal Canin<\/p>\n<p>Dla jakiego pupila:Pies<\/p>\n<p><span class=\"ty-product-feature__label\">Wielko\u015b\u0107 pupila: Rasy du\u017ce<\/span><\/p>\n<p>Faza \u017cycia: Doros\u0142y<\/p>","protected":false},"featured_media":7395,"comment_status":"open","ping_status":"closed","template":"","meta":{"om_disable_all_campaigns":false,"inline_featured_image":false},"product_brand":[],"product_cat":[27,97,95],"product_tag":[],"class_list":{"0":"post-7387","1":"product","2":"type-product","3":"status-publish","4":"has-post-thumbnail","6":"product_cat-dog-food","7":"product_cat-psy-rasowe","8":"product_cat-royal-canin-dog-food","10":"first","11":"outofstock","12":"taxable","13":"shipping-taxable","14":"purchasable","15":"product-type-simple"},"_links":{"self":[{"href":"https:\/\/www.lanrel.pl\/pl\/wp-json\/wp\/v2\/product\/7387","targetHints":{"allow":["GET"]}}],"collection":[{"href":"https:\/\/www.lanrel.pl\/pl\/wp-json\/wp\/v2\/product"}],"about":[{"href":"https:\/\/www.lanrel.pl\/pl\/wp-json\/wp\/v2\/types\/product"}],"replies":[{"embeddable":true,"href":"https:\/\/www.lanrel.pl\/pl\/wp-json\/wp\/v2\/comments?post=7387"}],"wp:featuredmedia":[{"embeddable":true,"href":"https:\/\/www.lanrel.pl\/pl\/wp-json\/wp\/v2\/media\/7395"}],"wp:attachment":[{"href":"https:\/\/www.lanrel.pl\/pl\/wp-json\/wp\/v2\/media?parent=7387"}],"wp:term":[{"taxonomy":"product_brand","embeddable":true,"href":"https:\/\/www.lanrel.pl\/pl\/wp-json\/wp\/v2\/product_brand?post=7387"},{"taxonomy":"product_cat","embeddable":true,"href":"https:\/\/www.lanrel.pl\/pl\/wp-json\/wp\/v2\/product_cat?post=7387"},{"taxonomy":"product_tag","embeddable":true,"href":"https:\/\/www.lanrel.pl\/pl\/wp-json\/wp\/v2\/product_tag?post=7387"}],"curies":[{"name":"wp","href":"https:\/\/api.w.org\/{rel}","templated":true}]}}