{"id":7374,"date":"2025-10-20T18:59:05","date_gmt":"2025-10-20T16:59:05","guid":{"rendered":"https:\/\/lanrel.eu\/?post_type=product&#038;p=7374"},"modified":"2025-10-21T20:59:01","modified_gmt":"2025-10-21T18:59:01","slug":"royal-canin-golden-retriever-puppy-karma-sucha-dla-szczeniat","status":"publish","type":"product","link":"https:\/\/www.lanrel.pl\/pl\/produkt\/royal-canin-golden-retriever-puppy-karma-sucha-dla-szczeniat\/","title":{"rendered":"ROYAL CANIN\u00ae Golden Retriever Puppy karma sucha dla szczeni\u0105t"},"content":{"rendered":"<h4>Zalety:<\/h4>\n<ul>\n<li>Wzmocnienie naturalnej odporno\u015bci<\/li>\n<li>Zdrowa sk\u00f3ra i sier\u015b\u0107<\/li>\n<li>Zdrowie uk\u0142adu pokarmowego<\/li>\n<li>Specjalnie opracowany krokiet<\/li>\n<\/ul>\n<p>Okres wzrostu to kluczowy moment w \u017cyciu Twojego golden retrievera. To czas wielu zmian fizycznych oraz odkrywania \u015bwiata. Odpowiedni dob\u00f3r sk\u0142adnik\u00f3w pokarmowych sprzyja og\u00f3lnemu zdrowiu szczeni\u0119cia.<\/p>\n<p>Karma ROYAL CANIN\u00ae Golden Retriever Puppy zosta\u0142a opracowana specjalnie dla szczeni\u0105t rasy golden retriever, do 15 miesi\u0105ca \u017cycia.<\/p>\n<p>W czasie okresu wzrostu uk\u0142ad immunologiczny rozwija si\u0119 stopniowo dlatego karma ROYAL CANIN\u00ae Golden Retriever Puppy zawiera opatentowany kompleks wsp\u00f3\u0142dzia\u0142aj\u0105cych przeciwutleniaczy, kt\u00f3ry wspiera naturalne mechanizmy obronne szczeni\u0119cia.<\/p>\n<p>Karma ROYAL CANIN\u00ae Golden Retriever Puppy zawiera tak\u017ce unikalny kompleks sk\u0142adnik\u00f3w sprzyjaj\u0105cych zdrowiu sk\u00f3ry i pi\u0119knej sier\u015bci. Dodatek kwas\u00f3w t\u0142uszczowych omega 3, w tym EPA i DHA, oraz oleju z og\u00f3recznika wzmacnia nieprzepuszczalno\u015b\u0107 bariery sk\u00f3rnej. Stan sk\u00f3ry i sier\u015bci jest odzwierciedleniem stanu zdrowia psa, dlatego wa\u017cne jest, aby dieta Twojego psa zawiera\u0142a sk\u0142adniki od\u017cywcze pomagaj\u0105ce ukoi\u0107 sk\u00f3r\u0119.<\/p>\n<p>Aby wspiera\u0107 zdrowie przewodu pokarmowego karma ROYAL CANIN\u00ae Golden Retriever Puppy zawiera wysokiej jako\u015bci bia\u0142ka oraz prebiotyki. Wysokiej jako\u015bci bia\u0142ko (L.I.P.) wyselekcjonowane ze wzgl\u0119du na bardzo wysok\u0105 przyswajalno\u015b\u0107. Sk\u0142adniki te pomagaj\u0105 tak\u017ce utrzyma\u0107 r\u00f3wnowag\u0119 flory bakteryjnej jelit, co sprzyja odchodom o prawid\u0142owej konsystencji.<\/p>\n<p>Misj\u0105 ROYAL CANIN\u00ae jest zapewnianie rozwi\u0105za\u0144 \u017cywieniowych dostosowanych do potrzeb zwierz\u0105t. Wszystkie nasze produkty przechodz\u0105 liczne kontrole jako\u015bci, aby sprosta\u0107 najwy\u017cszym standardom marki i dostarczy\u0107 psu pokarm dostosowany do jego potrzeb \u017cywieniowych i trybu \u017cycia. ROYAL CANIN\u00ae Golden Retriever Puppy jest karm\u0105 pe\u0142noporcjow\u0105.<\/p>\n<p>&nbsp;<\/p>\n<h4>Sk\u0142ad:<\/h4>\n<p>suszone bia\u0142ko drobiowe, ry\u017c, kukurydza, izolat bia\u0142ka ro\u015blinnego*, pszenica, t\u0142uszcze zwierz\u0119ce, w\u0142\u00f3kno ro\u015blinne, hydrolizat bia\u0142ka zwierz\u0119cego, pulpa buraczana, olej rybny, sole mineralne, olej sojowy, fruktooligosacharydy (0,34%), \u0142uski i nasiona psyllium, wyci\u0105g z dro\u017cd\u017cy (\u017ar\u00f3d\u0142o mannooligosacharyd\u00f3w), hydrolizat skorupiak\u00f3w (\u017ar\u00f3d\u0142o glukozaminy), olej z og\u00f3recznika (0,1%), wyci\u0105g z dro\u017cd\u017cy (\u017ar\u00f3d\u0142o beta-glukan\u00f3w), wyci\u0105g z aksamitki wzniesionej (\u017ar\u00f3d\u0142o luteiny), hydrolizat chrz\u0105stki (\u017ar\u00f3d\u0142o chondroityny).<\/p>\n<p>*L.I.P.: bia\u0142ko wyselekcjonowane ze wzgl\u0119du na bardzo wysok\u0105 strawno\u015b\u0107.<\/p>\n<h4>Dodatki (na 1 kg karmy):<\/h4>\n<p>Witamina A: 26500 UI, Witamina D3: 700 UI, Witamina E: 780 mg, E1 (\u017belazo): 38 mg, E2 (Jod): 3,8 mg, E4 (Mied\u017a): 12 mg, E5 (Mangan): 49 mg, E6 (Cynk): 130 mg, E8 (Selen): 0,08 mg &#8211; Dodatki technologiczne: Klinoptylolit pochodzenia osadowego: 10 g &#8211; Dodatki sensoryczne: Wyci\u0105g z jukki: 125 mg &#8211; Konserwanty &#8211; Przeciwutleniacze.<\/p>\n<h4>Sk\u0142adniki analityczne:<\/h4>\n<p>Bia\u0142ko surowe: 29,0% &#8211; Oleje i t\u0142uszcze surowe: 16,0% &#8211; Popi\u00f3\u0142 surowy: 7,4% &#8211; W\u0142\u00f3kno surowe: 3,7% &#8211; EPA\/DHA: 0,4%.<\/p>\n<h4>Spos\u00f3b u\u017cycia:<\/h4>\n<p>patrz tabela. Najlepiej wykorzysta\u0107 przed: patrz data wa\u017cno\u015bci. Data wa\u017cno\u015bci, numer partii i numer rejestracyjny zak\u0142adu znajduj\u0105 si\u0119 z ty\u0142u opakowania. Przechowywa\u0107 w suchym i ch\u0142odnym miejscu.<\/p>\n<table>\n<thead>\n<tr>\n<td><strong>Masa cia\u0142a psa doros\u0142ego<\/strong><\/td>\n<td><strong>1 miesi\u0105c<\/strong><\/td>\n<td><strong>2 miesi\u0105c<\/strong><\/td>\n<td><strong>3 miesi\u0105c<\/strong><\/td>\n<td><strong>4 miesi\u0105c<\/strong><\/td>\n<td><strong>5 miesi\u0105c<\/strong><\/td>\n<td><strong>6 miesi\u0105c<\/strong><\/td>\n<td><strong>7 miesi\u0105c<\/strong><\/td>\n<td><strong>8 miesi\u0105c<\/strong><\/td>\n<td><strong>9 miesi\u0105c<\/strong><\/td>\n<td><strong>10 miesi\u0105c<\/strong><\/td>\n<td><strong>11 miesi\u0105c<\/strong><\/td>\n<td><strong>12 miesi\u0105c<\/strong><\/td>\n<td><strong>13 miesi\u0105c<\/strong><\/td>\n<td><strong>14 miesi\u0105c<\/strong><\/td>\n<\/tr>\n<\/thead>\n<tbody>\n<tr>\n<td>25 kg<\/td>\n<td>122 g<\/td>\n<td>214 g<\/td>\n<td>263 g<\/td>\n<td>285 g<\/td>\n<td>304 g<\/td>\n<td>321 g<\/td>\n<td>319 g<\/td>\n<td>289 g<\/td>\n<td>276 g<\/td>\n<td>261 g<\/td>\n<td>273 g<\/td>\n<td>285 g<\/td>\n<td>283 g<\/td>\n<td>283 g<\/td>\n<\/tr>\n<tr>\n<td>26 kg<\/td>\n<td>124 g<\/td>\n<td>216 g<\/td>\n<td>267 g<\/td>\n<td>289 g<\/td>\n<td>311 g<\/td>\n<td>330 g<\/td>\n<td>329 g<\/td>\n<td>306 g<\/td>\n<td>302 g<\/td>\n<td>293 g<\/td>\n<td>281 g<\/td>\n<td>294 g<\/td>\n<td>292 g<\/td>\n<td>292 g<\/td>\n<\/tr>\n<tr>\n<td>28 kg<\/td>\n<td>126 g<\/td>\n<td>220 g<\/td>\n<td>274 g<\/td>\n<td>297 g<\/td>\n<td>324 g<\/td>\n<td>349 g<\/td>\n<td>348 g<\/td>\n<td>324 g<\/td>\n<td>321 g<\/td>\n<td>310 g<\/td>\n<td>297 g<\/td>\n<td>311 g<\/td>\n<td>309 g<\/td>\n<td>308 g<\/td>\n<\/tr>\n<tr>\n<td>30 kg<\/td>\n<td>129 g<\/td>\n<td>224 g<\/td>\n<td>281 g<\/td>\n<td>306 g<\/td>\n<td>337 g<\/td>\n<td>367 g<\/td>\n<td>368 g<\/td>\n<td>342 g<\/td>\n<td>339 g<\/td>\n<td>327 g<\/td>\n<td>313 g<\/td>\n<td>327 g<\/td>\n<td>326 g<\/td>\n<td>325 g<\/td>\n<\/tr>\n<tr>\n<td>32 kg<\/td>\n<td>131 g<\/td>\n<td>228 g<\/td>\n<td>288 g<\/td>\n<td>314 g<\/td>\n<td>351 g<\/td>\n<td>385 g<\/td>\n<td>386 g<\/td>\n<td>359 g<\/td>\n<td>356 g<\/td>\n<td>344 g<\/td>\n<td>329 g<\/td>\n<td>344 g<\/td>\n<td>343 g<\/td>\n<td>341 g<\/td>\n<\/tr>\n<tr>\n<td>34 kg<\/td>\n<td>134 g<\/td>\n<td>231 g<\/td>\n<td>294 g<\/td>\n<td>322 g<\/td>\n<td>364 g<\/td>\n<td>403 g<\/td>\n<td>404 g<\/td>\n<td>376 g<\/td>\n<td>373 g<\/td>\n<td>360 g<\/td>\n<td>346 g<\/td>\n<td>362 g<\/td>\n<td>359 g<\/td>\n<td>357 g<\/td>\n<\/tr>\n<tr>\n<td>35 kg<\/td>\n<td>135 g<\/td>\n<td>233 g<\/td>\n<td>298 g<\/td>\n<td>326 g<\/td>\n<td>371 g<\/td>\n<td>412 g<\/td>\n<td>413 g<\/td>\n<td>384 g<\/td>\n<td>381 g<\/td>\n<td>369 g<\/td>\n<td>354 g<\/td>\n<td>370 g<\/td>\n<td>367 g<\/td>\n<td>365 g<\/td>\n<\/tr>\n<tr>\n<td>36 kg<\/td>\n<td>136 g<\/td>\n<td>235 g<\/td>\n<td>301 g<\/td>\n<td>330 g<\/td>\n<td>377 g<\/td>\n<td>421 g<\/td>\n<td>421 g<\/td>\n<td>395 g<\/td>\n<td>393 g<\/td>\n<td>387 g<\/td>\n<td>383 g<\/td>\n<td>378 g<\/td>\n<td>375 g<\/td>\n<td>372 g<\/td>\n<\/tr>\n<tr>\n<td>38 kg<\/td>\n<td>138 g<\/td>\n<td>239 g<\/td>\n<td>308 g<\/td>\n<td>339 g<\/td>\n<td>391 g<\/td>\n<td>438 g<\/td>\n<td>439 g<\/td>\n<td>412 g<\/td>\n<td>409 g<\/td>\n<td>404 g<\/td>\n<td>400 g<\/td>\n<td>394 g<\/td>\n<td>392 g<\/td>\n<td>388 g<\/td>\n<\/tr>\n<tr>\n<td>40 kg<\/td>\n<td>141 g<\/td>\n<td>243 g<\/td>\n<td>315 g<\/td>\n<td>347 g<\/td>\n<td>404 g<\/td>\n<td>455 g<\/td>\n<td>456 g<\/td>\n<td>428 g<\/td>\n<td>426 g<\/td>\n<td>420 g<\/td>\n<td>416 g<\/td>\n<td>410 g<\/td>\n<td>408 g<\/td>\n<td>403 g<\/td>\n<\/tr>\n<\/tbody>\n<\/table>\n<p>&nbsp;<\/p>\n<p>&nbsp;<\/p>\n<p>&nbsp;<\/p>","protected":false},"excerpt":{"rendered":"<p>Karma sucha dla szczeni\u0105t rasy golden retriever, poni\u017cej 15 miesi\u0105ca \u017cycia.<\/p>\n<p>Marka: Royal Canin<\/p>\n<p>Dla jakiego pupila:Pies<\/p>\n<p><span class=\"ty-product-feature__label\">Wielko\u015b\u0107 pupila: Rasy du\u017ce<\/span><\/p>\n<p>Faza \u017cycia: Junior<\/p>","protected":false},"featured_media":7386,"comment_status":"open","ping_status":"closed","template":"","meta":{"om_disable_all_campaigns":false,"inline_featured_image":false},"product_brand":[],"product_cat":[27,95,96],"product_tag":[],"class_list":{"0":"post-7374","1":"product","2":"type-product","3":"status-publish","4":"has-post-thumbnail","6":"product_cat-dog-food","7":"product_cat-royal-canin-dog-food","8":"product_cat-szczenieta","10":"first","11":"outofstock","12":"taxable","13":"shipping-taxable","14":"product-type-variable","15":"has-default-attributes"},"_links":{"self":[{"href":"https:\/\/www.lanrel.pl\/pl\/wp-json\/wp\/v2\/product\/7374","targetHints":{"allow":["GET"]}}],"collection":[{"href":"https:\/\/www.lanrel.pl\/pl\/wp-json\/wp\/v2\/product"}],"about":[{"href":"https:\/\/www.lanrel.pl\/pl\/wp-json\/wp\/v2\/types\/product"}],"replies":[{"embeddable":true,"href":"https:\/\/www.lanrel.pl\/pl\/wp-json\/wp\/v2\/comments?post=7374"}],"wp:featuredmedia":[{"embeddable":true,"href":"https:\/\/www.lanrel.pl\/pl\/wp-json\/wp\/v2\/media\/7386"}],"wp:attachment":[{"href":"https:\/\/www.lanrel.pl\/pl\/wp-json\/wp\/v2\/media?parent=7374"}],"wp:term":[{"taxonomy":"product_brand","embeddable":true,"href":"https:\/\/www.lanrel.pl\/pl\/wp-json\/wp\/v2\/product_brand?post=7374"},{"taxonomy":"product_cat","embeddable":true,"href":"https:\/\/www.lanrel.pl\/pl\/wp-json\/wp\/v2\/product_cat?post=7374"},{"taxonomy":"product_tag","embeddable":true,"href":"https:\/\/www.lanrel.pl\/pl\/wp-json\/wp\/v2\/product_tag?post=7374"}],"curies":[{"name":"wp","href":"https:\/\/api.w.org\/{rel}","templated":true}]}}