{"id":7357,"date":"2025-10-20T18:46:32","date_gmt":"2025-10-20T16:46:32","guid":{"rendered":"https:\/\/lanrel.eu\/?post_type=product&#038;p=7357"},"modified":"2025-10-21T20:59:33","modified_gmt":"2025-10-21T18:59:33","slug":"royal-canin-golden-retriever-adult-karma-sucha-12-kg","status":"publish","type":"product","link":"https:\/\/www.lanrel.pl\/pl\/produkt\/royal-canin-golden-retriever-adult-karma-sucha-12-kg\/","title":{"rendered":"ROYAL CANIN\u00ae Golden Retriever Adult karma sucha 12 kg"},"content":{"rendered":"<h4>Zalety:<\/h4>\n<ul>\n<li>Zdrowa sk\u00f3ra i sier\u015b\u0107<\/li>\n<li>Zdrowa praca serca<\/li>\n<li>Prawid\u0142owa masa cia\u0142a<\/li>\n<li>Specjalnie opracowany krokiet<\/li>\n<\/ul>\n<p>Ka\u017cda rasa ma specyficzne potrzeby pokarmowe, dlatego wyb\u00f3r odpowiedniej karmy dla Twojego doros\u0142ego golden retrievera jest tak wa\u017cny. By wspomaga\u0107 zdrowie Twojego psa konieczne jest podawanie kompletnej i zbilansowanej diety, zawieraj\u0105cej sk\u0142adniki pokarmowe o korzystnym, wspomagaj\u0105cym dzia\u0142aniu na organizm<\/p>\n<p>Karma ROYAL CANIN\u00ae Golden Retriever Adult przeznaczona dla ps\u00f3w rasy golden retriever powy\u017cej 15 miesi\u0105ca \u017cycia, zosta\u0142a opracowana specjalnie pod k\u0105tem potrzeb Twojego psa.<\/p>\n<p>Odpowiednia dieta mo\u017ce pomaga\u0107 w utrzymaniu pi\u0119knej i g\u0119stej sier\u015bci Twojego golden retrievera. W\u0142a\u015bnie dlatego karma ROYAL CANIN\u00ae Golden Retriever Adult zawiera kwasy t\u0142uszczowe omega 3, w tym EPA i DHA, oraz olej z og\u00f3recznika. Te sk\u0142adniki wspomagaj\u0105 funkcje sk\u00f3ry i jej szczelno\u015b\u0107 jako bariery, co z kolei zapewnia zdrow\u0105 sier\u015b\u0107 twojemu psu.<\/p>\n<p>Dzi\u0119ki kombinacji kwas\u00f3w t\u0142uszczowych oraz wzbogaceniu w tauryn\u0119, karma ROYAL CANIN\u00ae Golden Retriever Adult wspomaga r\u00f3wnie\u017c zdrowie serca twojego psa.<\/p>\n<p>Opr\u00f3cz tego karma ROYAL CANIN\u00ae Golden Retriever Adult to karma o tak dostosowanej zawarto\u015bci kalorii, aby sprzyja\u0107 utrzymaniu optymalnej masy cia\u0142a Twojego golden retrievera. To szczeg\u00f3lnie wa\u017cne dla ps\u00f3w po zabiegu sterylizacji, poniewa\u017c nierzadko wyst\u0119puje u nich tendencja do nadwagi, spowodowana r\u00f3wnie\u017c ograniczeniem aktywno\u015bci fizycznej.<\/p>\n<p>Dodatkowo, krokiety ROYAL CANIN\u00ae Golden Retriever Adult zosta\u0142y specjalnie opracowane dla ps\u00f3w tej rasy. Kszta\u0142t i wielko\u015b\u0107 krokiet\u00f3w s\u0105 dostosowane do preferencji tych szczeg\u00f3lnych ps\u00f3w.<\/p>\n<p>W firmie ROYAL CANIN\u00ae intensywnie pracujemy nad dostarczaniem rozwi\u0105za\u0144 \u017cywieniowych najlepiej dostosowanych do potrzeb zwierz\u0105t. Wszystkie nasze produkty przechodz\u0105 dok\u0142adny proces kontroli jako\u015bci, gwarantuj\u0105cy najwy\u017csz\u0105 jako\u015b\u0107 karmy oraz pe\u0142ne pokrycie zapotrzebowania pokarmowego, odpowiednio do trybu \u017cycia Twojego psa. Oznacza to, \u017ce podaj\u0105c swojemu psu karm\u0119 ROYAL CANIN\u00ae Golden Retriever Adult dostarczasz mu kompletn\u0105 i doskonale zbilansowan\u0105 diet\u0119<\/p>\n<p><img fetchpriority=\"high\" decoding=\"async\" class=\"alignnone size-full wp-image-7367\" src=\"http:\/\/lanrel.eu\/wp-content\/uploads\/2025\/10\/Golden-Retriever_01.png\" alt=\"\" width=\"1920\" height=\"646\" srcset=\"https:\/\/www.lanrel.pl\/wp-content\/uploads\/2025\/10\/Golden-Retriever_01.png 1920w, https:\/\/www.lanrel.pl\/wp-content\/uploads\/2025\/10\/Golden-Retriever_01-300x101.png 300w, https:\/\/www.lanrel.pl\/wp-content\/uploads\/2025\/10\/Golden-Retriever_01-1024x345.png 1024w, https:\/\/www.lanrel.pl\/wp-content\/uploads\/2025\/10\/Golden-Retriever_01-768x258.png 768w, https:\/\/www.lanrel.pl\/wp-content\/uploads\/2025\/10\/Golden-Retriever_01-1536x517.png 1536w, https:\/\/www.lanrel.pl\/wp-content\/uploads\/2025\/10\/Golden-Retriever_01-18x6.png 18w, https:\/\/www.lanrel.pl\/wp-content\/uploads\/2025\/10\/Golden-Retriever_01-600x202.png 600w\" sizes=\"(max-width: 1920px) 100vw, 1920px\" \/> <img decoding=\"async\" class=\"alignnone size-full wp-image-7368\" src=\"http:\/\/lanrel.eu\/wp-content\/uploads\/2025\/10\/Golden-Retriever_02.png\" alt=\"\" width=\"1920\" height=\"503\" srcset=\"https:\/\/www.lanrel.pl\/wp-content\/uploads\/2025\/10\/Golden-Retriever_02.png 1920w, https:\/\/www.lanrel.pl\/wp-content\/uploads\/2025\/10\/Golden-Retriever_02-300x79.png 300w, https:\/\/www.lanrel.pl\/wp-content\/uploads\/2025\/10\/Golden-Retriever_02-1024x268.png 1024w, https:\/\/www.lanrel.pl\/wp-content\/uploads\/2025\/10\/Golden-Retriever_02-768x201.png 768w, https:\/\/www.lanrel.pl\/wp-content\/uploads\/2025\/10\/Golden-Retriever_02-1536x402.png 1536w, https:\/\/www.lanrel.pl\/wp-content\/uploads\/2025\/10\/Golden-Retriever_02-18x5.png 18w, https:\/\/www.lanrel.pl\/wp-content\/uploads\/2025\/10\/Golden-Retriever_02-600x157.png 600w\" sizes=\"(max-width: 1920px) 100vw, 1920px\" \/> <img decoding=\"async\" class=\"alignnone size-full wp-image-7369\" src=\"http:\/\/lanrel.eu\/wp-content\/uploads\/2025\/10\/Golden-Retriever_03.png\" alt=\"\" width=\"1920\" height=\"660\" srcset=\"https:\/\/www.lanrel.pl\/wp-content\/uploads\/2025\/10\/Golden-Retriever_03.png 1920w, https:\/\/www.lanrel.pl\/wp-content\/uploads\/2025\/10\/Golden-Retriever_03-300x103.png 300w, https:\/\/www.lanrel.pl\/wp-content\/uploads\/2025\/10\/Golden-Retriever_03-1024x352.png 1024w, https:\/\/www.lanrel.pl\/wp-content\/uploads\/2025\/10\/Golden-Retriever_03-768x264.png 768w, https:\/\/www.lanrel.pl\/wp-content\/uploads\/2025\/10\/Golden-Retriever_03-1536x528.png 1536w, https:\/\/www.lanrel.pl\/wp-content\/uploads\/2025\/10\/Golden-Retriever_03-18x6.png 18w, https:\/\/www.lanrel.pl\/wp-content\/uploads\/2025\/10\/Golden-Retriever_03-600x206.png 600w\" sizes=\"(max-width: 1920px) 100vw, 1920px\" \/> <img loading=\"lazy\" decoding=\"async\" class=\"alignnone size-full wp-image-7370\" src=\"http:\/\/lanrel.eu\/wp-content\/uploads\/2025\/10\/Golden-Retriever_04.png\" alt=\"\" width=\"1920\" height=\"519\" srcset=\"https:\/\/www.lanrel.pl\/wp-content\/uploads\/2025\/10\/Golden-Retriever_04.png 1920w, https:\/\/www.lanrel.pl\/wp-content\/uploads\/2025\/10\/Golden-Retriever_04-300x81.png 300w, https:\/\/www.lanrel.pl\/wp-content\/uploads\/2025\/10\/Golden-Retriever_04-1024x277.png 1024w, https:\/\/www.lanrel.pl\/wp-content\/uploads\/2025\/10\/Golden-Retriever_04-768x208.png 768w, https:\/\/www.lanrel.pl\/wp-content\/uploads\/2025\/10\/Golden-Retriever_04-1536x415.png 1536w, https:\/\/www.lanrel.pl\/wp-content\/uploads\/2025\/10\/Golden-Retriever_04-18x5.png 18w, https:\/\/www.lanrel.pl\/wp-content\/uploads\/2025\/10\/Golden-Retriever_04-600x162.png 600w\" sizes=\"(max-width: 1920px) 100vw, 1920px\" \/> <img loading=\"lazy\" decoding=\"async\" class=\"alignnone size-full wp-image-7371\" src=\"http:\/\/lanrel.eu\/wp-content\/uploads\/2025\/10\/Golden-Retriever_05.png\" alt=\"\" width=\"1920\" height=\"578\" srcset=\"https:\/\/www.lanrel.pl\/wp-content\/uploads\/2025\/10\/Golden-Retriever_05.png 1920w, https:\/\/www.lanrel.pl\/wp-content\/uploads\/2025\/10\/Golden-Retriever_05-300x90.png 300w, https:\/\/www.lanrel.pl\/wp-content\/uploads\/2025\/10\/Golden-Retriever_05-1024x308.png 1024w, https:\/\/www.lanrel.pl\/wp-content\/uploads\/2025\/10\/Golden-Retriever_05-768x231.png 768w, https:\/\/www.lanrel.pl\/wp-content\/uploads\/2025\/10\/Golden-Retriever_05-1536x462.png 1536w, https:\/\/www.lanrel.pl\/wp-content\/uploads\/2025\/10\/Golden-Retriever_05-18x5.png 18w, https:\/\/www.lanrel.pl\/wp-content\/uploads\/2025\/10\/Golden-Retriever_05-600x181.png 600w\" sizes=\"(max-width: 1920px) 100vw, 1920px\" \/> <img loading=\"lazy\" decoding=\"async\" class=\"alignnone size-full wp-image-7372\" src=\"http:\/\/lanrel.eu\/wp-content\/uploads\/2025\/10\/Golden-Retriever_06.png\" alt=\"\" width=\"1920\" height=\"724\" srcset=\"https:\/\/www.lanrel.pl\/wp-content\/uploads\/2025\/10\/Golden-Retriever_06.png 1920w, https:\/\/www.lanrel.pl\/wp-content\/uploads\/2025\/10\/Golden-Retriever_06-300x113.png 300w, https:\/\/www.lanrel.pl\/wp-content\/uploads\/2025\/10\/Golden-Retriever_06-1024x386.png 1024w, https:\/\/www.lanrel.pl\/wp-content\/uploads\/2025\/10\/Golden-Retriever_06-768x290.png 768w, https:\/\/www.lanrel.pl\/wp-content\/uploads\/2025\/10\/Golden-Retriever_06-1536x579.png 1536w, https:\/\/www.lanrel.pl\/wp-content\/uploads\/2025\/10\/Golden-Retriever_06-18x7.png 18w, https:\/\/www.lanrel.pl\/wp-content\/uploads\/2025\/10\/Golden-Retriever_06-600x226.png 600w\" sizes=\"(max-width: 1920px) 100vw, 1920px\" \/> <img loading=\"lazy\" decoding=\"async\" class=\"alignnone size-full wp-image-7373\" src=\"http:\/\/lanrel.eu\/wp-content\/uploads\/2025\/10\/Golden-Retriever_07.png\" alt=\"\" width=\"1920\" height=\"670\" srcset=\"https:\/\/www.lanrel.pl\/wp-content\/uploads\/2025\/10\/Golden-Retriever_07.png 1920w, https:\/\/www.lanrel.pl\/wp-content\/uploads\/2025\/10\/Golden-Retriever_07-300x105.png 300w, https:\/\/www.lanrel.pl\/wp-content\/uploads\/2025\/10\/Golden-Retriever_07-1024x357.png 1024w, https:\/\/www.lanrel.pl\/wp-content\/uploads\/2025\/10\/Golden-Retriever_07-768x268.png 768w, https:\/\/www.lanrel.pl\/wp-content\/uploads\/2025\/10\/Golden-Retriever_07-1536x536.png 1536w, https:\/\/www.lanrel.pl\/wp-content\/uploads\/2025\/10\/Golden-Retriever_07-18x6.png 18w, https:\/\/www.lanrel.pl\/wp-content\/uploads\/2025\/10\/Golden-Retriever_07-600x209.png 600w\" sizes=\"(max-width: 1920px) 100vw, 1920px\" \/><\/p>\n<h4>Sk\u0142ad:<\/h4>\n<p>suszone bia\u0142ko drobiowe, kukurydza, ry\u017c, pszenica, hydrolizat bia\u0142ka zwierz\u0119cego, t\u0142uszcze zwierz\u0119ce, izolat bia\u0142ka ro\u015blinnego*, w\u0142\u00f3kno ro\u015blinne, pulpa buraczana, olej rybny, olej sojowy, suszone pomidory, sole mineralne, fruktooligosacharydy, \u0142uski i nasiona psyllium, hydrolizat skorupiak\u00f3w (\u017ar\u00f3d\u0142o glukozaminy), olej z og\u00f3recznika (0,1%), wyci\u0105g z aksamitki wzniesionej (\u017ar\u00f3d\u0142o luteiny), hydrolizat chrz\u0105stki (\u017ar\u00f3d\u0142o chondroityny).<\/p>\n<p>*L.I.P.: bia\u0142ko wyselekcjonowane ze wzgl\u0119du na bardzo wysok\u0105 strawno\u015b\u0107.<\/p>\n<h4>Dodatki (na 1 kg karmy):<\/h4>\n<p>Witamina A: 32000 UI, Witamina D3: 900 UI, E1 (\u017belazo): 45 mg, E2 (Jod): 4,5 mg, E4 (Mied\u017a): 14 mg, E5 (Mangan): 59 mg, E6 (Cynk): 138 mg, E8 (Selen): 0,1 mg &#8211; Dodatki technologiczne: Klinoptylolit pochodzenia osadowego: 10 g &#8211; Dodatki sensoryczne: Wyci\u0105g z herbaty (\u017ar\u00f3d\u0142o polifenoli): 150 mg &#8211; Konserwanty &#8211; Przeciwutleniacze.<\/p>\n<h4>Sk\u0142adniki analityczne:<\/h4>\n<p>Bia\u0142ko surowe: 25,0% &#8211; Oleje i t\u0142uszcze surowe: 13,0% &#8211; Popi\u00f3\u0142 surowy: 6,0% &#8211; W\u0142\u00f3kno surowe: 3,8% &#8211; Na 1 kg karmy: EPA\/DHA: 4,1 g &#8211; Tauryna (\u0142\u0105cznie): 1,7 g.<\/p>\n<h4>Spos\u00f3b u\u017cycia:<\/h4>\n<p>patrz tabela. Najlepiej wykorzysta\u0107 przed: patrz data wa\u017cno\u015bci. Data wa\u017cno\u015bci, numer partii i numer rejestracyjny zak\u0142adu znajduj\u0105 si\u0119 z ty\u0142u opakowania. Przechowywa\u0107 w suchym i ch\u0142odnym miejscu.<\/p>\n<table>\n<thead>\n<tr>\n<td><strong>Masa cia\u0142a psa<\/strong><\/td>\n<td><strong>Aktywno\u015b\u0107 Niska (g)<\/strong><\/td>\n<td><strong>Aktywno\u015b\u0107 Umiarkowana (g)<\/strong><\/td>\n<td><strong>Aktywno\u015b\u0107 Wysoka (g)<\/strong><\/td>\n<\/tr>\n<\/thead>\n<tbody>\n<tr>\n<td>26 kg<\/td>\n<td>302<\/td>\n<td>350<\/td>\n<td>397<\/td>\n<\/tr>\n<tr>\n<td>27 kg<\/td>\n<td>311<\/td>\n<td>360<\/td>\n<td>409<\/td>\n<\/tr>\n<tr>\n<td>28 kg<\/td>\n<td>319<\/td>\n<td>370<\/td>\n<td>420<\/td>\n<\/tr>\n<tr>\n<td>29 kg<\/td>\n<td>328<\/td>\n<td>379<\/td>\n<td>431<\/td>\n<\/tr>\n<tr>\n<td>30 kg<\/td>\n<td>336<\/td>\n<td>389<\/td>\n<td>442<\/td>\n<\/tr>\n<tr>\n<td>31 kg<\/td>\n<td>344<\/td>\n<td>399<\/td>\n<td>453<\/td>\n<\/tr>\n<tr>\n<td>32 kg<\/td>\n<td>353<\/td>\n<td>408<\/td>\n<td>464<\/td>\n<\/tr>\n<tr>\n<td>33 kg<\/td>\n<td>361<\/td>\n<td>418<\/td>\n<td>475<\/td>\n<\/tr>\n<tr>\n<td>34 kg<\/td>\n<td>369<\/td>\n<td>427<\/td>\n<td>486<\/td>\n<\/tr>\n<tr>\n<td>35 kg<\/td>\n<td>377<\/td>\n<td>437<\/td>\n<td>496<\/td>\n<\/tr>\n<tr>\n<td>36 kg<\/td>\n<td>385<\/td>\n<td>446<\/td>\n<td>507<\/td>\n<\/tr>\n<tr>\n<td>37 kg<\/td>\n<td>393<\/td>\n<td>455<\/td>\n<td>518<\/td>\n<\/tr>\n<tr>\n<td>38 kg<\/td>\n<td>401<\/td>\n<td>465<\/td>\n<td>528<\/td>\n<\/tr>\n<tr>\n<td>39 kg<\/td>\n<td>409<\/td>\n<td>474<\/td>\n<td>538<\/td>\n<\/tr>\n<tr>\n<td>40 kg<\/td>\n<td>417<\/td>\n<td>483<\/td>\n<td>549<\/td>\n<\/tr>\n<\/tbody>\n<\/table>\n<p>&nbsp;<\/p>\n<p>&nbsp;<\/p>","protected":false},"excerpt":{"rendered":"<p>Karma sucha dla doros\u0142ych ps\u00f3w powy\u017cej 15 miesi\u0105ca \u017cycia rasy Golden Retriever.<\/p>\n<p>Marka: Royal Canin<\/p>\n<p>Dla jakiego pupila:Pies<\/p>\n<p><span class=\"ty-product-feature__label\">Wielko\u015b\u0107 pupila: Rasy du\u017ce<\/span><\/p>\n<p>Faza \u017cycia: Doros\u0142y<\/p>","protected":false},"featured_media":7364,"comment_status":"open","ping_status":"closed","template":"","meta":{"om_disable_all_campaigns":false,"inline_featured_image":false},"product_brand":[],"product_cat":[27,97,95],"product_tag":[],"class_list":{"0":"post-7357","1":"product","2":"type-product","3":"status-publish","4":"has-post-thumbnail","6":"product_cat-dog-food","7":"product_cat-psy-rasowe","8":"product_cat-royal-canin-dog-food","10":"first","11":"outofstock","12":"taxable","13":"shipping-taxable","14":"purchasable","15":"product-type-simple"},"_links":{"self":[{"href":"https:\/\/www.lanrel.pl\/pl\/wp-json\/wp\/v2\/product\/7357","targetHints":{"allow":["GET"]}}],"collection":[{"href":"https:\/\/www.lanrel.pl\/pl\/wp-json\/wp\/v2\/product"}],"about":[{"href":"https:\/\/www.lanrel.pl\/pl\/wp-json\/wp\/v2\/types\/product"}],"replies":[{"embeddable":true,"href":"https:\/\/www.lanrel.pl\/pl\/wp-json\/wp\/v2\/comments?post=7357"}],"wp:featuredmedia":[{"embeddable":true,"href":"https:\/\/www.lanrel.pl\/pl\/wp-json\/wp\/v2\/media\/7364"}],"wp:attachment":[{"href":"https:\/\/www.lanrel.pl\/pl\/wp-json\/wp\/v2\/media?parent=7357"}],"wp:term":[{"taxonomy":"product_brand","embeddable":true,"href":"https:\/\/www.lanrel.pl\/pl\/wp-json\/wp\/v2\/product_brand?post=7357"},{"taxonomy":"product_cat","embeddable":true,"href":"https:\/\/www.lanrel.pl\/pl\/wp-json\/wp\/v2\/product_cat?post=7357"},{"taxonomy":"product_tag","embeddable":true,"href":"https:\/\/www.lanrel.pl\/pl\/wp-json\/wp\/v2\/product_tag?post=7357"}],"curies":[{"name":"wp","href":"https:\/\/api.w.org\/{rel}","templated":true}]}}