{"id":7343,"date":"2025-10-20T18:29:23","date_gmt":"2025-10-20T16:29:23","guid":{"rendered":"https:\/\/lanrel.eu\/?post_type=product&#038;p=7343"},"modified":"2025-10-21T20:59:55","modified_gmt":"2025-10-21T18:59:55","slug":"royal-canin-german-shepherd-puppy-karma-sucha-dla-szczeniat","status":"publish","type":"product","link":"https:\/\/www.lanrel.pl\/pl\/produkt\/royal-canin-german-shepherd-puppy-karma-sucha-dla-szczeniat\/","title":{"rendered":"ROYAL CANIN\u00ae German Shepherd Puppy karma sucha dla szczeni\u0105t"},"content":{"rendered":"<h4>Zalety:<\/h4>\n<ul>\n<li>Wspomaganie uk\u0142adu odporno\u015bciowego<\/li>\n<li>Wydajno\u015b\u0107 trawienna<\/li>\n<li>Zdrowie ko\u015bci i staw\u00f3w<\/li>\n<li>Specjalnie opracowany krokiet<\/li>\n<\/ul>\n<p><strong>\u00a0<\/strong>Karma ROYAL CANIN\u00ae German Shepherd Puppy zosta\u0142a opracowana specjalnie dla szczeni\u0105t rasy owczarek niemiecki, do 15 miesi\u0105ca \u017cycia.<\/p>\n<p>Owczarki niemieckie to du\u017ce psy, o mocnej budowie. S\u0105 silne, muskularne, a przy tym jako doros\u0142e psy smuk\u0142e. Dlatego odpowiednie \u017cywienie, wspieraj\u0105ce psa w okresie wzrostu, jest tak niezwykle istotne.<\/p>\n<p>Wzrost to kluczowy okres w \u017cyciu psa &#8211; to czas poznawanie nowego otoczenia, domownik\u00f3w czy zwierz\u0105t ju\u017c mieszkaj\u0105cych w domu. W tym okresie uk\u0142ad immunologiczny szczeni\u0119cia ca\u0142y czas si\u0119 rozwija.<\/p>\n<p>Karma ROYAL CANIN\u00ae German Shepherd Puppy sprzyja pobudzeniu rozwoju naturalnych mechanizm\u00f3w obronnych organizmu szczeni\u0119cia, dzi\u0119ki opatentowanemu kompleksowi przeciwutleniaczy, w tym witaminy E.<\/p>\n<p>Karma zawiera kombinacj\u0119 sk\u0142adnik\u00f3w wspieraj\u0105cych zdrowie przewodu pokarmowego. Zawiera bia\u0142ka wyselekcjonowane ze wzgl\u0119du na ich wysok\u0105 strawno\u015b\u0107. Receptura karmy pomaga utrzyma\u0107 r\u00f3wnowag\u0119 flory jelitowej, co sprzyja odchodom o prawid\u0142owej konsystencji.<\/p>\n<p>Precyzyjna dawka wapnia i fosforu zapewnia prawid\u0142owy przebieg mineralizacji ko\u015b\u0107ca. Unikalna receptura sprzyja tak\u017ce utrzymaniu odpowiedniej masy cia\u0142a.<\/p>\n<p>Kszta\u0142t i rozmiar krokiet\u00f3w zosta\u0142y opracowane specjalnie dla szczeni\u0105t rasy owczarek niemiecki.<\/p>\n<p>Misj\u0105 ROYAL CANIN\u00ae jest zapewnianie rozwi\u0105za\u0144 \u017cywieniowych dostosowanych do potrzeb zwierz\u0105t. Wszystkie nasze produkty przechodz\u0105 liczne kontrole jako\u015bci, aby sprosta\u0107 najwy\u017cszym standardom marki i dostarczy\u0107 psu pokarm dostosowany do jego potrzeb \u017cywieniowych i trybu \u017cycia. ROYAL CANIN\u00ae German Shepherd Puppy jest karm\u0105 pe\u0142noporcjow\u0105.<\/p>\n<p><img fetchpriority=\"high\" decoding=\"async\" class=\"alignnone size-full wp-image-7345\" src=\"http:\/\/lanrel.eu\/wp-content\/uploads\/2025\/10\/BHN-German-Shepard-Puppy-v-Desktop-scaled.png\" alt=\"\" width=\"1327\" height=\"2560\" srcset=\"https:\/\/www.lanrel.pl\/wp-content\/uploads\/2025\/10\/BHN-German-Shepard-Puppy-v-Desktop-scaled.png 1327w, https:\/\/www.lanrel.pl\/wp-content\/uploads\/2025\/10\/BHN-German-Shepard-Puppy-v-Desktop-155x300.png 155w, https:\/\/www.lanrel.pl\/wp-content\/uploads\/2025\/10\/BHN-German-Shepard-Puppy-v-Desktop-531x1024.png 531w, https:\/\/www.lanrel.pl\/wp-content\/uploads\/2025\/10\/BHN-German-Shepard-Puppy-v-Desktop-768x1482.png 768w, https:\/\/www.lanrel.pl\/wp-content\/uploads\/2025\/10\/BHN-German-Shepard-Puppy-v-Desktop-796x1536.png 796w, https:\/\/www.lanrel.pl\/wp-content\/uploads\/2025\/10\/BHN-German-Shepard-Puppy-v-Desktop-1061x2048.png 1061w, https:\/\/www.lanrel.pl\/wp-content\/uploads\/2025\/10\/BHN-German-Shepard-Puppy-v-Desktop-6x12.png 6w, https:\/\/www.lanrel.pl\/wp-content\/uploads\/2025\/10\/BHN-German-Shepard-Puppy-v-Desktop-600x1158.png 600w\" sizes=\"(max-width: 1327px) 100vw, 1327px\" \/><\/p>\n<h4>Sk\u0142ad:<\/h4>\n<p>suszone bia\u0142ko drobiowe, ry\u017c, izolat bia\u0142ka ro\u015blinnego*, m\u0105ka pszenna, m\u0105ka kukurydziana, t\u0142uszcze zwierz\u0119ce, hydrolizat bia\u0142ka zwierz\u0119cego, pulpa buraczana, w\u0142\u00f3kno ro\u015blinne, olej rybny, sole mineralne, olej sojowy, fruktooligosacharydy (0,34%), \u0142uski i nasiona psyllium, wyci\u0105g z dro\u017cd\u017cy (\u017ar\u00f3d\u0142o mannooligosacharyd\u00f3w: 0,05%), hydrolizat skorupiak\u00f3w (\u017ar\u00f3d\u0142o glukozaminy), wyci\u0105g z dro\u017cd\u017cy (\u017ar\u00f3d\u0142o beta-glukan\u00f3w), wyci\u0105g z aksamitki wzniesionej (\u017ar\u00f3d\u0142o luteiny), hydrolizat chrz\u0105stki (\u017ar\u00f3d\u0142o chondroityny).<\/p>\n<p>*L.I.P.: bia\u0142ko wyselekcjonowane ze wzgl\u0119du na bardzo wysok\u0105 strawno\u015b\u0107.<\/p>\n<h4>Dodatki (na 1 kg karmy):<\/h4>\n<p>Witamina A: 30500 UI, Witamina D3: 800 UI, Witamina E: 620 mg &#8211; E1 (\u017belazo): 38 mg, E2 (Jod): 3,8 mg, E4 (Mied\u017a): 12 mg, E5 (Mangan): 49 mg, E6 (Cynk): 128 mg, E8 (Selen): 0,08 mg &#8211; Dodatki technologiczne: Klinoptylolit pochodzenia osadowego: 10 g &#8211; Dodatki sensoryczne: Wyci\u0105g z jukki: 125 mg &#8211; Konserwanty &#8211; Przeciwutleniacze.<\/p>\n<h4>Sk\u0142adniki analityczne:<\/h4>\n<p>Bia\u0142ko surowe: 30,0% &#8211; Oleje i t\u0142uszcze surowe: 16,0% &#8211; Popi\u00f3\u0142 surowy: 7,3% &#8211; W\u0142\u00f3kno surowe: 2,7% &#8211; Wap\u0144: 1,26% &#8211; Fosfor: 1%.<\/p>\n<h4>Spos\u00f3b u\u017cycia:<\/h4>\n<p>patrz tabela. Najlepiej wykorzysta\u0107 przed: patrz data wa\u017cno\u015bci. Data wa\u017cno\u015bci, numer partii i numer rejestracyjny zak\u0142adu znajduj\u0105 si\u0119 z ty\u0142u opakowania. Przechowywa\u0107 w suchym i ch\u0142odnym miejscu.<\/p>\n<table>\n<thead>\n<tr>\n<td><strong>Masa cia\u0142a psa doros\u0142ego<\/strong><\/td>\n<td><strong>2 miesi\u0105c<\/strong><\/td>\n<td><strong>3 miesi\u0105c<\/strong><\/td>\n<td><strong>4 miesi\u0105c<\/strong><\/td>\n<td><strong>5 miesi\u0105c<\/strong><\/td>\n<td><strong>6 miesi\u0105c<\/strong><\/td>\n<td><strong>7 miesi\u0105c<\/strong><\/td>\n<td><strong>8 miesi\u0105c<\/strong><\/td>\n<td><strong>9 miesi\u0105c<\/strong><\/td>\n<td><strong>10 miesi\u0105c<\/strong><\/td>\n<td><strong>11 miesi\u0105c<\/strong><\/td>\n<td><strong>12 miesi\u0105c<\/strong><\/td>\n<td><strong>13 miesi\u0105c<\/strong><\/td>\n<td><strong>14 miesi\u0105c<\/strong><\/td>\n<td><strong>15 miesi\u0105c<\/strong><\/td>\n<\/tr>\n<\/thead>\n<tbody>\n<tr>\n<td>26 kg<\/td>\n<td>265 g<\/td>\n<td>327 g<\/td>\n<td>354 g<\/td>\n<td>381 g<\/td>\n<td>381 g<\/td>\n<td>419 g<\/td>\n<td>404 g<\/td>\n<td>391 g<\/td>\n<td>370 g<\/td>\n<td>336 g<\/td>\n<td>334 g<\/td>\n<td>331 g<\/td>\n<td>331 g<\/td>\n<td>Ger. Ad.<\/td>\n<\/tr>\n<tr>\n<td>28 kg<\/td>\n<td>269 g<\/td>\n<td>335 g<\/td>\n<td>365 g<\/td>\n<td>397 g<\/td>\n<td>427 g<\/td>\n<td>444 g<\/td>\n<td>429 g<\/td>\n<td>414 g<\/td>\n<td>391 g<\/td>\n<td>355 g<\/td>\n<td>353 g<\/td>\n<td>351 g<\/td>\n<td>350 g<\/td>\n<td>Ger. Ad.<\/td>\n<\/tr>\n<tr>\n<td>30 kg<\/td>\n<td>274 g<\/td>\n<td>344 g<\/td>\n<td>375 g<\/td>\n<td>414 g<\/td>\n<td>450 g<\/td>\n<td>469 g<\/td>\n<td>453 g<\/td>\n<td>438 g<\/td>\n<td>413 g<\/td>\n<td>374 g<\/td>\n<td>372 g<\/td>\n<td>370 g<\/td>\n<td>369 g<\/td>\n<td>Ger. Ad.<\/td>\n<\/tr>\n<tr>\n<td>32 kg<\/td>\n<td>279 g<\/td>\n<td>352 g<\/td>\n<td>385 g<\/td>\n<td>430 g<\/td>\n<td>472 g<\/td>\n<td>492 g<\/td>\n<td>475 g<\/td>\n<td>460 g<\/td>\n<td>434 g<\/td>\n<td>394 g<\/td>\n<td>391 g<\/td>\n<td>389 g<\/td>\n<td>387 g<\/td>\n<td>Ger. Ad.<\/td>\n<\/tr>\n<tr>\n<td>34 kg<\/td>\n<td>284 g<\/td>\n<td>361 g<\/td>\n<td>395 g<\/td>\n<td>446 g<\/td>\n<td>494 g<\/td>\n<td>515 g<\/td>\n<td>497 g<\/td>\n<td>482 g<\/td>\n<td>455 g<\/td>\n<td>413 g<\/td>\n<td>410 g<\/td>\n<td>408 g<\/td>\n<td>405 g<\/td>\n<td>Ger. Ad.<\/td>\n<\/tr>\n<tr>\n<td>35 kg<\/td>\n<td>286 g<\/td>\n<td>365 g<\/td>\n<td>400 g<\/td>\n<td>454 g<\/td>\n<td>505 g<\/td>\n<td>526 g<\/td>\n<td>508 g<\/td>\n<td>493 g<\/td>\n<td>466 g<\/td>\n<td>423 g<\/td>\n<td>420 g<\/td>\n<td>417 g<\/td>\n<td>414 g<\/td>\n<td>Ger. Ad.<\/td>\n<\/tr>\n<tr>\n<td>36 kg<\/td>\n<td>288 g<\/td>\n<td>369 g<\/td>\n<td>405 g<\/td>\n<td>462 g<\/td>\n<td>516 g<\/td>\n<td>537 g<\/td>\n<td>523 g<\/td>\n<td>507 g<\/td>\n<td>489 g<\/td>\n<td>458 g<\/td>\n<td>429 g<\/td>\n<td>426 g<\/td>\n<td>423 g<\/td>\n<td>Ger. Ad.<\/td>\n<\/tr>\n<tr>\n<td>38 kg<\/td>\n<td>293 g<\/td>\n<td>378 g<\/td>\n<td>415 g<\/td>\n<td>479 g<\/td>\n<td>537 g<\/td>\n<td>559 g<\/td>\n<td>545 g<\/td>\n<td>529 g<\/td>\n<td>510 g<\/td>\n<td>478 g<\/td>\n<td>448 g<\/td>\n<td>444 g<\/td>\n<td>440 g<\/td>\n<td>Ger. Ad.<\/td>\n<\/tr>\n<tr>\n<td>40 kg<\/td>\n<td>298 g<\/td>\n<td>386 g<\/td>\n<td>425 g<\/td>\n<td>495 g<\/td>\n<td>558 g<\/td>\n<td>581 g<\/td>\n<td>567 g<\/td>\n<td>550 g<\/td>\n<td>531 g<\/td>\n<td>497 g<\/td>\n<td>466 g<\/td>\n<td>463 g<\/td>\n<td>458 g<\/td>\n<td>Ger. Ad.<\/td>\n<\/tr>\n<tr>\n<td>42 kg<\/td>\n<td>303 g<\/td>\n<td>395 g<\/td>\n<td>435 g<\/td>\n<td>511 g<\/td>\n<td>578 g<\/td>\n<td>603 g<\/td>\n<td>621 g<\/td>\n<td>601 g<\/td>\n<td>581 g<\/td>\n<td>531 g<\/td>\n<td>484 g<\/td>\n<td>481 g<\/td>\n<td>475 g<\/td>\n<td>Ger. Ad.<\/td>\n<\/tr>\n<tr>\n<td>44 kg<\/td>\n<td>307 g<\/td>\n<td>404 g<\/td>\n<td>445 g<\/td>\n<td>528 g<\/td>\n<td>599 g<\/td>\n<td>625 g<\/td>\n<td>644 g<\/td>\n<td>623 g<\/td>\n<td>603 g<\/td>\n<td>550 g<\/td>\n<td>502 g<\/td>\n<td>498 g<\/td>\n<td>493 g<\/td>\n<td>Ger. Ad.<\/td>\n<\/tr>\n<\/tbody>\n<\/table>\n<p>&nbsp;<\/p>","protected":false},"excerpt":{"rendered":"<p>Sucha karma szczeni\u0105t rasy Owczarek Niemiecki w wieku od 2 do 15 miesi\u0105ca \u017cycia.<\/p>\n<p>Marka: Royal Canin<\/p>\n<p>Dla jakiego pupila:Pies<\/p>\n<p><span class=\"ty-product-feature__label\">Wielko\u015b\u0107 pupila: Rasy du\u017ce<\/span><\/p>\n<p>Faza \u017cycia: Junior<\/p>","protected":false},"featured_media":7356,"comment_status":"open","ping_status":"closed","template":"","meta":{"om_disable_all_campaigns":false,"inline_featured_image":false},"product_brand":[],"product_cat":[27,95,96],"product_tag":[],"class_list":{"0":"post-7343","1":"product","2":"type-product","3":"status-publish","4":"has-post-thumbnail","6":"product_cat-dog-food","7":"product_cat-royal-canin-dog-food","8":"product_cat-szczenieta","10":"first","11":"outofstock","12":"taxable","13":"shipping-taxable","14":"product-type-variable","15":"has-default-attributes"},"_links":{"self":[{"href":"https:\/\/www.lanrel.pl\/pl\/wp-json\/wp\/v2\/product\/7343","targetHints":{"allow":["GET"]}}],"collection":[{"href":"https:\/\/www.lanrel.pl\/pl\/wp-json\/wp\/v2\/product"}],"about":[{"href":"https:\/\/www.lanrel.pl\/pl\/wp-json\/wp\/v2\/types\/product"}],"replies":[{"embeddable":true,"href":"https:\/\/www.lanrel.pl\/pl\/wp-json\/wp\/v2\/comments?post=7343"}],"wp:featuredmedia":[{"embeddable":true,"href":"https:\/\/www.lanrel.pl\/pl\/wp-json\/wp\/v2\/media\/7356"}],"wp:attachment":[{"href":"https:\/\/www.lanrel.pl\/pl\/wp-json\/wp\/v2\/media?parent=7343"}],"wp:term":[{"taxonomy":"product_brand","embeddable":true,"href":"https:\/\/www.lanrel.pl\/pl\/wp-json\/wp\/v2\/product_brand?post=7343"},{"taxonomy":"product_cat","embeddable":true,"href":"https:\/\/www.lanrel.pl\/pl\/wp-json\/wp\/v2\/product_cat?post=7343"},{"taxonomy":"product_tag","embeddable":true,"href":"https:\/\/www.lanrel.pl\/pl\/wp-json\/wp\/v2\/product_tag?post=7343"}],"curies":[{"name":"wp","href":"https:\/\/api.w.org\/{rel}","templated":true}]}}