{"id":7329,"date":"2025-10-20T18:02:37","date_gmt":"2025-10-20T16:02:37","guid":{"rendered":"https:\/\/lanrel.eu\/?post_type=product&#038;p=7329"},"modified":"2025-10-21T21:00:20","modified_gmt":"2025-10-21T19:00:20","slug":"royal-canin-german-shepherd-adult-karma-sucha-11-kg","status":"publish","type":"product","link":"https:\/\/www.lanrel.pl\/pl\/produkt\/royal-canin-german-shepherd-adult-karma-sucha-11-kg\/","title":{"rendered":"ROYAL CANIN\u00ae German Shepherd Adult karma sucha 11 kg"},"content":{"rendered":"<h4>Zalety:<\/h4>\n<ul>\n<li>Wydajno\u015b\u0107 trawienna<\/li>\n<li>Zdrowa sk\u00f3ra i sier\u015b\u0107<\/li>\n<li>Zdrowie ko\u015bci i staw\u00f3w<\/li>\n<li>Specjalnie opracowany krokiet<\/li>\n<\/ul>\n<p>Owczarki niemieckie to aktywne i inteligentne psy. Jak ka\u017cda rasa maj\u0105 specyficzne potrzeby pokarmowe, dlatego wyb\u00f3r odpowiedniej karmy jest tak wa\u017cny.<\/p>\n<p>Karma ROYAL CANIN\u00ae German Shepherd Adult przeznaczona dla ps\u00f3w rasy owczarek niemiecki powy\u017cej 15 miesi\u0105ca \u017cycia, zosta\u0142a opracowana specjalnie pod k\u0105tem potrzeb Twojego psa.<\/p>\n<p>ROYAL CANIN\u00ae German Shepherd Adult zapewnia wspomaganie zdrowia przewodu pokarmowego, dzi\u0119ki zastosowaniu wysokostrawnych bia\u0142ek L.I.P. oraz specjalnie wyselekcjonowanym typom w\u0142\u00f3kna pokarmowego, co ogranicza fermentacj\u0119 jelitow\u0105 i sprzyja r\u00f3wnowadze mikroflory.<\/p>\n<p>Karma ROYAL CANIN\u00ae German Shepherd Adult wspomaga rol\u0119 sk\u00f3ry, jako bariery dzi\u0119ki unikalnemu kompleksowi sk\u0142adnik\u00f3w pokarmowych. Zawiera r\u00f3wnie\u017c kwasy t\u0142uszczowe EPA i DHA, kt\u00f3re od\u017cywiaj\u0105 i sprzyjaj\u0105 zdrowiu sk\u00f3ry oraz sier\u015bci.<\/p>\n<p>Owczarki niemieckie s\u0105 znane ze swojego \u017cywio\u0142owego temperamentu oraz du\u017cej potrzeby ruchu. Oznacza to, \u017ce ich dieta wymaga sk\u0142adnik\u00f3w pokarmowych wspomagaj\u0105cych zdrowie staw\u00f3w i utrzymanie wysokiego poziomu aktywno\u015bci fizycznej.<\/p>\n<p>Z tego powodu karm\u0119 ROYAL CANIN\u00ae German Shepherd Adult wzbogacono w specjalne sk\u0142adniki pokarmowe sprzyjaj\u0105ce zdrowiu ko\u015bci i staw\u00f3w. Ponadto, receptura wspomaga utrzymanie prawid\u0142owej masy cia\u0142a.<\/p>\n<p>Unikalny kszta\u0142t i wielko\u015b\u0107 krokiet\u00f3w ROYAL CANIN\u00ae German Shepherd Adult zosta\u0142y dostosowane do budowy ps\u00f3w rasy owczarek niemiecki.\u00a0 Dzi\u0119ki temu zach\u0119caj\u0105 psa do dok\u0142adnego rozgryzania karmy podczas jedzenia.<\/p>\n<p>Specjalne opracowane krokiety wp\u0142ywaj\u0105 r\u00f3wnie\u017c na zwi\u0119kszenie smakowito\u015bci karmy.<\/p>\n<p>W firmie ROYAL CANIN\u00ae intensywnie pracujemy nad dostarczaniem rozwi\u0105za\u0144 \u017cywieniowych najlepiej dostosowanych do potrzeb zwierz\u0105t.<\/p>\n<p>Wszystkie nasze produkty przechodz\u0105 dok\u0142adny proces kontroli jako\u015bci, gwarantuj\u0105cy najwy\u017csz\u0105 jako\u015b\u0107 karmy oraz pe\u0142ne pokrycie zapotrzebowania pokarmowego, odpowiednio do trybu \u017cycia Twojego psa. Oznacza to, \u017ce podaj\u0105c swojemu psu karm\u0119 ROYAL CANIN\u00ae German Shepherd Adult dostarczasz mu kompletn\u0105 i doskonale zbilansowan\u0105 diet\u0119<\/p>\n<p><img fetchpriority=\"high\" decoding=\"async\" class=\"alignnone size-full wp-image-7337\" src=\"http:\/\/lanrel.eu\/wp-content\/uploads\/2025\/10\/German-Shepherd_01.png\" alt=\"\" width=\"1920\" height=\"680\" srcset=\"https:\/\/www.lanrel.pl\/wp-content\/uploads\/2025\/10\/German-Shepherd_01.png 1920w, https:\/\/www.lanrel.pl\/wp-content\/uploads\/2025\/10\/German-Shepherd_01-300x106.png 300w, https:\/\/www.lanrel.pl\/wp-content\/uploads\/2025\/10\/German-Shepherd_01-1024x363.png 1024w, https:\/\/www.lanrel.pl\/wp-content\/uploads\/2025\/10\/German-Shepherd_01-768x272.png 768w, https:\/\/www.lanrel.pl\/wp-content\/uploads\/2025\/10\/German-Shepherd_01-1536x544.png 1536w, https:\/\/www.lanrel.pl\/wp-content\/uploads\/2025\/10\/German-Shepherd_01-18x6.png 18w, https:\/\/www.lanrel.pl\/wp-content\/uploads\/2025\/10\/German-Shepherd_01-600x213.png 600w\" sizes=\"(max-width: 1920px) 100vw, 1920px\" \/> <img decoding=\"async\" class=\"alignnone size-full wp-image-7338\" src=\"http:\/\/lanrel.eu\/wp-content\/uploads\/2025\/10\/German-Shepherd_02.png\" alt=\"\" width=\"1920\" height=\"534\" srcset=\"https:\/\/www.lanrel.pl\/wp-content\/uploads\/2025\/10\/German-Shepherd_02.png 1920w, https:\/\/www.lanrel.pl\/wp-content\/uploads\/2025\/10\/German-Shepherd_02-300x83.png 300w, https:\/\/www.lanrel.pl\/wp-content\/uploads\/2025\/10\/German-Shepherd_02-1024x285.png 1024w, https:\/\/www.lanrel.pl\/wp-content\/uploads\/2025\/10\/German-Shepherd_02-768x214.png 768w, https:\/\/www.lanrel.pl\/wp-content\/uploads\/2025\/10\/German-Shepherd_02-1536x427.png 1536w, https:\/\/www.lanrel.pl\/wp-content\/uploads\/2025\/10\/German-Shepherd_02-18x5.png 18w, https:\/\/www.lanrel.pl\/wp-content\/uploads\/2025\/10\/German-Shepherd_02-600x167.png 600w\" sizes=\"(max-width: 1920px) 100vw, 1920px\" \/> <img decoding=\"async\" class=\"alignnone size-full wp-image-7339\" src=\"http:\/\/lanrel.eu\/wp-content\/uploads\/2025\/10\/German-Shepherd_03.png\" alt=\"\" width=\"1920\" height=\"674\" srcset=\"https:\/\/www.lanrel.pl\/wp-content\/uploads\/2025\/10\/German-Shepherd_03.png 1920w, https:\/\/www.lanrel.pl\/wp-content\/uploads\/2025\/10\/German-Shepherd_03-300x105.png 300w, https:\/\/www.lanrel.pl\/wp-content\/uploads\/2025\/10\/German-Shepherd_03-1024x359.png 1024w, https:\/\/www.lanrel.pl\/wp-content\/uploads\/2025\/10\/German-Shepherd_03-768x270.png 768w, https:\/\/www.lanrel.pl\/wp-content\/uploads\/2025\/10\/German-Shepherd_03-1536x539.png 1536w, https:\/\/www.lanrel.pl\/wp-content\/uploads\/2025\/10\/German-Shepherd_03-18x6.png 18w, https:\/\/www.lanrel.pl\/wp-content\/uploads\/2025\/10\/German-Shepherd_03-600x211.png 600w\" sizes=\"(max-width: 1920px) 100vw, 1920px\" \/> <img loading=\"lazy\" decoding=\"async\" class=\"alignnone size-full wp-image-7340\" src=\"http:\/\/lanrel.eu\/wp-content\/uploads\/2025\/10\/German-Shepherd_04.png\" alt=\"\" width=\"1920\" height=\"488\" srcset=\"https:\/\/www.lanrel.pl\/wp-content\/uploads\/2025\/10\/German-Shepherd_04.png 1920w, https:\/\/www.lanrel.pl\/wp-content\/uploads\/2025\/10\/German-Shepherd_04-300x76.png 300w, https:\/\/www.lanrel.pl\/wp-content\/uploads\/2025\/10\/German-Shepherd_04-1024x260.png 1024w, https:\/\/www.lanrel.pl\/wp-content\/uploads\/2025\/10\/German-Shepherd_04-768x195.png 768w, https:\/\/www.lanrel.pl\/wp-content\/uploads\/2025\/10\/German-Shepherd_04-1536x390.png 1536w, https:\/\/www.lanrel.pl\/wp-content\/uploads\/2025\/10\/German-Shepherd_04-18x5.png 18w, https:\/\/www.lanrel.pl\/wp-content\/uploads\/2025\/10\/German-Shepherd_04-600x153.png 600w\" sizes=\"(max-width: 1920px) 100vw, 1920px\" \/> <img loading=\"lazy\" decoding=\"async\" class=\"alignnone size-full wp-image-7341\" src=\"http:\/\/lanrel.eu\/wp-content\/uploads\/2025\/10\/German-Shepherd_05.png\" alt=\"\" width=\"1920\" height=\"767\" srcset=\"https:\/\/www.lanrel.pl\/wp-content\/uploads\/2025\/10\/German-Shepherd_05.png 1920w, https:\/\/www.lanrel.pl\/wp-content\/uploads\/2025\/10\/German-Shepherd_05-300x120.png 300w, https:\/\/www.lanrel.pl\/wp-content\/uploads\/2025\/10\/German-Shepherd_05-1024x409.png 1024w, https:\/\/www.lanrel.pl\/wp-content\/uploads\/2025\/10\/German-Shepherd_05-768x307.png 768w, https:\/\/www.lanrel.pl\/wp-content\/uploads\/2025\/10\/German-Shepherd_05-1536x614.png 1536w, https:\/\/www.lanrel.pl\/wp-content\/uploads\/2025\/10\/German-Shepherd_05-18x7.png 18w, https:\/\/www.lanrel.pl\/wp-content\/uploads\/2025\/10\/German-Shepherd_05-600x240.png 600w\" sizes=\"(max-width: 1920px) 100vw, 1920px\" \/> <img loading=\"lazy\" decoding=\"async\" class=\"alignnone size-full wp-image-7342\" src=\"http:\/\/lanrel.eu\/wp-content\/uploads\/2025\/10\/German-Shepherd_06.png\" alt=\"\" width=\"1920\" height=\"634\" srcset=\"https:\/\/www.lanrel.pl\/wp-content\/uploads\/2025\/10\/German-Shepherd_06.png 1920w, https:\/\/www.lanrel.pl\/wp-content\/uploads\/2025\/10\/German-Shepherd_06-300x99.png 300w, https:\/\/www.lanrel.pl\/wp-content\/uploads\/2025\/10\/German-Shepherd_06-1024x338.png 1024w, https:\/\/www.lanrel.pl\/wp-content\/uploads\/2025\/10\/German-Shepherd_06-768x254.png 768w, https:\/\/www.lanrel.pl\/wp-content\/uploads\/2025\/10\/German-Shepherd_06-1536x507.png 1536w, https:\/\/www.lanrel.pl\/wp-content\/uploads\/2025\/10\/German-Shepherd_06-18x6.png 18w, https:\/\/www.lanrel.pl\/wp-content\/uploads\/2025\/10\/German-Shepherd_06-600x198.png 600w\" sizes=\"(max-width: 1920px) 100vw, 1920px\" \/><\/p>\n<h4>Sk\u0142ad:<\/h4>\n<p>ry\u017c, suszone bia\u0142ko drobiowe, t\u0142uszcze zwierz\u0119ce, izolat bia\u0142ka ro\u015blinnego*, m\u0105ka kukurydziana, hydrolizat bia\u0142ka zwierz\u0119cego, w\u0142\u00f3kno ro\u015blinne, sole mineralne, pulpa buraczana, olej sojowy, olej rybny, olej koprowy, wyci\u0105g z dro\u017cd\u017cy (\u017ar\u00f3d\u0142o mannooligosacharyd\u00f3w), hydrolizat skorupiak\u00f3w (\u017ar\u00f3d\u0142o glukozaminy), wyci\u0105g z aksamitki wzniesionej (\u017ar\u00f3d\u0142o luteiny), hydrolizat chrz\u0105stki (\u017ar\u00f3d\u0142o chondroityny).<\/p>\n<p>*L.I.P.: bia\u0142ko wyselekcjonowane ze wzgl\u0119du na bardzo wysok\u0105 strawno\u015b\u0107.<\/p>\n<h4>Dodatki (na 1 kg karmy):<\/h4>\n<p>Witamina A: 28500 UI, Witamina D3: 800 UI, E1 (\u017belazo): 51 mg, E2 (Jod): 5,1 mg, E4 (Mied\u017a): 15 mg, E5 (Mangan): 66 mg, E6 (Cynk): 145 mg, E8 (Selen): 0,11 mg &#8211; Dodatki technologiczne: Klinoptylolit pochodzenia osadowego: 10 g &#8211; Dodatki sensoryczne: Wyci\u0105g z herbaty (\u017ar\u00f3d\u0142o polifenoli): 150 mg &#8211; Konserwanty &#8211; Przeciwutleniacze.<\/p>\n<h4>Sk\u0142adniki analityczne:<\/h4>\n<p>Bia\u0142ko surowe: 24,0% &#8211; Oleje i t\u0142uszcze surowe: 19,0% &#8211; Popi\u00f3\u0142 surowy: 6,5% &#8211; W\u0142\u00f3kno surowe: 4,0% &#8211; EPA\/DHA: 4 g\/kg.<\/p>\n<h4>Spos\u00f3b u\u017cycia:<\/h4>\n<p>patrz tabela. Najlepiej wykorzysta\u0107 przed: patrz data wa\u017cno\u015bci. Data wa\u017cno\u015bci, numer partii i numer rejestracyjny zak\u0142adu znajduj\u0105 si\u0119 z ty\u0142u opakowania. Przechowywa\u0107 w suchym i ch\u0142odnym miejscu.<\/p>\n<table>\n<thead>\n<tr>\n<td><strong>Masa cia\u0142a psa<\/strong><\/td>\n<td><strong>Aktywno\u015b\u0107 niska (g)<\/strong><\/td>\n<td><strong>Aktywno\u015b\u0107 umiarkowana (g)<\/strong><\/td>\n<td><strong>Aktywno\u015b\u0107 wysoka (g)<\/strong><\/td>\n<\/tr>\n<\/thead>\n<tbody>\n<tr>\n<td>25 kg<\/td>\n<td>277 g<\/td>\n<td>364 g<\/td>\n<td>423 g<\/td>\n<\/tr>\n<tr>\n<td>26 kg<\/td>\n<td>285 g<\/td>\n<td>375 g<\/td>\n<td>435 g<\/td>\n<\/tr>\n<tr>\n<td>27 kg<\/td>\n<td>293 g<\/td>\n<td>386 g<\/td>\n<td>448 g<\/td>\n<\/tr>\n<tr>\n<td>28 kg<\/td>\n<td>302 g<\/td>\n<td>397 g<\/td>\n<td>460 g<\/td>\n<\/tr>\n<tr>\n<td>29 kg<\/td>\n<td>310 g<\/td>\n<td>407 g<\/td>\n<td>472 g<\/td>\n<\/tr>\n<tr>\n<td>30 kg<\/td>\n<td>318 g<\/td>\n<td>418 g<\/td>\n<td>485 g<\/td>\n<\/tr>\n<tr>\n<td>31 kg<\/td>\n<td>325 g<\/td>\n<td>428 g<\/td>\n<td>497 g<\/td>\n<\/tr>\n<tr>\n<td>32 kg<\/td>\n<td>333 g<\/td>\n<td>439 g<\/td>\n<td>509 g<\/td>\n<\/tr>\n<tr>\n<td>33 kg<\/td>\n<td>341 g<\/td>\n<td>449 g<\/td>\n<td>521 g<\/td>\n<\/tr>\n<tr>\n<td>34 kg<\/td>\n<td>349 g<\/td>\n<td>459 g<\/td>\n<td>532 g<\/td>\n<\/tr>\n<tr>\n<td>35 kg<\/td>\n<td>356 g<\/td>\n<td>469 g<\/td>\n<td>544 g<\/td>\n<\/tr>\n<tr>\n<td>36 kg<\/td>\n<td>364 g<\/td>\n<td>479 g<\/td>\n<td>556 g<\/td>\n<\/tr>\n<tr>\n<td>37 kg<\/td>\n<td>372 g<\/td>\n<td>489 g<\/td>\n<td>567 g<\/td>\n<\/tr>\n<tr>\n<td>38 kg<\/td>\n<td>379 g<\/td>\n<td>499 g<\/td>\n<td>579 g<\/td>\n<\/tr>\n<tr>\n<td>39 kg<\/td>\n<td>387 g<\/td>\n<td>509 g<\/td>\n<td>590 g<\/td>\n<\/tr>\n<tr>\n<td>40 kg<\/td>\n<td>394 g<\/td>\n<td>518 g<\/td>\n<td>601 g<\/td>\n<\/tr>\n<tr>\n<td>41 kg<\/td>\n<td>401 g<\/td>\n<td>528 g<\/td>\n<td>613 g<\/td>\n<\/tr>\n<tr>\n<td>42 kg<\/td>\n<td>409 g<\/td>\n<td>538 g<\/td>\n<td>624 g<\/td>\n<\/tr>\n<tr>\n<td>43 kg<\/td>\n<td>416 g<\/td>\n<td>547 g<\/td>\n<td>635 g<\/td>\n<\/tr>\n<tr>\n<td>44 kg<\/td>\n<td>423 g<\/td>\n<td>557 g<\/td>\n<td>646 g<\/td>\n<\/tr>\n<tr>\n<td>45 kg<\/td>\n<td>430 g<\/td>\n<td>566 g<\/td>\n<td>657 g<\/td>\n<\/tr>\n<\/tbody>\n<\/table>\n<p>&nbsp;<\/p>","protected":false},"excerpt":{"rendered":"<p>Karma sucha dla ps\u00f3w doros\u0142ych rasy German Shepherd powy\u017cej 15 miesi\u0105ca \u017cycia.<\/p>\n<p>Marka: Royal Canin<\/p>\n<p>Dla jakiego pupila:Pies<\/p>\n<p><span class=\"ty-product-feature__label\">Wielko\u015b\u0107 pupila: Rasy du\u017ce<\/span><\/p>\n<p>Faza \u017cycia: Doros\u0142y<\/p>","protected":false},"featured_media":7336,"comment_status":"open","ping_status":"closed","template":"","meta":{"om_disable_all_campaigns":false,"inline_featured_image":false},"product_brand":[],"product_cat":[27,97,95],"product_tag":[],"class_list":{"0":"post-7329","1":"product","2":"type-product","3":"status-publish","4":"has-post-thumbnail","6":"product_cat-dog-food","7":"product_cat-psy-rasowe","8":"product_cat-royal-canin-dog-food","10":"first","11":"outofstock","12":"taxable","13":"shipping-taxable","14":"purchasable","15":"product-type-simple"},"_links":{"self":[{"href":"https:\/\/www.lanrel.pl\/pl\/wp-json\/wp\/v2\/product\/7329","targetHints":{"allow":["GET"]}}],"collection":[{"href":"https:\/\/www.lanrel.pl\/pl\/wp-json\/wp\/v2\/product"}],"about":[{"href":"https:\/\/www.lanrel.pl\/pl\/wp-json\/wp\/v2\/types\/product"}],"replies":[{"embeddable":true,"href":"https:\/\/www.lanrel.pl\/pl\/wp-json\/wp\/v2\/comments?post=7329"}],"wp:featuredmedia":[{"embeddable":true,"href":"https:\/\/www.lanrel.pl\/pl\/wp-json\/wp\/v2\/media\/7336"}],"wp:attachment":[{"href":"https:\/\/www.lanrel.pl\/pl\/wp-json\/wp\/v2\/media?parent=7329"}],"wp:term":[{"taxonomy":"product_brand","embeddable":true,"href":"https:\/\/www.lanrel.pl\/pl\/wp-json\/wp\/v2\/product_brand?post=7329"},{"taxonomy":"product_cat","embeddable":true,"href":"https:\/\/www.lanrel.pl\/pl\/wp-json\/wp\/v2\/product_cat?post=7329"},{"taxonomy":"product_tag","embeddable":true,"href":"https:\/\/www.lanrel.pl\/pl\/wp-json\/wp\/v2\/product_tag?post=7329"}],"curies":[{"name":"wp","href":"https:\/\/api.w.org\/{rel}","templated":true}]}}