{"id":7320,"date":"2025-10-20T17:44:36","date_gmt":"2025-10-20T15:44:36","guid":{"rendered":"https:\/\/lanrel.eu\/?post_type=product&#038;p=7320"},"modified":"2025-10-21T21:01:45","modified_gmt":"2025-10-21T19:01:45","slug":"royal-canin-german-shepherd-adult-5-karma-sucha-12-kg","status":"publish","type":"product","link":"https:\/\/www.lanrel.pl\/pl\/produkt\/royal-canin-german-shepherd-adult-5-karma-sucha-12-kg\/","title":{"rendered":"ROYAL CANIN\u00ae German Shepherd Adult 5+ karma sucha 12 kg"},"content":{"rendered":"<h4>Zalety:<\/h4>\n<ul>\n<li>Zdrowie w okresie starzenia<\/li>\n<li>Zdrowe stawy<\/li>\n<li>Prawid\u0142owe trawienie<\/li>\n<li>Specjalnie opracowany krokiet: wysoka smakowito\u015b\u0107, mo\u017cliwo\u015b\u0107 namaczania<\/li>\n<\/ul>\n<p>Ka\u017cda rasa ma specjalne wymogi, dlatego aby wspiera\u0107 zdrowie ps\u00f3w rasowych powsta\u0142a linia specjalistycznych karm ROYAL CANIN\u00ae\u2019s Breed Health Nutrition pokrywaj\u0105ca specyficzne potrzeby pokarmowe poszczeg\u00f3lnych ras.<\/p>\n<p>Karma ROYAL CANIN\u00ae German Shepherd Adult 5+ przeznaczona dla doros\u0142ych ps\u00f3w rasy owczarek niemiecki\u00a0 powy\u017cej 5 roku \u017cycia, zosta\u0142a opracowana specjalnie pod k\u0105tem potrzeb dojrza\u0142ego psa.<\/p>\n<p>Karma GERMAN SHEPHERD ADULT 5+ zosta\u0142a opracowana by wspomaga\u0107 zdrowie psa w okresie starzenia. Zawiera unikalna kombinacj\u0119 przeciwutleniaczy wspomagaj\u0105cych utrzymanie zdrowia kom\u00f3rek oraz odpowiedni poziom fosforu, aby chroni\u0107 nerki u ps\u00f3w tej rasy.<\/p>\n<p>Receptura zawiera tak\u017ce specjalnie dobrane sk\u0142adniki, w tym kolagen oraz kwasy t\u0142uszczowe EPA i DHA, kt\u00f3re wspomagaj\u0105 chrz\u0105stk\u0119 i utrzymanie zdrowych staw\u00f3w i ko\u015bci w okresie starzenia.<\/p>\n<p>Precyzyjnie zbilansowana receptura sprzyja prawid\u0142owemu przebiegowi trawienia u ps\u00f3w rasy owczarek niemiecki. Zawiera wysokostrawne bia\u0142ka (L.I.P.*) oraz kombinacj\u0119 prebiotyk\u00f3w i w\u0142\u00f3kna pokarmowego, co sprzyja r\u00f3wnowadze flory bakteryjnej i odpowiedniej konsystencji ka\u0142u.<\/p>\n<p>*L.I.P.: bia\u0142ko wyselekcjonowane ze wzgl\u0119du na bardzo wysok\u0105 strawno\u015b\u0107.<\/p>\n<p>Kszta\u0142t, wielko\u015b\u0107 i tekstura krokiet\u00f3w zosta\u0142y dostosowane do szcz\u0119k starszych ps\u00f3w rasy owczarek niemiecki. Krokiety mo\u017cna namacza\u0107 ciep\u0142\u0105 wod\u0105, co wzmacnia zapach i u\u0142atwia psu jedzenie.<\/p>\n<p>W firmie ROYAL CANIN\u00ae intensywnie pracujemy nad dostarczaniem rozwi\u0105za\u0144 \u017cywieniowych najlepiej dostosowanych do potrzeb zwierz\u0105t.<\/p>\n<p>Wszystkie nasze produkty przechodz\u0105 dok\u0142adny proces kontroli jako\u015bci, gwarantuj\u0105cy najwy\u017csz\u0105 jako\u015b\u0107 karmy oraz pe\u0142ne pokrycie zapotrzebowania pokarmowego, odpowiednio do trybu \u017cycia Twojego psa. Oznacza to, \u017ce podaj\u0105c swojemu psu karm\u0119 ROYAL CANIN\u00ae German Shepherd Adult 5+ dostarczasz mu kompletn\u0105 i doskonale zbilansowan\u0105 diet\u0119<\/p>\n<h4><strong>SK\u0141AD:<\/strong><\/h4>\n<p>ry\u017c,\u00a0m\u0105ka kukurydziana,\u00a0gluten pszenny*,\u00a0suszone bia\u0142ka drobiowe,\u00a0t\u0142uszcze zwierz\u0119ce,\u00a0hydrolizowane bia\u0142ka zwierz\u0119ce,\u00a0proszek celulozowy,\u00a0w\u0142\u00f3kno ro\u015blinne,\u00a0wys\u0142odki buraczane,\u00a0minera\u0142y,\u00a0olej sojowy,\u00a0olej z ryb,\u00a0olej koprowy,\u00a0produkty dro\u017cd\u017cy,\u00a0suszona pulpa pomidorowa (\u017ar\u00f3d\u0142o likopenu),\u00a0hydrolizowany kolagen (0,9%),\u00a0dro\u017cd\u017ce (\u017ar\u00f3d\u0142o mannooligosacharyd\u00f3w),\u00a0m\u0105czka z aksamitki,\u00a0hydrolizowana chrz\u0105stka (\u017ar\u00f3d\u0142o chondroityny).<\/p>\n<h4><strong>DODATKI\u00a0<\/strong>(na 1 kg karmy):<\/h4>\n<p>Witamina A: 29126 UI, Witamina D3: 780 UI, \u017belazo (3b103): 72 mg, Jod (3b201, 3b202): 5,9 mg, Mied\u017a (3b405, 3b406): 14 mg, Mangan (3b502, 3b504): 72 mg, Cynk (3b603, 3b605, 3b606): 144 mg, Selen (3b801, 3b811, 3b812): 0,18 mg &#8211; Dodatki technologiczne: Klinoptylolit pochodzenia osadowego: 10 g &#8211; Konserwanty &#8211; Przeciwutleniacze.<\/p>\n<h4><strong>SK\u0141ADNIKI ANALITYCZNE:<\/strong><\/h4>\n<p>Bia\u0142ko surowe:\u00a025,0%\u00a0&#8211;\u00a0W\u0142\u00f3kno surowe:\u00a03,6%\u00a0&#8211;\u00a0Oleje i t\u0142uszcze surowe:\u00a019,0%\u00a0&#8211;\u00a0Popi\u00f3\u0142 surowy:\u00a05,9%\u00a0&#8211;\u00a0Fosfor:\u00a00,60%\u00a0&#8211;\u00a0EPA\/DHA:\u00a00,40%.<\/p>\n<h4><strong>SPOS\u00d3B U\u017bYCIA:<\/strong><\/h4>\n<p>patrz tabela.\u00a0Najlepiej wykorzysta\u0107 przed: patrz data wa\u017cno\u015bci. Data wa\u017cno\u015bci, numer partii i numer rejestracyjny zak\u0142adu znajduj\u0105 si\u0119 na opakowaniu.\u00a0Przechowywa\u0107 w suchym i ch\u0142odnym miejscu.<\/p>\n<p>&nbsp;<\/p>","protected":false},"excerpt":{"rendered":"<p>Karma sucha dla doros\u0142ych ps\u00f3w rasy owczarek niemiecki, powy\u017cej 5 roku \u017cycia.<\/p>\n<p>Marka: Royal Canin<\/p>\n<p>Dla jakiego pupila:Pies<\/p>\n<p><span class=\"ty-product-feature__label\">Wielko\u015b\u0107 pupila: Rasy du\u017ce<\/span><\/p>\n<p>Faza \u017cycia: Doros\u0142y<\/p>","protected":false},"featured_media":7326,"comment_status":"open","ping_status":"closed","template":"","meta":{"om_disable_all_campaigns":false,"inline_featured_image":false},"product_brand":[],"product_cat":[27,97,95],"product_tag":[],"class_list":{"0":"post-7320","1":"product","2":"type-product","3":"status-publish","4":"has-post-thumbnail","6":"product_cat-dog-food","7":"product_cat-psy-rasowe","8":"product_cat-royal-canin-dog-food","10":"first","11":"outofstock","12":"taxable","13":"shipping-taxable","14":"purchasable","15":"product-type-simple"},"_links":{"self":[{"href":"https:\/\/www.lanrel.pl\/pl\/wp-json\/wp\/v2\/product\/7320","targetHints":{"allow":["GET"]}}],"collection":[{"href":"https:\/\/www.lanrel.pl\/pl\/wp-json\/wp\/v2\/product"}],"about":[{"href":"https:\/\/www.lanrel.pl\/pl\/wp-json\/wp\/v2\/types\/product"}],"replies":[{"embeddable":true,"href":"https:\/\/www.lanrel.pl\/pl\/wp-json\/wp\/v2\/comments?post=7320"}],"wp:featuredmedia":[{"embeddable":true,"href":"https:\/\/www.lanrel.pl\/pl\/wp-json\/wp\/v2\/media\/7326"}],"wp:attachment":[{"href":"https:\/\/www.lanrel.pl\/pl\/wp-json\/wp\/v2\/media?parent=7320"}],"wp:term":[{"taxonomy":"product_brand","embeddable":true,"href":"https:\/\/www.lanrel.pl\/pl\/wp-json\/wp\/v2\/product_brand?post=7320"},{"taxonomy":"product_cat","embeddable":true,"href":"https:\/\/www.lanrel.pl\/pl\/wp-json\/wp\/v2\/product_cat?post=7320"},{"taxonomy":"product_tag","embeddable":true,"href":"https:\/\/www.lanrel.pl\/pl\/wp-json\/wp\/v2\/product_tag?post=7320"}],"curies":[{"name":"wp","href":"https:\/\/api.w.org\/{rel}","templated":true}]}}