{"id":7307,"date":"2025-10-20T15:10:52","date_gmt":"2025-10-20T13:10:52","guid":{"rendered":"https:\/\/lanrel.eu\/?post_type=product&#038;p=7307"},"modified":"2025-10-21T21:02:05","modified_gmt":"2025-10-21T19:02:05","slug":"oyal-canin-french-bulldog-puppy-karma-sucha-dla-szczeniat","status":"publish","type":"product","link":"https:\/\/www.lanrel.pl\/pl\/produkt\/oyal-canin-french-bulldog-puppy-karma-sucha-dla-szczeniat\/","title":{"rendered":"ROYAL CANIN\u00ae French Bulldog Puppy karma sucha dla szczeni\u0105t"},"content":{"rendered":"<h4>Zalety:<\/h4>\n<ul>\n<li>Wspomaganie uk\u0142adu odporno\u015bciowego<\/li>\n<li>Zdrowe trawienie<\/li>\n<li>Zdrowa sk\u00f3ra<\/li>\n<li>Specjalnie opracowany krokiet: budowa brachycefaliczna<\/li>\n<\/ul>\n<p><strong>\u00a0<\/strong>Okres wzrostu to kluczowy moment w \u017cyciu psa. To czas wielu zmian fizycznych oraz odkrywania \u015bwiata. Dlatego karma dla szczeni\u0105t musi zwiera\u0107 wszystkie niezb\u0119dne sk\u0142adniki pokarmowe.<\/p>\n<p>Karma ROYAL CANIN\u00ae French Bulldog Puppy zosta\u0142a opracowana specjalnie dla szczeni\u0105t rasy buldog francuski, do 12 miesi\u0105ca \u017cycia.<\/p>\n<p>W tym okresie uk\u0142ad immunologiczny szczeni\u0119cia ca\u0142y czas si\u0119 rozwija. Kompleks opatentowanych wsp\u00f3\u0142dzia\u0142aj\u0105cych przeciwutleniaczy, w tym witamina E, pobudza rozw\u00f3j naturalnych mechanizm\u00f3w obronnych organizmu.<\/p>\n<p>Karma ROYAL CANIN\u00ae French Bulldog Puppy zawiera wysokiej jako\u015bci bia\u0142ko (L.I.P.), wyselekcjonowane ze wzgl\u0119du na bardzo wysok\u0105 przyswajalno\u015b\u0107. Zawiera tak\u017ce prebiotyki, korzystanie wp\u0142ywaj\u0105ce na organizm. Po\u0142\u0105czenie tych sk\u0142adnik\u00f3w sprzyja zdrowiu uk\u0142adu pokarmowego oraz zachowaniu r\u00f3wnowagi flory bakteryjnej jelit. Sprzyja to odchodom o prawid\u0142owej konsystencji.<\/p>\n<p>Receptura karmy sprzyja tak\u017ce wzmocnieniu nieprzepuszczalno\u015bci bariery sk\u00f3rnej, co sprzyja utrzymaniu zdrowej sk\u00f3ry. Zdrowa sk\u00f3ra ma wp\u0142yw na jako\u015b\u0107 okrywy w\u0142osowej.<\/p>\n<p>Krokiet karmy ROYAL CANIN\u00ae French Bulldog Puppy zosta\u0142 opracowany specjalnie dla szczeni\u0105t rasy buldog francuski. Kszta\u0142t i wielko\u015b\u0107 krokiet\u00f3w zosta\u0142y dostosowane do brachycefalicznej budowy, u\u0142atwiaj\u0105c psom chwytanie karmy. Odpowiednia tekstura zach\u0119ca szczeni\u0119ta do rozgryzania pokarmu przed po\u0142kni\u0119ciem.<\/p>\n<p>Misj\u0105 ROYAL CANIN\u00ae jest zapewnianie rozwi\u0105za\u0144 \u017cywieniowych dostosowanych do potrzeb zwierz\u0105t. Wszystkie nasze produkty przechodz\u0105 liczne kontrole jako\u015bci, aby sprosta\u0107 najwy\u017cszym standardom marki i dostarczy\u0107 psu pokarm dostosowany do jego potrzeb \u017cywieniowych i trybu \u017cycia. ROYAL CANIN\u00ae French Bulldog Puppy jest karm\u0105 pe\u0142noporcjow\u0105.<\/p>\n<h4>Sk\u0142ad:<\/h4>\n<p>ry\u017c, suszone bia\u0142ko drobiowe, pszenica, izolat bia\u0142ka ro\u015blinnego*, t\u0142uszcze zwierz\u0119ce, hydrolizat bia\u0142ka zwierz\u0119cego, pulpa buraczana, suszone bia\u0142ko wieprzowe, sole mineralne, olej sojowy, olej rybny, fruktooligosacharydy (0,34%), wyci\u0105g z dro\u017cd\u017cy (\u017ar\u00f3d\u0142o mannooligosacharyd\u00f3w), hydrolizat skorupiak\u00f3w (\u017ar\u00f3d\u0142o glukozaminy), wyci\u0105g z dro\u017cd\u017cy (\u017ar\u00f3d\u0142o beta-glukan\u00f3w), wyci\u0105g z aksamitki wzniesionej (\u017ar\u00f3d\u0142o luteiny), hydrolizat chrz\u0105stki (\u017ar\u00f3d\u0142o chondroityny).<\/p>\n<p>*L.I.P.: bia\u0142ko wyselekcjonowane ze wzgl\u0119du na bardzo wysok\u0105 strawno\u015b\u0107.<\/p>\n<h4>Dodatki (na 1 kg karmy):<\/h4>\n<p>Witamina A: 31500 UI, Witamina D3: 800 UI, Witamina E: 630 mg, E1 (\u017belazo): 41 mg, E2 (Jod): 4,1 mg, E4 (Mied\u017a): 13 mg, E5 (Mangan): 54 mg, E6 (Cynk): 137 mg, E8 (Selen): 0,09 mg &#8211; Dodatki technologiczne: Klinoptylolit pochodzenia osadowego: 10 g &#8211; Dodatki sensoryczne: Wyci\u0105g z jukki: 125 mg &#8211; Konserwanty &#8211; Przeciwutleniacze.<\/p>\n<h4>Sk\u0142adniki analityczne:<\/h4>\n<p>Bia\u0142ko surowe: 30,0% &#8211; Oleje i t\u0142uszcze surowe: 20,0% &#8211; Popi\u00f3\u0142 surowy: 8,0% &#8211; W\u0142\u00f3kno surowe: 1,2%.<\/p>\n<h4>Spos\u00f3b u\u017cycia:<\/h4>\n<p>patrz tabela. Najlepiej wykorzysta\u0107 przed: patrz data wa\u017cno\u015bci. Data wa\u017cno\u015bci, numer partii i numer rejestracyjny zak\u0142adu znajduj\u0105 si\u0119 z ty\u0142u opakowania. Przechowywa\u0107 w suchym i ch\u0142odnym miejscu.<\/p>\n<table>\n<thead>\n<tr>\n<td><strong>Masa cia\u0142a psa doros\u0142ego<\/strong><\/td>\n<td><strong>2 miesi\u0105c<\/strong><\/td>\n<td><strong>3 miesi\u0105c<\/strong><\/td>\n<td><strong>4 miesi\u0105c<\/strong><\/td>\n<td><strong>5 miesi\u0105c<\/strong><\/td>\n<td><strong>6 miesi\u0105c<\/strong><\/td>\n<td><strong>7 miesi\u0105c<\/strong><\/td>\n<td><strong>9 miesi\u0105c<\/strong><\/td>\n<td><strong>11 miesi\u0105c<\/strong><\/td>\n<\/tr>\n<\/thead>\n<tbody>\n<tr>\n<td>8 kg<\/td>\n<td>121 g<\/td>\n<td>142 g<\/td>\n<td>151 g<\/td>\n<td>153 g<\/td>\n<td>152 g<\/td>\n<td>138 g<\/td>\n<td>110 g<\/td>\n<td>&#8211;<\/td>\n<\/tr>\n<tr>\n<td>10 kg<\/td>\n<td>143 g<\/td>\n<td>168 g<\/td>\n<td>179 g<\/td>\n<td>182 g<\/td>\n<td>181 g<\/td>\n<td>164 g<\/td>\n<td>131 g<\/td>\n<td>128 g<\/td>\n<\/tr>\n<tr>\n<td>14 kg<\/td>\n<td>181 g<\/td>\n<td>213 g<\/td>\n<td>229 g<\/td>\n<td>233 g<\/td>\n<td>233 g<\/td>\n<td>216 g<\/td>\n<td>184 g<\/td>\n<td>165 g<\/td>\n<\/tr>\n<\/tbody>\n<\/table>\n<p>&nbsp;<\/p>\n<p>&nbsp;<\/p>","protected":false},"excerpt":{"rendered":"<p>Karma dla ps\u00f3w rasy French Bulldog poni\u017cej 12 miesi\u0105ca \u017cycia.<\/p>\n<p>Marka: Royal Canin<\/p>\n<p>Dla jakiego pupila:Pies<\/p>\n<p><span class=\"ty-product-feature__label\">Wielko\u015b\u0107 pupila:Rasy ma\u0142e<\/span><\/p>\n<p>Faza \u017cycia: Junior<\/p>","protected":false},"featured_media":7316,"comment_status":"open","ping_status":"closed","template":"","meta":{"om_disable_all_campaigns":false,"inline_featured_image":false},"product_brand":[],"product_cat":[27,95,96],"product_tag":[],"class_list":{"0":"post-7307","1":"product","2":"type-product","3":"status-publish","4":"has-post-thumbnail","6":"product_cat-dog-food","7":"product_cat-royal-canin-dog-food","8":"product_cat-szczenieta","10":"first","11":"outofstock","12":"taxable","13":"shipping-taxable","14":"product-type-variable","15":"has-default-attributes"},"_links":{"self":[{"href":"https:\/\/www.lanrel.pl\/pl\/wp-json\/wp\/v2\/product\/7307","targetHints":{"allow":["GET"]}}],"collection":[{"href":"https:\/\/www.lanrel.pl\/pl\/wp-json\/wp\/v2\/product"}],"about":[{"href":"https:\/\/www.lanrel.pl\/pl\/wp-json\/wp\/v2\/types\/product"}],"replies":[{"embeddable":true,"href":"https:\/\/www.lanrel.pl\/pl\/wp-json\/wp\/v2\/comments?post=7307"}],"wp:featuredmedia":[{"embeddable":true,"href":"https:\/\/www.lanrel.pl\/pl\/wp-json\/wp\/v2\/media\/7316"}],"wp:attachment":[{"href":"https:\/\/www.lanrel.pl\/pl\/wp-json\/wp\/v2\/media?parent=7307"}],"wp:term":[{"taxonomy":"product_brand","embeddable":true,"href":"https:\/\/www.lanrel.pl\/pl\/wp-json\/wp\/v2\/product_brand?post=7307"},{"taxonomy":"product_cat","embeddable":true,"href":"https:\/\/www.lanrel.pl\/pl\/wp-json\/wp\/v2\/product_cat?post=7307"},{"taxonomy":"product_tag","embeddable":true,"href":"https:\/\/www.lanrel.pl\/pl\/wp-json\/wp\/v2\/product_tag?post=7307"}],"curies":[{"name":"wp","href":"https:\/\/api.w.org\/{rel}","templated":true}]}}