{"id":7297,"date":"2025-10-20T10:57:31","date_gmt":"2025-10-20T08:57:31","guid":{"rendered":"https:\/\/lanrel.eu\/?post_type=product&#038;p=7297"},"modified":"2025-10-21T21:02:28","modified_gmt":"2025-10-21T19:02:28","slug":"royal-canin-dachshund-puppy-karma-sucha-dla-szczeniat-1-5-kg","status":"publish","type":"product","link":"https:\/\/www.lanrel.pl\/pl\/produkt\/royal-canin-dachshund-puppy-karma-sucha-dla-szczeniat-1-5-kg\/","title":{"rendered":"ROYAL CANIN\u00ae Dachshund Puppy karma sucha dla szczeni\u0105t 1.5 kg"},"content":{"rendered":"<h4><strong>Zalety:<\/strong><\/h4>\n<ul>\n<li>Wspomaganie uk\u0142adu odporno\u015bciowego<\/li>\n<li>Wspomaganie ko\u015bci i staw\u00f3w<\/li>\n<li>Prawid\u0142owe trawienie<\/li>\n<li>Specjalnie opracowany krokiet: zdrowie z\u0119b\u00f3w<\/li>\n<\/ul>\n<p>Okres wzrostu to kluczowy moment w \u017cyciu Twojego jamnika. To czas poznawania nowego otoczenia, domownik\u00f3w czy zwierz\u0105t ju\u017c mieszkaj\u0105cych w domu. To tak\u017ce okres wielu zmian w ciele psa. W tym kluczowym okresie szczeni\u0119 potrzebuje specyficznych sk\u0142adnik\u00f3w pokarmowych, wi\u0119c wyb\u00f3r odpowiedniej karmy jest niezwykle istotny.<\/p>\n<p>Karma ROYAL CANIN\u00ae Dachshund Puppy zosta\u0142a opracowana specjalnie dla szczeni\u0105t rasy jamnik, do 10 miesi\u0105ca \u017cycia.<\/p>\n<p>W tym okresie uk\u0142ad immunologiczny szczeni\u0119cia ca\u0142y czas si\u0119 rozwija. Karma ROYAL CANIN\u00ae Dachshund Puppy zawiera opatentowany kompleks wsp\u00f3\u0142dzia\u0142aj\u0105cych przeciwutleniaczy, w tym witamin\u0119 E, kt\u00f3ry sprzyja rozwijaniu si\u0119 naturalnych si\u0142 odporno\u015bciowych u szczeni\u0105t.<\/p>\n<p>Szczeni\u0119ta s\u0105 ciekawskie i ch\u0119tnie eksploruj\u0105 otoczenie, dlatego ich aktywno\u015b\u0107 jest wysoka. Precyzyjna dawka wapnia i fosforu zapewnia prawid\u0142owy przebieg mineralizacji ko\u015b\u0107ca. Ponadto karma ROYAL CANIN\u00ae Dachshund Puppy zawiera unikalna kombinacj\u0119 sk\u0142adnik\u00f3w oraz wysokiej jako\u015bci bia\u0142ko.\u00a0 Bia\u0142ko to zosta\u0142o wyselekcjonowane ze wzgl\u0119du na wysok\u0105 strawno\u015b\u0107.<\/p>\n<p>Kombinacja sk\u0142adnik\u00f3w pokarmowych: wysokiej jako\u015bci bia\u0142ka (L.I.P.*) oraz prebiotyk\u00f3w (FOS) wspomaga zdrowie przewodu pokarmowego oraz r\u00f3wnowag\u0119 flory bakteryjnej jelit, co zapewnia odpowiedni\u0105 jako\u015b\u0107 ka\u0142u. *Bia\u0142ka wyselekcjonowane ze wzgl\u0119du na bardzo wysok\u0105 strawno\u015b\u0107.<\/p>\n<p>Karma ROYAL CANIN\u00ae Dachshund Puppy charakteryzuje si\u0119 specjalnie opracowanymi krokietami. Ich kszta\u0142t, rozmiar, tekstura oraz receptura\u00a0 spowalniaj\u0105 odk\u0142adanie kamienia naz\u0119bnego, dzi\u0119ki wi\u0105zaniu zwi\u0105zk\u00f3w chelatuj\u0105cych wap\u0144 obecny w \u015blinie.<\/p>\n<p>Misj\u0105 ROYAL CANIN\u00ae jest zapewnianie rozwi\u0105za\u0144 \u017cywieniowych dostosowanych do potrzeb zwierz\u0105t. Wszystkie nasze produkty przechodz\u0105 liczne kontrole jako\u015bci, aby sprosta\u0107 najwy\u017cszym standardom marki i dostarczy\u0107 psu pokarm dostosowany do jego potrzeb \u017cywieniowych i trybu \u017cycia. ROYAL CANIN\u00ae Dachshund Puppy jest karm\u0105 pe\u0142noporcjow\u0105.<\/p>\n<h4>SK\u0141AD:<\/h4>\n<p>suszone bia\u0142ka drobiowe,\u00a0ry\u017c,\u00a0kukurydza,\u00a0gluten pszenny*,\u00a0t\u0142uszcze zwierz\u0119ce,\u00a0hydrolizowane bia\u0142ka zwierz\u0119ce,\u00a0wys\u0142odki buraczane,\u00a0olej sojowy,\u00a0olej z ryb,\u00a0minera\u0142y (w tym trifosforan pentasodowy (0,35%)),\u00a0fruktooligosacharydy (0,5%),\u00a0dro\u017cd\u017ce (\u017ar\u00f3d\u0142o mannooligosacharyd\u00f3w i beta-glukan\u00f3w),\u00a0m\u0105czka z aksamitki,\u00a0glukozamina uzyskana z fermentacji,\u00a0sok z juki schidigera,\u00a0hydrolizowana chrz\u0105stka (\u017ar\u00f3d\u0142o chondroityny).<\/p>\n<p>*L.I.P.: bia\u0142ko wyselekcjonowane ze wzgl\u0119du na bardzo wysok\u0105 strawno\u015b\u0107.<\/p>\n<h4>DODATKI (na 1 kg karmy):<\/h4>\n<p>Witamina A: 27000 UI, Witamina D3: 700 UI, Witamina E: 550 mg, \u017belazo (3b103): 40 mg, Jod (3b201, 3b202): 4 mg, Mied\u017a (3b405, 3b406): 12 mg, Mangan (3b502, 3b504): 52 mg, Cynk (3b603, 3b605, 3b606): 110 mg, Selen (3b801, 3b811, 3b812): 0,09 mg -Dodatki technologiczne: Klinoptylolit pochodzenia osadowego: 10 g &#8211; Konserwanty &#8211; Przeciwutleniacze.<\/p>\n<h4>SK\u0141ADNIKI ANALITYCZNE:<\/h4>\n<p>Bia\u0142ko surowe: 30,0% &#8211; W\u0142\u00f3kno surowe: 1,5% &#8211; Oleje i t\u0142uszcze surowe: 16,0% &#8211; Popi\u00f3\u0142 surowy: 7,6% &#8211; Wap\u0144: 1,26% &#8211; Fosfor: 1%.<\/p>\n<h4>SPOS\u00d3B U\u017bYCIA:<\/h4>\n<p>patrz tabela. Najlepiej wykorzysta\u0107 przed: patrz data wa\u017cno\u015bci. Data wa\u017cno\u015bci, numer partii i numer rejestracyjny zak\u0142adu znajduj\u0105 si\u0119 na opakowaniu. Przechowywa\u0107 w suchym i ch\u0142odnym miejscu.<br \/>\n<img fetchpriority=\"high\" decoding=\"async\" class=\"alignnone size-full wp-image-7304\" src=\"http:\/\/lanrel.eu\/wp-content\/uploads\/2025\/10\/RC-BHN-DachshundJunior-CV-5-pl_PL.pdf.jpeg\" alt=\"\" width=\"1049\" height=\"1049\" srcset=\"https:\/\/www.lanrel.pl\/wp-content\/uploads\/2025\/10\/RC-BHN-DachshundJunior-CV-5-pl_PL.pdf.jpeg 1049w, https:\/\/www.lanrel.pl\/wp-content\/uploads\/2025\/10\/RC-BHN-DachshundJunior-CV-5-pl_PL.pdf-300x300.jpeg 300w, https:\/\/www.lanrel.pl\/wp-content\/uploads\/2025\/10\/RC-BHN-DachshundJunior-CV-5-pl_PL.pdf-1024x1024.jpeg 1024w, https:\/\/www.lanrel.pl\/wp-content\/uploads\/2025\/10\/RC-BHN-DachshundJunior-CV-5-pl_PL.pdf-150x150.jpeg 150w, https:\/\/www.lanrel.pl\/wp-content\/uploads\/2025\/10\/RC-BHN-DachshundJunior-CV-5-pl_PL.pdf-768x768.jpeg 768w, https:\/\/www.lanrel.pl\/wp-content\/uploads\/2025\/10\/RC-BHN-DachshundJunior-CV-5-pl_PL.pdf-12x12.jpeg 12w, https:\/\/www.lanrel.pl\/wp-content\/uploads\/2025\/10\/RC-BHN-DachshundJunior-CV-5-pl_PL.pdf-370x370.jpeg 370w, https:\/\/www.lanrel.pl\/wp-content\/uploads\/2025\/10\/RC-BHN-DachshundJunior-CV-5-pl_PL.pdf-60x60.jpeg 60w, https:\/\/www.lanrel.pl\/wp-content\/uploads\/2025\/10\/RC-BHN-DachshundJunior-CV-5-pl_PL.pdf-600x600.jpeg 600w, https:\/\/www.lanrel.pl\/wp-content\/uploads\/2025\/10\/RC-BHN-DachshundJunior-CV-5-pl_PL.pdf-100x100.jpeg 100w\" sizes=\"(max-width: 1049px) 100vw, 1049px\" \/><\/p>\n<p>&nbsp;<\/p>","protected":false},"excerpt":{"rendered":"<p>Karma sucha dla Jamnik\u00f3w do 10 miesi\u0105ca \u017cycia.<\/p>\n<p>Marka: Royal Canin<\/p>\n<p>Dla jakiego pupila:Pies<\/p>\n<p><span class=\"ty-product-feature__label\">Wielko\u015b\u0107 pupila:Rasy ma\u0142e<\/span><\/p>\n<p>Faza \u017cycia: Junior<\/p>","protected":false},"featured_media":7300,"comment_status":"open","ping_status":"closed","template":"","meta":{"om_disable_all_campaigns":false,"inline_featured_image":false},"product_brand":[],"product_cat":[27,95,96],"product_tag":[],"class_list":{"0":"post-7297","1":"product","2":"type-product","3":"status-publish","4":"has-post-thumbnail","6":"product_cat-dog-food","7":"product_cat-royal-canin-dog-food","8":"product_cat-szczenieta","10":"first","11":"outofstock","12":"taxable","13":"shipping-taxable","14":"purchasable","15":"product-type-simple"},"_links":{"self":[{"href":"https:\/\/www.lanrel.pl\/pl\/wp-json\/wp\/v2\/product\/7297","targetHints":{"allow":["GET"]}}],"collection":[{"href":"https:\/\/www.lanrel.pl\/pl\/wp-json\/wp\/v2\/product"}],"about":[{"href":"https:\/\/www.lanrel.pl\/pl\/wp-json\/wp\/v2\/types\/product"}],"replies":[{"embeddable":true,"href":"https:\/\/www.lanrel.pl\/pl\/wp-json\/wp\/v2\/comments?post=7297"}],"wp:featuredmedia":[{"embeddable":true,"href":"https:\/\/www.lanrel.pl\/pl\/wp-json\/wp\/v2\/media\/7300"}],"wp:attachment":[{"href":"https:\/\/www.lanrel.pl\/pl\/wp-json\/wp\/v2\/media?parent=7297"}],"wp:term":[{"taxonomy":"product_brand","embeddable":true,"href":"https:\/\/www.lanrel.pl\/pl\/wp-json\/wp\/v2\/product_brand?post=7297"},{"taxonomy":"product_cat","embeddable":true,"href":"https:\/\/www.lanrel.pl\/pl\/wp-json\/wp\/v2\/product_cat?post=7297"},{"taxonomy":"product_tag","embeddable":true,"href":"https:\/\/www.lanrel.pl\/pl\/wp-json\/wp\/v2\/product_tag?post=7297"}],"curies":[{"name":"wp","href":"https:\/\/api.w.org\/{rel}","templated":true}]}}