{"id":7279,"date":"2025-10-19T20:23:41","date_gmt":"2025-10-19T18:23:41","guid":{"rendered":"https:\/\/lanrel.eu\/?post_type=product&#038;p=7279"},"modified":"2025-10-21T21:03:40","modified_gmt":"2025-10-21T19:03:40","slug":"royal-canin-dachshund-sucha-karma-dla-doroslych-psow","status":"publish","type":"product","link":"https:\/\/www.lanrel.pl\/pl\/produkt\/royal-canin-dachshund-sucha-karma-dla-doroslych-psow\/","title":{"rendered":"ROYAL CANIN\u00ae Dachshund sucha karma dla doros\u0142ych ps\u00f3w"},"content":{"rendered":"<p><strong>Zalety:<\/strong><\/p>\n<ul>\n<li>Wspomaganie ko\u015bci i staw\u00f3w<\/li>\n<li>Optymalne napi\u0119cie mi\u0119\u015bni<\/li>\n<li>Mniejsza obj\u0119to\u015b\u0107 odchod\u00f3w i redukcja nieprzyjemnego zapachu<\/li>\n<li>Specjalnie opracowany krokiet: zdrowie z\u0119b\u00f3w<\/li>\n<\/ul>\n<p>Psy rasy jamnik s\u0105 przyjazne, inteligentne i oddane. Poniewa\u017c ka\u017cda rasa ps\u00f3w ma swoje wyj\u0105tkowe potrzeby \u017cywieniowe, nale\u017cy wybra\u0107 karm\u0119, kt\u00f3ra pomo\u017ce im utrzyma\u0107 zdrowie oraz idealn\u0105 kondycj\u0119.<\/p>\n<p>Karma ROYAL CANIN\u00ae Dachshund Adult zosta\u0142a opracowana specjalnie dla doros\u0142ych ps\u00f3w, powy\u017cej 10 miesi\u0105ca \u017cycia, rasy jamnik.<\/p>\n<p><img fetchpriority=\"high\" decoding=\"async\" class=\"alignnone size-full wp-image-7280\" src=\"http:\/\/lanrel.eu\/wp-content\/uploads\/2025\/10\/Dachshund_01.png\" alt=\"\" width=\"1920\" height=\"640\" srcset=\"https:\/\/www.lanrel.pl\/wp-content\/uploads\/2025\/10\/Dachshund_01.png 1920w, https:\/\/www.lanrel.pl\/wp-content\/uploads\/2025\/10\/Dachshund_01-300x100.png 300w, https:\/\/www.lanrel.pl\/wp-content\/uploads\/2025\/10\/Dachshund_01-1024x341.png 1024w, https:\/\/www.lanrel.pl\/wp-content\/uploads\/2025\/10\/Dachshund_01-768x256.png 768w, https:\/\/www.lanrel.pl\/wp-content\/uploads\/2025\/10\/Dachshund_01-1536x512.png 1536w, https:\/\/www.lanrel.pl\/wp-content\/uploads\/2025\/10\/Dachshund_01-18x6.png 18w, https:\/\/www.lanrel.pl\/wp-content\/uploads\/2025\/10\/Dachshund_01-600x200.png 600w\" sizes=\"(max-width: 1920px) 100vw, 1920px\" \/><\/p>\n<p><img decoding=\"async\" class=\"alignnone size-full wp-image-7281\" src=\"http:\/\/lanrel.eu\/wp-content\/uploads\/2025\/10\/Dachshund_02.png\" alt=\"\" width=\"1920\" height=\"556\" srcset=\"https:\/\/www.lanrel.pl\/wp-content\/uploads\/2025\/10\/Dachshund_02.png 1920w, https:\/\/www.lanrel.pl\/wp-content\/uploads\/2025\/10\/Dachshund_02-300x87.png 300w, https:\/\/www.lanrel.pl\/wp-content\/uploads\/2025\/10\/Dachshund_02-1024x297.png 1024w, https:\/\/www.lanrel.pl\/wp-content\/uploads\/2025\/10\/Dachshund_02-768x222.png 768w, https:\/\/www.lanrel.pl\/wp-content\/uploads\/2025\/10\/Dachshund_02-1536x445.png 1536w, https:\/\/www.lanrel.pl\/wp-content\/uploads\/2025\/10\/Dachshund_02-18x5.png 18w, https:\/\/www.lanrel.pl\/wp-content\/uploads\/2025\/10\/Dachshund_02-600x174.png 600w\" sizes=\"(max-width: 1920px) 100vw, 1920px\" \/><\/p>\n<p>Cia\u0142o jamnika jest d\u0142ugie, a przy tym zwarte i umi\u0119\u015bnione. Jamniki sprawiaj\u0105 wra\u017cenie ps\u00f3w, kt\u00f3re ca\u0142y czas s\u0105 czujne, g\u0142\u00f3wnie przez typowy dla nich spos\u00f3b noszenia g\u0142owy. Pomimo kr\u00f3tkich ko\u0144czyn, jamniki s\u0105 bardzo aktywne i zwinne. Dlatego potrzebuj\u0105 karmy, kt\u00f3ra pokryje ich\u00a0 wysokie potrzeby energetyczne.<\/p>\n<p>Karma ROYAL CANIN\u00ae Dachshund Adult sprzyja zdrowiu ko\u015bci i staw\u00f3w, dzi\u0119ki precyzyjnemu zbilansowaniu sk\u0142adnik\u00f3w mineralnych, w szczeg\u00f3lno\u015bci wapnia i fosforu. Receptura karmy pomaga utrzyma\u0107 odpowiedni tonus mi\u0119\u015bniowy oraz idealn\u0105 mas\u0119 cia\u0142a. Karma ROYAL CANIN\u00ae Dachshund Adult sprzyja tak\u017ce zmniejszeniu obj\u0119to\u015bci oraz intensywno\u015bci zapachu odchod\u00f3w.<\/p>\n<p>Specjalnie opracowany krokiet karmy ROYAL CANIN\u00ae Dachshund Adult oraz dodatek zwi\u0105zk\u00f3w chelatuj\u0105cych (wi\u0105\u017c\u0105cych) wap\u0144, sprzyjaj\u0105 ograniczeniu powstawania kamienia naz\u0119bnego.<\/p>\n<p><img decoding=\"async\" class=\"alignnone size-full wp-image-7282\" src=\"http:\/\/lanrel.eu\/wp-content\/uploads\/2025\/10\/Dachshund_03.png\" alt=\"\" width=\"1920\" height=\"687\" srcset=\"https:\/\/www.lanrel.pl\/wp-content\/uploads\/2025\/10\/Dachshund_03.png 1920w, https:\/\/www.lanrel.pl\/wp-content\/uploads\/2025\/10\/Dachshund_03-300x107.png 300w, https:\/\/www.lanrel.pl\/wp-content\/uploads\/2025\/10\/Dachshund_03-1024x366.png 1024w, https:\/\/www.lanrel.pl\/wp-content\/uploads\/2025\/10\/Dachshund_03-768x275.png 768w, https:\/\/www.lanrel.pl\/wp-content\/uploads\/2025\/10\/Dachshund_03-1536x550.png 1536w, https:\/\/www.lanrel.pl\/wp-content\/uploads\/2025\/10\/Dachshund_03-18x6.png 18w, https:\/\/www.lanrel.pl\/wp-content\/uploads\/2025\/10\/Dachshund_03-600x215.png 600w\" sizes=\"(max-width: 1920px) 100vw, 1920px\" \/><\/p>\n<p><img loading=\"lazy\" decoding=\"async\" class=\"alignnone size-full wp-image-7283\" src=\"http:\/\/lanrel.eu\/wp-content\/uploads\/2025\/10\/Dachshund_04.png\" alt=\"\" width=\"1920\" height=\"512\" srcset=\"https:\/\/www.lanrel.pl\/wp-content\/uploads\/2025\/10\/Dachshund_04.png 1920w, https:\/\/www.lanrel.pl\/wp-content\/uploads\/2025\/10\/Dachshund_04-300x80.png 300w, https:\/\/www.lanrel.pl\/wp-content\/uploads\/2025\/10\/Dachshund_04-1024x273.png 1024w, https:\/\/www.lanrel.pl\/wp-content\/uploads\/2025\/10\/Dachshund_04-768x205.png 768w, https:\/\/www.lanrel.pl\/wp-content\/uploads\/2025\/10\/Dachshund_04-1536x410.png 1536w, https:\/\/www.lanrel.pl\/wp-content\/uploads\/2025\/10\/Dachshund_04-18x5.png 18w, https:\/\/www.lanrel.pl\/wp-content\/uploads\/2025\/10\/Dachshund_04-600x160.png 600w\" sizes=\"(max-width: 1920px) 100vw, 1920px\" \/><\/p>\n<p>Maj\u0105c na uwadze preferencje \u017cywieniowe ps\u00f3w, karma ROYAL CANIN\u00ae Dachshund Adult jest dost\u0119pna tak\u017ce w formie smakowitego pasztetu.<\/p>\n<p><img loading=\"lazy\" decoding=\"async\" class=\"alignnone size-full wp-image-7284\" src=\"http:\/\/lanrel.eu\/wp-content\/uploads\/2025\/10\/Dachshund_05.png\" alt=\"\" width=\"1920\" height=\"748\" srcset=\"https:\/\/www.lanrel.pl\/wp-content\/uploads\/2025\/10\/Dachshund_05.png 1920w, https:\/\/www.lanrel.pl\/wp-content\/uploads\/2025\/10\/Dachshund_05-300x117.png 300w, https:\/\/www.lanrel.pl\/wp-content\/uploads\/2025\/10\/Dachshund_05-1024x399.png 1024w, https:\/\/www.lanrel.pl\/wp-content\/uploads\/2025\/10\/Dachshund_05-768x299.png 768w, https:\/\/www.lanrel.pl\/wp-content\/uploads\/2025\/10\/Dachshund_05-1536x598.png 1536w, https:\/\/www.lanrel.pl\/wp-content\/uploads\/2025\/10\/Dachshund_05-18x7.png 18w, https:\/\/www.lanrel.pl\/wp-content\/uploads\/2025\/10\/Dachshund_05-600x234.png 600w\" sizes=\"(max-width: 1920px) 100vw, 1920px\" \/><\/p>\n<p>W przypadku \u017cywienia karm\u0105 mokr\u0105 i such\u0105 nale\u017cy zapozna\u0107 si\u0119 z tabel\u0105 dawkowania, aby dobra\u0107 odpowiedni\u0105 porcj\u0119 poszczeg\u00f3lnych karm.<\/p>\n<p>Misj\u0105 ROYAL CANIN\u00ae jest zapewnianie rozwi\u0105za\u0144 \u017cywieniowych dostosowanych do potrzeb zwierz\u0105t. Wszystkie nasze produkty przechodz\u0105 liczne kontrole jako\u015bci, aby sprosta\u0107 najwy\u017cszym standardom marki i dostarczy\u0107 psu pokarm dostosowany do jego potrzeb \u017cywieniowych i trybu \u017cycia. ROYAL CANIN\u00ae Dachshund Adult jest karm\u0105 pe\u0142noporcjow\u0105.<\/p>\n<p><img loading=\"lazy\" decoding=\"async\" class=\"alignnone size-full wp-image-7285\" src=\"http:\/\/lanrel.eu\/wp-content\/uploads\/2025\/10\/Dachshund_06.png\" alt=\"\" width=\"1920\" height=\"652\" srcset=\"https:\/\/www.lanrel.pl\/wp-content\/uploads\/2025\/10\/Dachshund_06.png 1920w, https:\/\/www.lanrel.pl\/wp-content\/uploads\/2025\/10\/Dachshund_06-300x102.png 300w, https:\/\/www.lanrel.pl\/wp-content\/uploads\/2025\/10\/Dachshund_06-1024x348.png 1024w, https:\/\/www.lanrel.pl\/wp-content\/uploads\/2025\/10\/Dachshund_06-768x261.png 768w, https:\/\/www.lanrel.pl\/wp-content\/uploads\/2025\/10\/Dachshund_06-1536x522.png 1536w, https:\/\/www.lanrel.pl\/wp-content\/uploads\/2025\/10\/Dachshund_06-18x6.png 18w, https:\/\/www.lanrel.pl\/wp-content\/uploads\/2025\/10\/Dachshund_06-600x204.png 600w\" sizes=\"(max-width: 1920px) 100vw, 1920px\" \/><\/p>\n<h4>SK\u0141AD:<\/h4>\n<p>ry\u017c,\u00a0suszone bia\u0142ka drobiowe,\u00a0gluten pszenny*,\u00a0hydrolizowane bia\u0142ka zwierz\u0119ce,\u00a0t\u0142uszcze zwierz\u0119ce,\u00a0w\u0142\u00f3kno ro\u015blinne,\u00a0wys\u0142odki buraczane,\u00a0minera\u0142y (w tym trifosforan pentasodowy (0,35%)),\u00a0olej z ryb,\u00a0olej sojowy,\u00a0fruktooligosacharydy,\u00a0olej z og\u00f3recznika,\u00a0m\u0105czka z aksamitki,\u00a0glukozamina uzyskana z fermentacji,\u00a0hydrolizowana chrz\u0105stka (\u017ar\u00f3d\u0142o chondroityny).<\/p>\n<p>*L.I.P.: bia\u0142ko wyselekcjonowane ze wzgl\u0119du na bardzo wysok\u0105 strawno\u015b\u0107.<\/p>\n<h4>DODATKI (na 1 kg karmy):<\/h4>\n<p>Witamina A: 31600 UI, Witamina D3: 843 UI, \u017belazo (3b103): 36 mg, Jod (3b201, 3b202): 3,6 mg, Mied\u017a (3b405, 3b406): 11 mg, Mangan (3b502, 3b504): 47 mg, Cynk (3b603, 3b605, 3b606): 141 mg, Selen (3b801, 3b811, 3b812): 0,08 mg &#8211; Dodatki technologiczne: Klinoptylolit pochodzenia osadowego: 10 g &#8211; Konserwanty &#8211; Przeciwutleniacze.<\/p>\n<h4>SK\u0141ADNIKI ANALITYCZNE:<\/h4>\n<p>Bia\u0142ko surowe: 28,0% &#8211; W\u0142\u00f3kno surowe: 3,0% &#8211; Oleje i t\u0142uszcze surowe: 14,0% &#8211; Popi\u00f3\u0142 surowy: 6,5% &#8211; Wap\u0144: 0,8% &#8211; Fosfor: 0,7%.<\/p>\n<h4>SPOS\u00d3B U\u017bYCIA:<\/h4>\n<p>patrz tabela. Najlepiej wykorzysta\u0107 przed: patrz data wa\u017cno\u015bci. Data wa\u017cno\u015bci, numer partii i numer rejestracyjny zak\u0142adu znajduj\u0105 si\u0119 na opakowaniu. Przechowywa\u0107 w suchym i ch\u0142odnym miejscu.<\/p>\n<table>\n<thead>\n<tr>\n<td><strong>Masa cia\u0142a psa<\/strong><\/td>\n<td><strong>Aktywno\u015b\u0107 niska<\/strong><\/td>\n<td><strong>Aktywno\u015b\u0107 umiarkowana<\/strong><\/td>\n<\/tr>\n<\/thead>\n<tbody>\n<tr>\n<td>2<\/td>\n<td>43 g<\/td>\n<td>50 g<\/td>\n<\/tr>\n<tr>\n<td>4<\/td>\n<td>72 g<\/td>\n<td>84 g<\/td>\n<\/tr>\n<tr>\n<td>5<\/td>\n<td>85 g<\/td>\n<td>99 g<\/td>\n<\/tr>\n<tr>\n<td>6<\/td>\n<td>98 g<\/td>\n<td>113 g<\/td>\n<\/tr>\n<tr>\n<td>8<\/td>\n<td>121 g<\/td>\n<td>140 g<\/td>\n<\/tr>\n<tr>\n<td>10<\/td>\n<td>143 g<\/td>\n<td>166 g<\/td>\n<\/tr>\n<\/tbody>\n<\/table>","protected":false},"excerpt":{"rendered":"<p>Karma sucha dla doros\u0142ych Jamnik\u00f3w od 10 miesi\u0105ca \u017cycia.<\/p>\n<p>Marka: Royal Canin<\/p>\n<p>Dla jakiego pupila:Pies<\/p>\n<p><span class=\"ty-product-feature__label\">Wielko\u015b\u0107 pupila:Rasy ma\u0142e<\/span><\/p>\n<p>Faza \u017cycia:Doros\u0142y<\/p>","protected":false},"featured_media":7294,"comment_status":"open","ping_status":"closed","template":"","meta":{"om_disable_all_campaigns":false,"inline_featured_image":false},"product_brand":[],"product_cat":[27,97,95],"product_tag":[],"class_list":{"0":"post-7279","1":"product","2":"type-product","3":"status-publish","4":"has-post-thumbnail","6":"product_cat-dog-food","7":"product_cat-psy-rasowe","8":"product_cat-royal-canin-dog-food","10":"first","11":"outofstock","12":"taxable","13":"shipping-taxable","14":"product-type-variable","15":"has-default-attributes"},"_links":{"self":[{"href":"https:\/\/www.lanrel.pl\/pl\/wp-json\/wp\/v2\/product\/7279","targetHints":{"allow":["GET"]}}],"collection":[{"href":"https:\/\/www.lanrel.pl\/pl\/wp-json\/wp\/v2\/product"}],"about":[{"href":"https:\/\/www.lanrel.pl\/pl\/wp-json\/wp\/v2\/types\/product"}],"replies":[{"embeddable":true,"href":"https:\/\/www.lanrel.pl\/pl\/wp-json\/wp\/v2\/comments?post=7279"}],"wp:featuredmedia":[{"embeddable":true,"href":"https:\/\/www.lanrel.pl\/pl\/wp-json\/wp\/v2\/media\/7294"}],"wp:attachment":[{"href":"https:\/\/www.lanrel.pl\/pl\/wp-json\/wp\/v2\/media?parent=7279"}],"wp:term":[{"taxonomy":"product_brand","embeddable":true,"href":"https:\/\/www.lanrel.pl\/pl\/wp-json\/wp\/v2\/product_brand?post=7279"},{"taxonomy":"product_cat","embeddable":true,"href":"https:\/\/www.lanrel.pl\/pl\/wp-json\/wp\/v2\/product_cat?post=7279"},{"taxonomy":"product_tag","embeddable":true,"href":"https:\/\/www.lanrel.pl\/pl\/wp-json\/wp\/v2\/product_tag?post=7279"}],"curies":[{"name":"wp","href":"https:\/\/api.w.org\/{rel}","templated":true}]}}