{"id":7270,"date":"2025-10-19T19:58:22","date_gmt":"2025-10-19T17:58:22","guid":{"rendered":"https:\/\/lanrel.eu\/?post_type=product&#038;p=7270"},"modified":"2025-10-21T21:03:15","modified_gmt":"2025-10-21T19:03:15","slug":"royal-canin-cocker-adult-sucha-karma-12kg","status":"publish","type":"product","link":"https:\/\/www.lanrel.pl\/pl\/produkt\/royal-canin-cocker-adult-sucha-karma-12kg\/","title":{"rendered":"ROYAL CANIN\u00ae Cocker adult sucha karma 12kg"},"content":{"rendered":"<h4>Zalety:<\/h4>\n<ul>\n<li>Zdrowa sk\u00f3ra i sier\u015b\u0107<\/li>\n<li>Prawid\u0142owa masa cia\u0142a<\/li>\n<li>Zdrowa praca serca<\/li>\n<li>Specjalnie opracowany krokiet<\/li>\n<\/ul>\n<p>Prawid\u0142owe \u017cywienie jest istotn\u0105 cz\u0119\u015bci\u0105 utrzymania zdrowia u psa rasy cocker spaniel. Dlatego tak wa\u017cnym jest wyb\u00f3r odpowiednio zbilansowanej karmy.<\/p>\n<p>Karma ROYAL CANIN\u00ae Cocker Adult zosta\u0142a opracowana specjalnie dla doros\u0142ych ps\u00f3w, powy\u017cej 12 miesi\u0105ca \u017cycia, rasy cocker spaniel.<\/p>\n<p>Karma ROYAL CANIN\u00ae Cocker Adult sprzyja zdrowej sk\u00f3rze i pi\u0119knej sier\u015bci, dzi\u0119ki specjalnemu kompleksowi sk\u0142adnik\u00f3w wzmacniaj\u0105cych barier\u0119 sk\u00f3rn\u0105. Receptura wzbogacona jest o olej z og\u00f3recznika, witamin\u0119 A oraz kwasy t\u0142uszczowe omega 3 (EPA i DHA), sprzyjaj\u0105c zdrowej sk\u00f3rze. Stan sk\u00f3ry i sier\u015bci jest odzwierciedleniem stanu zdrowia psa, dlatego wa\u017cne jest, aby dieta Twojego psa zawiera\u0142a sk\u0142adniki od\u017cywcze pomagaj\u0105ce ukoi\u0107 sk\u00f3r\u0119.<\/p>\n<p>Psy rasy cocker spaniel charakteryzuj\u0105 si\u0119 du\u017cym apetytem. Dlatego tak wa\u017cnym jest kontrola masy cia\u0142a tych ps\u00f3w. Karma ROYAL CANIN\u00ae Cocker Adult charakteryzuje si\u0119 odpowiednio dostosowanym poziomem t\u0142uszczu, co sprzyja utrzymaniu idealnej masy cia\u0142a.<\/p>\n<p>Karma ROYAL CANIN\u00ae Cocker Adult wspomaga prawid\u0142owe funkcjonowanie pracy mi\u0119\u015bnia sercowego, dzi\u0119ki unikalnej kompozycji sk\u0142adnik\u00f3w pokarmowych.<\/p>\n<p>Krokiety karmy ROYAL CANIN\u00ae Cocker Adult zosta\u0142y specjalnie opracowane dla ps\u00f3w rasy cocker spaniel. Receptura zosta\u0142a wzbogacona o aktywn\u0105 substancj\u0119, kt\u00f3ra wi\u0105\u017c\u0105c wap\u0144 obecny w \u015blinie, zapobiega jego odk\u0142adaniu na z\u0119bach i powstawaniu kamienia naz\u0119bnego.<\/p>\n<p>Misj\u0105 ROYAL CANIN\u00ae jest zapewnianie rozwi\u0105za\u0144 \u017cywieniowych dostosowanych do potrzeb zwierz\u0105t. Wszystkie nasze produkty przechodz\u0105 liczne kontrole jako\u015bci, aby sprosta\u0107 najwy\u017cszym standardom marki i dostarczy\u0107 psu pokarm dostosowany do jego potrzeb \u017cywieniowych i trybu \u017cycia. ROYAL CANIN\u00ae Cocker Adult jest karm\u0105 pe\u0142noporcjow\u0105.<\/p>\n<h4><strong>SK\u0141AD:<\/strong><\/h4>\n<p>ry\u017c,\u00a0kukurydza,\u00a0suszone bia\u0142ka drobiowe,\u00a0gluten kukurydziany,\u00a0t\u0142uszcze zwierz\u0119ce,\u00a0hydrolizowane bia\u0142ka zwierz\u0119ce,\u00a0wys\u0142odki buraczane,\u00a0gluten pszenny*,\u00a0minera\u0142y (w tym trifosforan pentasodowy (0,35%)),\u00a0olej z ryb,\u00a0\u0142uski i nasiona psyllium,\u00a0olej sojowy,\u00a0fruktooligosacharydy,\u00a0dro\u017cd\u017ce (\u017ar\u00f3d\u0142o mannooligosacharyd\u00f3w),\u00a0olej z og\u00f3recznika (0,1%),\u00a0glukozamina uzyskana z fermentacji,\u00a0m\u0105czka z aksamitki,\u00a0hydrolizowana chrz\u0105stka (\u017ar\u00f3d\u0142o chondroityny).<\/p>\n<p>*L.I.P.: bia\u0142ko wyselekcjonowane ze wzgl\u0119du na bardzo wysok\u0105 strawno\u015b\u0107.<\/p>\n<h4><strong>DODATKI\u00a0<\/strong>(na 1 kg karmy):<\/h4>\n<p>Witamina A: 30500 UI, Witamina D3: 800 UI, \u017belazo (3b103): 43 mg, Jod (3b201, 3b202): 4,3 mg, Mied\u017a (3b405, 3b406): 13 mg, Mangan (3b502, 3b504): 56 mg, Cynk (3b603, 3b605, 3b606): 141 mg, Selen (3b801, 3b811, 3b812): 0,09 mg &#8211; Konserwanty &#8211; Przeciwutleniacze.<\/p>\n<h4><strong>SK\u0141ADNIKI ANALITYCZNE:<\/strong><\/h4>\n<p>Bia\u0142ko surowe:\u00a025,0%\u00a0&#8211;\u00a0W\u0142\u00f3kno surowe:\u00a01,3%\u00a0&#8211;\u00a0Oleje i t\u0142uszcze surowe:\u00a014,0%\u00a0&#8211;\u00a0Popi\u00f3\u0142 surowy:\u00a05,2%\u00a0&#8211;\u00a0EPA\/DHA:\u00a00,4%.<\/p>\n<h4><strong>SPOS\u00d3B U\u017bYCIA:<\/strong><\/h4>\n<p>patrz tabela. Najlepiej wykorzysta\u0107 przed: patrz data wa\u017cno\u015bci. Data wa\u017cno\u015bci, numer partii i numer rejestracyjny zak\u0142adu znajduj\u0105 si\u0119 na opakowaniu. Przechowywa\u0107 w suchym i ch\u0142odnym miejscu.<\/p>\n<table>\n<thead>\n<tr>\n<td><strong>Masa cia\u0142a psa (kg)<\/strong><\/td>\n<td><strong>Niska aktywno\u015b\u0107<\/strong><\/td>\n<td><strong>Umiarkowana aktywno\u015b\u0107<\/strong><\/td>\n<\/tr>\n<\/thead>\n<tbody>\n<tr>\n<td>10<\/td>\n<td>138 g<\/td>\n<td>159 g<\/td>\n<\/tr>\n<tr>\n<td>11<\/td>\n<td>148 g<\/td>\n<td>171 g<\/td>\n<\/tr>\n<tr>\n<td>12<\/td>\n<td>158 g<\/td>\n<td>183 g<\/td>\n<\/tr>\n<tr>\n<td>14<\/td>\n<td>177 g<\/td>\n<td>205 g<\/td>\n<\/tr>\n<tr>\n<td>16<\/td>\n<td>196 g<\/td>\n<td>227 g<\/td>\n<\/tr>\n<\/tbody>\n<\/table>\n<p>&nbsp;<\/p>\n<p>&nbsp;<\/p>","protected":false},"excerpt":{"rendered":"<p>Karma dla ps\u00f3w doros\u0142ych rasy cocker spaniel powy\u017cej 12 miesi\u0105ca \u017cycia.<\/p>\n<p>Marka: Royal Canin<\/p>\n<p>Dla jakiego pupila:Pies<\/p>\n<p><span class=\"ty-product-feature__label\">Wielko\u015b\u0107 pupila:Rasy \u015brednie<\/span><\/p>\n<p>Faza \u017cycia:Doros\u0142y<\/p>","protected":false},"featured_media":7278,"comment_status":"open","ping_status":"closed","template":"","meta":{"om_disable_all_campaigns":false,"inline_featured_image":false},"product_brand":[],"product_cat":[27,97,95],"product_tag":[],"class_list":{"0":"post-7270","1":"product","2":"type-product","3":"status-publish","4":"has-post-thumbnail","6":"product_cat-dog-food","7":"product_cat-psy-rasowe","8":"product_cat-royal-canin-dog-food","10":"first","11":"outofstock","12":"taxable","13":"shipping-taxable","14":"purchasable","15":"product-type-simple"},"_links":{"self":[{"href":"https:\/\/www.lanrel.pl\/pl\/wp-json\/wp\/v2\/product\/7270","targetHints":{"allow":["GET"]}}],"collection":[{"href":"https:\/\/www.lanrel.pl\/pl\/wp-json\/wp\/v2\/product"}],"about":[{"href":"https:\/\/www.lanrel.pl\/pl\/wp-json\/wp\/v2\/types\/product"}],"replies":[{"embeddable":true,"href":"https:\/\/www.lanrel.pl\/pl\/wp-json\/wp\/v2\/comments?post=7270"}],"wp:featuredmedia":[{"embeddable":true,"href":"https:\/\/www.lanrel.pl\/pl\/wp-json\/wp\/v2\/media\/7278"}],"wp:attachment":[{"href":"https:\/\/www.lanrel.pl\/pl\/wp-json\/wp\/v2\/media?parent=7270"}],"wp:term":[{"taxonomy":"product_brand","embeddable":true,"href":"https:\/\/www.lanrel.pl\/pl\/wp-json\/wp\/v2\/product_brand?post=7270"},{"taxonomy":"product_cat","embeddable":true,"href":"https:\/\/www.lanrel.pl\/pl\/wp-json\/wp\/v2\/product_cat?post=7270"},{"taxonomy":"product_tag","embeddable":true,"href":"https:\/\/www.lanrel.pl\/pl\/wp-json\/wp\/v2\/product_tag?post=7270"}],"curies":[{"name":"wp","href":"https:\/\/api.w.org\/{rel}","templated":true}]}}