{"id":7261,"date":"2025-10-19T19:40:03","date_gmt":"2025-10-19T17:40:03","guid":{"rendered":"https:\/\/lanrel.eu\/?post_type=product&#038;p=7261"},"modified":"2025-10-21T21:03:31","modified_gmt":"2025-10-21T19:03:31","slug":"royal-canin-pelnoporcjowa-karma-dla-szczeniat-rasy-chihuahua-1-5-kg","status":"publish","type":"product","link":"https:\/\/www.lanrel.pl\/pl\/produkt\/royal-canin-pelnoporcjowa-karma-dla-szczeniat-rasy-chihuahua-1-5-kg\/","title":{"rendered":"ROYAL CANIN\u00ae Pe\u0142noporcjowa karma dla szczeni\u0105t rasy Chihuahua 1.5 kg"},"content":{"rendered":"<h4>Zalety:<\/h4>\n<ul>\n<li>Wspomaganie uk\u0142adu odporno\u015bciowego<\/li>\n<li>Wysoka smakowito\u015b\u0107<\/li>\n<li>Mniejsza obj\u0119to\u015b\u0107 odchod\u00f3w i redukcja nieprzyjemnego zapachu<\/li>\n<li>Specjalnie opracowany krokiet: miniaturowa budowa<\/li>\n<\/ul>\n<p>Psy rasy chihuahua to najmniejsze psy \u015bwiata, jednak maj\u0105 wysokie potrzeby energetyczne &#8211; dlatego wymagaj\u0105 odpowiedniej diety charakteryzuj\u0105cej si\u0119 wysokim poziomem bia\u0142ka i energii, aby pokry\u0107 potrzeby pokarmowe tych ps\u00f3w. Karma ROYAL CANIN\u00ae Chihuahua Puppy zosta\u0142a opracowana specjalnie dla szczeni\u0105t do 8 miesi\u0105ca \u017cycia, rasy chihuahua.<\/p>\n<p>Wzrost to kluczowy okres w \u017cyciu psa &#8211; to czas poznawanie nowego otoczenia, domownik\u00f3w czy zwierz\u0105t ju\u017c mieszkaj\u0105cych w domu. W tym okresie uk\u0142ad immunologiczny szczeni\u0119cia ca\u0142y czas si\u0119 rozwija. Karma ROYAL CANIN\u00ae Chihuahua Puppy zawiera opatentowany kompleks wsp\u00f3\u0142dzia\u0142aj\u0105cych przeciwutleniaczy, w tym witamin\u0119 E, kt\u00f3ry sprzyja rozwijaniu si\u0119 naturalnych si\u0142 odporno\u015bciowych u szczeni\u0105t.<\/p>\n<p>Wielko\u015b\u0107, kszta\u0142t i tekstura krokiet\u00f3w karmy ROYAL CANIN\u00ae Chihuahua Puppy zosta\u0142y precyzyjnie dostosowane do niewielkich z\u0119b\u00f3w i delikatnych szcz\u0119k szczeni\u0105t rasy chihuahua. Zastosowanie wyselekcjonowanych substancji aromatycznych oraz unikalna receptura sprzyja pobudzeniu apetytu nawet najbardziej wybrednych szczeni\u0105t rasy chihuahua.<\/p>\n<p>Ponadto karma ROYAL CANIN\u00ae Chihuahua Puppy zawiera sk\u0142adniki sprzyjaj\u0105ce zdrowiu uk\u0142adu pokarmowego szczeni\u0119cia. Sprzyja to zmniejszeniu obj\u0119to\u015bci i redukcji nieprzyjemnego zapachu odchod\u00f3w!<\/p>\n<p>Misj\u0105 ROYAL CANIN\u00ae jest zapewnianie rozwi\u0105za\u0144 \u017cywieniowych dostosowanych do potrzeb zwierz\u0105t. Wszystkie nasze produkty przechodz\u0105 liczne kontrole jako\u015bci, aby sprosta\u0107 najwy\u017cszym standardom marki i dostarczy\u0107 psu pokarm dostosowany do jego potrzeb \u017cywieniowych i trybu \u017cycia. ROYAL CANIN\u00ae Chihuahua Puppy jest karm\u0105 pe\u0142noporcjow\u0105.<\/p>\n<h4>SK\u0141AD:<\/h4>\n<p>suszone bia\u0142ka drobiowe,\u00a0ry\u017c,\u00a0t\u0142uszcze zwierz\u0119ce,\u00a0kukurydza,\u00a0gluten pszenny*,\u00a0hydrolizowane bia\u0142ka zwierz\u0119ce,\u00a0wys\u0142odki buraczane,\u00a0olej sojowy,\u00a0olej z ryb,\u00a0w\u0142\u00f3kno ro\u015blinne,\u00a0minera\u0142y,\u00a0fruktooligosacharydy,\u00a0dro\u017cd\u017ce (\u017ar\u00f3d\u0142o mannooligosacharyd\u00f3w i beta-glukan\u00f3w),\u00a0m\u0105czka z aksamitki,\u00a0sok z juki schidigera.<\/p>\n<p>*L.I.P.: bia\u0142ko wyselekcjonowane ze wzgl\u0119du na bardzo wysok\u0105 strawno\u015b\u0107..<\/p>\n<h4>DODATKI\u00a0(na 1 kg karmy):<\/h4>\n<p>Witamina A: 28000 UI, Witamina D3: 800 UI, Witamina E: 570 mg, \u017belazo (3b103): 39 mg, Jod (3b201, 3b202): 3,9 mg, Mied\u017a (3b405, 3b406): 12 mg, Mangan (3b502, 3b504): 51 mg, Cynk (3b603, 3b605, 3b606): 107 mg, Selen (3b801, 3b811, 3b812): 0,08 mg &#8211; Dodatki technologiczne: Klinoptylolit pochodzenia osadowego: 10 g &#8211; Konserwanty &#8211; Przeciwutleniacze.<\/p>\n<h4>SK\u0141ADNIKI ANALITYCZNE:<\/h4>\n<p>Bia\u0142ko surowe: 30,0% &#8211; W\u0142\u00f3kno surowe: 2,0% &#8211; Oleje i t\u0142uszcze surowe: 20,0% &#8211; Popi\u00f3\u0142 surowy: 7,2%.<\/p>\n<h4>SPOS\u00d3B U\u017bYCIA:<\/h4>\n<p>patrz tabela. Najlepiej wykorzysta\u0107 przed: patrz data wa\u017cno\u015bci. Data wa\u017cno\u015bci, numer partii i numer rejestracyjny zak\u0142adu znajduj\u0105 si\u0119 na opakowaniu. Przechowywa\u0107 w suchym i ch\u0142odnym miejscu.<\/p>\n<table>\n<thead>\n<tr>\n<td><strong>Masa cia\u0142a psa doros\u0142ego (kg)<\/strong><\/td>\n<td><strong>1 miesi\u0105c<\/strong><\/td>\n<td><strong>2 miesi\u0105c<\/strong><\/td>\n<td><strong>3 miesi\u0105c<\/strong><\/td>\n<td><strong>4 miesi\u0105c<\/strong><\/td>\n<td><strong>5 miesi\u0105c<\/strong><\/td>\n<td><strong>6 miesi\u0105c<\/strong><\/td>\n<td><strong>7 miesi\u0105c<\/strong><\/td>\n<td><strong>8 miesi\u0105c<\/strong><\/td>\n<\/tr>\n<\/thead>\n<tbody>\n<tr>\n<td>1 kg<\/td>\n<td>26 g<\/td>\n<td>29 g<\/td>\n<td>32 g<\/td>\n<td>33 g<\/td>\n<td>33 g<\/td>\n<td>28 g<\/td>\n<td>24 g<\/td>\n<td>24 g<\/td>\n<\/tr>\n<tr>\n<td>2 kg<\/td>\n<td>41 g<\/td>\n<td>49 g<\/td>\n<td>54 g<\/td>\n<td>56 g<\/td>\n<td>55 g<\/td>\n<td>48 g<\/td>\n<td>40 g<\/td>\n<td>40 g<\/td>\n<\/tr>\n<tr>\n<td>3 kg<\/td>\n<td>60 g<\/td>\n<td>71 g<\/td>\n<td>80 g<\/td>\n<td>84 g<\/td>\n<td>84 g<\/td>\n<td>76 g<\/td>\n<td>68 g<\/td>\n<td>60 g<\/td>\n<\/tr>\n<\/tbody>\n<\/table>\n<p>&nbsp;<\/p>","protected":false},"excerpt":{"rendered":"<p>Karma sucha dla szczeni\u0105t rasy Chihuahua od 2 do 8 miesi\u0105ca \u017cycia.<\/p>\n<p>Marka: Royal Canin<\/p>\n<p>Dla jakiego pupila:Pies<\/p>\n<p><span class=\"ty-product-feature__label\">Wielko\u015b\u0107 pupila:Rasy ma\u0142e<\/span><\/p>\n<p><span class=\"ty-product-feature__label\">Faza \u017cycia:<\/span> Junior<\/p>","protected":false},"featured_media":7262,"comment_status":"open","ping_status":"closed","template":"","meta":{"om_disable_all_campaigns":false,"inline_featured_image":false},"product_brand":[],"product_cat":[27,95,96],"product_tag":[],"class_list":{"0":"post-7261","1":"product","2":"type-product","3":"status-publish","4":"has-post-thumbnail","6":"product_cat-dog-food","7":"product_cat-royal-canin-dog-food","8":"product_cat-szczenieta","10":"first","11":"outofstock","12":"taxable","13":"shipping-taxable","14":"purchasable","15":"product-type-simple"},"_links":{"self":[{"href":"https:\/\/www.lanrel.pl\/pl\/wp-json\/wp\/v2\/product\/7261","targetHints":{"allow":["GET"]}}],"collection":[{"href":"https:\/\/www.lanrel.pl\/pl\/wp-json\/wp\/v2\/product"}],"about":[{"href":"https:\/\/www.lanrel.pl\/pl\/wp-json\/wp\/v2\/types\/product"}],"replies":[{"embeddable":true,"href":"https:\/\/www.lanrel.pl\/pl\/wp-json\/wp\/v2\/comments?post=7261"}],"wp:featuredmedia":[{"embeddable":true,"href":"https:\/\/www.lanrel.pl\/pl\/wp-json\/wp\/v2\/media\/7262"}],"wp:attachment":[{"href":"https:\/\/www.lanrel.pl\/pl\/wp-json\/wp\/v2\/media?parent=7261"}],"wp:term":[{"taxonomy":"product_brand","embeddable":true,"href":"https:\/\/www.lanrel.pl\/pl\/wp-json\/wp\/v2\/product_brand?post=7261"},{"taxonomy":"product_cat","embeddable":true,"href":"https:\/\/www.lanrel.pl\/pl\/wp-json\/wp\/v2\/product_cat?post=7261"},{"taxonomy":"product_tag","embeddable":true,"href":"https:\/\/www.lanrel.pl\/pl\/wp-json\/wp\/v2\/product_tag?post=7261"}],"curies":[{"name":"wp","href":"https:\/\/api.w.org\/{rel}","templated":true}]}}