{"id":7246,"date":"2025-10-19T15:21:37","date_gmt":"2025-10-19T13:21:37","guid":{"rendered":"https:\/\/lanrel.eu\/?post_type=product&#038;p=7246"},"modified":"2025-10-21T21:04:08","modified_gmt":"2025-10-21T19:04:08","slug":"royal-canin-chihuahua-adult-karma-sucha-dla-psow-doroslych-rasy-chihuahua-1-5-kg","status":"publish","type":"product","link":"https:\/\/www.lanrel.pl\/pl\/produkt\/royal-canin-chihuahua-adult-karma-sucha-dla-psow-doroslych-rasy-chihuahua-1-5-kg\/","title":{"rendered":"ROYAL CANIN\u00ae Chihuahua Adult karma sucha dla ps\u00f3w doros\u0142ych rasy chihuahua 1.5 kg"},"content":{"rendered":"<h4>Zalety:<\/h4>\n<ul>\n<li>Wysoka smakowito\u015b\u0107<\/li>\n<li>Mniejsza obj\u0119to\u015b\u0107 odchod\u00f3w i redukcja nieprzyjemnego zapachu<\/li>\n<li>Zdrowe z\u0119by<\/li>\n<li>Specjalnie opracowany krokiet: miniaturowa budowa<\/li>\n<\/ul>\n<p>Psy rasy chihuahua to ujmuj\u0105ca i zadziorna rasa z du\u017cym charakterem. Mimo,\u017ce to najmniejsze psy na \u015bwiecie, maj\u0105 wysokie wymagania energetyczne. Dlatego potrzebuj\u0105 odpowiedniej karmy o wysokim poziomie bia\u0142ka i energii, kt\u00f3ra pokryje w pe\u0142ni potrzeby pokarmowe tych ps\u00f3w.<\/p>\n<p>Karma ROYAL CANIN\u00ae Chihuahua Adult zosta\u0142a opracowana specjalnie dla doros\u0142ych ps\u00f3w, powy\u017cej 8 miesi\u0105ca \u017cycia, rasy chihuahua.<\/p>\n<p>Kszta\u0142t i wielko\u015b\u0107 krokiet\u00f3w karmy ROYAL CANIN\u00ae Chihuahua Adult zosta\u0142y dostosowane do niewielkich szcz\u0119k ps\u00f3w rasy chihuahua. U\u0142atwia to psom uchwycenie i rozgryzanie karmy. Ponadto karma ROYAL CANIN\u00ae Chihuahua Adult wspiera prawid\u0142owy przebieg trawienia, co sprzyja zmniejszeniu obj\u0119to\u015bci i intensywno\u015bci odchod\u00f3w.<\/p>\n<p>Wzbogacenie receptury karmy ROYAL CANIN\u00ae Chihuahua Adult o zwi\u0105zki chelatuj\u0105ce wap\u0144 w \u015blinie sprzyja ograniczeniu powstawania kamienia naz\u0119bnego oraz wspomaga prawid\u0142ow\u0105 higien\u0119 jamy ustnej.<\/p>\n<p>Maj\u0105c na uwadze preferencje \u017cywieniowe ps\u00f3w rasy chihuahua, karma ROYAL CANIN\u00ae Chihuahua Adult jest dost\u0119pna tak\u017ce w formie smakowitego pasztetu.<\/p>\n<p>W przypadku \u017cywienia karm\u0105 mokr\u0105 i such\u0105 nale\u017cy zapozna\u0107 si\u0119 z tabel\u0105 dawkowania, aby dobra\u0107 odpowiedni\u0105 porcj\u0119 poszczeg\u00f3lnych karm.<\/p>\n<p>Misj\u0105 ROYAL CANIN\u00ae jest zapewnianie rozwi\u0105za\u0144 \u017cywieniowych dostosowanych do potrzeb zwierz\u0105t. Wszystkie nasze produkty przechodz\u0105 liczne kontrole jako\u015bci, aby sprosta\u0107 najwy\u017cszym standardom marki i dostarczy\u0107 psu pokarm dostosowany do jego potrzeb \u017cywieniowych i trybu \u017cycia. ROYAL CANIN\u00ae Chihuahua Adult jest karm\u0105 pe\u0142noporcjow\u0105.<\/p>\n<p><img fetchpriority=\"high\" decoding=\"async\" class=\"alignnone size-full wp-image-7247\" src=\"http:\/\/lanrel.eu\/wp-content\/uploads\/2025\/10\/Chihuahua_01.png\" alt=\"\" width=\"1920\" height=\"608\" srcset=\"https:\/\/www.lanrel.pl\/wp-content\/uploads\/2025\/10\/Chihuahua_01.png 1920w, https:\/\/www.lanrel.pl\/wp-content\/uploads\/2025\/10\/Chihuahua_01-300x95.png 300w, https:\/\/www.lanrel.pl\/wp-content\/uploads\/2025\/10\/Chihuahua_01-1024x324.png 1024w, https:\/\/www.lanrel.pl\/wp-content\/uploads\/2025\/10\/Chihuahua_01-768x243.png 768w, https:\/\/www.lanrel.pl\/wp-content\/uploads\/2025\/10\/Chihuahua_01-1536x486.png 1536w, https:\/\/www.lanrel.pl\/wp-content\/uploads\/2025\/10\/Chihuahua_01-18x6.png 18w, https:\/\/www.lanrel.pl\/wp-content\/uploads\/2025\/10\/Chihuahua_01-600x190.png 600w\" sizes=\"(max-width: 1920px) 100vw, 1920px\" \/> <img decoding=\"async\" class=\"alignnone size-full wp-image-7248\" src=\"http:\/\/lanrel.eu\/wp-content\/uploads\/2025\/10\/Chihuahua_02.png\" alt=\"\" width=\"1920\" height=\"540\" srcset=\"https:\/\/www.lanrel.pl\/wp-content\/uploads\/2025\/10\/Chihuahua_02.png 1920w, https:\/\/www.lanrel.pl\/wp-content\/uploads\/2025\/10\/Chihuahua_02-300x84.png 300w, https:\/\/www.lanrel.pl\/wp-content\/uploads\/2025\/10\/Chihuahua_02-1024x288.png 1024w, https:\/\/www.lanrel.pl\/wp-content\/uploads\/2025\/10\/Chihuahua_02-768x216.png 768w, https:\/\/www.lanrel.pl\/wp-content\/uploads\/2025\/10\/Chihuahua_02-1536x432.png 1536w, https:\/\/www.lanrel.pl\/wp-content\/uploads\/2025\/10\/Chihuahua_02-18x5.png 18w, https:\/\/www.lanrel.pl\/wp-content\/uploads\/2025\/10\/Chihuahua_02-600x169.png 600w\" sizes=\"(max-width: 1920px) 100vw, 1920px\" \/> <img decoding=\"async\" class=\"alignnone size-full wp-image-7250\" src=\"http:\/\/lanrel.eu\/wp-content\/uploads\/2025\/10\/Chihuahua_03-1.png\" alt=\"\" width=\"1920\" height=\"767\" srcset=\"https:\/\/www.lanrel.pl\/wp-content\/uploads\/2025\/10\/Chihuahua_03-1.png 1920w, https:\/\/www.lanrel.pl\/wp-content\/uploads\/2025\/10\/Chihuahua_03-1-300x120.png 300w, https:\/\/www.lanrel.pl\/wp-content\/uploads\/2025\/10\/Chihuahua_03-1-1024x409.png 1024w, https:\/\/www.lanrel.pl\/wp-content\/uploads\/2025\/10\/Chihuahua_03-1-768x307.png 768w, https:\/\/www.lanrel.pl\/wp-content\/uploads\/2025\/10\/Chihuahua_03-1-1536x614.png 1536w, https:\/\/www.lanrel.pl\/wp-content\/uploads\/2025\/10\/Chihuahua_03-1-18x7.png 18w, https:\/\/www.lanrel.pl\/wp-content\/uploads\/2025\/10\/Chihuahua_03-1-600x240.png 600w\" sizes=\"(max-width: 1920px) 100vw, 1920px\" \/> <img loading=\"lazy\" decoding=\"async\" class=\"alignnone size-full wp-image-7251\" src=\"http:\/\/lanrel.eu\/wp-content\/uploads\/2025\/10\/Chihuahua_04.png\" alt=\"\" width=\"1920\" height=\"522\" srcset=\"https:\/\/www.lanrel.pl\/wp-content\/uploads\/2025\/10\/Chihuahua_04.png 1920w, https:\/\/www.lanrel.pl\/wp-content\/uploads\/2025\/10\/Chihuahua_04-300x82.png 300w, https:\/\/www.lanrel.pl\/wp-content\/uploads\/2025\/10\/Chihuahua_04-1024x278.png 1024w, https:\/\/www.lanrel.pl\/wp-content\/uploads\/2025\/10\/Chihuahua_04-768x209.png 768w, https:\/\/www.lanrel.pl\/wp-content\/uploads\/2025\/10\/Chihuahua_04-1536x418.png 1536w, https:\/\/www.lanrel.pl\/wp-content\/uploads\/2025\/10\/Chihuahua_04-18x5.png 18w, https:\/\/www.lanrel.pl\/wp-content\/uploads\/2025\/10\/Chihuahua_04-600x163.png 600w\" sizes=\"(max-width: 1920px) 100vw, 1920px\" \/> <img loading=\"lazy\" decoding=\"async\" class=\"alignnone size-full wp-image-7252\" src=\"http:\/\/lanrel.eu\/wp-content\/uploads\/2025\/10\/Chihuahua_05.png\" alt=\"\" width=\"1920\" height=\"770\" srcset=\"https:\/\/www.lanrel.pl\/wp-content\/uploads\/2025\/10\/Chihuahua_05.png 1920w, https:\/\/www.lanrel.pl\/wp-content\/uploads\/2025\/10\/Chihuahua_05-300x120.png 300w, https:\/\/www.lanrel.pl\/wp-content\/uploads\/2025\/10\/Chihuahua_05-1024x411.png 1024w, https:\/\/www.lanrel.pl\/wp-content\/uploads\/2025\/10\/Chihuahua_05-768x308.png 768w, https:\/\/www.lanrel.pl\/wp-content\/uploads\/2025\/10\/Chihuahua_05-1536x616.png 1536w, https:\/\/www.lanrel.pl\/wp-content\/uploads\/2025\/10\/Chihuahua_05-18x7.png 18w, https:\/\/www.lanrel.pl\/wp-content\/uploads\/2025\/10\/Chihuahua_05-600x241.png 600w\" sizes=\"(max-width: 1920px) 100vw, 1920px\" \/> <img loading=\"lazy\" decoding=\"async\" class=\"alignnone size-full wp-image-7253\" src=\"http:\/\/lanrel.eu\/wp-content\/uploads\/2025\/10\/Chihuahua_06.png\" alt=\"\" width=\"1920\" height=\"658\" srcset=\"https:\/\/www.lanrel.pl\/wp-content\/uploads\/2025\/10\/Chihuahua_06.png 1920w, https:\/\/www.lanrel.pl\/wp-content\/uploads\/2025\/10\/Chihuahua_06-300x103.png 300w, https:\/\/www.lanrel.pl\/wp-content\/uploads\/2025\/10\/Chihuahua_06-1024x351.png 1024w, https:\/\/www.lanrel.pl\/wp-content\/uploads\/2025\/10\/Chihuahua_06-768x263.png 768w, https:\/\/www.lanrel.pl\/wp-content\/uploads\/2025\/10\/Chihuahua_06-1536x526.png 1536w, https:\/\/www.lanrel.pl\/wp-content\/uploads\/2025\/10\/Chihuahua_06-18x6.png 18w, https:\/\/www.lanrel.pl\/wp-content\/uploads\/2025\/10\/Chihuahua_06-600x206.png 600w\" sizes=\"(max-width: 1920px) 100vw, 1920px\" \/><\/p>\n<h4>SK\u0141AD:<\/h4>\n<p>ry\u017c,\u00a0kukurydza,\u00a0suszone bia\u0142ka drobiowe,\u00a0gluten pszenny*,\u00a0t\u0142uszcze zwierz\u0119ce,\u00a0hydrolizowane bia\u0142ka zwierz\u0119ce,\u00a0wys\u0142odki buraczane,\u00a0minera\u0142y (w tym trifosforan pentasodowy (0,35%)),\u00a0w\u0142\u00f3kno ro\u015blinne,\u00a0olej z ryb,\u00a0olej sojowy,\u00a0fruktooligosacharydy,\u00a0olej z og\u00f3recznika,\u00a0m\u0105czka z aksamitki,\u00a0glukozamina uzyskana z fermentacji,\u00a0hydrolizowana chrz\u0105stka (\u017ar\u00f3d\u0142o chondroityny).<\/p>\n<p>*L.I.P.: bia\u0142ko wyselekcjonowane ze wzgl\u0119du na bardzo wysok\u0105 strawno\u015b\u0107<strong>.<\/strong><\/p>\n<h4>DODATKI (na 1 kg karmy):<\/h4>\n<p>Witamina A: 30700 UI, Witamina D3: 820 UI, \u017belazo (3b103): 43 mg, Jod (3b201, 3b202): 4,3 mg, Mied\u017a (3b405, 3b406): 13 mg, Mangan (3b502, 3b504): 56 mg, Cynk (3b603, 3b605, 3b606): 141 mg, Selen (3b801, 3b811, 3b812): 0,09 mg &#8211; Dodatki technologiczne: Klinoptylolit pochodzenia osadowego: 5 g &#8211; Konserwanty &#8211; Przeciwutleniacze.<\/p>\n<h4>SK\u0141ADNIKI ANALITYCZNE:<\/h4>\n<p>Bia\u0142ko surowe: 28,0% &#8211; W\u0142\u00f3kno surowe: 2,0% &#8211; Oleje i t\u0142uszcze surowe: 16,0% &#8211; Popi\u00f3\u0142 surowy: 5,2%.<\/p>\n<h4>SPOS\u00d3B U\u017bYCIA:<\/h4>\n<p>patrz tabela. Najlepiej wykorzysta\u0107 przed: patrz data wa\u017cno\u015bci. Data wa\u017cno\u015bci, numer partii i numer rejestracyjny zak\u0142adu znajduj\u0105 si\u0119 na opakowaniu. Przechowywa\u0107 w suchym i ch\u0142odnym miejscu.<\/p>\n<table>\n<thead>\n<tr>\n<td><strong>Masa cia\u0142a psa (kg)<\/strong><\/td>\n<td><strong>Niska aktywno\u015b\u0107 (g)<\/strong><\/td>\n<td><strong>Umiarkowana aktywno\u015b\u0107 (g)<\/strong><\/td>\n<\/tr>\n<\/thead>\n<tbody>\n<tr>\n<td>1<\/td>\n<td>24<\/td>\n<td>28<\/td>\n<\/tr>\n<tr>\n<td>1,5<\/td>\n<td>33<\/td>\n<td>38<\/td>\n<\/tr>\n<tr>\n<td>2<\/td>\n<td>41<\/td>\n<td>47<\/td>\n<\/tr>\n<tr>\n<td>2,5<\/td>\n<td>48<\/td>\n<td>56<\/td>\n<\/tr>\n<tr>\n<td>3<\/td>\n<td>55<\/td>\n<td>64<\/td>\n<\/tr>\n<tr>\n<td>3,5<\/td>\n<td>62<\/td>\n<td>72<\/td>\n<\/tr>\n<\/tbody>\n<\/table>","protected":false},"excerpt":{"rendered":"<p>Karma sucha dla doros\u0142ych ps\u00f3w rasy chihuahua powy\u017cej 8-go miesi\u0105ca \u017cycia.<\/p>\n<p>Marka: Royal Canin<\/p>\n<p><span class=\"ty-product-feature__label\">Wielko\u015b\u0107 pupila:Rasy ma\u0142e<\/span><\/p>\n<p><span class=\"ty-product-feature__label\">Faza \u017cycia:<\/span> Doros\u0142y<\/p>","protected":false},"featured_media":7259,"comment_status":"open","ping_status":"closed","template":"","meta":{"om_disable_all_campaigns":false,"inline_featured_image":false},"product_brand":[],"product_cat":[27,97,95],"product_tag":[],"class_list":{"0":"post-7246","1":"product","2":"type-product","3":"status-publish","4":"has-post-thumbnail","6":"product_cat-dog-food","7":"product_cat-psy-rasowe","8":"product_cat-royal-canin-dog-food","10":"first","11":"outofstock","12":"taxable","13":"shipping-taxable","14":"purchasable","15":"product-type-simple"},"_links":{"self":[{"href":"https:\/\/www.lanrel.pl\/pl\/wp-json\/wp\/v2\/product\/7246","targetHints":{"allow":["GET"]}}],"collection":[{"href":"https:\/\/www.lanrel.pl\/pl\/wp-json\/wp\/v2\/product"}],"about":[{"href":"https:\/\/www.lanrel.pl\/pl\/wp-json\/wp\/v2\/types\/product"}],"replies":[{"embeddable":true,"href":"https:\/\/www.lanrel.pl\/pl\/wp-json\/wp\/v2\/comments?post=7246"}],"wp:featuredmedia":[{"embeddable":true,"href":"https:\/\/www.lanrel.pl\/pl\/wp-json\/wp\/v2\/media\/7259"}],"wp:attachment":[{"href":"https:\/\/www.lanrel.pl\/pl\/wp-json\/wp\/v2\/media?parent=7246"}],"wp:term":[{"taxonomy":"product_brand","embeddable":true,"href":"https:\/\/www.lanrel.pl\/pl\/wp-json\/wp\/v2\/product_brand?post=7246"},{"taxonomy":"product_cat","embeddable":true,"href":"https:\/\/www.lanrel.pl\/pl\/wp-json\/wp\/v2\/product_cat?post=7246"},{"taxonomy":"product_tag","embeddable":true,"href":"https:\/\/www.lanrel.pl\/pl\/wp-json\/wp\/v2\/product_tag?post=7246"}],"curies":[{"name":"wp","href":"https:\/\/api.w.org\/{rel}","templated":true}]}}