{"id":7236,"date":"2025-10-19T14:48:26","date_gmt":"2025-10-19T12:48:26","guid":{"rendered":"https:\/\/lanrel.eu\/?post_type=product&#038;p=7236"},"modified":"2025-10-21T21:04:40","modified_gmt":"2025-10-21T19:04:40","slug":"royal-canin-cavalier-king-charles-spaniel-puppy-karma-sucha-dla-szczeniat-1-5-kg","status":"publish","type":"product","link":"https:\/\/www.lanrel.pl\/pl\/produkt\/royal-canin-cavalier-king-charles-spaniel-puppy-karma-sucha-dla-szczeniat-1-5-kg\/","title":{"rendered":"ROYAL CANIN\u00ae Cavalier King Charles Spaniel Puppy karma sucha dla szczeni\u0105t  1.5 kg"},"content":{"rendered":"<h4>Zalety:<\/h4>\n<ul>\n<li>Wzmocnienie uk\u0142adu odporno\u015bciowego<\/li>\n<li>Praca serca<\/li>\n<li>Zdrowie trawienie<\/li>\n<li>Specjalnie opracowany krokiet: zdrowe z\u0119by<\/li>\n<\/ul>\n<p><strong>\u00a0<\/strong><\/p>\n<p>Okres wzrostu to kluczowy etap w \u017cyciu psa. To czas poznawanie nowego otoczenia, domownik\u00f3w czy zwierz\u0105t ju\u017c mieszkaj\u0105cych w domu. W tym okresie uk\u0142ad immunologiczny szczeni\u0119cia ca\u0142y czas si\u0119 rozwija. Dlatego niezwykle istotnym jest wyb\u00f3r karmy, kt\u00f3ra dostarcza szczeni\u0119ciu wszystkich niezb\u0119dnych sk\u0142adnik\u00f3w pokarmowych.<\/p>\n<p>Karma ROYAL CANIN\u00ae Cavalier King Charles Puppy zosta\u0142a opracowana specjalnie dla szczeni\u0105t rasy cavalier king charles, do 10 miesi\u0105ca \u017cycia.<\/p>\n<p>Karma ROYAL CANIN\u00ae Cavalier King Charles Puppy zawiera opatentowany kompleks przeciwutleniaczy, w tym witamin\u0119 E, sprzyjaj\u0105cy rozwojowi naturalnych mechanizm\u00f3w obronnych organizmu szczeni\u0119cia.<\/p>\n<p>Karma ROYAL CANIN\u00ae Cavalier King Charles Puppy sprzyja prawid\u0142owej pracy serca, dzi\u0119ki optymalnej zawarto\u015bci soli mineralnych oraz wzbogaceniu w kwasy t\u0142uszczowe omega 3 (EPA i DHA). Zawiera tak\u017ce tauryn\u0119 &#8211; aminokwas wspieraj\u0105cy prawid\u0142ow\u0105 prac\u0119 serca, oraz L-karnityn\u0119 sprzyjaj\u0105c\u0105 lepszemu wykorzystaniu rezerw t\u0142uszczowych.<\/p>\n<p>Receptura karmy zawiera unikaln\u0105 kombinacj\u0119 sk\u0142adnik\u00f3w oraz wysokiej jako\u015bci bia\u0142ko (L.I.P.) wyselekcjonowane ze wzgl\u0119du na wysok\u0105 strawno\u015b\u0107. Zawiera tak\u017ce prebiotyki pomagaj\u0105ce utrzyma\u0107 r\u00f3wnowag\u0119 flory bakteryjnej jelit, co ma wp\u0142yw na jako\u015b\u0107 odchod\u00f3w.<\/p>\n<p>Ponadto karma ROYAL CANIN\u00ae Cavalier King Charles Puppy charakteryzuje si\u0119 specjalnie opracowanymi krokietami. Unikalna receptura z dodatkiem zwi\u0105zk\u00f3w chelatuj\u0105cych wap\u0144 sprzyja ograniczeniu powstawania kamienia naz\u0119bnego.<\/p>\n<p>Misj\u0105 ROYAL CANIN\u00ae jest zapewnianie rozwi\u0105za\u0144 \u017cywieniowych dostosowanych do potrzeb zwierz\u0105t. Wszystkie nasze produkty przechodz\u0105 liczne kontrole jako\u015bci, aby sprosta\u0107 najwy\u017cszym standardom marki i dostarczy\u0107 psu pokarm dostosowany do jego potrzeb \u017cywieniowych i trybu \u017cycia. ROYAL CANIN\u00ae Cavalier King Charles Puppy jest karm\u0105 pe\u0142noporcjow\u0105.<\/p>\n<h4><strong>SK\u0141AD:<\/strong><\/h4>\n<p>suszone bia\u0142ka drobiowe,\u00a0ry\u017c,\u00a0kukurydza,\u00a0t\u0142uszcze zwierz\u0119ce,\u00a0gluten pszenny*,\u00a0wys\u0142odki buraczane,\u00a0m\u0105ka kukurydziana,\u00a0hydrolizowane bia\u0142ka zwierz\u0119ce,\u00a0gluten kukurydziany,\u00a0minera\u0142y (w tym trifosforan pentasodowy (0,35%)),\u00a0olej z ryb,\u00a0olej sojowy,\u00a0fruktooligosacharydy (0,5%),\u00a0dro\u017cd\u017ce (\u017ar\u00f3d\u0142o mannooligosacharyd\u00f3w i beta-glukan\u00f3w),\u00a0olej z og\u00f3recznika,\u00a0m\u0105czka z aksamitki,\u00a0sok z juki schidigera.<\/p>\n<p>*L.I.P.: bia\u0142ko wyselekcjonowane ze wzgl\u0119du na bardzo wysok\u0105 strawno\u015b\u0107.<\/p>\n<h4><strong>DODATKI\u00a0<\/strong>(na 1 kg karmy):<\/h4>\n<p>Witamina A: 30500 UI, Witamina D3: 800 UI, Witamina E: 630 mg, Tauryna: 2,2 g, L-karnityna: 400 mg, \u017belazo (3b103): 38 mg, Jod (3b201, 3b202): 3,8 mg, Mied\u017a (3b405, 3b406): 12 mg, Mangan (3b502, 3b504): 50 mg, Cynk (3b603, 3b605, 3b606): 104 mg, Selen (3b801, 3b811, 3b812): 0,07 mg &#8211; Dodatki technologiczne: Klinoptylolit pochodzenia osadowego: 10 g &#8211; Konserwanty &#8211; Przeciwutleniacze.<\/p>\n<h4><strong>SK\u0141ADNIKI ANALITYCZNE:<\/strong><\/h4>\n<p>Bia\u0142ko surowe:\u00a030,0%\u00a0&#8211;\u00a0W\u0142\u00f3kno surowe:\u00a01,5%\u00a0&#8211;\u00a0Oleje i t\u0142uszcze surowe:\u00a018,0%\u00a0&#8211;\u00a0Popi\u00f3\u0142 surowy:\u00a07,6%\u00a0&#8211;\u00a0EPA\/DHA:\u00a00,4%.<\/p>\n<h4><strong>SPOS\u00d3B U\u017bYCIA:<\/strong><\/h4>\n<p>patrz tabela. Najlepiej wykorzysta\u0107 przed: patrz data wa\u017cno\u015bci. Data wa\u017cno\u015bci, numer partii i numer rejestracyjny zak\u0142adu znajduj\u0105 si\u0119 na opakowaniu. Przechowywa\u0107 w suchym i ch\u0142odnym miejscu.<\/p>\n<table>\n<thead>\n<tr>\n<td><strong>Masa cia\u0142a psa doros\u0142ego<\/strong><\/td>\n<td><strong>2 Miesi\u0105ce<\/strong><\/td>\n<td><strong>3 Miesi\u0105ce<\/strong><\/td>\n<td><strong>4 Miesi\u0105ce<\/strong><\/td>\n<td><strong>5 Miesi\u0119cy<\/strong><\/td>\n<td><strong>6 Miesi\u0119cy<\/strong><\/td>\n<td><strong>7 Miesi\u0119cy<\/strong><\/td>\n<td><strong>8 Miesi\u0119cy<\/strong><\/td>\n<td><strong>9 Miesi\u0119cy<\/strong><\/td>\n<td><strong>10 Miesi\u0119cy<\/strong><\/td>\n<\/tr>\n<\/thead>\n<tbody>\n<tr>\n<td>5 kg<\/td>\n<td>96 g\/dzie\u0144<\/td>\n<td>108 g\/dzie\u0144<\/td>\n<td>113 g\/dzie\u0144<\/td>\n<td>113 g\/dzie\u0144<\/td>\n<td>103 g\/dzie\u0144<\/td>\n<td>92 g\/dzie\u0144<\/td>\n<td>81 g\/dzie\u0144<\/td>\n<td>81 g\/dzie\u0144<\/td>\n<td>80 g\/dzie\u0144<\/td>\n<\/tr>\n<tr>\n<td>7 kg<\/td>\n<td>116 g\/dzie\u0144<\/td>\n<td>136 g\/dzie\u0144<\/td>\n<td>144 g\/dzie\u0144<\/td>\n<td>146 g\/dzie\u0144<\/td>\n<td>144 g\/dzie\u0144<\/td>\n<td>130 g\/dzie\u0144<\/td>\n<td>117 g\/dzie\u0144<\/td>\n<td>104 g\/dzie\u0144<\/td>\n<td>103 g\/dzie\u0144<\/td>\n<\/tr>\n<tr>\n<td>8 kg<\/td>\n<td>127 g\/dzie\u0144<\/td>\n<td>149 g\/dzie\u0144<\/td>\n<td>158 g\/dzie\u0144<\/td>\n<td>161 g\/dzie\u0144<\/td>\n<td>159 g\/dzie\u0144<\/td>\n<td>144 g\/dzie\u0144<\/td>\n<td>129 g\/dzie\u0144<\/td>\n<td>115 g\/dzie\u0144<\/td>\n<td>114 g\/dzie\u0144<\/td>\n<\/tr>\n<\/tbody>\n<\/table>\n<p>&nbsp;<\/p>","protected":false},"excerpt":{"rendered":"<p>Karma dla doros\u0142ych do 10 miesi\u0105ca, rasy cavalier king charles spaniel<\/p>\n<p>Marka: Royal Canin<\/p>\n<p><span class=\"ty-product-feature__label\">Wielko\u015b\u0107 pupila:Rasy \u015brednie<\/span><\/p>\n<p><span class=\"ty-product-feature__label\">Faza \u017cycia:<\/span> Junior<\/p>","protected":false},"featured_media":7245,"comment_status":"open","ping_status":"closed","template":"","meta":{"om_disable_all_campaigns":false,"inline_featured_image":false},"product_brand":[],"product_cat":[27,95,96],"product_tag":[],"class_list":{"0":"post-7236","1":"product","2":"type-product","3":"status-publish","4":"has-post-thumbnail","6":"product_cat-dog-food","7":"product_cat-royal-canin-dog-food","8":"product_cat-szczenieta","10":"first","11":"outofstock","12":"taxable","13":"shipping-taxable","14":"purchasable","15":"product-type-simple"},"_links":{"self":[{"href":"https:\/\/www.lanrel.pl\/pl\/wp-json\/wp\/v2\/product\/7236","targetHints":{"allow":["GET"]}}],"collection":[{"href":"https:\/\/www.lanrel.pl\/pl\/wp-json\/wp\/v2\/product"}],"about":[{"href":"https:\/\/www.lanrel.pl\/pl\/wp-json\/wp\/v2\/types\/product"}],"replies":[{"embeddable":true,"href":"https:\/\/www.lanrel.pl\/pl\/wp-json\/wp\/v2\/comments?post=7236"}],"wp:featuredmedia":[{"embeddable":true,"href":"https:\/\/www.lanrel.pl\/pl\/wp-json\/wp\/v2\/media\/7245"}],"wp:attachment":[{"href":"https:\/\/www.lanrel.pl\/pl\/wp-json\/wp\/v2\/media?parent=7236"}],"wp:term":[{"taxonomy":"product_brand","embeddable":true,"href":"https:\/\/www.lanrel.pl\/pl\/wp-json\/wp\/v2\/product_brand?post=7236"},{"taxonomy":"product_cat","embeddable":true,"href":"https:\/\/www.lanrel.pl\/pl\/wp-json\/wp\/v2\/product_cat?post=7236"},{"taxonomy":"product_tag","embeddable":true,"href":"https:\/\/www.lanrel.pl\/pl\/wp-json\/wp\/v2\/product_tag?post=7236"}],"curies":[{"name":"wp","href":"https:\/\/api.w.org\/{rel}","templated":true}]}}