{"id":7222,"date":"2025-10-19T14:29:17","date_gmt":"2025-10-19T12:29:17","guid":{"rendered":"https:\/\/lanrel.eu\/?post_type=product&#038;p=7222"},"modified":"2025-10-21T21:05:11","modified_gmt":"2025-10-21T19:05:11","slug":"royal-canin-cavalier-king-charles-spaniel-adult-karma-sucha-dla-psow","status":"publish","type":"product","link":"https:\/\/www.lanrel.pl\/pl\/produkt\/royal-canin-cavalier-king-charles-spaniel-adult-karma-sucha-dla-psow\/","title":{"rendered":"ROYAL CANIN\u00ae Cavalier King Charles Spaniel Adult karma sucha dla ps\u00f3w 1.5kg"},"content":{"rendered":"<h4>Zalety:<\/h4>\n<ul>\n<li>Zdrowie serca<\/li>\n<li>Prawid\u0142owa masa cia\u0142a<\/li>\n<li>Zdrowie sier\u015bci<\/li>\n<li>Specjalnie opracowany krokiet<\/li>\n<\/ul>\n<p>Poniewa\u017c ka\u017cda rasa ps\u00f3w ma swoje wyj\u0105tkowe potrzeby \u017cywieniowe, nale\u017cy wybra\u0107 karm\u0119, kt\u00f3ra pomo\u017ce im utrzyma\u0107 zdrowie oraz idealn\u0105 kondycj\u0119.<\/p>\n<p>Karma ROYAL CANIN\u00ae Cavalier King Charles Adult zosta\u0142a opracowana specjalnie dla doros\u0142ych ps\u00f3w, powy\u017cej 10 miesi\u0105ca \u017cycia, rasy cavalier king charles spaniel.<\/p>\n<p>Karma ROYAL CANIN\u00ae Cavalier King Charles Adult zawiera sk\u0142adniki wspieraj\u0105ce prac\u0119 serca, takie jak kwasy t\u0142uszczowe EPA i DHA, tauryn\u0119, L-karnityn\u0119, przeciwutleniacze czy odpowiedni poziom soli mineralnych.<\/p>\n<p>Karma ROYAL CANIN\u00ae Cavalier King Charles Adult, dzi\u0119ki specjalnie dobranym poziomom sk\u0142adnik\u00f3w pokarmowych, pomaga utrzyma\u0107 idealn\u0105 mas\u0119 cia\u0142a.<\/p>\n<p>Pod d\u0142ug\u0105, delikatn\u0105 i jedwabist\u0105 okryw\u0105 w\u0142osow\u0105 znajduje si\u0119 wra\u017cliwa sk\u00f3ra, o kt\u00f3r\u0105 nale\u017cy zadba\u0107. Dlatego karma ROYAL CANIN\u00ae Cavalier King Charles Adult dostarcza sk\u0142adniki pokarmowe sprzyjaj\u0105ce zdrowej sk\u00f3rze i pi\u0119knej sier\u015bci.<\/p>\n<p>Specjalnie opracowany krokiet karmy ROYAL CANIN\u00ae Cavalier King Charles Spaniel Adult dostosowany jest do budowy szcz\u0119k ps\u00f3w rasy cavalier king charles spaniel, u\u0142atwiaj\u0105c psom chwytanie pokarmu.<\/p>\n<p><img fetchpriority=\"high\" decoding=\"async\" class=\"alignnone size-full wp-image-7223\" src=\"http:\/\/lanrel.eu\/wp-content\/uploads\/2025\/10\/Cavalier-King_Charles_01.png\" alt=\"\" width=\"1920\" height=\"575\" srcset=\"https:\/\/www.lanrel.pl\/wp-content\/uploads\/2025\/10\/Cavalier-King_Charles_01.png 1920w, https:\/\/www.lanrel.pl\/wp-content\/uploads\/2025\/10\/Cavalier-King_Charles_01-300x90.png 300w, https:\/\/www.lanrel.pl\/wp-content\/uploads\/2025\/10\/Cavalier-King_Charles_01-1024x307.png 1024w, https:\/\/www.lanrel.pl\/wp-content\/uploads\/2025\/10\/Cavalier-King_Charles_01-768x230.png 768w, https:\/\/www.lanrel.pl\/wp-content\/uploads\/2025\/10\/Cavalier-King_Charles_01-1536x460.png 1536w, https:\/\/www.lanrel.pl\/wp-content\/uploads\/2025\/10\/Cavalier-King_Charles_01-18x5.png 18w, https:\/\/www.lanrel.pl\/wp-content\/uploads\/2025\/10\/Cavalier-King_Charles_01-600x180.png 600w\" sizes=\"(max-width: 1920px) 100vw, 1920px\" \/> <img decoding=\"async\" class=\"alignnone size-full wp-image-7224\" src=\"http:\/\/lanrel.eu\/wp-content\/uploads\/2025\/10\/Cavalier-King_Charles_02.png\" alt=\"\" width=\"1920\" height=\"590\" srcset=\"https:\/\/www.lanrel.pl\/wp-content\/uploads\/2025\/10\/Cavalier-King_Charles_02.png 1920w, https:\/\/www.lanrel.pl\/wp-content\/uploads\/2025\/10\/Cavalier-King_Charles_02-300x92.png 300w, https:\/\/www.lanrel.pl\/wp-content\/uploads\/2025\/10\/Cavalier-King_Charles_02-1024x315.png 1024w, https:\/\/www.lanrel.pl\/wp-content\/uploads\/2025\/10\/Cavalier-King_Charles_02-768x236.png 768w, https:\/\/www.lanrel.pl\/wp-content\/uploads\/2025\/10\/Cavalier-King_Charles_02-1536x472.png 1536w, https:\/\/www.lanrel.pl\/wp-content\/uploads\/2025\/10\/Cavalier-King_Charles_02-18x6.png 18w, https:\/\/www.lanrel.pl\/wp-content\/uploads\/2025\/10\/Cavalier-King_Charles_02-600x184.png 600w\" sizes=\"(max-width: 1920px) 100vw, 1920px\" \/> <img decoding=\"async\" class=\"alignnone size-full wp-image-7225\" src=\"http:\/\/lanrel.eu\/wp-content\/uploads\/2025\/10\/Cavalier-King_Charles_03.png\" alt=\"\" width=\"1920\" height=\"841\" srcset=\"https:\/\/www.lanrel.pl\/wp-content\/uploads\/2025\/10\/Cavalier-King_Charles_03.png 1920w, https:\/\/www.lanrel.pl\/wp-content\/uploads\/2025\/10\/Cavalier-King_Charles_03-300x131.png 300w, https:\/\/www.lanrel.pl\/wp-content\/uploads\/2025\/10\/Cavalier-King_Charles_03-1024x449.png 1024w, https:\/\/www.lanrel.pl\/wp-content\/uploads\/2025\/10\/Cavalier-King_Charles_03-768x336.png 768w, https:\/\/www.lanrel.pl\/wp-content\/uploads\/2025\/10\/Cavalier-King_Charles_03-1536x673.png 1536w, https:\/\/www.lanrel.pl\/wp-content\/uploads\/2025\/10\/Cavalier-King_Charles_03-18x8.png 18w, https:\/\/www.lanrel.pl\/wp-content\/uploads\/2025\/10\/Cavalier-King_Charles_03-600x263.png 600w\" sizes=\"(max-width: 1920px) 100vw, 1920px\" \/> <img loading=\"lazy\" decoding=\"async\" class=\"alignnone size-full wp-image-7226\" src=\"http:\/\/lanrel.eu\/wp-content\/uploads\/2025\/10\/Cavalier-King_Charles_04.png\" alt=\"\" width=\"1920\" height=\"442\" srcset=\"https:\/\/www.lanrel.pl\/wp-content\/uploads\/2025\/10\/Cavalier-King_Charles_04.png 1920w, https:\/\/www.lanrel.pl\/wp-content\/uploads\/2025\/10\/Cavalier-King_Charles_04-300x69.png 300w, https:\/\/www.lanrel.pl\/wp-content\/uploads\/2025\/10\/Cavalier-King_Charles_04-1024x236.png 1024w, https:\/\/www.lanrel.pl\/wp-content\/uploads\/2025\/10\/Cavalier-King_Charles_04-768x177.png 768w, https:\/\/www.lanrel.pl\/wp-content\/uploads\/2025\/10\/Cavalier-King_Charles_04-1536x354.png 1536w, https:\/\/www.lanrel.pl\/wp-content\/uploads\/2025\/10\/Cavalier-King_Charles_04-18x4.png 18w, https:\/\/www.lanrel.pl\/wp-content\/uploads\/2025\/10\/Cavalier-King_Charles_04-600x138.png 600w\" sizes=\"(max-width: 1920px) 100vw, 1920px\" \/> <img loading=\"lazy\" decoding=\"async\" class=\"alignnone size-full wp-image-7227\" src=\"http:\/\/lanrel.eu\/wp-content\/uploads\/2025\/10\/Cavalier-King_Charles_05.png\" alt=\"\" width=\"1920\" height=\"767\" srcset=\"https:\/\/www.lanrel.pl\/wp-content\/uploads\/2025\/10\/Cavalier-King_Charles_05.png 1920w, https:\/\/www.lanrel.pl\/wp-content\/uploads\/2025\/10\/Cavalier-King_Charles_05-300x120.png 300w, https:\/\/www.lanrel.pl\/wp-content\/uploads\/2025\/10\/Cavalier-King_Charles_05-1024x409.png 1024w, https:\/\/www.lanrel.pl\/wp-content\/uploads\/2025\/10\/Cavalier-King_Charles_05-768x307.png 768w, https:\/\/www.lanrel.pl\/wp-content\/uploads\/2025\/10\/Cavalier-King_Charles_05-1536x614.png 1536w, https:\/\/www.lanrel.pl\/wp-content\/uploads\/2025\/10\/Cavalier-King_Charles_05-18x7.png 18w, https:\/\/www.lanrel.pl\/wp-content\/uploads\/2025\/10\/Cavalier-King_Charles_05-600x240.png 600w\" sizes=\"(max-width: 1920px) 100vw, 1920px\" \/> <img loading=\"lazy\" decoding=\"async\" class=\"alignnone size-full wp-image-7228\" src=\"http:\/\/lanrel.eu\/wp-content\/uploads\/2025\/10\/Cavalier-King_Charles_06.png\" alt=\"\" width=\"1920\" height=\"689\" srcset=\"https:\/\/www.lanrel.pl\/wp-content\/uploads\/2025\/10\/Cavalier-King_Charles_06.png 1920w, https:\/\/www.lanrel.pl\/wp-content\/uploads\/2025\/10\/Cavalier-King_Charles_06-300x108.png 300w, https:\/\/www.lanrel.pl\/wp-content\/uploads\/2025\/10\/Cavalier-King_Charles_06-1024x367.png 1024w, https:\/\/www.lanrel.pl\/wp-content\/uploads\/2025\/10\/Cavalier-King_Charles_06-768x276.png 768w, https:\/\/www.lanrel.pl\/wp-content\/uploads\/2025\/10\/Cavalier-King_Charles_06-1536x551.png 1536w, https:\/\/www.lanrel.pl\/wp-content\/uploads\/2025\/10\/Cavalier-King_Charles_06-18x6.png 18w, https:\/\/www.lanrel.pl\/wp-content\/uploads\/2025\/10\/Cavalier-King_Charles_06-600x215.png 600w\" sizes=\"(max-width: 1920px) 100vw, 1920px\" \/><\/p>\n<h4>Sk\u0142ad:<\/h4>\n<p>ry\u017c, izolat bia\u0142ka ro\u015blinnego*, suszone bia\u0142ko drobiowe, kukurydza, t\u0142uszcze zwierz\u0119ce, hydrolizat bia\u0142ka zwierz\u0119cego, pulpa buraczana, w\u0142\u00f3kno ro\u015blinne, sole mineralne, olej rybny, olej sojowy, suszone pomidory, fruktooligosacharydy, wyci\u0105g z dro\u017cd\u017cy (\u017ar\u00f3d\u0142o mannooligosacharyd\u00f3w), olej z og\u00f3recznika (0,1%), wyci\u0105g z aksamitki wzniesionej (\u017ar\u00f3-d\u0142o luteiny), hydrolizat skorupiak\u00f3w (\u017ar\u00f3d\u0142o glukozaminy), hydrolizat chrz\u0105stki (\u017ar\u00f3d\u0142o chondroityny).<\/p>\n<p>*L.I.P.: bia\u0142ko wyselekcjonowane ze wzgl\u0119du na bardzo wysok\u0105 strawno\u015b\u0107.<\/p>\n<h4>Dodatki (na 1 kg karmy):<\/h4>\n<p>Witamina A: 30000 UI, Witamina D3: 800 UI, E1 (\u017belazo): 48 mg, E2 (Jod): 4,8 mg, E4 (Mied\u017a): 15 mg, E5 (Mangan): 62 mg, E6 (Cynk): 145 mg, E8 (Selen): 0,1 mg, L-karnityna: 400 mg &#8211; Dodatki technologiczne: Klinoptylolit pochodzenia osadowego: 10 g &#8211; Dodatki sensoryczne: Wyci\u0105g z herbaty (\u017ar\u00f3d\u0142o polifenoli): 150 mg &#8211; Konserwanty &#8211; Przeciwutleniacze.<\/p>\n<h4>Sk\u0142adniki analityczne:<\/h4>\n<p>Bia\u0142ko surowe: 27,0% &#8211; Oleje i t\u0142uszcze surowe: 14,0% &#8211; Popi\u00f3\u0142 surowy: 5,8% &#8211; W\u0142\u00f3kno surowe: 2,8% &#8211; Na 1 kg karmy: EPA\/DHA: 4 g &#8211; Tauryna (\u0142\u0105cznie): 1,8 g.<\/p>\n<h4>Spos\u00f3b u\u017cycia:<\/h4>\n<p>patrz tabela. Najlepiej wykorzysta\u0107 przed: patrz data wa\u017cno\u015bci. Data wa\u017cno\u015bci, numer partii i numer rejestracyjny zak\u0142adu znajduj\u0105 si\u0119 z ty\u0142u opakowania. Przechowywa\u0107 w suchym i ch\u0142odnym miejscu.<\/p>\n<table style=\"height: 370px;\" width=\"935\">\n<thead>\n<tr>\n<td><strong>Masa cia\u0142a psa (kg)<\/strong><\/td>\n<td><strong>Niska aktywno\u015b\u0107 (g)<\/strong><\/td>\n<td><strong>Umiarkowana aktywno\u015b\u0107 (g)<\/strong><\/td>\n<\/tr>\n<\/thead>\n<tbody>\n<tr>\n<td>5<\/td>\n<td>84<\/td>\n<td>98<\/td>\n<\/tr>\n<tr>\n<td>6<\/td>\n<td>97<\/td>\n<td>112<\/td>\n<\/tr>\n<tr>\n<td>7<\/td>\n<td>109<\/td>\n<td>126<\/td>\n<\/tr>\n<tr>\n<td>8<\/td>\n<td>120<\/td>\n<td>139<\/td>\n<\/tr>\n<tr>\n<td>9<\/td>\n<td>131<\/td>\n<td>152<\/td>\n<\/tr>\n<\/tbody>\n<\/table>\n<p>&nbsp;<\/p>","protected":false},"excerpt":{"rendered":"<p>Karma dla doros\u0142ych (powy\u017cej 10 miesi\u0105ca \u017cycia) ps\u00f3w rasy Cavalier King Charles.<\/p>\n<p>Marka: Royal Canin<\/p>\n<p><span class=\"ty-product-feature__label\">Wielko\u015b\u0107 pupila:Rasy \u015brednie<\/span><\/p>\n<p><span class=\"ty-product-feature__label\">Faza \u017cycia:<\/span> Doros\u0142y<\/p>","protected":false},"featured_media":7235,"comment_status":"open","ping_status":"closed","template":"","meta":{"om_disable_all_campaigns":false,"inline_featured_image":false},"product_brand":[],"product_cat":[27,97,95],"product_tag":[],"class_list":{"0":"post-7222","1":"product","2":"type-product","3":"status-publish","4":"has-post-thumbnail","6":"product_cat-dog-food","7":"product_cat-psy-rasowe","8":"product_cat-royal-canin-dog-food","10":"first","11":"outofstock","12":"taxable","13":"shipping-taxable","14":"purchasable","15":"product-type-simple"},"_links":{"self":[{"href":"https:\/\/www.lanrel.pl\/pl\/wp-json\/wp\/v2\/product\/7222","targetHints":{"allow":["GET"]}}],"collection":[{"href":"https:\/\/www.lanrel.pl\/pl\/wp-json\/wp\/v2\/product"}],"about":[{"href":"https:\/\/www.lanrel.pl\/pl\/wp-json\/wp\/v2\/types\/product"}],"replies":[{"embeddable":true,"href":"https:\/\/www.lanrel.pl\/pl\/wp-json\/wp\/v2\/comments?post=7222"}],"wp:featuredmedia":[{"embeddable":true,"href":"https:\/\/www.lanrel.pl\/pl\/wp-json\/wp\/v2\/media\/7235"}],"wp:attachment":[{"href":"https:\/\/www.lanrel.pl\/pl\/wp-json\/wp\/v2\/media?parent=7222"}],"wp:term":[{"taxonomy":"product_brand","embeddable":true,"href":"https:\/\/www.lanrel.pl\/pl\/wp-json\/wp\/v2\/product_brand?post=7222"},{"taxonomy":"product_cat","embeddable":true,"href":"https:\/\/www.lanrel.pl\/pl\/wp-json\/wp\/v2\/product_cat?post=7222"},{"taxonomy":"product_tag","embeddable":true,"href":"https:\/\/www.lanrel.pl\/pl\/wp-json\/wp\/v2\/product_tag?post=7222"}],"curies":[{"name":"wp","href":"https:\/\/api.w.org\/{rel}","templated":true}]}}