{"id":7202,"date":"2025-10-19T13:27:29","date_gmt":"2025-10-19T11:27:29","guid":{"rendered":"https:\/\/lanrel.eu\/?post_type=product&#038;p=7202"},"modified":"2025-10-21T20:52:01","modified_gmt":"2025-10-21T18:52:01","slug":"royal-canin-bulldog-adult-karma-sucha-dla-psow","status":"publish","type":"product","link":"https:\/\/www.lanrel.pl\/pl\/produkt\/royal-canin-bulldog-adult-karma-sucha-dla-psow\/","title":{"rendered":"ROYAL CANIN\u00aeBulldog Adult karma sucha"},"content":{"rendered":"<p>Zalety:<\/p>\n<ul>\n<li>Redukcja zapachu odchod\u00f3w<\/li>\n<li>Zdrowa sk\u00f3ra<\/li>\n<li>Zdrowie ko\u015bci i stawy<\/li>\n<li>Specjalnie opracowany krokiet: brachycefaliczna budowa<\/li>\n<\/ul>\n<p>Karma ROYAL CANIN\u00ae Bulldog Adult zosta\u0142a opracowana specjalnie dla doros\u0142ych ps\u00f3w, powy\u017cej 12 miesi\u0105ca \u017cycia, rasy buldog angielski.<\/p>\n<p>Receptura karmy ROYAL CANIN\u00ae Bulldog Adult sprzyja utrzymaniu r\u00f3wnowagi flory bakteryjnej jelit. Nie tylko wspomaga prawid\u0142owe funkcjonowanie przewodu pokarmowego, ale tak\u017ce wp\u0142ywa na ograniczenie intensywno\u015bci zapachu odchod\u00f3w. Unikalna kombinacja sk\u0142adnik\u00f3w pokarmowych w karmie ROYAL CANIN\u00ae Bulldog Adult sprzyja zdrowiu sk\u00f3ry oraz l\u015bni\u0105cej sier\u015bci.<\/p>\n<p>Poniewa\u017c psy rasy buldog nale\u017c\u0105 do grupy ps\u00f3w ma\u0142o aktywnych, ich potrzeby energetyczne nie s\u0105 wysokie. Karma ROYAL CANIN\u00ae Bulldog Adult charakteryzuje si\u0119 umiarkowanym poziomem energii, co pomaga utrzyma\u0107 optymaln\u0105 mas\u0119 cia\u0142a. Dodatkowo zosta\u0142a wzbogacona o kwasy t\u0142uszczowe omega 3, takie jak EPA i DHA. Sk\u0142adniki te\u00a0 sprzyjaj\u0105 zachowaniu zdrowych ko\u015bci i staw\u00f3w.<\/p>\n<p>Wielko\u015b\u0107 i kszta\u0142t krokiet\u00f3w karmy ROYAL CANIN\u00ae Bulldog Adult\u00a0 zosta\u0142y dostosowane do brachycefalicznej budowy ps\u00f3w rasy buldog, u\u0142atwiaj\u0105c psom uchwycenie karmy. Ponadto tekstura krokiet\u00f3w zach\u0119ca psy do d\u0142u\u017cszego rozgryzania karmy, spowalniaj\u0105c tempo jedzenia.<\/p>\n<p>Misj\u0105 ROYAL CANIN\u00ae jest zapewnianie rozwi\u0105za\u0144 \u017cywieniowych dostosowanych do potrzeb zwierz\u0105t. Wszystkie nasze produkty przechodz\u0105 liczne kontrole jako\u015bci, aby sprosta\u0107 najwy\u017cszym standardom marki i dostarczy\u0107 psu pokarm dostosowany do jego potrzeb \u017cywieniowych i trybu \u017cycia. ROYAL CANIN\u00ae Bulldog Adult jest karm\u0105 pe\u0142noporcjow\u0105.<\/p>\n<p><img fetchpriority=\"high\" decoding=\"async\" class=\"alignnone size-full wp-image-7211\" src=\"http:\/\/lanrel.eu\/wp-content\/uploads\/2025\/10\/bulldog_01.png\" alt=\"\" width=\"1920\" height=\"612\" srcset=\"https:\/\/www.lanrel.pl\/wp-content\/uploads\/2025\/10\/bulldog_01.png 1920w, https:\/\/www.lanrel.pl\/wp-content\/uploads\/2025\/10\/bulldog_01-300x96.png 300w, https:\/\/www.lanrel.pl\/wp-content\/uploads\/2025\/10\/bulldog_01-1024x326.png 1024w, https:\/\/www.lanrel.pl\/wp-content\/uploads\/2025\/10\/bulldog_01-768x245.png 768w, https:\/\/www.lanrel.pl\/wp-content\/uploads\/2025\/10\/bulldog_01-1536x490.png 1536w, https:\/\/www.lanrel.pl\/wp-content\/uploads\/2025\/10\/bulldog_01-18x6.png 18w, https:\/\/www.lanrel.pl\/wp-content\/uploads\/2025\/10\/bulldog_01-600x191.png 600w\" sizes=\"(max-width: 1920px) 100vw, 1920px\" \/> <img decoding=\"async\" class=\"alignnone size-full wp-image-7212\" src=\"http:\/\/lanrel.eu\/wp-content\/uploads\/2025\/10\/bulldog_02.png\" alt=\"\" width=\"1920\" height=\"578\" srcset=\"https:\/\/www.lanrel.pl\/wp-content\/uploads\/2025\/10\/bulldog_02.png 1920w, https:\/\/www.lanrel.pl\/wp-content\/uploads\/2025\/10\/bulldog_02-300x90.png 300w, https:\/\/www.lanrel.pl\/wp-content\/uploads\/2025\/10\/bulldog_02-1024x308.png 1024w, https:\/\/www.lanrel.pl\/wp-content\/uploads\/2025\/10\/bulldog_02-768x231.png 768w, https:\/\/www.lanrel.pl\/wp-content\/uploads\/2025\/10\/bulldog_02-1536x462.png 1536w, https:\/\/www.lanrel.pl\/wp-content\/uploads\/2025\/10\/bulldog_02-18x5.png 18w, https:\/\/www.lanrel.pl\/wp-content\/uploads\/2025\/10\/bulldog_02-600x181.png 600w\" sizes=\"(max-width: 1920px) 100vw, 1920px\" \/> <img decoding=\"async\" class=\"alignnone size-full wp-image-7213\" src=\"http:\/\/lanrel.eu\/wp-content\/uploads\/2025\/10\/bulldog_03.png\" alt=\"\" width=\"1920\" height=\"754\" srcset=\"https:\/\/www.lanrel.pl\/wp-content\/uploads\/2025\/10\/bulldog_03.png 1920w, https:\/\/www.lanrel.pl\/wp-content\/uploads\/2025\/10\/bulldog_03-300x118.png 300w, https:\/\/www.lanrel.pl\/wp-content\/uploads\/2025\/10\/bulldog_03-1024x402.png 1024w, https:\/\/www.lanrel.pl\/wp-content\/uploads\/2025\/10\/bulldog_03-768x302.png 768w, https:\/\/www.lanrel.pl\/wp-content\/uploads\/2025\/10\/bulldog_03-1536x603.png 1536w, https:\/\/www.lanrel.pl\/wp-content\/uploads\/2025\/10\/bulldog_03-18x7.png 18w, https:\/\/www.lanrel.pl\/wp-content\/uploads\/2025\/10\/bulldog_03-600x236.png 600w\" sizes=\"(max-width: 1920px) 100vw, 1920px\" \/> <img loading=\"lazy\" decoding=\"async\" class=\"alignnone size-full wp-image-7214\" src=\"http:\/\/lanrel.eu\/wp-content\/uploads\/2025\/10\/bulldog_04.png\" alt=\"\" width=\"1920\" height=\"563\" srcset=\"https:\/\/www.lanrel.pl\/wp-content\/uploads\/2025\/10\/bulldog_04.png 1920w, https:\/\/www.lanrel.pl\/wp-content\/uploads\/2025\/10\/bulldog_04-300x88.png 300w, https:\/\/www.lanrel.pl\/wp-content\/uploads\/2025\/10\/bulldog_04-1024x300.png 1024w, https:\/\/www.lanrel.pl\/wp-content\/uploads\/2025\/10\/bulldog_04-768x225.png 768w, https:\/\/www.lanrel.pl\/wp-content\/uploads\/2025\/10\/bulldog_04-1536x450.png 1536w, https:\/\/www.lanrel.pl\/wp-content\/uploads\/2025\/10\/bulldog_04-18x5.png 18w, https:\/\/www.lanrel.pl\/wp-content\/uploads\/2025\/10\/bulldog_04-600x176.png 600w\" sizes=\"(max-width: 1920px) 100vw, 1920px\" \/> <img loading=\"lazy\" decoding=\"async\" class=\"alignnone size-full wp-image-7215\" src=\"http:\/\/lanrel.eu\/wp-content\/uploads\/2025\/10\/bulldog_05.png\" alt=\"\" width=\"1920\" height=\"776\" srcset=\"https:\/\/www.lanrel.pl\/wp-content\/uploads\/2025\/10\/bulldog_05.png 1920w, https:\/\/www.lanrel.pl\/wp-content\/uploads\/2025\/10\/bulldog_05-300x121.png 300w, https:\/\/www.lanrel.pl\/wp-content\/uploads\/2025\/10\/bulldog_05-1024x414.png 1024w, https:\/\/www.lanrel.pl\/wp-content\/uploads\/2025\/10\/bulldog_05-768x310.png 768w, https:\/\/www.lanrel.pl\/wp-content\/uploads\/2025\/10\/bulldog_05-1536x621.png 1536w, https:\/\/www.lanrel.pl\/wp-content\/uploads\/2025\/10\/bulldog_05-18x7.png 18w, https:\/\/www.lanrel.pl\/wp-content\/uploads\/2025\/10\/bulldog_05-600x243.png 600w\" sizes=\"(max-width: 1920px) 100vw, 1920px\" \/> <img loading=\"lazy\" decoding=\"async\" class=\"alignnone size-full wp-image-7216\" src=\"http:\/\/lanrel.eu\/wp-content\/uploads\/2025\/10\/bulldog_06.png\" alt=\"\" width=\"1920\" height=\"676\" srcset=\"https:\/\/www.lanrel.pl\/wp-content\/uploads\/2025\/10\/bulldog_06.png 1920w, https:\/\/www.lanrel.pl\/wp-content\/uploads\/2025\/10\/bulldog_06-300x106.png 300w, https:\/\/www.lanrel.pl\/wp-content\/uploads\/2025\/10\/bulldog_06-1024x361.png 1024w, https:\/\/www.lanrel.pl\/wp-content\/uploads\/2025\/10\/bulldog_06-768x270.png 768w, https:\/\/www.lanrel.pl\/wp-content\/uploads\/2025\/10\/bulldog_06-1536x541.png 1536w, https:\/\/www.lanrel.pl\/wp-content\/uploads\/2025\/10\/bulldog_06-18x6.png 18w, https:\/\/www.lanrel.pl\/wp-content\/uploads\/2025\/10\/bulldog_06-600x211.png 600w\" sizes=\"(max-width: 1920px) 100vw, 1920px\" \/><\/p>\n<h4><strong>SK\u0141AD:<\/strong><\/h4>\n<p>ry\u017c, suszone bia\u0142ka drobiowe, t\u0142uszcze zwierz\u0119ce, gluten pszenny*, hydrolizowane bia\u0142ka zwierz\u0119ce, suszone bia\u0142ka wieprzowe, wys\u0142odki buraczane, w\u0142\u00f3kno ro\u015blinne, minera\u0142y, olej sojowy, olej z ryb, dro\u017cd\u017ce (\u017ar\u00f3d\u0142o mannooligosacharyd\u00f3w), glukozamina uzyskana z fermentacji, m\u0105czka z aksamitki, hydrolizowana chrz\u0105stka (\u017ar\u00f3d\u0142o chondroityny).<\/p>\n<p>*L.I.P.: bia\u0142ko wyselekcjonowane ze wzgl\u0119du na bardzo wysok\u0105 strawno\u015b\u0107.<\/p>\n<h4><strong>DODATKI\u00a0<\/strong>(na 1 kg karmy):<\/h4>\n<p>Witamina A: 30000 UI, Witamina D3: 812 UI, \u017belazo (3b103): 48 mg, Jod (3b201, 3b202): 4,8 mg, Mied\u017a (3b405, 3b406): 15 mg, Mangan (3b502, 3b504): 62 mg, Cynk (3b603, 3b605, 3b606): 142 mg, Selen (3b801, 3b811, 3b812): 0,1 mg &#8211; Dodatki technologiczne: Klinoptylolit pochodzenia osadowego: 10 g &#8211; Konserwanty &#8211; Przeciwutleniacze.<\/p>\n<h4><strong>SK\u0141ADNIKI ANALITYCZNE:<\/strong><\/h4>\n<p>Bia\u0142ko surowe:\u00a024,0%\u00a0&#8211;\u00a0W\u0142\u00f3kno surowe:\u00a02,8%\u00a0&#8211;\u00a0Oleje i t\u0142uszcze surowe:\u00a014,0%\u00a0&#8211;\u00a0Popi\u00f3\u0142 surowy:\u00a06,5%\u00a0&#8211;\u00a0EPA\/DHA:\u00a00,4%.<\/p>\n<p><strong>SPOS\u00d3B U\u017bYCIA:<\/strong>\u00a0patrz tabela.\u00a0Najlepiej wykorzysta\u0107 przed: patrz data wa\u017cno\u015bci. Data wa\u017cno\u015bci, numer partii i numer rejestracyjny zak\u0142adu znajduj\u0105 si\u0119 na opakowaniu.\u00a0Przechowywa\u0107 w suchym i ch\u0142odnym miejscu.<\/p>\n<table>\n<thead>\n<tr>\n<td style=\"text-align: center;\"><strong>Masa cia\u0142a psa<\/strong><\/td>\n<td style=\"text-align: center;\"><strong>Niska aktywno\u015b\u0107 (dawka dzienna)<\/strong><\/td>\n<td style=\"text-align: center;\"><strong>\u015arednia aktywno\u015b\u0107 (dawka dzienna)<\/strong><\/td>\n<td style=\"text-align: center;\"><strong>Wysoka aktywno\u015b\u0107 (dawka dzienna)<\/strong><\/td>\n<\/tr>\n<\/thead>\n<tbody>\n<tr>\n<td style=\"text-align: center;\">18 kg<\/td>\n<td style=\"text-align: center;\">223 g<\/td>\n<td style=\"text-align: center;\">258 g<\/td>\n<td style=\"text-align: center;\">294 g<\/td>\n<\/tr>\n<tr>\n<td style=\"text-align: center;\">19 kg<\/td>\n<td style=\"text-align: center;\">232 g<\/td>\n<td style=\"text-align: center;\">269 g<\/td>\n<td style=\"text-align: center;\">306 g<\/td>\n<\/tr>\n<tr>\n<td style=\"text-align: center;\">20 kg<\/td>\n<td style=\"text-align: center;\">242 g<\/td>\n<td style=\"text-align: center;\">280 g<\/td>\n<td style=\"text-align: center;\">318 g<\/td>\n<\/tr>\n<tr>\n<td style=\"text-align: center;\">21 kg<\/td>\n<td style=\"text-align: center;\">251 g<\/td>\n<td style=\"text-align: center;\">290 g<\/td>\n<td style=\"text-align: center;\">330 g<\/td>\n<\/tr>\n<tr>\n<td style=\"text-align: center;\">22 kg<\/td>\n<td style=\"text-align: center;\">259 g<\/td>\n<td style=\"text-align: center;\">300 g<\/td>\n<td style=\"text-align: center;\">341 g<\/td>\n<\/tr>\n<tr>\n<td style=\"text-align: center;\">23 kg<\/td>\n<td style=\"text-align: center;\">268 g<\/td>\n<td style=\"text-align: center;\">311 g<\/td>\n<td style=\"text-align: center;\">353 g<\/td>\n<\/tr>\n<tr>\n<td style=\"text-align: center;\">24 kg<\/td>\n<td style=\"text-align: center;\">277 g<\/td>\n<td style=\"text-align: center;\">321 g<\/td>\n<td style=\"text-align: center;\">364 g<\/td>\n<\/tr>\n<tr>\n<td style=\"text-align: center;\">25 kg<\/td>\n<td style=\"text-align: center;\">286 g<\/td>\n<td style=\"text-align: center;\">331 g<\/td>\n<td style=\"text-align: center;\">376 g<\/td>\n<\/tr>\n<tr>\n<td style=\"text-align: center;\">26 kg<\/td>\n<td style=\"text-align: center;\">294 g<\/td>\n<td style=\"text-align: center;\">340 g<\/td>\n<td style=\"text-align: center;\">387 g<\/td>\n<\/tr>\n<tr>\n<td style=\"text-align: center;\">27 kg<\/td>\n<td style=\"text-align: center;\">302 g<\/td>\n<td style=\"text-align: center;\">350 g<\/td>\n<td style=\"text-align: center;\">398 g<\/td>\n<\/tr>\n<tr>\n<td style=\"text-align: center;\">28 kg<\/td>\n<td style=\"text-align: center;\">311 g<\/td>\n<td style=\"text-align: center;\">360 g<\/td>\n<td style=\"text-align: center;\">409 g<\/td>\n<\/tr>\n<tr>\n<td style=\"text-align: center;\">29 kg<\/td>\n<td style=\"text-align: center;\">319 g<\/td>\n<td style=\"text-align: center;\">370 g<\/td>\n<td style=\"text-align: center;\">420 g<\/td>\n<\/tr>\n<tr>\n<td style=\"text-align: center;\">30 kg<\/td>\n<td style=\"text-align: center;\">327 g<\/td>\n<td style=\"text-align: center;\">379 g<\/td>\n<td style=\"text-align: center;\">431 g<\/td>\n<\/tr>\n<\/tbody>\n<\/table>","protected":false},"excerpt":{"rendered":"<p>Karma dla doros\u0142ych ps\u00f3w powy\u017cej 12 miesi\u0105ca \u017cycia rasy French Bulldog.<\/p>\n<p>Marka: Royal Canin<\/p>\n<p><span class=\"ty-product-feature__label\">Wielko\u015b\u0107 pupila:<\/span> Uniwersalne<\/p>\n<p><span class=\"ty-product-feature__label\">Faza \u017cycia:<\/span> Doros\u0142y<\/p>","protected":false},"featured_media":7209,"comment_status":"open","ping_status":"closed","template":"","meta":{"om_disable_all_campaigns":false,"inline_featured_image":false},"product_brand":[],"product_cat":[27,97,95],"product_tag":[],"class_list":{"0":"post-7202","1":"product","2":"type-product","3":"status-publish","4":"has-post-thumbnail","6":"product_cat-dog-food","7":"product_cat-psy-rasowe","8":"product_cat-royal-canin-dog-food","10":"first","11":"outofstock","12":"taxable","13":"shipping-taxable","14":"product-type-variable","15":"has-default-attributes"},"_links":{"self":[{"href":"https:\/\/www.lanrel.pl\/pl\/wp-json\/wp\/v2\/product\/7202","targetHints":{"allow":["GET"]}}],"collection":[{"href":"https:\/\/www.lanrel.pl\/pl\/wp-json\/wp\/v2\/product"}],"about":[{"href":"https:\/\/www.lanrel.pl\/pl\/wp-json\/wp\/v2\/types\/product"}],"replies":[{"embeddable":true,"href":"https:\/\/www.lanrel.pl\/pl\/wp-json\/wp\/v2\/comments?post=7202"}],"wp:featuredmedia":[{"embeddable":true,"href":"https:\/\/www.lanrel.pl\/pl\/wp-json\/wp\/v2\/media\/7209"}],"wp:attachment":[{"href":"https:\/\/www.lanrel.pl\/pl\/wp-json\/wp\/v2\/media?parent=7202"}],"wp:term":[{"taxonomy":"product_brand","embeddable":true,"href":"https:\/\/www.lanrel.pl\/pl\/wp-json\/wp\/v2\/product_brand?post=7202"},{"taxonomy":"product_cat","embeddable":true,"href":"https:\/\/www.lanrel.pl\/pl\/wp-json\/wp\/v2\/product_cat?post=7202"},{"taxonomy":"product_tag","embeddable":true,"href":"https:\/\/www.lanrel.pl\/pl\/wp-json\/wp\/v2\/product_tag?post=7202"}],"curies":[{"name":"wp","href":"https:\/\/api.w.org\/{rel}","templated":true}]}}