{"id":7193,"date":"2025-10-19T12:34:36","date_gmt":"2025-10-19T10:34:36","guid":{"rendered":"https:\/\/lanrel.eu\/?post_type=product&#038;p=7193"},"modified":"2025-10-21T20:46:28","modified_gmt":"2025-10-21T18:46:28","slug":"royal-canin-boxer-puppy-12kg-karma-sucha-dla-szczeniat","status":"publish","type":"product","link":"https:\/\/www.lanrel.pl\/pl\/produkt\/royal-canin-boxer-puppy-12kg-karma-sucha-dla-szczeniat\/","title":{"rendered":"ROYAL CANIN\u00aeBoxer Puppy karma sucha dla szczeni\u0105t 12kg"},"content":{"rendered":"<h4>Zalety:<\/h4>\n<ul>\n<li>Wspomaganie uk\u0142adu odporno\u015bciowego<\/li>\n<li>Rozw\u00f3j mi\u0119\u015bni<\/li>\n<li>Zdrowe trawienie<\/li>\n<li>Specjalnie opracowany krokiet<\/li>\n<\/ul>\n<p>Wzrost jest wa\u017cnym okresem w \u017cyciu psa: to czas wielkich zmian, odkry\u0107 i wyzwa\u0144. W tym kluczowym okresie uk\u0142ad odporno\u015bciowy szczeni\u0119cia stopniowo si\u0119 rozwija.<\/p>\n<p>Karma ROYAL CANIN\u00ae Boxer Puppy zosta\u0142a opracowana specjalnie dla szceni\u0105t rasy boxer do 15 miesi\u0105ca \u017cycia.<\/p>\n<p>Wzrost jest wa\u017cnym okresem w \u017cyciu psa: to czas wielkich zmian, odkry\u0107 i wyzwa\u0144. W tym kluczowym okresie uk\u0142ad odporno\u015bciowy szczeni\u0119cia stopniowo si\u0119 rozwija. Karma BOXER PUPPY sprzyja naturalnym mechanizmom obronnym psa dzi\u0119ki unikalnemu, opatentowanemu kompleksowi przeciwutleniaczy, zawieraj\u0105cemu witamin\u0119 E.<\/p>\n<p>Psy rasy bokser znane s\u0105 z zami\u0142owania do ruchu i wszelkich aktywno\u015bci. Dlatego potrzebuj\u0105 diety, kt\u00f3ra pokryje ich wysokie potrzeby \u017cywieniowe. Karma ROYAL CANIN\u00ae Boxer Puppy sprzyja rozwojowi masy mi\u0119\u015bniowej dzi\u0119ki odpowiedniej zawarto\u015bci bia\u0142ka. Receptura zawiera r\u00f3wnie\u017c L-karnityn\u0119. Receptura karmy charakteryzuje si\u0119 odpowiednio dostosowanym poziomem bia\u0142ka, co sprzyja utrzymaniu masy mi\u0119\u015bniowej, a tak\u017ce dodatkiem L-karnityny.<\/p>\n<p>Kombinacja sk\u0142adnik\u00f3w pokarmowych: wysokiej jako\u015bci bia\u0142ka (L.I.P.*) oraz prebiotyk\u00f3w (FOS) wspomaga zdrowie przewodu pokarmowego oraz r\u00f3wnowag\u0119 flory bakteryjnej jelit, co zapewnia odpowiedni\u0105 jako\u015b\u0107 ka\u0142u. *Bia\u0142ka wyselekcjonowane ze wzgl\u0119du na bardzo wysok\u0105 strawno\u015b\u0107<\/p>\n<p>Krokiety karmy ROYAL CANIN\u00ae Boxer Adult dostosowane s\u0105 do brachycefalicznej budowy ps\u00f3w rasy bokser. Z powodu budowy czaszki psy tej rasy mog\u0105 mie\u0107 trudno\u015b\u0107 w uchwyceniu karmy. Dodtakowo tak opracowane krokiety zach\u0119caj\u0105 do d\u0142u\u017cszego rozgryzania pokarmu.<\/p>\n<p>Misj\u0105 ROYAL CANIN\u00ae jest zapewnianie rozwi\u0105za\u0144 \u017cywieniowych dostosowanych do potrzeb zwierz\u0105t. Wszystkie nasze produkty przechodz\u0105 liczne kontrole jako\u015bci, aby sprosta\u0107 najwy\u017cszym standardom marki i dostarczy\u0107 psu pokarm dostosowany do jego potrzeb \u017cywieniowych i trybu \u017cycia. ROYAL CANIN\u00ae Bokser Adult jest karm\u0105 pe\u0142noporcjow\u0105.<\/p>\n<p><strong>SK\u0141AD:<\/strong><\/p>\n<p>suszone bia\u0142ka drobiowe,\u00a0kukurydza,\u00a0ry\u017c,\u00a0t\u0142uszcze zwierz\u0119ce,\u00a0gluten pszenny*,\u00a0m\u0105ka kukurydziana,\u00a0hydrolizowane bia\u0142ka zwierz\u0119ce,\u00a0m\u0105ka pszenna,\u00a0suszone bia\u0142ka wieprzowe,\u00a0wys\u0142odki buraczane,\u00a0minera\u0142y,\u00a0olej z ryb,\u00a0olej koprowy,\u00a0w\u0142\u00f3kno ro\u015blinne,\u00a0olej sojowy,\u00a0fruktooligosacharydy (0,5%),\u00a0\u0142uski i nasiona psyllium,\u00a0dro\u017cd\u017ce (\u017ar\u00f3d\u0142o mannooligosacharyd\u00f3w i beta-glukan\u00f3w),\u00a0glukozamina uzyskana z fermentacji,\u00a0m\u0105czka z aksamitki,\u00a0sok z juki schidigera,\u00a0hydrolizowana chrz\u0105stka (\u017ar\u00f3d\u0142o chondroityny).<\/p>\n<h4><strong>DODATKI\u00a0<\/strong>(na 1 kg karmy):<\/h4>\n<p>llllWitamina A: 29500 UI, Witamina D3: 800 UI, Witamina E: 590 mg, L-karnityna: 400 mg, \u017belazo (3b103): 40 mg, Jod (3b201, 3b202): 4 mg, Mied\u017a (3b405, 3b406): 12 mg, Mangan (3b502, 3b504): 52 mg, Cynk (3b603, 3b605, 3b606): 133 mg, Selen (3b801, 3b811, 3b812): 0,09 mg &#8211; Dodatki technologiczne: Klinoptylolit pochodzenia osadowego: 10 g &#8211; Konserwanty &#8211; Przeciwutleniacze.<\/p>\n<h4><strong>SK\u0141ADNIKI ANALITYCZNE:<\/strong><\/h4>\n<p>Bia\u0142ko surowe:\u00a030,0%\u00a0&#8211;\u00a0W\u0142\u00f3kno surowe:\u00a01,8%\u00a0&#8211;\u00a0Oleje i t\u0142uszcze surowe:\u00a018,0%\u00a0&#8211;\u00a0Popi\u00f3\u0142 surowy:\u00a07,5%.<\/p>\n<h4><strong>SPOS\u00d3B U\u017bYCIA:<\/strong><\/h4>\n<p>patrz tabela.<\/p>\n<p>Najlepiej wykorzysta\u0107 przed: patrz data wa\u017cno\u015bci. Data wa\u017cno\u015bci, numer partii i numer rejestracyjny zak\u0142adu znajduj\u0105 si\u0119 na opakowaniu.\u00a0Przechowywa\u0107 w suchym i ch\u0142odnym miejscu.<\/p>\n<table>\n<thead>\n<tr>\n<td style=\"text-align: center;\"><strong>Masa cia\u0142a psa doros\u0142ego<\/strong><\/td>\n<td style=\"text-align: center;\"><strong>2 miesi\u0105c<\/strong><\/td>\n<td style=\"text-align: center;\"><strong>3 miesi\u0105c<\/strong><\/td>\n<td style=\"text-align: center;\"><strong>4 miesi\u0105c<\/strong><\/td>\n<td style=\"text-align: center;\"><strong>5 miesi\u0105c<\/strong><\/td>\n<td style=\"text-align: center;\"><strong>6 miesi\u0105c<\/strong><\/td>\n<td style=\"text-align: center;\"><strong>7 miesi\u0105c<\/strong><\/td>\n<td style=\"text-align: center;\"><strong>8 miesi\u0105c<\/strong><\/td>\n<td style=\"text-align: center;\"><strong>9 miesi\u0105c<\/strong><\/td>\n<td style=\"text-align: center;\"><strong>10 miesi\u0105c<\/strong><\/td>\n<td style=\"text-align: center;\"><strong>11 miesi\u0105c<\/strong><\/td>\n<td style=\"text-align: center;\"><strong>12 miesi\u0105c<\/strong><\/td>\n<td style=\"text-align: center;\"><strong>13 miesi\u0105c<\/strong><\/td>\n<td style=\"text-align: center;\"><strong>14 miesi\u0105c<\/strong><\/td>\n<\/tr>\n<\/thead>\n<tbody>\n<tr>\n<td style=\"text-align: center;\">26 kg<\/td>\n<td style=\"text-align: center;\">256 g<\/td>\n<td style=\"text-align: center;\">316 g<\/td>\n<td style=\"text-align: center;\">343 g<\/td>\n<td style=\"text-align: center;\">368 g<\/td>\n<td style=\"text-align: center;\">391 g<\/td>\n<td style=\"text-align: center;\">405 g<\/td>\n<td style=\"text-align: center;\">391 g<\/td>\n<td style=\"text-align: center;\">377 g<\/td>\n<td style=\"text-align: center;\">357 g<\/td>\n<td style=\"text-align: center;\">325 g<\/td>\n<td style=\"text-align: center;\">322 g<\/td>\n<td style=\"text-align: center;\">320 g<\/td>\n<td style=\"text-align: center;\">320 g<\/td>\n<\/tr>\n<tr>\n<td style=\"text-align: center;\">28 kg<\/td>\n<td style=\"text-align: center;\">260 g<\/td>\n<td style=\"text-align: center;\">324 g<\/td>\n<td style=\"text-align: center;\">352 g<\/td>\n<td style=\"text-align: center;\">384 g<\/td>\n<td style=\"text-align: center;\">413 g<\/td>\n<td style=\"text-align: center;\">429 g<\/td>\n<td style=\"text-align: center;\">414 g<\/td>\n<td style=\"text-align: center;\">400 g<\/td>\n<td style=\"text-align: center;\">377 g<\/td>\n<td style=\"text-align: center;\">343 g<\/td>\n<td style=\"text-align: center;\">341 g<\/td>\n<td style=\"text-align: center;\">339 g<\/td>\n<td style=\"text-align: center;\">338 g<\/td>\n<\/tr>\n<tr>\n<td style=\"text-align: center;\">30 kg<\/td>\n<td style=\"text-align: center;\">265 g<\/td>\n<td style=\"text-align: center;\">332 g<\/td>\n<td style=\"text-align: center;\">362 g<\/td>\n<td style=\"text-align: center;\">400 g<\/td>\n<td style=\"text-align: center;\">435 g<\/td>\n<td style=\"text-align: center;\">453 g<\/td>\n<td style=\"text-align: center;\">438 g<\/td>\n<td style=\"text-align: center;\">423 g<\/td>\n<td style=\"text-align: center;\">398 g<\/td>\n<td style=\"text-align: center;\">362 g<\/td>\n<td style=\"text-align: center;\">359 g<\/td>\n<td style=\"text-align: center;\">358 g<\/td>\n<td style=\"text-align: center;\">356 g<\/td>\n<\/tr>\n<tr>\n<td style=\"text-align: center;\">32 kg<\/td>\n<td style=\"text-align: center;\">269 g<\/td>\n<td style=\"text-align: center;\">340 g<\/td>\n<td style=\"text-align: center;\">372 g<\/td>\n<td style=\"text-align: center;\">415 g<\/td>\n<td style=\"text-align: center;\">456 g<\/td>\n<td style=\"text-align: center;\">475 g<\/td>\n<td style=\"text-align: center;\">459 g<\/td>\n<td style=\"text-align: center;\">444 g<\/td>\n<td style=\"text-align: center;\">419 g<\/td>\n<td style=\"text-align: center;\">380 g<\/td>\n<td style=\"text-align: center;\">378 g<\/td>\n<td style=\"text-align: center;\">376 g<\/td>\n<td style=\"text-align: center;\">374 g<\/td>\n<\/tr>\n<tr>\n<td style=\"text-align: center;\">34 kg<\/td>\n<td style=\"text-align: center;\">274 g<\/td>\n<td style=\"text-align: center;\">349 g<\/td>\n<td style=\"text-align: center;\">382 g<\/td>\n<td style=\"text-align: center;\">431 g<\/td>\n<td style=\"text-align: center;\">477 g<\/td>\n<td style=\"text-align: center;\">497 g<\/td>\n<td style=\"text-align: center;\">481 g<\/td>\n<td style=\"text-align: center;\">465 g<\/td>\n<td style=\"text-align: center;\">439 g<\/td>\n<td style=\"text-align: center;\">399 g<\/td>\n<td style=\"text-align: center;\">397 g<\/td>\n<td style=\"text-align: center;\">394 g<\/td>\n<td style=\"text-align: center;\">391 g<\/td>\n<\/tr>\n<tr>\n<td style=\"text-align: center;\">35 kg<\/td>\n<td style=\"text-align: center;\">276 g<\/td>\n<td style=\"text-align: center;\">353 g<\/td>\n<td style=\"text-align: center;\">386 g<\/td>\n<td style=\"text-align: center;\">439 g<\/td>\n<td style=\"text-align: center;\">488 g<\/td>\n<td style=\"text-align: center;\">508 g<\/td>\n<td style=\"text-align: center;\">491 g<\/td>\n<td style=\"text-align: center;\">476 g<\/td>\n<td style=\"text-align: center;\">450 g<\/td>\n<td style=\"text-align: center;\">409 g<\/td>\n<td style=\"text-align: center;\">406 g<\/td>\n<td style=\"text-align: center;\">403 g<\/td>\n<td style=\"text-align: center;\">400 g<\/td>\n<\/tr>\n<tr>\n<td style=\"text-align: center;\">36 kg<\/td>\n<td style=\"text-align: center;\">279 g<\/td>\n<td style=\"text-align: center;\">357 g<\/td>\n<td style=\"text-align: center;\">391 g<\/td>\n<td style=\"text-align: center;\">447 g<\/td>\n<td style=\"text-align: center;\">498 g<\/td>\n<td style=\"text-align: center;\">519 g<\/td>\n<td style=\"text-align: center;\">506 g<\/td>\n<td style=\"text-align: center;\">490 g<\/td>\n<td style=\"text-align: center;\">472 g<\/td>\n<td style=\"text-align: center;\">443 g<\/td>\n<td style=\"text-align: center;\">415 g<\/td>\n<td style=\"text-align: center;\">412 g<\/td>\n<td style=\"text-align: center;\">408 g<\/td>\n<\/tr>\n<\/tbody>\n<\/table>\n<p style=\"text-align: center;\">","protected":false},"excerpt":{"rendered":"<p>Karma dla szczeni\u0105t (poni\u017cej 15 miesi\u0105ca \u017cycia) rasy Boxer.<\/p>\n<p>Marka: Royal Canin<\/p>\n<p>Faza \u017cycia:\u00a0 Junior<\/p>","protected":false},"featured_media":7195,"comment_status":"open","ping_status":"closed","template":"","meta":{"om_disable_all_campaigns":false,"inline_featured_image":false},"product_brand":[],"product_cat":[95,96],"product_tag":[],"class_list":{"0":"post-7193","1":"product","2":"type-product","3":"status-publish","4":"has-post-thumbnail","6":"product_cat-royal-canin-dog-food","7":"product_cat-szczenieta","9":"first","10":"outofstock","11":"taxable","12":"shipping-taxable","13":"purchasable","14":"product-type-simple"},"_links":{"self":[{"href":"https:\/\/www.lanrel.pl\/pl\/wp-json\/wp\/v2\/product\/7193","targetHints":{"allow":["GET"]}}],"collection":[{"href":"https:\/\/www.lanrel.pl\/pl\/wp-json\/wp\/v2\/product"}],"about":[{"href":"https:\/\/www.lanrel.pl\/pl\/wp-json\/wp\/v2\/types\/product"}],"replies":[{"embeddable":true,"href":"https:\/\/www.lanrel.pl\/pl\/wp-json\/wp\/v2\/comments?post=7193"}],"wp:featuredmedia":[{"embeddable":true,"href":"https:\/\/www.lanrel.pl\/pl\/wp-json\/wp\/v2\/media\/7195"}],"wp:attachment":[{"href":"https:\/\/www.lanrel.pl\/pl\/wp-json\/wp\/v2\/media?parent=7193"}],"wp:term":[{"taxonomy":"product_brand","embeddable":true,"href":"https:\/\/www.lanrel.pl\/pl\/wp-json\/wp\/v2\/product_brand?post=7193"},{"taxonomy":"product_cat","embeddable":true,"href":"https:\/\/www.lanrel.pl\/pl\/wp-json\/wp\/v2\/product_cat?post=7193"},{"taxonomy":"product_tag","embeddable":true,"href":"https:\/\/www.lanrel.pl\/pl\/wp-json\/wp\/v2\/product_tag?post=7193"}],"curies":[{"name":"wp","href":"https:\/\/api.w.org\/{rel}","templated":true}]}}