{"id":7172,"date":"2025-10-18T17:00:35","date_gmt":"2025-10-18T15:00:35","guid":{"rendered":"https:\/\/lanrel.eu\/?post_type=product&#038;p=7172"},"modified":"2025-10-21T21:05:41","modified_gmt":"2025-10-21T19:05:41","slug":"royal-canin-yorkshire-terrier-puppy-karma-sucha-dla-szczeniat","status":"publish","type":"product","link":"https:\/\/www.lanrel.pl\/pl\/produkt\/royal-canin-yorkshire-terrier-puppy-karma-sucha-dla-szczeniat\/","title":{"rendered":"ROYAL CANIN\u00ae Yorkshire Terrier Puppy karma sucha dla szczeni\u0105t"},"content":{"rendered":"<h4><strong>Zalety:<\/strong><\/h4>\n<ul>\n<li>Wzmocnienie uk\u0142adu odporno\u015bciowego<\/li>\n<li>Zdrowie sier\u015bci<\/li>\n<li>Zdrowe trawienie<\/li>\n<li>Specjalnie opracowany krokiet: zdrowie z\u0119b\u00f3w<\/li>\n<\/ul>\n<p>Okres wzrostu to kluczowy moment w \u017cyciu m\u0142odego yorkshire terriera. To czas wielu zmian fizycznych oraz odkrywania \u015bwiata. Dlatego karma dla szczeni\u0119cia powinna dostarcza\u0107 wszystkich niezb\u0119dnych sk\u0142adnik\u00f3w pokarmowych, kt\u00f3re wspieraj\u0105 organizm w czasie wzrostu.<\/p>\n<p>Karma ROYAL CANIN\u00ae Yorkshire Terrier Puppy zosta\u0142a opracowana specjalnie dla szczeni\u0105t rasy yorkshire terrier, do 10 miesi\u0105ca \u017cycia.<\/p>\n<p>W czasie okresu wzrostu uk\u0142ad immunologiczny rozwija si\u0119 stopniowo, dlatego karma ROYAL CANIN\u00ae Yorkshire Terrier Puppy zawiera opatentowany kompleks wsp\u00f3\u0142dzia\u0142aj\u0105cych przeciwutleniaczy, w tym witamin\u0119 E, kt\u00f3ry pobudza rozw\u00f3j naturalnych mechanizm\u00f3w obronnych organizmu. *France, patent No EP1146870.<\/p>\n<p>Psy rasy yorkshire terier charakteryzuj\u0105 si\u0119 niezwykle d\u0142ugim, jedwabistym w\u0142osem, kt\u00f3ry stale ro\u015bnie. Aby utrzyma\u0107 sier\u015b\u0107 w idealnej kondycji niezb\u0119dne s\u0105 odpowiednie sk\u0142adniki pokarmowe. Dlatego karma ROYAL CANIN\u00ae Yorkshire Terrier Puppy zosta\u0142a wzbogacona o kwasy t\u0142uszczowe omega 3 (EPA i DHA), omega 6 (z oleju z og\u00f3recznika) oraz biotyn\u0119. Ta unikalna kombinacja sk\u0142adnik\u00f3w sprzyja zdrowej sk\u00f3rze i pi\u0119knej sier\u015bci.<\/p>\n<p>Karma ROYAL CANIN\u00ae Yorkshire Terrier Puppy wspiera tak\u017ce zdrowie uk\u0142adu pokarmowego szczeni\u0119cia. Wysokiej jako\u015bci bia\u0142ko (L.I.P.**) i prebiotyki pomagaj\u0105 utrzyma\u0107 r\u00f3wnowag\u0119 flory bakteryjnej jelit, co sprzyja zachowaniu prawid\u0142owej konsystencji odchod\u00f3w.<\/p>\n<p>**Bia\u0142ka wyselekcjonowane ze wzgl\u0119du na bardzo wysok\u0105 strawno\u015b\u0107.<\/p>\n<p>Specjalnie opracowany krokiet karmy ROYAL CANIN\u00ae Yorkshire Terrier Puppy, wraz ze zwi\u0105zkiem chelatuj\u0105cym (wi\u0105\u017c\u0105cym) wap\u0144, sprzyjaj\u0105 higienie jamy ustnej oraz ograniczaj\u0105 powstawanie kamienia naz\u0119bnego.<\/p>\n<p>Misj\u0105 ROYAL CANIN\u00ae jest zapewnianie rozwi\u0105za\u0144 \u017cywieniowych dostosowanych do potrzeb zwierz\u0105t. Wszystkie nasze produkty przechodz\u0105 liczne kontrole jako\u015bci, aby sprosta\u0107 najwy\u017cszym standardom marki i dostarczy\u0107 psu pokarm dostosowany do jego potrzeb \u017cywieniowych i trybu \u017cycia. ROYAL CANIN\u00ae Yorkshire Terrier Puppy jest karm\u0105 pe\u0142noporcjow\u0105.<\/p>\n<h4>Sk\u0142ad:<\/h4>\n<p>suszone bia\u0142ko drobiowe, ry\u017c, m\u0105ka kukurydziana, t\u0142uszcze zwierz\u0119ce, izolat bia\u0142ka ro\u015blinnego*, pulpa buraczana, hydrolizat bia\u0142ka zwierz\u0119cego, sole mineralne, olej sojowy, olej rybny, dro\u017cd\u017ce i ich cz\u0119\u015bci, fruktooligosacharydy (0,34%), wyci\u0105g z dro\u017cd\u017cy (\u017ar\u00f3d\u0142o mannooligosacharyd\u00f3w), olej z og\u00f3recznika, wyci\u0105g z dro\u017cd\u017cy (\u017ar\u00f3d\u0142o beta-glukan\u00f3w), wyci\u0105g z aksamitki wzniesionej (\u017ar\u00f3d\u0142o luteiny).<\/p>\n<h4>Dodatki (na 1 kg karmy):<\/h4>\n<p>Witamina A: 29000 UI, Witamina D3: 800 UI, Witamina E: 590 mg, E1 (\u017belazo): 39 mg, E2 (Jod): 3,9 mg, E4 (Mied\u017a): 12 mg, E5 (Mangan): 51 mg, E6 (Cynk): 106 mg, E8 (Selen): 0,08 mg, Biotyna: 3 mg &#8211; Dodatki technologiczne: Klinoptylolit pochodzenia osadowego: 10 g &#8211; Dodatki sensoryczne: Wyci\u0105g z jukki: 125 mg &#8211; Konserwanty &#8211; Przeciwutleniacze.<\/p>\n<h4>Sk\u0142adniki analityczne:<\/h4>\n<p>Bia\u0142ko surowe: 29,0% &#8211; Oleje i t\u0142uszcze surowe: 20,0% &#8211; Popi\u00f3\u0142 surowy: 7,7% &#8211; W\u0142\u00f3kno surowe: 1,3% &#8211; Na 1 kg karmy: EPA\/DHA: 3,0 g &#8211; Kwasy t\u0142uszczowe Omega 6: 38 g.<\/p>\n<p>*L.I.P.: bia\u0142ko wyselekcjonowane ze wzgl\u0119du na bardzo wysok\u0105 strawno\u015b\u0107.<\/p>\n<p>Spos\u00f3b u\u017cycia: patrz tabela. Najlepiej wykorzysta\u0107 przed: patrz data wa\u017cno\u015bci. Data wa\u017cno\u015bci, numer partii i numer rejestracyjny zak\u0142adu znajduj\u0105 si\u0119 z ty\u0142u opakowania. Przechowywa\u0107 w suchym i ch\u0142odnym miejscu.<\/p>\n<h4><strong>Spos\u00f3b u\u017cycia:<\/strong><\/h4>\n<table>\n<thead>\n<tr>\n<td><strong>Masa cia\u0142a psa doros\u0142ego<\/strong><\/td>\n<td><strong>2 miesi\u0105c<\/strong><\/td>\n<td><strong>3 miesi\u0105c<\/strong><\/td>\n<td><strong>4 miesi\u0105c<\/strong><\/td>\n<td><strong>5 miesi\u0105c<\/strong><\/td>\n<td><strong>6 miesi\u0105c<\/strong><\/td>\n<td><strong>7 miesi\u0105c<\/strong><\/td>\n<td><strong>8 miesi\u0105c<\/strong><\/td>\n<td><strong>9 miesi\u0105c<\/strong><\/td>\n<td><strong>10 miesi\u0105c<\/strong><\/td>\n<\/tr>\n<\/thead>\n<tbody>\n<tr>\n<td>2 kg<\/td>\n<td>49 g<\/td>\n<td>54 g<\/td>\n<td>55 g<\/td>\n<td>55 g<\/td>\n<td>47 g<\/td>\n<td>40 g<\/td>\n<td>39 g<\/td>\n<td>39 g<\/td>\n<td>39 g<\/td>\n<\/tr>\n<tr>\n<td>3 kg<\/td>\n<td>63 g<\/td>\n<td>71 g<\/td>\n<td>74 g<\/td>\n<td>75 g<\/td>\n<td>68 g<\/td>\n<td>61 g<\/td>\n<td>54 g<\/td>\n<td>53 g<\/td>\n<td>53 g<\/td>\n<\/tr>\n<tr>\n<td>4 kg<\/td>\n<td>78 g<\/td>\n<td>88 g<\/td>\n<td>92 g<\/td>\n<td>92 g<\/td>\n<td>83 g<\/td>\n<td>75 g<\/td>\n<td>66 g<\/td>\n<td>66 g<\/td>\n<td>65 g<\/td>\n<\/tr>\n<\/tbody>\n<\/table>","protected":false},"excerpt":{"rendered":"<p>Szczeni\u0119ta rasy Yorkshire Terrier, psy do 10 miesi\u0105ca \u017cycia.<\/p>\n<p>Marka: Royal Canin<\/p>\n<p>Faza \u017cycia:\u00a0 Junior<\/p>","protected":false},"featured_media":7181,"comment_status":"open","ping_status":"closed","template":"","meta":{"om_disable_all_campaigns":false,"inline_featured_image":false},"product_brand":[],"product_cat":[95,96],"product_tag":[],"class_list":{"0":"post-7172","1":"product","2":"type-product","3":"status-publish","4":"has-post-thumbnail","6":"product_cat-royal-canin-dog-food","7":"product_cat-szczenieta","9":"first","10":"outofstock","11":"taxable","12":"shipping-taxable","13":"product-type-variable","14":"has-default-attributes"},"_links":{"self":[{"href":"https:\/\/www.lanrel.pl\/pl\/wp-json\/wp\/v2\/product\/7172","targetHints":{"allow":["GET"]}}],"collection":[{"href":"https:\/\/www.lanrel.pl\/pl\/wp-json\/wp\/v2\/product"}],"about":[{"href":"https:\/\/www.lanrel.pl\/pl\/wp-json\/wp\/v2\/types\/product"}],"replies":[{"embeddable":true,"href":"https:\/\/www.lanrel.pl\/pl\/wp-json\/wp\/v2\/comments?post=7172"}],"wp:featuredmedia":[{"embeddable":true,"href":"https:\/\/www.lanrel.pl\/pl\/wp-json\/wp\/v2\/media\/7181"}],"wp:attachment":[{"href":"https:\/\/www.lanrel.pl\/pl\/wp-json\/wp\/v2\/media?parent=7172"}],"wp:term":[{"taxonomy":"product_brand","embeddable":true,"href":"https:\/\/www.lanrel.pl\/pl\/wp-json\/wp\/v2\/product_brand?post=7172"},{"taxonomy":"product_cat","embeddable":true,"href":"https:\/\/www.lanrel.pl\/pl\/wp-json\/wp\/v2\/product_cat?post=7172"},{"taxonomy":"product_tag","embeddable":true,"href":"https:\/\/www.lanrel.pl\/pl\/wp-json\/wp\/v2\/product_tag?post=7172"}],"curies":[{"name":"wp","href":"https:\/\/api.w.org\/{rel}","templated":true}]}}