{"id":7149,"date":"2025-10-18T16:25:15","date_gmt":"2025-10-18T14:25:15","guid":{"rendered":"https:\/\/lanrel.eu\/?post_type=product&#038;p=7149"},"modified":"2025-10-21T21:05:58","modified_gmt":"2025-10-21T19:05:58","slug":"royal-canin-yorkshire-terrier-adult-8","status":"publish","type":"product","link":"https:\/\/www.lanrel.pl\/pl\/produkt\/royal-canin-yorkshire-terrier-adult-8\/","title":{"rendered":"ROYAL CANIN\u00ae Yorkshire Terrier Adult 8+"},"content":{"rendered":"<p><strong>Zalety:<\/strong><\/p>\n<ul>\n<li>Zdrowie w okresie starzenia<\/li>\n<li>Zdrowie sk\u00f3ry i sier\u015bci<\/li>\n<li>Prawid\u0142owe trawienie<\/li>\n<li>Specjalnie opracowany krokiet: wysoka smakowito\u015bci, mo\u017cliwo\u015b\u0107 namaczania.<\/li>\n<\/ul>\n<p>Ka\u017cda rasa ma specjalne wymogi, dlatego aby wspiera\u0107 zdrowie ps\u00f3w rasowych powsta\u0142a linia specjalistycznych karm ROYAL CANIN\u00ae\u2019s Breed Health Nutrition pokrywaj\u0105ca specyficzne potrzeby pokarmowe poszczeg\u00f3lnych ras.<\/p>\n<p>Karma ROYAL CANIN\u00ae Yorkshire Terrier Adult 8+\u00a0 przeznaczona dla ps\u00f3w rasy yorkshire terrier powy\u017cej 8 roku \u017cycia, zosta\u0142a opracowana specjalnie pod k\u0105tem potrzeb dojrza\u0142ego psa.<\/p>\n<p>Karma YORKSHIRE TERRIER Adult 8+ zosta\u0142a opracowana by wspomaga\u0107 zdrowie psa w okresie starzenia. Zawiera unikalna kombinacj\u0119 przeciwutleniaczy wspomagaj\u0105cych utrzymanie zdrowia kom\u00f3rek oraz odpowiedni poziom fosforu, aby chroni\u0107 nerki u ps\u00f3w rasy yorkshire terier.<\/p>\n<p>Psy rasy yorkshire terrier znane s\u0105 z d\u0142ugiej, stale rosn\u0105cej, naturalnie mi\u0119kkiej sier\u015bci. Specjalna receptura karmy ROYAL CANIN\u00ae Yorkshire Terrier Adult 8+\u00a0 zosta\u0142a wzbogacona w precyzyjnie dostosowane dawki kwas\u00f3w t\u0142uszczowych omega 3, omega 6, olej z og\u00f3recznika oraz biotyn\u0119, co pomaga utrzyma\u0107 zdrow\u0105 i d\u0142ug\u0105 sier\u015b.<\/p>\n<p>Dodatkowo, precyzyjnie zbilansowana receptura sprzyja prawid\u0142owemu przebiegowi trawienia. Zawiera wysokostrawne bia\u0142ka (L.I.P.*) oraz kombinacj\u0119 prebiotyk\u00f3w i w\u0142\u00f3kna pokarmowego, co sprzyja r\u00f3wnowadze flory bakteryjnej i odpowiedniej konsystencji ka\u0142u.<\/p>\n<p>*L.I.P.: bia\u0142ko wyselekcjonowane ze wzgl\u0119du na bardzo wysok\u0105 strawno\u015b\u0107.<\/p>\n<p>Kszta\u0142t, wielko\u015b\u0107 i tekstura krokiet\u00f3w zosta\u0142y dostosowane do niewielkich szcz\u0119k starszych ps\u00f3w rasy yorkshire terrier. Receptura karmy zawiera substancje wi\u0105\u017c\u0105ce wap\u0144, co sprzyja utrzymaniu higieny jamy ustnej. Krokiety mo\u017cna namacza\u0107 ciep\u0142\u0105 wod\u0105, co wzmacnia zapach i u\u0142atwia psu jedzenie.<\/p>\n<p>W firmie ROYAL CANIN\u00ae intensywnie pracujemy nad dostarczaniem rozwi\u0105za\u0144 \u017cywieniowych najlepiej dostosowanych do potrzeb zwierz\u0105t. Wszystkie nasze produkty przechodz\u0105 dok\u0142adny proces kontroli jako\u015bci, gwarantuj\u0105cy najwy\u017csz\u0105 jako\u015b\u0107 karmy oraz pe\u0142ne pokrycie zapotrzebowania pokarmowego, odpowiednio do trybu \u017cycia Twojego psa. Oznacza to, \u017ce podaj\u0105c swojemu psu karm\u0119 ROYAL CANIN\u00ae Yorkshire Terrier Adult 8+\u00a0 dostarczasz mu kompletn\u0105 i doskonale zbilansowan\u0105 diet\u0119.<\/p>\n<p><strong>SK\u0141ADNIKI<\/strong><\/p>\n<p>SK\u0141AD: m\u0105ka kukurydziana, suszone bia\u0142ko drobiowe, gluten pszenny*, ry\u017c, t\u0142uszcze zwierz\u0119ce, kukurydza, gluten kukurydziany, hydrolizat bia\u0142ka zwierz\u0119cego, w\u0142\u00f3kno ro\u015blinne, pulpa buraczana, sole mineralne, olej rybny, olej sojowy, produkty dro\u017cd\u017cowe, suszona pulpa pomidorowa (\u017ar\u00f3d\u0142o likopenu), fruktooligosacharydy, wyci\u0105g z dro\u017cd\u017cy (\u017ar\u00f3d\u0142o mannooligosacharyd\u00f3w), olej z og\u00f3recznika (0,1%), hydrolizat skorupiak\u00f3w (\u017ar\u00f3d\u0142o glukozaminy), wyci\u0105g z aksamitki wzniesionej (\u017ar\u00f3d\u0142o luteiny), hydrolizat chrz\u0105stki (\u017ar\u00f3d\u0142o chondroityny).<\/p>\n<p>*L.I.P.: bia\u0142ko wyselekcjonowane ze wzgl\u0119du na bardzo wysok\u0105 strawno\u015b\u0107.<\/p>\n<p>DODATKI (na 1 kg karmy): Dodatki dietetyczne: Witamina A: 29000 UI, Witamina D3: 800 UI, \u017belazo (3b103): 43 mg, Jod (3b201, 3b202): 4,3 mg, Mied\u017a (3b405, 3b406): 13 mg, Mangan (3b502, 3b504): 55 mg, Cynk (3b603, 3b605, 3b606): 135 mg, Selen (3b801, 3b811, 3b812): 0,09 mg &#8211; Dodatki technologiczne: Klinoptylolit pochodzenia osadowego: 5 g &#8211; Dodatki sensoryczne: Wyci\u0105g z herbaty (\u017ar\u00f3d\u0142o polifenoli): 150 mg &#8211; Konserwanty &#8211; Przeciwutleniacze.<\/p>\n<p>Bia\u0142ko surowe 29 %<\/p>\n<p>Oleje i t\u0142uszcze surowe 18 %<\/p>\n<p>W\u0142\u00f3kno surowe 2,9%<\/p>\n<p>Popi\u00f3\u0142 surowy 5%<\/p>\n<p>bezazotowe substancje wyci\u0105gowe<\/p>\n<p>AMINOKWASY<\/p>\n<p>tauryna, metionina, arginina, metionina + cysteina, lizyna<\/p>\n<p>SK\u0141ADNIKI MINERALNE<\/p>\n<p>Wap\u0144, mied\u017a, fosfor, \u017celazo, s\u00f3d, mangan, chlor, cynk, potas, selen, magnez, jod, siarka<\/p>\n<p>WITAMINY<\/p>\n<p>Witamina A, Witamina B6 (pirydoksyna), Witamina D3, Witamina B12 (cyjanokobalamina), Witamina E, Witamina B3 (niacyna), Witamina C, Biotyna, Witamina B1 (tiamina), Kwas foliowy, Witamina B6 (ryboflawina), cholina, kwas pantotenowy<\/p>\n<p>INNE<\/p>\n<p>Skrobia, kwasy t\u0142uszczowe omega 6, w\u0142\u00f3kno pokarmowe, kwasy t\u0142uszczowe omega 3, luteina kwasy t\u0142uszczowe EPA+DHA, betakaroten, L-karnityna, kwas arachidonowy, siarczan chondroityny+ glukozamina, kwas linolowy.<\/p>\n<p>&nbsp;<\/p>\n<p>ENERGIA METABOLICZNA OBLICZONA<\/p>\n<p>Obliczona wg NRC 85<\/p>\n<p>Obliczona wg NRC 2006<\/p>\n<p>&nbsp;<\/p>\n<p>&nbsp;<\/p>\n<p>&nbsp;<\/p>","protected":false},"excerpt":{"rendered":"<p>karma sucha dla dojrza\u0142ych ps\u00f3w rasy yorkshire terrier, powy\u017cej 8 roku \u017cycia<\/p>\n<p>Marka: Royal Canin<\/p>\n<p><span class=\"ty-product-feature__label\">Wielko\u015b\u0107 pupila:<\/span>\u00a0Rasy ma\u0142e<\/p>\n<p><span class=\"ty-product-feature__label\">Faza \u017cycia:<\/span>\u00a0Senior<\/p>\n<p>&nbsp;<\/p>","protected":false},"featured_media":7156,"comment_status":"open","ping_status":"closed","template":"","meta":{"om_disable_all_campaigns":false,"inline_featured_image":false},"product_brand":[],"product_cat":[27,97,95],"product_tag":[],"class_list":{"0":"post-7149","1":"product","2":"type-product","3":"status-publish","4":"has-post-thumbnail","6":"product_cat-dog-food","7":"product_cat-psy-rasowe","8":"product_cat-royal-canin-dog-food","10":"first","11":"outofstock","12":"taxable","13":"shipping-taxable","14":"product-type-variable","15":"has-default-attributes"},"_links":{"self":[{"href":"https:\/\/www.lanrel.pl\/pl\/wp-json\/wp\/v2\/product\/7149","targetHints":{"allow":["GET"]}}],"collection":[{"href":"https:\/\/www.lanrel.pl\/pl\/wp-json\/wp\/v2\/product"}],"about":[{"href":"https:\/\/www.lanrel.pl\/pl\/wp-json\/wp\/v2\/types\/product"}],"replies":[{"embeddable":true,"href":"https:\/\/www.lanrel.pl\/pl\/wp-json\/wp\/v2\/comments?post=7149"}],"wp:featuredmedia":[{"embeddable":true,"href":"https:\/\/www.lanrel.pl\/pl\/wp-json\/wp\/v2\/media\/7156"}],"wp:attachment":[{"href":"https:\/\/www.lanrel.pl\/pl\/wp-json\/wp\/v2\/media?parent=7149"}],"wp:term":[{"taxonomy":"product_brand","embeddable":true,"href":"https:\/\/www.lanrel.pl\/pl\/wp-json\/wp\/v2\/product_brand?post=7149"},{"taxonomy":"product_cat","embeddable":true,"href":"https:\/\/www.lanrel.pl\/pl\/wp-json\/wp\/v2\/product_cat?post=7149"},{"taxonomy":"product_tag","embeddable":true,"href":"https:\/\/www.lanrel.pl\/pl\/wp-json\/wp\/v2\/product_tag?post=7149"}],"curies":[{"name":"wp","href":"https:\/\/api.w.org\/{rel}","templated":true}]}}