{"id":7140,"date":"2025-10-05T13:32:19","date_gmt":"2025-10-05T11:32:19","guid":{"rendered":"https:\/\/lanrel.eu\/?post_type=product&#038;p=7140"},"modified":"2025-10-21T21:06:20","modified_gmt":"2025-10-21T19:06:20","slug":"royal-canin-yorkshire-terrier-adult-7-5-kg","status":"publish","type":"product","link":"https:\/\/www.lanrel.pl\/pl\/produkt\/royal-canin-yorkshire-terrier-adult-7-5-kg\/","title":{"rendered":"ROYAL CANIN\u00ae Yorkshire Terrier Adult"},"content":{"rendered":"<p><strong>Zalety:<\/strong><br \/>\n\u00b7 Zdrowie sier\u015bci<br \/>\n\u00b7 Zaspokojenie wybrednego apetytu<br \/>\n\u00b7 Zachowanie witalno\u015bci<br \/>\n\u00b7 Specjalnie opracowany krokiet &#8211; higiena jamy ustnej<\/p>\n<p>Ka\u017cda rasa ma specjalne wymogi, dlatego aby wspiera\u0107 zdrowie ps\u00f3w rasowych powsta\u0142a linia specjalistycznych karm ROYAL CANIN\u00ae\u2019s Breed Health Nutrition pokrywaj\u0105ca specyficzne potrzeby pokarmowe poszczeg\u00f3lnych ras.<br \/>\nKarma ROYAL CANIN\u00ae Yorkshire Terrier Adult, przeznaczona dla ps\u00f3w rasy yorkshire terrier powy\u017cej 10 miesi\u0105ca \u017cycia, zosta\u0142a opracowana specjalnie pod k\u0105tem potrzeb Twojego doros\u0142ego psa.<br \/>\nKarma ROYAL CANIN\u00ae Yorkshire Terrier Adult sprzyja utrzymaniu zdrowia d\u0142ugiej sier\u015bci ps\u00f3w rasy yorkshire terrier. Unikalna receptura zosta\u0142a wzbogacona w kwasy t\u0142uszczowe omega 3 (EPA i DHA) i omega 6, oraz olej z og\u00f3recznika i biotyn\u0119.<br \/>\nReceptura ROYAL CANIN\u00ae Yorkshire Terrier Adult odpowiada nawet najbardziej wybrednym psom dzi\u0119ki kombinacji wyj\u0105tkowych aromat\u00f3w zwi\u0119kszaj\u0105cych smakowito\u015b\u0107.<br \/>\nOdpowiednia higiena jamy ustnej jest szczeg\u00f3lnie wa\u017cna przy wyborze karmy dla twojego psa. Krokiety ROYAL CANIN\u00ae Yorkshire Terrier Adult sprzyjaj\u0105 ograniczaniu powstawania kamienia naz\u0119bnego dzi\u0119ki obecno\u015bci zwi\u0105zk\u00f3w wi\u0105\u017c\u0105cych wap\u0144.<br \/>\nReceptura karmy dostarcza tak\u017ce sk\u0142adniki pokarmowe wyselekcjonowane, aby wspomaga\u0107 zdrowie ps\u00f3w starszych.<br \/>\nAby zaspokoi\u0107 indywidualne preferencje ps\u00f3w karma ROYAL CANIN\u00ae Yorkshire Terrier Adult jest r\u00f3wnie\u017c dost\u0119pna w formie mokrej, jako delikatny pasztet o wysokiej smakowito\u015bci. Je\u015bli chcesz swojemu psu miesza\u0107 karm\u0119 such\u0105 i mokr\u0105 skorzystaj z naszych tabel dawkowania i upewnij si\u0119, \u017ce stosujesz w\u0142a\u015bciwe proporcje obu typ\u00f3w karm, aby uzyska\u0107 najlepsze korzy\u015bci zdrowotne.<\/p>\n<p><img decoding=\"async\" src=\"https:\/\/zooart.com.pl\/data\/include\/cms\/Zdjicia-royal\/Yorkshire-adult-dry\/Yorkshire_Adult-DRY-1.png\" \/><\/p>\n<p><img decoding=\"async\" src=\"https:\/\/zooart.com.pl\/data\/include\/cms\/Zdjicia-royal\/Yorkshire-adult-dry\/Yorkshire_Adult-DRY-2.png\" \/><\/p>\n<p><img decoding=\"async\" src=\"https:\/\/zooart.com.pl\/data\/include\/cms\/Zdjicia-royal\/Yorkshire-adult-dry\/Yorkshire_Adult-DRY-3.png\" \/><img decoding=\"async\" src=\"https:\/\/zooart.com.pl\/data\/include\/cms\/Zdjicia-royal\/Yorkshire-adult-dry\/Yorkshire_Adult-DRY-4.png\" \/><img decoding=\"async\" src=\"https:\/\/zooart.com.pl\/data\/include\/cms\/Zdjicia-royal\/Yorkshire-adult-dry\/Yorkshire_Adult-DRY-5.png\" \/><img decoding=\"async\" src=\"https:\/\/zooart.com.pl\/data\/include\/cms\/Zdjicia-royal\/Yorkshire-adult-dry\/Yorkshire_Adult-DRY-6.png\" \/><img decoding=\"async\" src=\"https:\/\/zooart.com.pl\/data\/include\/cms\/Zdjicia-royal\/Yorkshire-adult-dry\/Yorkshire_Adult-DRY-7.png\" \/><strong>SK\u0141AD:<\/strong><\/p>\n<p>suszone bia\u0142ka drobiowe, m\u0105ka kukurydziana, ry\u017c, t\u0142uszcze zwierz\u0119ce, gluten pszenny*, pszenica, kukurydza, gluten kukurydziany, hydrolizowane bia\u0142ka zwierz\u0119ce, w\u0142\u00f3kno ro\u015blinne, wys\u0142odki buraczane, minera\u0142y (w tym trifosforan pentasodowy (0,35%)), olej z ryb, olej sojowy, produkty dro\u017cd\u017cy, fruktooligosacharydy, dro\u017cd\u017ce (\u017ar\u00f3d\u0142o mannooligosacharyd\u00f3w), olej z og\u00f3recznika (0,1%), m\u0105czka z aksamitki, glukozamina uzyskana z fermentacji, hydrolizowana chrz\u0105stka (\u017ar\u00f3d\u0142o chondroityny).<\/p>\n<p><strong>DODATKI (na 1 kg karmy):<\/strong><\/p>\n<p>Witamina A: 29500 UI, Witamina D3: 800 UI, Witamina C: 300 mg, \u017belazo (3b103): 43 mg, Jod (3b201, 3b202): 4,3 mg, Mied\u017a (3b405, 3b406): 13 mg, Mangan (3b502, 3b504): 56 mg, Cynk (3b603, 3b605, 3b606): 139 mg, Selen (3b801, 3b811, 3b812): 0,09 mg<\/p>\n<p><strong>Dodatki technologiczne: <\/strong><\/p>\n<p>Klinoptylolit pochodzenia osadowego: 10 g &#8211; Konserwanty &#8211; Przeciwutleniacze. SK\u0141ADNIKI ANALITYCZNE: Bia\u0142ko surowe: 28,0% &#8211; W\u0142\u00f3kno surowe: 2,8% &#8211; Oleje i t\u0142uszcze surowe: 18,0% &#8211; Popi\u00f3\u0142 surowy: 5,1% &#8211; Kwasy t\u0142uszczowe omega-3: 0,7% &#8211; Kwasy t\u0142uszczowe omega-6: 3,4% &#8211; EPA\/DHA: 0,3% &#8211; Biotyna: 3,1 mg\/kg.<\/p>\n<p><strong>SPOS\u00d3B U\u017bYCIA:\u00a0<\/strong><\/p>\n<table border=\"2\" width=\"50%\">\n<tbody>\n<tr>\n<td align=\"center\"><small><strong class=\"link_highlight\">Waga psa<\/strong><\/small><\/td>\n<td align=\"center\"><small><strong class=\"link_highlight\">Normalna aktywno\u015b\u0107<\/strong><\/small><\/td>\n<td align=\"center\"><small><strong class=\"link_highlight\">Podwy\u017cszona aktywno\u015b\u0107<\/strong><\/small><\/td>\n<\/tr>\n<tr>\n<td align=\"center\"><strong><small>2 kg<\/small><\/strong><\/td>\n<td align=\"center\"><small>41g<\/small><\/td>\n<td align=\"center\"><small>47g<\/small><\/td>\n<\/tr>\n<tr>\n<td align=\"center\"><strong><small>3 kg<\/small><\/strong><\/td>\n<td align=\"center\"><small>55g<\/small><\/td>\n<td align=\"center\"><small>64g<\/small><\/td>\n<\/tr>\n<tr>\n<td align=\"center\"><strong><small>4 kg<\/small><\/strong><\/td>\n<td align=\"center\"><small>68g<\/small><\/td>\n<td align=\"center\"><small>79g<\/small><\/td>\n<\/tr>\n<\/tbody>\n<\/table>\n<p><strong>przed: <\/strong><\/p>\n<p>patrz data wa\u017cno\u015bci.<br \/>\nData wa\u017cno\u015bci, numer partii i numer rejestracyjny zak\u0142adu znajduj\u0105 si\u0119 na opakowaniu. Przechowywa\u0107 w suchym i ch\u0142odnym miejscu.<\/p>","protected":false},"excerpt":{"rendered":"<p>karma sucha dla doros\u0142ych ps\u00f3w rasy yorkshire terrier do 8 roku \u017cycia<\/p>\n<p>Marka: Royal Canin<\/p>\n<p><span class=\"ty-product-feature__label\">Wielko\u015b\u0107 pupila:<\/span>\u00a0Rasy ma\u0142e<\/p>\n<p>Faza \u017cycia: Doros\u0142y<\/p>","protected":false},"featured_media":7148,"comment_status":"open","ping_status":"closed","template":"","meta":{"om_disable_all_campaigns":false,"inline_featured_image":false},"product_brand":[],"product_cat":[27,97,95],"product_tag":[],"class_list":{"0":"post-7140","1":"product","2":"type-product","3":"status-publish","4":"has-post-thumbnail","6":"product_cat-dog-food","7":"product_cat-psy-rasowe","8":"product_cat-royal-canin-dog-food","10":"first","11":"outofstock","12":"taxable","13":"shipping-taxable","14":"product-type-variable","15":"has-default-attributes"},"_links":{"self":[{"href":"https:\/\/www.lanrel.pl\/pl\/wp-json\/wp\/v2\/product\/7140","targetHints":{"allow":["GET"]}}],"collection":[{"href":"https:\/\/www.lanrel.pl\/pl\/wp-json\/wp\/v2\/product"}],"about":[{"href":"https:\/\/www.lanrel.pl\/pl\/wp-json\/wp\/v2\/types\/product"}],"replies":[{"embeddable":true,"href":"https:\/\/www.lanrel.pl\/pl\/wp-json\/wp\/v2\/comments?post=7140"}],"wp:featuredmedia":[{"embeddable":true,"href":"https:\/\/www.lanrel.pl\/pl\/wp-json\/wp\/v2\/media\/7148"}],"wp:attachment":[{"href":"https:\/\/www.lanrel.pl\/pl\/wp-json\/wp\/v2\/media?parent=7140"}],"wp:term":[{"taxonomy":"product_brand","embeddable":true,"href":"https:\/\/www.lanrel.pl\/pl\/wp-json\/wp\/v2\/product_brand?post=7140"},{"taxonomy":"product_cat","embeddable":true,"href":"https:\/\/www.lanrel.pl\/pl\/wp-json\/wp\/v2\/product_cat?post=7140"},{"taxonomy":"product_tag","embeddable":true,"href":"https:\/\/www.lanrel.pl\/pl\/wp-json\/wp\/v2\/product_tag?post=7140"}],"curies":[{"name":"wp","href":"https:\/\/api.w.org\/{rel}","templated":true}]}}