{"id":7123,"date":"2025-10-05T10:54:29","date_gmt":"2025-10-05T08:54:29","guid":{"rendered":"https:\/\/lanrel.eu\/?post_type=product&#038;p=7123"},"modified":"2025-10-21T21:06:44","modified_gmt":"2025-10-21T19:06:44","slug":"royal-canin-maxi-adult-karma-sucha-dla-psow-doroslych","status":"publish","type":"product","link":"https:\/\/www.lanrel.pl\/pl\/produkt\/royal-canin-maxi-adult-karma-sucha-dla-psow-doroslych\/","title":{"rendered":"ROYAL CANIN\u00ae Maxi Adult  karma sucha dla ps\u00f3w doros\u0142ych"},"content":{"rendered":"<p><img fetchpriority=\"high\" decoding=\"async\" class=\"alignnone size-full wp-image-7136\" src=\"http:\/\/lanrel.eu\/wp-content\/uploads\/2025\/10\/7bbe08c5ed6a2743e6b4b5777dbe6440.png\" alt=\"\" width=\"2300\" height=\"660\" srcset=\"https:\/\/www.lanrel.pl\/wp-content\/uploads\/2025\/10\/7bbe08c5ed6a2743e6b4b5777dbe6440.png 2300w, https:\/\/www.lanrel.pl\/wp-content\/uploads\/2025\/10\/7bbe08c5ed6a2743e6b4b5777dbe6440-300x86.png 300w, https:\/\/www.lanrel.pl\/wp-content\/uploads\/2025\/10\/7bbe08c5ed6a2743e6b4b5777dbe6440-1024x294.png 1024w, https:\/\/www.lanrel.pl\/wp-content\/uploads\/2025\/10\/7bbe08c5ed6a2743e6b4b5777dbe6440-768x220.png 768w, https:\/\/www.lanrel.pl\/wp-content\/uploads\/2025\/10\/7bbe08c5ed6a2743e6b4b5777dbe6440-1536x441.png 1536w, https:\/\/www.lanrel.pl\/wp-content\/uploads\/2025\/10\/7bbe08c5ed6a2743e6b4b5777dbe6440-2048x588.png 2048w, https:\/\/www.lanrel.pl\/wp-content\/uploads\/2025\/10\/7bbe08c5ed6a2743e6b4b5777dbe6440-18x5.png 18w, https:\/\/www.lanrel.pl\/wp-content\/uploads\/2025\/10\/7bbe08c5ed6a2743e6b4b5777dbe6440-600x172.png 600w\" sizes=\"(max-width: 2300px) 100vw, 2300px\" \/><\/p>\n<p><img decoding=\"async\" src=\"https:\/\/fera.pl\/images\/companies\/1\/PSR_e_com_iscore_2024_SHN_Maxi_Adult_Dry_1.png?1724924455347\" alt=\"ROYAL CANIN Maxi \u6210\u4eba 10 \u516c\u65a4 karma sucha dla ps\u00f3w doros\u0142ych, do 5 roku \u017cycia, ras du\u017cych\" \/><\/p>\n<p><img decoding=\"async\" src=\"https:\/\/fera.pl\/images\/companies\/1\/PSR_e_com_iscore_2024_SHN_Maxi_Adult_Dry_2.png?1724924487515\" alt=\"ROYAL CANIN Maxi \u6210\u4eba 10 \u516c\u65a4 karma sucha dla ps\u00f3w doros\u0142ych, do 5 roku \u017cycia, ras du\u017cych\" \/><\/p>\n<p><img decoding=\"async\" src=\"https:\/\/fera.pl\/images\/companies\/1\/PSR_e_com_iscore_2024_SHN_Maxi_Adult_Dry_3.png?1724924506221\" alt=\"ROYAL CANIN Maxi \u6210\u4eba 10 \u516c\u65a4 karma sucha dla ps\u00f3w doros\u0142ych, do 5 roku \u017cycia, ras du\u017cych\" \/><\/p>\n<p><img decoding=\"async\" src=\"https:\/\/fera.pl\/images\/companies\/1\/PSR_e_com_iscore_2024_SHN_Maxi_Adult_Dry_4.png?1724924521646\" alt=\"ROYAL CANIN Maxi \u6210\u4eba 10 \u516c\u65a4 karma sucha dla ps\u00f3w doros\u0142ych, do 5 roku \u017cycia, ras du\u017cych\" \/><\/p>\n<p><img decoding=\"async\" src=\"https:\/\/fera.pl\/images\/companies\/1\/PSR_e_com_iscore_2024_SHN_Maxi_Adult_Dry_6.png?1724924643890\" alt=\"ROYAL CANIN Maxi \u6210\u4eba 10 \u516c\u65a4 karma sucha dla ps\u00f3w doros\u0142ych, do 5 roku \u017cycia, ras du\u017cych\" \/><\/p>\n<p><img decoding=\"async\" src=\"https:\/\/fera.pl\/images\/companies\/1\/PSR_e_com_iscore_2024_SHN_Maxi_Adult_Dry_7.png?1724924988485\" alt=\"ROYAL CANIN Maxi \u6210\u4eba 10 \u516c\u65a4 karma sucha dla ps\u00f3w doros\u0142ych, do 5 roku \u017cycia, ras du\u017cych\" \/><\/p>\n<p><img decoding=\"async\" src=\"https:\/\/fera.pl\/images\/companies\/1\/PSR_e_com_iscore_2024_SHN_Maxi_Adult_Dry_8.png?1724925017240\" alt=\"ROYAL CANIN Maxi \u6210\u4eba 10 \u516c\u65a4 karma sucha dla ps\u00f3w doros\u0142ych, do 5 roku \u017cycia, ras du\u017cych\" \/><\/p>","protected":false},"excerpt":{"rendered":"<p><span dir=\"auto\" style=\"vertical-align: inherit;\"><span dir=\"auto\" style=\"vertical-align: inherit;\">Karma dla ps\u00f3w ras du\u017cych masa cia\u0142a psa doros\u0142ego 26 &#8211; 45 kg &#8211; powy\u017cej 15 miesi\u0105ca do 5 roku \u017cycia\u3002<\/span><\/span><\/p>\n<p><span dir=\"auto\" style=\"vertical-align: inherit;\"><span dir=\"auto\" style=\"vertical-align: inherit;\">Marka\uff1aRoyal Canin<\/span><\/span><\/p>\n<p><span dir=\"auto\" style=\"vertical-align: inherit;\"><span dir=\"auto\" style=\"vertical-align: inherit;\">Faza \u017cycia: Doros\u0142y<\/span><\/span><\/p>\n<p><span class=\"ty-product-feature__label\"><span dir=\"auto\" style=\"vertical-align: inherit;\"><span dir=\"auto\" style=\"vertical-align: inherit;\">Rasa: Rasy du\u017ce<\/span><\/span><\/span><\/p>","protected":false},"featured_media":7126,"comment_status":"open","ping_status":"closed","template":"","meta":{"om_disable_all_campaigns":false,"inline_featured_image":false},"product_brand":[],"product_cat":[27,95],"product_tag":[],"class_list":{"0":"post-7123","1":"product","2":"type-product","3":"status-publish","4":"has-post-thumbnail","6":"product_cat-dog-food","7":"product_cat-royal-canin-dog-food","9":"first","10":"outofstock","11":"taxable","12":"shipping-taxable","13":"purchasable","14":"product-type-simple"},"_links":{"self":[{"href":"https:\/\/www.lanrel.pl\/pl\/wp-json\/wp\/v2\/product\/7123","targetHints":{"allow":["GET"]}}],"collection":[{"href":"https:\/\/www.lanrel.pl\/pl\/wp-json\/wp\/v2\/product"}],"about":[{"href":"https:\/\/www.lanrel.pl\/pl\/wp-json\/wp\/v2\/types\/product"}],"replies":[{"embeddable":true,"href":"https:\/\/www.lanrel.pl\/pl\/wp-json\/wp\/v2\/comments?post=7123"}],"wp:featuredmedia":[{"embeddable":true,"href":"https:\/\/www.lanrel.pl\/pl\/wp-json\/wp\/v2\/media\/7126"}],"wp:attachment":[{"href":"https:\/\/www.lanrel.pl\/pl\/wp-json\/wp\/v2\/media?parent=7123"}],"wp:term":[{"taxonomy":"product_brand","embeddable":true,"href":"https:\/\/www.lanrel.pl\/pl\/wp-json\/wp\/v2\/product_brand?post=7123"},{"taxonomy":"product_cat","embeddable":true,"href":"https:\/\/www.lanrel.pl\/pl\/wp-json\/wp\/v2\/product_cat?post=7123"},{"taxonomy":"product_tag","embeddable":true,"href":"https:\/\/www.lanrel.pl\/pl\/wp-json\/wp\/v2\/product_tag?post=7123"}],"curies":[{"name":"wp","href":"https:\/\/api.w.org\/{rel}","templated":true}]}}