{"id":7099,"date":"2025-09-26T15:10:09","date_gmt":"2025-09-26T13:10:09","guid":{"rendered":"https:\/\/lanrel.eu\/?post_type=product&#038;p=7099"},"modified":"2026-02-03T19:48:08","modified_gmt":"2026-02-03T18:48:08","slug":"fukumaru-mixed-cat-litter-neroli-scent-2-7-kg-6-lb","status":"publish","type":"product","link":"https:\/\/www.lanrel.pl\/pl\/produkt\/fukumaru-mixed-cat-litter-neroli-scent-2-7-kg-6-lb\/","title":{"rendered":"FUKUMARU Mieszany \u017bwirek Dla Kota (O Zapachu Neroli) 2.7 kg\/6 LB"},"content":{"rendered":"<h1>G\u0142o\u0301wne cechy:<\/h1>\n<p><img fetchpriority=\"high\" decoding=\"async\" class=\"alignnone size-full wp-image-7108\" src=\"http:\/\/lanrel.eu\/wp-content\/uploads\/2025\/09\/0586f0482294acda884d3c35636fa446.png\" alt=\"\" width=\"2140\" height=\"1504\" srcset=\"https:\/\/www.lanrel.pl\/wp-content\/uploads\/2025\/09\/0586f0482294acda884d3c35636fa446.png 2140w, https:\/\/www.lanrel.pl\/wp-content\/uploads\/2025\/09\/0586f0482294acda884d3c35636fa446-300x211.png 300w, https:\/\/www.lanrel.pl\/wp-content\/uploads\/2025\/09\/0586f0482294acda884d3c35636fa446-1024x720.png 1024w, https:\/\/www.lanrel.pl\/wp-content\/uploads\/2025\/09\/0586f0482294acda884d3c35636fa446-768x540.png 768w, https:\/\/www.lanrel.pl\/wp-content\/uploads\/2025\/09\/0586f0482294acda884d3c35636fa446-1536x1080.png 1536w, https:\/\/www.lanrel.pl\/wp-content\/uploads\/2025\/09\/0586f0482294acda884d3c35636fa446-2048x1439.png 2048w, https:\/\/www.lanrel.pl\/wp-content\/uploads\/2025\/09\/0586f0482294acda884d3c35636fa446-18x12.png 18w, https:\/\/www.lanrel.pl\/wp-content\/uploads\/2025\/09\/0586f0482294acda884d3c35636fa446-600x422.png 600w\" sizes=\"(max-width: 2140px) 100vw, 2140px\" \/><\/p>\n<h1>Opis produktu<\/h1>\n<p><img decoding=\"async\" class=\"alignnone size-full wp-image-7101\" src=\"http:\/\/lanrel.eu\/wp-content\/uploads\/2025\/09\/2-scaled.jpg\" alt=\"\" width=\"2560\" height=\"1049\" srcset=\"https:\/\/www.lanrel.pl\/wp-content\/uploads\/2025\/09\/2-scaled.jpg 2560w, https:\/\/www.lanrel.pl\/wp-content\/uploads\/2025\/09\/2-300x123.jpg 300w, https:\/\/www.lanrel.pl\/wp-content\/uploads\/2025\/09\/2-1024x420.jpg 1024w, https:\/\/www.lanrel.pl\/wp-content\/uploads\/2025\/09\/2-768x315.jpg 768w, https:\/\/www.lanrel.pl\/wp-content\/uploads\/2025\/09\/2-1536x630.jpg 1536w, https:\/\/www.lanrel.pl\/wp-content\/uploads\/2025\/09\/2-2048x839.jpg 2048w, https:\/\/www.lanrel.pl\/wp-content\/uploads\/2025\/09\/2-18x7.jpg 18w, https:\/\/www.lanrel.pl\/wp-content\/uploads\/2025\/09\/2-600x246.jpg 600w\" sizes=\"(max-width: 2560px) 100vw, 2560px\" \/><\/p>\n<p><img decoding=\"async\" class=\"size-full wp-image-7102 aligncenter\" src=\"http:\/\/lanrel.eu\/wp-content\/uploads\/2025\/09\/3-scaled.jpg\" alt=\"\" width=\"2560\" height=\"1049\" srcset=\"https:\/\/www.lanrel.pl\/wp-content\/uploads\/2025\/09\/3-scaled.jpg 2560w, https:\/\/www.lanrel.pl\/wp-content\/uploads\/2025\/09\/3-300x123.jpg 300w, https:\/\/www.lanrel.pl\/wp-content\/uploads\/2025\/09\/3-1024x420.jpg 1024w, https:\/\/www.lanrel.pl\/wp-content\/uploads\/2025\/09\/3-768x315.jpg 768w, https:\/\/www.lanrel.pl\/wp-content\/uploads\/2025\/09\/3-1536x630.jpg 1536w, https:\/\/www.lanrel.pl\/wp-content\/uploads\/2025\/09\/3-2048x839.jpg 2048w, https:\/\/www.lanrel.pl\/wp-content\/uploads\/2025\/09\/3-18x7.jpg 18w, https:\/\/www.lanrel.pl\/wp-content\/uploads\/2025\/09\/3-600x246.jpg 600w\" sizes=\"(max-width: 2560px) 100vw, 2560px\" \/><\/p>\n<p><img loading=\"lazy\" decoding=\"async\" class=\"alignnone size-full wp-image-7103\" src=\"http:\/\/lanrel.eu\/wp-content\/uploads\/2025\/09\/4-scaled.jpg\" alt=\"\" width=\"2560\" height=\"1049\" srcset=\"https:\/\/www.lanrel.pl\/wp-content\/uploads\/2025\/09\/4-scaled.jpg 2560w, https:\/\/www.lanrel.pl\/wp-content\/uploads\/2025\/09\/4-300x123.jpg 300w, https:\/\/www.lanrel.pl\/wp-content\/uploads\/2025\/09\/4-1024x420.jpg 1024w, https:\/\/www.lanrel.pl\/wp-content\/uploads\/2025\/09\/4-768x315.jpg 768w, https:\/\/www.lanrel.pl\/wp-content\/uploads\/2025\/09\/4-1536x630.jpg 1536w, https:\/\/www.lanrel.pl\/wp-content\/uploads\/2025\/09\/4-2048x839.jpg 2048w, https:\/\/www.lanrel.pl\/wp-content\/uploads\/2025\/09\/4-18x7.jpg 18w, https:\/\/www.lanrel.pl\/wp-content\/uploads\/2025\/09\/4-600x246.jpg 600w\" sizes=\"(max-width: 2560px) 100vw, 2560px\" \/><\/p>\n<p><img loading=\"lazy\" decoding=\"async\" class=\"alignnone size-full wp-image-7104\" src=\"http:\/\/lanrel.eu\/wp-content\/uploads\/2025\/09\/5-scaled.jpg\" alt=\"\" width=\"2560\" height=\"1049\" srcset=\"https:\/\/www.lanrel.pl\/wp-content\/uploads\/2025\/09\/5-scaled.jpg 2560w, https:\/\/www.lanrel.pl\/wp-content\/uploads\/2025\/09\/5-300x123.jpg 300w, https:\/\/www.lanrel.pl\/wp-content\/uploads\/2025\/09\/5-1024x420.jpg 1024w, https:\/\/www.lanrel.pl\/wp-content\/uploads\/2025\/09\/5-768x315.jpg 768w, https:\/\/www.lanrel.pl\/wp-content\/uploads\/2025\/09\/5-1536x630.jpg 1536w, https:\/\/www.lanrel.pl\/wp-content\/uploads\/2025\/09\/5-2048x839.jpg 2048w, https:\/\/www.lanrel.pl\/wp-content\/uploads\/2025\/09\/5-18x7.jpg 18w, https:\/\/www.lanrel.pl\/wp-content\/uploads\/2025\/09\/5-600x246.jpg 600w\" sizes=\"(max-width: 2560px) 100vw, 2560px\" \/><\/p>\n<p><img loading=\"lazy\" decoding=\"async\" class=\"alignnone size-full wp-image-7105\" src=\"http:\/\/lanrel.eu\/wp-content\/uploads\/2025\/09\/7-scaled.jpg\" alt=\"\" width=\"2560\" height=\"1049\" srcset=\"https:\/\/www.lanrel.pl\/wp-content\/uploads\/2025\/09\/7-scaled.jpg 2560w, https:\/\/www.lanrel.pl\/wp-content\/uploads\/2025\/09\/7-300x123.jpg 300w, https:\/\/www.lanrel.pl\/wp-content\/uploads\/2025\/09\/7-1024x420.jpg 1024w, https:\/\/www.lanrel.pl\/wp-content\/uploads\/2025\/09\/7-768x315.jpg 768w, https:\/\/www.lanrel.pl\/wp-content\/uploads\/2025\/09\/7-1536x630.jpg 1536w, https:\/\/www.lanrel.pl\/wp-content\/uploads\/2025\/09\/7-2048x839.jpg 2048w, https:\/\/www.lanrel.pl\/wp-content\/uploads\/2025\/09\/7-18x7.jpg 18w, https:\/\/www.lanrel.pl\/wp-content\/uploads\/2025\/09\/7-600x246.jpg 600w\" sizes=\"(max-width: 2560px) 100vw, 2560px\" \/><\/p>\n<p>&nbsp;<\/p>","protected":false},"excerpt":{"rendered":"<p>Informacje o produkcie:<\/p>\n<p>Dla jakiego pupila: Kot<\/p>\n<p>Scent: Neroli<\/p>\n<p>Faza \u017cycia: Wszystkie etapy \u017cycia<\/p>\n<p>Kraj pochodzenia: Chiny<\/p>\n<p>Waga: 2.7 kg \/ 6 LB<\/p>\n<p>Zawarto\u015b\u0107: \u017cwirek tofu mieszany<\/p>\n<p>Sk\u0142adniki<\/p>\n<div class=\"page\" title=\"Page 7\">\n<div class=\"layoutArea\">\n<div class=\"column\">\n<p>70% tofu<\/p>\n<\/div>\n<\/div>\n<\/div>\n<div class=\"page\" title=\"Page 7\">\n<div class=\"layoutArea\">\n<div class=\"column\">\n<p>30% naturalnej glinki sodowej importowanej z Turcji<\/p>\n<\/div>\n<\/div>\n<\/div>\n<p>Okres przechowywania: 2 lata<\/p>","protected":false},"featured_media":8597,"comment_status":"open","ping_status":"closed","template":"","meta":{"om_disable_all_campaigns":false,"inline_featured_image":false},"product_brand":[],"product_cat":[37],"product_tag":[],"class_list":{"0":"post-7099","1":"product","2":"type-product","3":"status-publish","4":"has-post-thumbnail","6":"product_cat-fukumaru","8":"first","9":"outofstock","10":"sale","11":"taxable","12":"shipping-taxable","13":"purchasable","14":"product-type-variable","15":"has-default-attributes"},"_links":{"self":[{"href":"https:\/\/www.lanrel.pl\/pl\/wp-json\/wp\/v2\/product\/7099","targetHints":{"allow":["GET"]}}],"collection":[{"href":"https:\/\/www.lanrel.pl\/pl\/wp-json\/wp\/v2\/product"}],"about":[{"href":"https:\/\/www.lanrel.pl\/pl\/wp-json\/wp\/v2\/types\/product"}],"replies":[{"embeddable":true,"href":"https:\/\/www.lanrel.pl\/pl\/wp-json\/wp\/v2\/comments?post=7099"}],"wp:featuredmedia":[{"embeddable":true,"href":"https:\/\/www.lanrel.pl\/pl\/wp-json\/wp\/v2\/media\/8597"}],"wp:attachment":[{"href":"https:\/\/www.lanrel.pl\/pl\/wp-json\/wp\/v2\/media?parent=7099"}],"wp:term":[{"taxonomy":"product_brand","embeddable":true,"href":"https:\/\/www.lanrel.pl\/pl\/wp-json\/wp\/v2\/product_brand?post=7099"},{"taxonomy":"product_cat","embeddable":true,"href":"https:\/\/www.lanrel.pl\/pl\/wp-json\/wp\/v2\/product_cat?post=7099"},{"taxonomy":"product_tag","embeddable":true,"href":"https:\/\/www.lanrel.pl\/pl\/wp-json\/wp\/v2\/product_tag?post=7099"}],"curies":[{"name":"wp","href":"https:\/\/api.w.org\/{rel}","templated":true}]}}