{"id":6836,"date":"2025-04-11T09:57:10","date_gmt":"2025-04-11T07:57:10","guid":{"rendered":"https:\/\/lanrel.eu\/?post_type=product&#038;p=6836"},"modified":"2025-10-21T20:39:49","modified_gmt":"2025-10-21T18:39:49","slug":"royal-canin-boxer-adult-karma-sucha-dla-psow-doroslych-rasy-bokser","status":"publish","type":"product","link":"https:\/\/www.lanrel.pl\/pl\/produkt\/royal-canin-boxer-adult-karma-sucha-dla-psow-doroslych-rasy-bokser\/","title":{"rendered":"ROYAL CANIN\u00ae Boxer Adult karma sucha dla ps\u00f3w doros\u0142ych rasy bokser  12 kg"},"content":{"rendered":"<p><img fetchpriority=\"high\" decoding=\"async\" class=\"aligncenter\" src=\"https:\/\/perfectpg.pl\/2019\/boxer-adult\/general\/img\/main-baner.png\" width=\"495\" height=\"566\" \/><\/p>\n<h4>Zalety:<\/h4>\n<ul>\n<li>Idealna masa mi\u0119\u015bniowa<\/li>\n<li>Zdrowa praca serca<\/li>\n<li>Kompleks przeciwutleniaczy<\/li>\n<li>Specjalnie opracowany krokiet: brachycefaliczna budowa<\/li>\n<\/ul>\n<p><strong>\u00a0<\/strong><\/p>\n<p>Boksery to psy pewne siebie, radosne i inteligentne. Charakteryzuj\u0105 si\u0119 niezwykle atletyczn\u0105 budow\u0105 cia\u0142a. Poniewa\u017c ka\u017cda rasa ps\u00f3w ma swoje wyj\u0105tkowe potrzeby \u017cywieniowe, nale\u017cy wybra\u0107 karm\u0119, kt\u00f3ra pomo\u017ce im utrzyma\u0107 zdrowie oraz idealn\u0105 kondycj\u0119.<img decoding=\"async\" class=\"aligncenter\" src=\"https:\/\/perfectpg.pl\/2019\/boxer-adult\/general\/img\/diet-diagram.png\" alt=\"ROYAL CANIN Boxer Adult karma sucha dla ps\u00f3w doros\u0142ych rasy bokser 12 kg\" \/><\/p>\n<p>&nbsp;<\/p>\n<p>Karma ROYAL CANIN\u00ae Boxer Adult zosta\u0142a opracowana specjalnie dla doros\u0142ych ps\u00f3w, powy\u017cej 15 miesi\u0105ca \u017cycia, rasy bokser.<\/p>\n<p>Psy rasy bokser znane s\u0105 z zami\u0142owania do ruchu i wszelkich aktywno\u015bci. Dlatego potrzebuj\u0105 diety, kt\u00f3ra pokryje ich wysokie potrzeby \u017cywieniowe.<\/p>\n<p>Receptura karmy ROYAL CANIN\u00ae Boxer Adult charakteryzuje si\u0119 odpowiednio dostosowanym poziomem bia\u0142ka, co sprzyja utrzymaniu masy mi\u0119\u015bniowej, a tak\u017ce dodatkiem L-karnityny.<\/p>\n<p>Ponadto karma ROYAL CANIN\u00ae Boxer Adult zawiera tauryn\u0119 oraz kwasy t\u0142uszczowe EPA i DHA, co sprzyja prawid\u0142owemu funkcjonowaniu serca. Opatentowany kompleks przeciwutleniaczy wspomaga ochron\u0119 kom\u00f3rek przed dzia\u0142aniem wolnych rodnik\u00f3w.<\/p>\n<p>Krokiety karmy ROYAL CANIN\u00ae Boxer Adult dostosowane s\u0105 do brachycefalicznej budowy ps\u00f3w rasy bokser. Z powodu budowy czaszki psy tej rasy mog\u0105 mie\u0107 trudno\u015b\u0107 w uchwyceniu karmy.<\/p>\n<p>Specjalnie opracowane krokiety karmy ROYAL CANIN\u00ae Boxer Adult u\u0142atwiaj\u0105 psom uchwycenie karmy oraz zach\u0119caj\u0105 do d\u0142u\u017cszego rozgryzania pokarmu.<\/p>\n<p>Misj\u0105 ROYAL CANIN\u00ae jest zapewnianie rozwi\u0105za\u0144 \u017cywieniowych dostosowanych do potrzeb zwierz\u0105t. Wszystkie nasze produkty przechodz\u0105 liczne kontrole jako\u015bci, aby sprosta\u0107 najwy\u017cszym standardom marki i dostarczy\u0107 psu pokarm dostosowany do jego potrzeb \u017cywieniowych i trybu \u017cycia. ROYAL CANIN\u00ae Bokser Adult jest karm\u0105 pe\u0142noporcjow\u0105.<\/p>\n<p><strong>SK\u0141AD:<\/strong><\/p>\n<p>ry\u017c,\u00a0t\u0142uszcze zwierz\u0119ce,\u00a0suszone bia\u0142ka drobiowe,\u00a0kukurydza,\u00a0gluten pszenny*,\u00a0suszone bia\u0142ka wieprzowe,\u00a0hydrolizowane bia\u0142ka zwierz\u0119ce,\u00a0w\u0142\u00f3kno ro\u015blinne,\u00a0minera\u0142y,\u00a0wys\u0142odki buraczane,\u00a0olej sojowy,\u00a0olej z ryb,\u00a0olej koprowy,\u00a0suszona pulpa pomidorowa (\u017ar\u00f3d\u0142o likopenu),\u00a0dro\u017cd\u017ce (\u017ar\u00f3d\u0142o mannooligosacharyd\u00f3w),\u00a0glukozamina uzyskana z fermentacji,\u00a0m\u0105czka z aksamitki,\u00a0hydrolizowana chrz\u0105stka (\u017ar\u00f3d\u0142o chondroityny).<\/p>\n<h4><strong>DODATKI\u00a0<\/strong>(na 1 kg karmy):<\/h4>\n<p>Witamina A: 27400 UI, Witamina D3: 731 UI, Tauryna: 2,3 g, \u017belazo (3b103): 48 mg, Jod (3b201, 3b202): 4,8 mg, Mied\u017a (3b405, 3b406): 15 mg, Mangan (3b502, 3b504): 63 mg, Cynk (3b603, 3b605, 3b606): 142 mg, Selen (3b801, 3b811, 3b812): 0,11 mg &#8211; Dodatki technologiczne: Klinoptylolit pochodzenia osadowego: 10 g &#8211; Konserwanty &#8211; Przeciwutleniacze.<\/p>\n<p><strong>SK\u0141ADNIKI ANALITYCZNE:<\/strong><\/p>\n<p>Bia\u0142ko surowe:\u00a026,0%\u00a0&#8211;\u00a0W\u0142\u00f3kno surowe:\u00a02,4%\u00a0&#8211;\u00a0Oleje i t\u0142uszcze surowe:\u00a020,0%\u00a0&#8211;\u00a0Popi\u00f3\u0142 surowy:\u00a05,9%\u00a0&#8211;\u00a0EPA\/DHA:\u00a00,34%\u00a0&#8211;\u00a0L-karnityna:\u00a0840\u00a0mg\/kg<\/p>\n<p><strong>SPOS\u00d3B U\u017bYCIA:<\/strong> patrz tabela.\u00a0Najlepiej wykorzysta\u0107 przed: patrz data wa\u017cno\u015bci. Data wa\u017cno\u015bci, numer partii i numer rejestracyjny zak\u0142adu znajduj\u0105 si\u0119 na opakowaniu.\u00a0Przechowywa\u0107 w suchym i ch\u0142odnym miejscu.<\/p>\n<p>*L.I.P.: bia\u0142ko wyselekcjonowane ze wzgl\u0119du na bardzo wysok\u0105 strawno\u015b\u0107.<\/p>\n<table>\n<thead>\n<tr>\n<td><strong>Waga psa<\/strong><\/td>\n<td><strong>Niska aktywno\u015b\u0107 (dawka dzienna)<\/strong><\/td>\n<td><strong>\u015arednia aktywno\u015b\u0107 (dawka dzienna)<\/strong><\/td>\n<td><strong>Wysoka aktywno\u015b\u0107 (dawka dzienna)<\/strong><\/td>\n<\/tr>\n<\/thead>\n<tbody>\n<tr>\n<td>24 kg<\/td>\n<td>256 g<\/td>\n<td>336 g<\/td>\n<td>390 g<\/td>\n<\/tr>\n<tr>\n<td>25 kg<\/td>\n<td>264 g<\/td>\n<td>347 g<\/td>\n<td>402 g<\/td>\n<\/tr>\n<tr>\n<td>26 kg<\/td>\n<td>271 g<\/td>\n<td>357 g<\/td>\n<td>414 g<\/td>\n<\/tr>\n<tr>\n<td>27 kg<\/td>\n<td>279 g<\/td>\n<td>367 g<\/td>\n<td>426 g<\/td>\n<\/tr>\n<tr>\n<td>28 kg<\/td>\n<td>287 g<\/td>\n<td>378 g<\/td>\n<td>438 g<\/td>\n<\/tr>\n<tr>\n<td>29 kg<\/td>\n<td>295 g<\/td>\n<td>388 g<\/td>\n<td>450 g<\/td>\n<\/tr>\n<tr>\n<td>30 kg<\/td>\n<td>302 g<\/td>\n<td>398 g<\/td>\n<td>461 g<\/td>\n<\/tr>\n<tr>\n<td>31 kg<\/td>\n<td>310 g<\/td>\n<td>408 g<\/td>\n<td>473 g<\/td>\n<\/tr>\n<tr>\n<td>32 kg<\/td>\n<td>317 g<\/td>\n<td>417 g<\/td>\n<td>484 g<\/td>\n<\/tr>\n<tr>\n<td>33 kg<\/td>\n<td>325 g<\/td>\n<td>427 g<\/td>\n<td>496 g<\/td>\n<\/tr>\n<tr>\n<td>34 kg<\/td>\n<td>332 g<\/td>\n<td>437 g<\/td>\n<td>507 g<\/td>\n<\/tr>\n<tr>\n<td>35 kg<\/td>\n<td>339 g<\/td>\n<td>446 g<\/td>\n<td>518 g<\/td>\n<\/tr>\n<tr>\n<td>36 kg<\/td>\n<td>347 g<\/td>\n<td>456 g<\/td>\n<td>529 g<\/td>\n<\/tr>\n<tr>\n<td>37 kg<\/td>\n<td>354 g<\/td>\n<td>465 g<\/td>\n<td>540 g<\/td>\n<\/tr>\n<tr>\n<td>38 kg<\/td>\n<td>361 g<\/td>\n<td>475 g<\/td>\n<td>551 g<\/td>\n<\/tr>\n<\/tbody>\n<\/table>\n<p>&nbsp;<\/p>\n<p>*L.I.P.: bia\u0142ko wyselekcjonowane ze wzgl\u0119du na bardzo wysok\u0105 strawno\u015b\u0107.<\/p>","protected":false},"excerpt":{"rendered":"<p>Sucha karma dla doros\u0142ych ps\u00f3w od 15 miesi\u0105ca \u017cycia rasy Boxer.<\/p>\n<p>Marka: Royal Canin<\/p>\n<p>Faza \u017cycia: Doros\u0142y<\/p>","protected":false},"featured_media":6844,"comment_status":"open","ping_status":"closed","template":"","meta":{"om_disable_all_campaigns":false,"inline_featured_image":false},"product_brand":[],"product_cat":[27,97,95],"product_tag":[],"class_list":{"0":"post-6836","1":"product","2":"type-product","3":"status-publish","4":"has-post-thumbnail","6":"product_cat-dog-food","7":"product_cat-psy-rasowe","8":"product_cat-royal-canin-dog-food","10":"first","11":"outofstock","12":"taxable","13":"shipping-taxable","14":"purchasable","15":"product-type-simple"},"_links":{"self":[{"href":"https:\/\/www.lanrel.pl\/pl\/wp-json\/wp\/v2\/product\/6836","targetHints":{"allow":["GET"]}}],"collection":[{"href":"https:\/\/www.lanrel.pl\/pl\/wp-json\/wp\/v2\/product"}],"about":[{"href":"https:\/\/www.lanrel.pl\/pl\/wp-json\/wp\/v2\/types\/product"}],"replies":[{"embeddable":true,"href":"https:\/\/www.lanrel.pl\/pl\/wp-json\/wp\/v2\/comments?post=6836"}],"wp:featuredmedia":[{"embeddable":true,"href":"https:\/\/www.lanrel.pl\/pl\/wp-json\/wp\/v2\/media\/6844"}],"wp:attachment":[{"href":"https:\/\/www.lanrel.pl\/pl\/wp-json\/wp\/v2\/media?parent=6836"}],"wp:term":[{"taxonomy":"product_brand","embeddable":true,"href":"https:\/\/www.lanrel.pl\/pl\/wp-json\/wp\/v2\/product_brand?post=6836"},{"taxonomy":"product_cat","embeddable":true,"href":"https:\/\/www.lanrel.pl\/pl\/wp-json\/wp\/v2\/product_cat?post=6836"},{"taxonomy":"product_tag","embeddable":true,"href":"https:\/\/www.lanrel.pl\/pl\/wp-json\/wp\/v2\/product_tag?post=6836"}],"curies":[{"name":"wp","href":"https:\/\/api.w.org\/{rel}","templated":true}]}}