{"id":6826,"date":"2025-02-25T04:27:07","date_gmt":"2025-02-25T03:27:07","guid":{"rendered":"https:\/\/lanrel.eu\/?post_type=product&#038;p=6826"},"modified":"2025-10-21T20:35:45","modified_gmt":"2025-10-21T18:35:45","slug":"royal-canin-beagle-adult-karma-sucha-dla-psow-doroslych-rasy-beagle","status":"publish","type":"product","link":"https:\/\/www.lanrel.pl\/pl\/produkt\/royal-canin-beagle-adult-karma-sucha-dla-psow-doroslych-rasy-beagle\/","title":{"rendered":"ROYAL CANIN\u00ae   Beagle Adult karma sucha dla ps\u00f3w doros\u0142ych rasy beagle 12 kg"},"content":{"rendered":"<p><img fetchpriority=\"high\" decoding=\"async\" class=\"aligncenter\" src=\"https:\/\/perfectpg.pl\/2019\/beagle-adult\/general\/img\/main-baner.png\" width=\"509\" height=\"656\" \/><\/p>\n<p>Psy rasy beagle s\u0105 radosne i inteligentne, dlatego wiele os\u00f3b decyduje si\u0119 w\u0142a\u015bnie na t\u0119 ras\u0119. Aby utrzyma\u0107 optymaln\u0105 mas\u0119 cia\u0142a u doros\u0142ego psa rasy beagle, nale\u017cy wybra\u0107 odpowiedni\u0105 karm\u0119.<\/p>\n<p>Karma ROYAL CANIN\u00ae Beagle Adult zosta\u0142a opracowana specjalnie dla doros\u0142ych ps\u00f3w, powy\u017cej 12 miesi\u0105ca \u017cycia, rasy beagle.<\/p>\n<p>Psy rasy beagle, tak samo jak wiele innych u\u017cytkowych ras, znane s\u0105 z czasem nadmiernego apetytu i tendencji do rozwoju nadwagi.<\/p>\n<p>Karma ROYAL CANIN\u00ae Beagle Adult pomaga utrzyma\u0107 idealn\u0105 mas\u0119 cia\u0142a, dzi\u0119ki umiarkowanemu poziomowi energii. Unikalna kombinacja w\u0142\u00f3kna zapewnia uczucie syto\u015bci, sprzyja prawid\u0142owemu trawieniu oraz odpowiedniej jako\u015bci odchod\u00f3w.<\/p>\n<p>Specjalnie opracowane krokiety karmy ROYAL CANIN\u00ae Beagle Adult sprzyjaj\u0105 spowolnieniu tempa jedzenia oraz zach\u0119caj\u0105 psa do \u017cucia karmy.<\/p>\n<p>Beagle to silny pies, o mocnej i atletycznej budowie, kr\u00f3tkiej i l\u015bni\u0105cej sier\u015bci, podkre\u015blaj\u0105cej jego muskulatur\u0119. Psy rasy beagle s\u0105 aktywnym uczestnikiem \u017cycia domowego, a tak\u017ce niezwyk\u0142ym entuzjastami wszelkich aktywno\u015bci, zw\u0142aszcza na \u015bwie\u017cym powietrzu.<\/p>\n<p>Nale\u017cy wspiera\u0107 ich ko\u015bci i stawy, wybieraj\u0105c karm\u0119 dostarczaj\u0105c\u0105 odpowiednie sk\u0142adniki pokarmowe.<\/p>\n<p>Dlatego karma ROYAL CANIN\u00ae Beagle Adult wzbogacona zosta\u0142a o kwasy t\u0142uszczowe omega 3, takie jak EPA i DHA, kt\u00f3re pomagaj\u0105 chroni\u0107 stawy i ko\u015bci ps\u00f3w rasy beagle.<\/p>\n<p>Misj\u0105 ROYAL CANIN\u00ae jest zapewnianie rozwi\u0105za\u0144 \u017cywieniowych dostosowanych do potrzeb zwierz\u0105t. Wszystkie nasze produkty przechodz\u0105 liczne kontrole jako\u015bci, aby sprosta\u0107 najwy\u017cszym standardom marki i dostarczy\u0107 psu pokarm dostosowany do jego potrzeb \u017cywieniowych i trybu \u017cycia. ROYAL CANIN\u00ae Beagle Adult jest karm\u0105 pe\u0142noporcjow\u0105.<\/p>\n<p><strong>Zalety:<\/strong><\/p>\n<p style=\"padding-left: 40px;\"><strong>Prawid\u0142owa masa cia\u0142a\uff1a<\/strong><\/p>\n<p style=\"padding-left: 40px;\">Psy rasy beagle maj\u0105 tendencj\u0119 do nadwagi. Receptura karmy dzi\u0119ki odpowiedniemu poziomowi kalorii sprzyja utrzymaniu prawid\u0142owej masy cia\u0142a u ps\u00f3w rasy beagle.<\/p>\n<p style=\"padding-left: 40px;\"><strong>Kontrola ilo\u015bci spo\u017cywanej karmy\uff1a<\/strong><\/p>\n<p style=\"padding-left: 40px;\">Unikalny kszta\u0142t krokieta zmniejsza tempo jedzenia i zach\u0119ca do rozgryzania karmy. Receptura zawiera optymalna kombinacj\u0119 w\u0142\u00f3kna pokarmowego.<\/p>\n<p style=\"padding-left: 40px;\"><strong>Wspomaganie ko\u015bci i staw\u00f3w\uff1a<\/strong><\/p>\n<div class=\"sc-fqkvVR grmmWd\" data-qa=\"product-benefits-item\">\n<div class=\"sc-dcJsrY dwHOrx\">\n<p class=\"sc-gsFSXq eusNcO\" style=\"padding-left: 40px;\" data-qa=\"product-benefits-item-text\">Specyficzna receptura wspomaga zdrowie ko\u015bci i staw\u00f3w oraz utrzymanie prawid\u0142owej masy cia\u0142a. Karma Wzbogacona w kwasy t\u0142uszczowe EPA i DHA.<\/p>\n<\/div>\n<\/div>\n<p style=\"padding-left: 40px;\"><strong>Specjalnie opracowany krokiet\uff1a<\/strong><\/p>\n<p style=\"padding-left: 40px;\">Kszta\u0142t, wielko\u015b\u0107 i tekstura krokieta zosta\u0142y specjalnie dostosowane do potrzeb ps\u00f3w rasy beagle.<\/p>\n<p>&nbsp;<\/p>\n<p><strong>WARTO\u015aCI OD\u017bYWCZE<\/strong><\/p>\n<p>&nbsp;<\/p>\n<p><img decoding=\"async\" class=\"\" src=\"https:\/\/perfectpg.pl\/2019\/beagle-adult\/general\/img\/diet-diagram.png\" width=\"578\" height=\"369\" \/>\u00a0 \u00a0 \u00a0 \u00a0 \u00a0 \u00a0 \u00a0 \u00a0 \u00a0 \u00a0 \u00a0 \u00a0 \u00a0 \u00a0 \u00a0 \u00a0\u00a0 <img decoding=\"async\" class=\"\" src=\"https:\/\/perfectpg.pl\/2019\/beagle-adult\/general\/img\/diet-baner.png\" width=\"376\" height=\"480\" \/><\/p>\n<p>&nbsp;<\/p>\n<p><strong>SK\u0141AD: <\/strong><\/p>\n<p>suszone bia\u0142ka drobiowe, kukurydza, ry\u017c, pszenica, hydrolizowane bia\u0142ka zwierz\u0119ce, t\u0142uszcze zwierz\u0119ce, gluten kukurydziany, w\u0142\u00f3kno ro\u015blinne, gluten pszenny*, wys\u0142odki buraczane, minera\u0142y, olej z ryb, produkty dro\u017cd\u017cy, \u0142uski i nasiona psyllium, olej sojowy, fruktooligosacharydy, dro\u017cd\u017ce (\u017ar\u00f3d\u0142o mannooligosacharyd\u00f3w), olej z og\u00f3recznika, glukozamina uzyskana z fermentacji, m\u0105czka z aksamitki, hydrolizowana chrz\u0105stka (\u017ar\u00f3d\u0142o chondroityny). *L.I.P.: bia\u0142ko wyselekcjonowane ze wzgl\u0119du na bardzo wysok\u0105 strawno\u015b\u0107.<\/p>\n<p><strong>DODATKI (na 1 kg karmy): <\/strong><\/p>\n<p>Dodatki dietetyczne: Witamina A: 28500 UI, Witamina D3: 763 UI, \u017belazo (3b103): 42 mg, Jod (3b201, 3b202): 4,2 mg, Mied\u017a (3b405, 3b406): 13 mg, Mangan (3b502, 3b504): 54 mg, Cynk (3b603, 3b605, 3b606): 135 mg, Selen (3b801, 3b811, 3b812): 0,09 mg &#8211; Dodatki technologiczne: Klinoptylolit pochodzenia osadowego: 10 g &#8211; Konserwanty &#8211; Przeciwutleniacze.<\/p>\n<p><strong>SK\u0141ADNIKI ANALITYCZNE: <\/strong><\/p>\n<p>Bia\u0142ko surowe: 27,0% &#8211; W\u0142\u00f3kno surowe: 3,7% &#8211; Oleje i t\u0142uszcze surowe: 12,0% &#8211; Popi\u00f3\u0142 surowy: 6,3% &#8211; EPA\/DHA: 0,3%.<\/p>\n<p><strong>SPOS\u00d3B U\u017bYCIA: <\/strong><\/p>\n<p>patrz tabela. Najlepiej wykorzysta\u0107 przed: patrz data wa\u017cno\u015bci. Data wa\u017cno\u015bci, numer partii i numer rejestracyjny zak\u0142adu znajduj\u0105 si\u0119 na opakowaniu. Przechowywa\u0107 w suchym i ch\u0142odnym miejscu.<\/p>\n<table style=\"height: 746px;\" width=\"1146\">\n<thead>\n<tr>\n<td>\n<p style=\"text-align: center;\"><strong>Waga psa<\/strong><\/p>\n<\/td>\n<td style=\"text-align: center;\"><strong>Niska aktywno\u015b\u0107 (dawka dzienna)<\/strong><\/td>\n<td style=\"text-align: center;\"><strong>\u015arednia aktywno\u015b\u0107 (dawka dzienna)<\/strong><\/td>\n<td style=\"text-align: center;\"><strong>Wysoka aktywno\u015b\u0107 ( dawka dzienna)<\/strong><\/td>\n<\/tr>\n<\/thead>\n<tbody>\n<tr>\n<td>\n<p style=\"text-align: center;\">10 kg<\/p>\n<\/td>\n<td style=\"text-align: center;\">149 g<\/td>\n<td style=\"text-align: center;\">173 g<\/td>\n<td style=\"text-align: center;\">196 g<\/td>\n<\/tr>\n<tr>\n<td>\n<p style=\"text-align: center;\">11 kg<\/p>\n<\/td>\n<td style=\"text-align: center;\">160 g<\/td>\n<td style=\"text-align: center;\">185 g<\/td>\n<td style=\"text-align: center;\">211 g<\/td>\n<\/tr>\n<tr>\n<td style=\"text-align: center;\">12 kg<\/td>\n<td style=\"text-align: center;\">171 g<\/td>\n<td style=\"text-align: center;\">198 g<\/td>\n<td>\n<p style=\"text-align: center;\">225 g<\/p>\n<\/td>\n<\/tr>\n<tr>\n<td>\n<p style=\"text-align: center;\">13 kg<\/p>\n<\/td>\n<td style=\"text-align: center;\">181 g<\/td>\n<td style=\"text-align: center;\">210 g<\/td>\n<td style=\"text-align: center;\">239 g<\/td>\n<\/tr>\n<tr>\n<td style=\"text-align: center;\">14 kg<\/td>\n<td style=\"text-align: center;\">192 g<\/td>\n<td style=\"text-align: center;\">222 g<\/td>\n<td>\n<p style=\"text-align: center;\">252 g<\/p>\n<\/td>\n<\/tr>\n<tr>\n<td>\n<p style=\"text-align: center;\">15 kg<\/p>\n<\/td>\n<td style=\"text-align: center;\">202 g<\/td>\n<td style=\"text-align: center;\">234 g<\/td>\n<td style=\"text-align: center;\">266 g<\/td>\n<\/tr>\n<tr>\n<td>\n<p style=\"text-align: center;\">16 kg<\/p>\n<\/td>\n<td style=\"text-align: center;\">212 g<\/td>\n<td style=\"text-align: center;\">246 g<\/td>\n<td>\n<p style=\"text-align: center;\">279 g<\/p>\n<\/td>\n<\/tr>\n<tr>\n<td style=\"text-align: center;\">17 kg<\/td>\n<td>\n<p style=\"text-align: center;\">222 g<\/p>\n<\/td>\n<td>\n<p style=\"text-align: center;\">257 g<\/p>\n<\/td>\n<td>\n<p style=\"text-align: center;\">292 g<\/p>\n<\/td>\n<\/tr>\n<tr>\n<td>\n<p style=\"text-align: center;\">18 kg<\/p>\n<\/td>\n<td style=\"text-align: center;\">232 g<\/td>\n<td style=\"text-align: center;\">268 g<\/td>\n<td>\n<p style=\"text-align: center;\">305 g<\/p>\n<\/td>\n<\/tr>\n<tr>\n<td>\n<p style=\"text-align: center;\">19 kg<\/p>\n<\/td>\n<td style=\"text-align: center;\">241 g<\/td>\n<td style=\"text-align: center;\">279 g<\/td>\n<td>\n<p style=\"text-align: center;\">317 g<\/p>\n<\/td>\n<\/tr>\n<tr>\n<td>\n<p style=\"text-align: center;\">20 kg<\/p>\n<\/td>\n<td style=\"text-align: center;\">251 g<\/td>\n<td style=\"text-align: center;\">290 g<\/td>\n<td>\n<p style=\"text-align: center;\">330 g<\/p>\n<\/td>\n<\/tr>\n<\/tbody>\n<\/table>\n<p>&nbsp;<\/p>","protected":false},"excerpt":{"rendered":"<p>Karma dla doros\u0142ych ps\u00f3w powy\u017cej 12 miesi\u0105ca \u017cycia rasy Beagle.<\/p>\n<p>Marka: Royal Canin<\/p>\n<p>Faza \u017cycia: Doros\u0142y<\/p>\n<p>&nbsp;<\/p>","protected":false},"featured_media":6834,"comment_status":"open","ping_status":"closed","template":"","meta":{"om_disable_all_campaigns":false,"inline_featured_image":false},"product_brand":[],"product_cat":[27,97,95],"product_tag":[],"class_list":{"0":"post-6826","1":"product","2":"type-product","3":"status-publish","4":"has-post-thumbnail","6":"product_cat-dog-food","7":"product_cat-psy-rasowe","8":"product_cat-royal-canin-dog-food","10":"first","11":"outofstock","12":"taxable","13":"shipping-taxable","14":"purchasable","15":"product-type-simple"},"_links":{"self":[{"href":"https:\/\/www.lanrel.pl\/pl\/wp-json\/wp\/v2\/product\/6826","targetHints":{"allow":["GET"]}}],"collection":[{"href":"https:\/\/www.lanrel.pl\/pl\/wp-json\/wp\/v2\/product"}],"about":[{"href":"https:\/\/www.lanrel.pl\/pl\/wp-json\/wp\/v2\/types\/product"}],"replies":[{"embeddable":true,"href":"https:\/\/www.lanrel.pl\/pl\/wp-json\/wp\/v2\/comments?post=6826"}],"wp:featuredmedia":[{"embeddable":true,"href":"https:\/\/www.lanrel.pl\/pl\/wp-json\/wp\/v2\/media\/6834"}],"wp:attachment":[{"href":"https:\/\/www.lanrel.pl\/pl\/wp-json\/wp\/v2\/media?parent=6826"}],"wp:term":[{"taxonomy":"product_brand","embeddable":true,"href":"https:\/\/www.lanrel.pl\/pl\/wp-json\/wp\/v2\/product_brand?post=6826"},{"taxonomy":"product_cat","embeddable":true,"href":"https:\/\/www.lanrel.pl\/pl\/wp-json\/wp\/v2\/product_cat?post=6826"},{"taxonomy":"product_tag","embeddable":true,"href":"https:\/\/www.lanrel.pl\/pl\/wp-json\/wp\/v2\/product_tag?post=6826"}],"curies":[{"name":"wp","href":"https:\/\/api.w.org\/{rel}","templated":true}]}}