{"id":6812,"date":"2025-02-24T13:45:54","date_gmt":"2025-02-24T12:45:54","guid":{"rendered":"https:\/\/lanrel.eu\/?post_type=product&#038;p=6812"},"modified":"2025-10-21T21:08:11","modified_gmt":"2025-10-21T19:08:11","slug":"royal-canin-sterilised-karma-sucha-dla-kotow-doroslych-sterylizowanych","status":"publish","type":"product","link":"https:\/\/www.lanrel.pl\/pl\/produkt\/royal-canin-sterilised-karma-sucha-dla-kotow-doroslych-sterylizowanych\/","title":{"rendered":"ROYAL CANIN\u00ae Sterilised karma sucha dla kot\u00f3w doros\u0142ych, sterylizowanych"},"content":{"rendered":"<p><img decoding=\"async\" class=\"aligncenter\" src=\"https:\/\/fera.pl\/images\/companies\/1\/PSR_e_com_iscore_2024_FHN_Core_Sterilised_Dry_1.png?1724927279601\" alt=\"ROYAL CANIN Sterilised 37 10 kg karma sucha dla kot\u00f3w doros\u0142ych, sterylizowanych\" \/>Po sterylizacji kot mo\u017ce wymaga\u0107 zmiany karmy na tak\u0105, kt\u00f3ra b\u0119dzie dostosowana do zmienionych potrzeb energetycznych.<\/p>\n<p>Karma ROYAL CANIN\u00ae Sterilised 37 zosta\u0142a opracowana specjalnie dla kot\u00f3w sterylizowanych.<img decoding=\"async\" class=\"aligncenter\" src=\"https:\/\/fera.pl\/images\/companies\/1\/PSR_e_com_iscore_2024_FHN_Core_Sterilised_Dry_2.png?1724927305625\" alt=\"ROYAL CANIN Sterilised 37 10 kg karma sucha dla kot\u00f3w doros\u0142ych, sterylizowanych\" \/><img decoding=\"async\" class=\"aligncenter\" src=\"https:\/\/fera.pl\/images\/companies\/1\/PSR_e_com_iscore_2024_FHN_Core_Sterilised_Dry_3.png?1724927356818\" alt=\"ROYAL CANIN Sterilised 37 10 kg karma sucha dla kot\u00f3w doros\u0142ych, sterylizowanych\" \/><img decoding=\"async\" class=\"aligncenter\" src=\"https:\/\/fera.pl\/images\/companies\/1\/PSR_e_com_iscore_2024_FHN_Core_Sterilised_Dry_4.png?1724927374124\" alt=\"ROYAL CANIN Sterilised 37 10 kg karma sucha dla kot\u00f3w doros\u0142ych, sterylizowanych\" \/><\/p>\n<p>Po sterylizacji zapotrzebowanie na energi\u0119 u kota zmniejsza si\u0119, dodatkowo kot nie jest w stanie spontanicznie regulowa\u0107 apetytu. Odpowiednia karma powinna wspiera\u0107 organizm kota, uwzgl\u0119dniaj\u0105c te zmiany. Karma ROYAL CANIN\u00ae Sterilised 37 charakteryzuje si\u0119 umiarkowanym poziomem t\u0142uszczu, dzi\u0119ki czemu sprzyja utrzymaniu idealnej masy cia\u0142a.<\/p>\n<p>Karma ROYAL CANIN\u00ae Sterilised 37 charakteryzuje si\u0119 odpowiednim bilansem soli mineralnych, wspieraj\u0105c ochron\u0119 uk\u0142adu moczowego.<\/p>\n<p>Karma ROYAL CANIN\u00ae Sterilised 37 wzbogacona zosta\u0142o o L-karnityn\u0119, kt\u00f3ra sprzyja lepszemu wykorzystaniu rezerw t\u0142uszczowych. Podwy\u017cszony poziom bia\u0142ka wspomaga utrzymanie masy mi\u0119\u015bniowej. Dodatkowo, L-karnityna wp\u0142ywa korzystnie na metabolizm t\u0142uszcz\u00f3w.<\/p>\n<p><strong>Zalety:<\/strong><\/p>\n<p style=\"padding-left: 40px;\"><strong>Prawid\u0142owa masa cia\u0142a\uff1a<\/strong><\/p>\n<p style=\"padding-left: 40px;\">After neutering energy requirements of cats decrease. STERILISED 37 helps limit the risk of excess weight gain thanks to a moderate level of fat and adequate daily rations.<\/p>\n<p style=\"padding-left: 40px;\"><strong>Zdrowie uk\u0142adu moczowego\uff1a<\/strong><\/p>\n<p style=\"padding-left: 40px;\">Neutered cats have an increased risk of developing urinary stones. STERILISED 37 helps support a healthy urinary system by providing an adequate mineral balance.<\/p>\n<p style=\"padding-left: 40px;\"><strong>Wysoka zawarto\u015b\u0107 bia\u0142ka\uff1a<\/strong><\/p>\n<p style=\"padding-left: 40px;\">After neutering cats tend to put on weight. STERILISED 37 helps maintain muscle mass thanks to a high protein content.<\/p>\n<p style=\"padding-left: 40px;\"><strong>Dodatek L-karnityny\uff1a<\/strong><\/p>\n<p style=\"padding-left: 40px;\">L-carnitine is involved in fat metabolism.<\/p>\n<p style=\"padding-left: 40px;\"><img decoding=\"async\" class=\"alignnone\" src=\"https:\/\/fera.pl\/images\/companies\/1\/PSR_e_com_iscore_2024_FHN_Core_Sterilised_Dry_5.png?1724927390795\" alt=\"ROYAL CANIN Sterilised 37 10 kg karma sucha dla kot\u00f3w doros\u0142ych, sterylizowanych\" \/><img decoding=\"async\" class=\"aligncenter\" src=\"https:\/\/fera.pl\/images\/companies\/1\/PSR_e_com_iscore_2024_FHN_Core_Sterilised_Dry_6.png?1724927447776\" alt=\"ROYAL CANIN Sterilised 37 10 kg karma sucha dla kot\u00f3w doros\u0142ych, sterylizowanych\" \/><\/p>\n<p>Maj\u0105c na uwadze preferencje \u017cywieniowe kot\u00f3w, karma ROYAL CANIN\u00ae Sterilised 37 jest dost\u0119pna tak\u017ce w formie kawa\u0142k\u00f3w w smakowitym sosie oraz galaretce. W przypadku \u017cywienia karm\u0105 mokr\u0105 i such\u0105 nale\u017cy zapozna\u0107 si\u0119 z tabel\u0105 dawkowania, aby dobra\u0107 odpowiedni\u0105 porcj\u0119 poszczeg\u00f3lnych karm.<\/p>\n<p>Misj\u0105 ROYAL CANIN\u00ae jest zapewnianie rozwi\u0105za\u0144 \u017cywieniowych dostosowanych do potrzeb zwierz\u0105t. Wszystkie nasze produkty przechodz\u0105 liczne kontrole jako\u015bci, aby sprosta\u0107 najwy\u017cszym standardom marki i dostarczy\u0107 kotu pokarm dostosowany do jego potrzeb \u017cywieniowych. ROYAL CANIN\u00ae Sterilised 37 jest karm\u0105 pe\u0142noporcjow\u0105.<\/p>\n<h3>WARTO\u015aCI OD\u017bYWCZE<\/h3>\n<p>SK\u0141AD: suszone bia\u0142ka drobiowe, kukurydza, gluten pszenny*, w\u0142\u00f3kno ro\u015blinne, t\u0142uszcze zwierz\u0119ce, hydrolizowane bia\u0142ka zwierz\u0119ce, ry\u017c, pszenica, wys\u0142odki buraczane, gluten kukurydziany, produkty dro\u017cd\u017cy, minera\u0142y, olej z ryb, fruktooligosacharydy, olej sojowy. *L.I.P.: bia\u0142ko wyselekcjonowane ze wzgl\u0119du na bardzo wysok\u0105 strawno\u015b\u0107.<\/p>\n<p><strong>DODATKI (na 1 kg karmy): <\/strong><\/p>\n<p>Dodatki dietetyczne: Witamina A: 19000 UI, Witamina D3: 1000 UI, \u017belazo (3b103): 31 mg, Jod (3b201, 3b202): 3,1 mg, Mied\u017a (3b405, 3b406): 9 mg, Mangan (3b502, 3b504): 40 mg, Cynk (3b603, 3b605, 3b606): 94 mg, Selen (3b801, 3b811, 3b812): 0,05 mg &#8211; Dodatki technologiczne: Klinoptylolit pochodzenia osadowego: 10 g &#8211; Dodatki zootechniczne: Chlorek amonu: 5 g &#8211; Przeciwutleniacze.<\/p>\n<p><strong>SK\u0141ADNIKI ANALITYCZNE: <\/strong><\/p>\n<p>Bia\u0142ko surowe: 37,0% &#8211; W\u0142\u00f3kno surowe: 6,0% &#8211; Oleje i t\u0142uszcze surowe: 12,0% &#8211; Popi\u00f3\u0142 surowy: 8,5% &#8211; L-karnityna: 100 mg\/kg.<\/p>\n<p>SPOS\u00d3B U\u017bYCIA:<\/p>\n<p>patrz tabela. Najlepiej wykorzysta\u0107 przed: patrz data wa\u017cno\u015bci. Data wa\u017cno\u015bci, numer partii i numer rejestracyjny zak\u0142adu znajduj\u0105 si\u0119 na opakowaniu. Przechowywa\u0107 w suchym i ch\u0142odnym miejscu.<\/p>\n<table style=\"height: 161px;\" width=\"1000\">\n<thead>\n<tr>\n<td>\n<p style=\"text-align: center;\"><strong>Waga kota<\/strong><\/p>\n<\/td>\n<td style=\"text-align: center;\"><strong>2 kg<\/strong><\/td>\n<td style=\"text-align: center;\"><strong>3 kg<\/strong><\/td>\n<td style=\"text-align: center;\"><strong>4 kg<\/strong><\/td>\n<td style=\"text-align: center;\"><strong>5 kg<\/strong><\/td>\n<td style=\"text-align: center;\"><strong>6 kg<\/strong><\/td>\n<\/tr>\n<\/thead>\n<tbody>\n<tr>\n<td>\n<p style=\"text-align: center;\">Waga normalna<\/p>\n<\/td>\n<td style=\"text-align: center;\">30 g<\/td>\n<td style=\"text-align: center;\">45 g<\/td>\n<td style=\"text-align: center;\">60 g<\/td>\n<td style=\"text-align: center;\">75 g<\/td>\n<td>\n<p style=\"text-align: center;\">90 g<\/p>\n<\/td>\n<\/tr>\n<tr>\n<td style=\"text-align: center;\">Nadwaga<\/td>\n<td style=\"text-align: center;\"><\/td>\n<td style=\"text-align: center;\"><\/td>\n<td style=\"text-align: center;\">50 g<\/td>\n<td style=\"text-align: center;\">60 g<\/td>\n<td>\n<p style=\"text-align: center;\">75 g<\/p>\n<\/td>\n<\/tr>\n<\/tbody>\n<\/table>","protected":false},"excerpt":{"rendered":"<p>Karma przeznaczona specjalnie dla kot\u00f3w po zabiegu kastracji\/sterylizacji. Pomaga zapobiega\u0107 nadwadze oraz chorobom dr\u00f3g moczowych. Dla kot\u00f3w do 7 roku \u017cycia.<\/p>\n<p>Marka: Royal Canin<\/p>\n<p>Faza \u017cycia: Doros\u0142y<\/p>\n<p><span class=\"ty-product-feature__label\">Specjalne wymagania: Sterylizacja<\/span><\/p>","protected":false},"featured_media":6820,"comment_status":"open","ping_status":"closed","template":"","meta":{"om_disable_all_campaigns":false,"inline_featured_image":false},"product_brand":[],"product_cat":[42,90,94],"product_tag":[],"class_list":{"0":"post-6812","1":"product","2":"type-product","3":"status-publish","4":"has-post-thumbnail","6":"product_cat-cat-food","7":"product_cat-royal-canin","8":"product_cat-szczegolne-potrzeby-kotow","10":"first","11":"outofstock","12":"taxable","13":"shipping-taxable","14":"product-type-variable","15":"has-default-attributes"},"_links":{"self":[{"href":"https:\/\/www.lanrel.pl\/pl\/wp-json\/wp\/v2\/product\/6812","targetHints":{"allow":["GET"]}}],"collection":[{"href":"https:\/\/www.lanrel.pl\/pl\/wp-json\/wp\/v2\/product"}],"about":[{"href":"https:\/\/www.lanrel.pl\/pl\/wp-json\/wp\/v2\/types\/product"}],"replies":[{"embeddable":true,"href":"https:\/\/www.lanrel.pl\/pl\/wp-json\/wp\/v2\/comments?post=6812"}],"wp:featuredmedia":[{"embeddable":true,"href":"https:\/\/www.lanrel.pl\/pl\/wp-json\/wp\/v2\/media\/6820"}],"wp:attachment":[{"href":"https:\/\/www.lanrel.pl\/pl\/wp-json\/wp\/v2\/media?parent=6812"}],"wp:term":[{"taxonomy":"product_brand","embeddable":true,"href":"https:\/\/www.lanrel.pl\/pl\/wp-json\/wp\/v2\/product_brand?post=6812"},{"taxonomy":"product_cat","embeddable":true,"href":"https:\/\/www.lanrel.pl\/pl\/wp-json\/wp\/v2\/product_cat?post=6812"},{"taxonomy":"product_tag","embeddable":true,"href":"https:\/\/www.lanrel.pl\/pl\/wp-json\/wp\/v2\/product_tag?post=6812"}],"curies":[{"name":"wp","href":"https:\/\/api.w.org\/{rel}","templated":true}]}}