{"id":6797,"date":"2025-02-24T13:39:24","date_gmt":"2025-02-24T12:39:24","guid":{"rendered":"https:\/\/lanrel.eu\/?post_type=product&#038;p=6797"},"modified":"2025-10-22T09:12:34","modified_gmt":"2025-10-22T07:12:34","slug":"royal-canin-sterilised-7-karma-sucha-dla-kotow-doroslych-od-7-do-12-roku-zycia-sterylizowanych","status":"publish","type":"product","link":"https:\/\/www.lanrel.pl\/pl\/produkt\/royal-canin-sterilised-7-karma-sucha-dla-kotow-doroslych-od-7-do-12-roku-zycia-sterylizowanych\/","title":{"rendered":"ROYAL CANIN\u00ae Sterilised +7 karma sucha dla kot\u00f3w doros\u0142ych od 7 do 12 roku \u017cycia, sterylizowanych"},"content":{"rendered":"<p><img fetchpriority=\"high\" decoding=\"async\" class=\"aligncenter\" src=\"https:\/\/perfectpg.pl\/2019\/sterilised-7\/_img\/main-baner.png\" width=\"461\" height=\"528\" \/><\/p>\n<p>Koty wychodz\u0105ce, w por\u00f3wnaniu do kot\u00f3w przebywaj\u0105cych w domu, nara\u017cone s\u0105 w wi\u0119kszym stopniu na styczno\u015b\u0107 z drobnoustrojami chorobotw\u00f3rczymi; s\u0105 tak\u017ce nara\u017cone na inne potencjalne zagro\u017cenia dla zdrowia, takie jak walka z innymi kotami, czy ekstremalne warunki pogodowe. Je\u015bli Tw\u00f3j kot wychodzi na zewn\u0105trz i prowadzi aktywny tryb \u017cycia, nale\u017cy wzmacnia\u0107 naturalne mechanizmy obronne jego organizmu.<\/p>\n<p>Karma ROYAL CANIN\u00ae Outdoor zosta\u0142a opracowana specjalnie z my\u015bl\u0105 o kotach wychodz\u0105cych na zewn\u0105trz i pokrywa wszystkie potrzeby \u017cywieniowe tych aktywnych kot\u00f3w.<\/p>\n<p>&nbsp;<\/p>\n<p>&nbsp;<\/p>\n<p><img decoding=\"async\" class=\"aligncenter\" src=\"https:\/\/perfectpg.pl\/2019\/sterilised-7\/_img\/advantages-baner.png\" width=\"772\" height=\"402\" \/><\/p>\n<p>Karma ROYAL CANIN\u00ae Outdoor charakteryzuje si\u0119 wysok\u0105 kaloryczno\u015bci\u0105, dzi\u0119ki czemu pokrywa wysokie potrzeby energetyczne kot\u00f3w wychodz\u0105cych. Wysokoenergetyczna karma pomaga tak\u017ce w okresie zmian p\u00f3r roku.<\/p>\n<p>Opatentowany kompleks wsp\u00f3\u0142dzia\u0142aj\u0105cych przeciwutleniaczy wzmacnia uk\u0142ad immunologiczny kota; dodatek prebiotyk\u00f3w sprzyja r\u00f3wnowadze flory bakteryjnej jelit. Unikalna kompozycja sk\u0142adnik\u00f3w pokarmowych wzmacnia nieprzepuszczalno\u015b\u0107 bariery sk\u00f3rnej oraz sprzyja zdrowej sk\u00f3rze i sier\u015bci.<\/p>\n<p>Koty maj\u0105 naturaln\u0105 potrzeb\u0119 eksploracji, zar\u00f3wno w mie\u015bcie, jak i poza nim. Aby wspiera\u0107 stawy nara\u017cone na przeci\u0105\u017cenia podczas biegania, skakania czy wspinania si\u0119, karma ROYAL CANIN\u00ae Outdoor zawiera kwasy t\u0142uszczowe omega 3 (EPA i DHA).<\/p>\n<p>Misj\u0105 ROYAL CANIN\u00ae jest zapewnianie rozwi\u0105za\u0144 \u017cywieniowych dostosowanych do potrzeb zwierz\u0105t. Wszystkie nasze produkty przechodz\u0105 liczne kontrole jako\u015bci, aby sprosta\u0107 najwy\u017cszym standardom marki i dostarczy\u0107 kotu pokarm dostosowany do jego potrzeb \u017cywieniowych. ROYAL CANIN\u00ae Outdoor jest karm\u0105 pe\u0142noporcjow\u0105.<\/p>\n<p><strong>Zalety:<\/strong><\/p>\n<p style=\"padding-left: 40px;\"><strong>Wsparcie witalno\u015bci\uff1a<\/strong><\/p>\n<p style=\"padding-left: 40px;\">Formu\u0142a wzbogacona o specyficzne sk\u0142adniki od\u017cywcze, w tym polifenole z zielonej herbaty, witamin\u0119 C, EPA i DHA.<\/p>\n<p style=\"padding-left: 40px;\"><strong>Silne mi\u0119snie\uff1a<\/strong><\/p>\n<p style=\"padding-left: 40px;\">Wysoki poziom bia\u0142ka (37%) sprzyja utrzymaniu i rozwojowi masy mi\u0119\u015bniowej.<\/p>\n<p style=\"padding-left: 40px;\"><strong>Ochrona uk\u0142adu moczowego\uff1a<\/strong><\/p>\n<p style=\"padding-left: 40px;\">Wspieranie prawid\u0142owego funkcjonowania uk\u0142adu moczowego.<\/p>\n<p>&nbsp;<\/p>\n<p><strong>WARTO\u015aCI OD\u017bYWCZE<\/strong><\/p>\n<p>&nbsp;<\/p>\n<p><img decoding=\"async\" class=\"\" src=\"https:\/\/perfectpg.pl\/2019\/sterilised-7\/_img\/diet-diagram.png\" width=\"659\" height=\"417\" \/>\u00a0 \u00a0 \u00a0 \u00a0 \u00a0 \u00a0 \u00a0 \u00a0 \u00a0 \u00a0 \u00a0 \u00a0 \u00a0 \u00a0 \u00a0 \u00a0 \u00a0 \u00a0 \u00a0 \u00a0\u00a0 <img loading=\"lazy\" decoding=\"async\" class=\"\" src=\"https:\/\/perfectpg.pl\/2019\/sterilised-7\/_img\/diet-baner.png\" width=\"252\" height=\"442\" \/><\/p>\n<p>&nbsp;<\/p>\n<p><strong>SK\u0141AD: <\/strong><\/p>\n<p>kukurydza, gluten pszenny*, suszone bia\u0142ka drobiowe, hydrolizowane bia\u0142ka zwierz\u0119ce, gluten kukurydziany, w\u0142\u00f3kno ro\u015blinne, t\u0142uszcze zwierz\u0119ce, pszenica, ry\u017c, minera\u0142y, produkty dro\u017cd\u017cy, wys\u0142odki buraczane, olej z ryb, fruktooligosacharydy, \u0142uski i nasiona psyllium, olej sojowy, glukozamina uzyskana z fermentacji, m\u0105czka z aksamitki, hydrolizowana chrz\u0105stka (\u017ar\u00f3d\u0142o chondroityny).<\/p>\n<p>*L.I.P.: bia\u0142ko wyselekcjonowane ze wzgl\u0119du na bardzo wysok\u0105 strawno\u015b\u0107.<\/p>\n<p><strong>DODATKI (na 1 kg karmy): <\/strong><\/p>\n<p>Dodatki dietetyczne: Witamina A: 18000 UI, Witamina D3: 950 UI, Witamina C: 190 mg, \u017belazo (3b103): 37 mg, Jod (3b201, 3b202): 3,7 mg, Mied\u017a (3b405, 3b406): 11 mg, Mangan (3b502, 3b504): 48 mg, Cynk (3b603, 3b605, 3b606): 142 mg, Selen (3b801, 3b811, 3b812): 0,06 mg &#8211; Dodatki technologiczne: Klinoptylolit pochodzenia osadowego: 10 g &#8211; Przeciwutleniacze.<\/p>\n<p><strong>SK\u0141ADNIKI ANALITYCZNE: <\/strong><\/p>\n<p>Bia\u0142ko surowe: 36,0% &#8211; W\u0142\u00f3kno surowe: 5,3% &#8211; Oleje i t\u0142uszcze surowe: 12,0% &#8211; Popi\u00f3\u0142 surowy: 8,0% &#8211; Fosfor: 0,7% &#8211; EPA\/DHA: 0,3%.<\/p>\n<p><strong>SPOS\u00d3B U\u017bYCIA: <\/strong><\/p>\n<p>patrz tabela. Najlepiej wykorzysta\u0107 przed: patrz data wa\u017cno\u015bci. Data wa\u017cno\u015bci, numer partii i numer rejestracyjny zak\u0142adu znajduj\u0105 si\u0119 na opakowaniu. Przechowywa\u0107 w suchym i ch\u0142odnym miejscu.<\/p>","protected":false},"excerpt":{"rendered":"<p>Karma dla kot\u00f3w sterylizowanych mi\u0119dzy 7 a 12 rokiem \u017cycia. Wspiera utrzymanie nienagannej sylwetki.<\/p>\n<p>Marka: Royal Canin<\/p>\n<p>Faza \u017cycia: Doros\u0142y<\/p>\n<p><span class=\"ty-product-feature__label\">Specjalne wymagania: Sterylizacja<\/span><\/p>","protected":false},"featured_media":6805,"comment_status":"open","ping_status":"closed","template":"","meta":{"om_disable_all_campaigns":false,"inline_featured_image":false},"product_brand":[],"product_cat":[42,90,94],"product_tag":[],"class_list":{"0":"post-6797","1":"product","2":"type-product","3":"status-publish","4":"has-post-thumbnail","6":"product_cat-cat-food","7":"product_cat-royal-canin","8":"product_cat-szczegolne-potrzeby-kotow","10":"first","11":"outofstock","12":"taxable","13":"shipping-taxable","14":"product-type-variable","15":"has-default-attributes"},"_links":{"self":[{"href":"https:\/\/www.lanrel.pl\/pl\/wp-json\/wp\/v2\/product\/6797","targetHints":{"allow":["GET"]}}],"collection":[{"href":"https:\/\/www.lanrel.pl\/pl\/wp-json\/wp\/v2\/product"}],"about":[{"href":"https:\/\/www.lanrel.pl\/pl\/wp-json\/wp\/v2\/types\/product"}],"replies":[{"embeddable":true,"href":"https:\/\/www.lanrel.pl\/pl\/wp-json\/wp\/v2\/comments?post=6797"}],"wp:featuredmedia":[{"embeddable":true,"href":"https:\/\/www.lanrel.pl\/pl\/wp-json\/wp\/v2\/media\/6805"}],"wp:attachment":[{"href":"https:\/\/www.lanrel.pl\/pl\/wp-json\/wp\/v2\/media?parent=6797"}],"wp:term":[{"taxonomy":"product_brand","embeddable":true,"href":"https:\/\/www.lanrel.pl\/pl\/wp-json\/wp\/v2\/product_brand?post=6797"},{"taxonomy":"product_cat","embeddable":true,"href":"https:\/\/www.lanrel.pl\/pl\/wp-json\/wp\/v2\/product_cat?post=6797"},{"taxonomy":"product_tag","embeddable":true,"href":"https:\/\/www.lanrel.pl\/pl\/wp-json\/wp\/v2\/product_tag?post=6797"}],"curies":[{"name":"wp","href":"https:\/\/api.w.org\/{rel}","templated":true}]}}