{"id":6774,"date":"2025-02-24T10:28:44","date_gmt":"2025-02-24T09:28:44","guid":{"rendered":"https:\/\/lanrel.eu\/?post_type=product&#038;p=6774"},"modified":"2025-10-22T09:12:40","modified_gmt":"2025-10-22T07:12:40","slug":"royal-canin-outdoor-karma-sucha-dla-kotow-doroslych-wychodzacych-na-zewnatrz","status":"publish","type":"product","link":"https:\/\/www.lanrel.pl\/pl\/produkt\/royal-canin-outdoor-karma-sucha-dla-kotow-doroslych-wychodzacych-na-zewnatrz\/","title":{"rendered":"ROYAL CANIN\u00ae Outdoor karma sucha dla kot\u00f3w doros\u0142ych, wychodz\u0105cych na zewn\u0105trz"},"content":{"rendered":"<p><img fetchpriority=\"high\" decoding=\"async\" class=\"aligncenter\" src=\"https:\/\/perfectpg.pl\/2019\/active-life-outdoor\/_img\/main-baner.png\" width=\"450\" height=\"592\" \/>Koty wychodz\u0105ce, w por\u00f3wnaniu do kot\u00f3w przebywaj\u0105cych w domu, nara\u017cone s\u0105 w wi\u0119kszym stopniu na styczno\u015b\u0107 z drobnoustrojami chorobotw\u00f3rczymi; s\u0105 tak\u017ce nara\u017cone na inne potencjalne zagro\u017cenia dla zdrowia, takie jak walka z innymi kotami, czy ekstremalne warunki pogodowe. Je\u015bli Tw\u00f3j kot wychodzi na zewn\u0105trz i prowadzi aktywny tryb \u017cycia, nale\u017cy wzmacnia\u0107 naturalne mechanizmy obronne jego organizmu.<\/p>\n<p>Karma ROYAL CANIN\u00ae Outdoor zosta\u0142a opracowana specjalnie z my\u015bl\u0105 o kotach wychodz\u0105cych na zewn\u0105trz i pokrywa wszystkie potrzeby \u017cywieniowe tych aktywnych kot\u00f3w.<\/p>\n<p>&nbsp;<\/p>\n<p><img decoding=\"async\" class=\"aligncenter\" src=\"https:\/\/perfectpg.pl\/2019\/active-life-outdoor\/_img\/advantages-baner.png\" width=\"894\" height=\"398\" \/><\/p>\n<p>&nbsp;<\/p>\n<p>Karma ROYAL CANIN\u00ae Outdoor charakteryzuje si\u0119 wysok\u0105 kaloryczno\u015bci\u0105, dzi\u0119ki czemu pokrywa wysokie potrzeby energetyczne kot\u00f3w wychodz\u0105cych. Wysokoenergetyczna karma pomaga tak\u017ce w okresie zmian p\u00f3r roku.<\/p>\n<p>Opatentowany kompleks wsp\u00f3\u0142dzia\u0142aj\u0105cych przeciwutleniaczy wzmacnia uk\u0142ad immunologiczny kota; dodatek prebiotyk\u00f3w sprzyja r\u00f3wnowadze flory bakteryjnej jelit. Unikalna kompozycja sk\u0142adnik\u00f3w pokarmowych wzmacnia nieprzepuszczalno\u015b\u0107 bariery sk\u00f3rnej oraz sprzyja zdrowej sk\u00f3rze i sier\u015bci.<\/p>\n<p>Koty maj\u0105 naturaln\u0105 potrzeb\u0119 eksploracji, zar\u00f3wno w mie\u015bcie, jak i poza nim. Aby wspiera\u0107 stawy nara\u017cone na przeci\u0105\u017cenia podczas biegania, skakania czy wspinania si\u0119, karma ROYAL CANIN\u00ae Outdoor zawiera kwasy t\u0142uszczowe omega 3 (EPA i DHA).<\/p>\n<p><strong>Zalety:<\/strong><\/p>\n<p style=\"padding-left: 40px;\"><strong>Wsparcie witalno\u015bci<\/strong><\/p>\n<p style=\"padding-left: 40px;\"><strong>Wzmocnienie bariery sk\u00f3rnej<\/strong><\/p>\n<p style=\"padding-left: 40px;\"><strong>Zdrowe stawy<\/strong><\/p>\n<p>&nbsp;<\/p>\n<p><img decoding=\"async\" class=\"\" src=\"https:\/\/perfectpg.pl\/2019\/active-life-outdoor\/_img\/diet-diagram.png\" width=\"558\" height=\"341\" \/>\u00a0 \u00a0 \u00a0 \u00a0 \u00a0 \u00a0 \u00a0 \u00a0 \u00a0 \u00a0 \u00a0 \u00a0 \u00a0 \u00a0 \u00a0 \u00a0 \u00a0 \u00a0\u00a0 <img loading=\"lazy\" decoding=\"async\" class=\"\" src=\"https:\/\/perfectpg.pl\/2019\/active-life-outdoor\/_img\/diet-baner.png\" width=\"329\" height=\"375\" \/><\/p>\n<p>&nbsp;<\/p>\n<h3>WARTO\u015aCI OD\u017bYWCZE<\/h3>\n<p><strong>Sk\u0142ad: <\/strong><\/p>\n<p>suszone bia\u0142ko drobiowe, ry\u017c, kukurydza, t\u0142uszcze zwierz\u0119ce, pszenica, hydrolizat bia\u0142ka zwierz\u0119cego, izolat bia\u0142ka ro\u015blinnego*, gluten kukurydziany, dro\u017cd\u017ce i ich cz\u0119\u015bci, pulpa buraczana, olej rybny, sole mineralne, olej koprowy, olej sojowy, fruktooligosacharydy, wyci\u0105g z dro\u017cd\u017cy (\u017ar\u00f3d\u0142o mannooligosacharyd\u00f3w), olej z og\u00f3recznika, wyci\u0105g z aksamitki wzniesionej (\u017ar\u00f3d\u0142o luteiny), hydrolizat skorupiak\u00f3w (\u017ar\u00f3d\u0142o glukozaminy), hydrolizat chrz\u0105stki (\u017ar\u00f3d\u0142o chondroityny).<\/p>\n<p>*L.I.P.: bia\u0142ko wyselekcjonowane ze wzgl\u0119du na bardzo wysok\u0105 strawno\u015b\u0107.<\/p>\n<p><strong>Dodatki (na 1 kg karmy): <\/strong><\/p>\n<p>Dodatki dietetyczne: Witamina A: 30500\u00a0UI, Witamina D3: 800\u00a0UI, E1 (\u017belazo): 37\u00a0mg, E2 (Jod): 3,7\u00a0mg, E4 (Mied\u017a): 11\u00a0mg, E5 (Mangan): 48\u00a0mg, E6 (Cynk): 145\u00a0mg, E8 (Selen): 0,06\u00a0mg\u00a0&#8211; Konserwanty\u00a0&#8211; Przeciwutleniacze.<\/p>\n<p><strong>Sk\u0142adniki analityczne: <\/strong><\/p>\n<p>Bia\u0142ko surowe: 30% &#8211; Oleje i t\u0142uszcze surowe: 20% &#8211; Popi\u00f3\u0142 surowy: 7,2% &#8211; W\u0142\u00f3kno surowe: 1,3% &#8211; EPA\/DHA: 4 g\/kg.<\/p>\n<p><strong>Spos\u00f3b u\u017cycia:<\/strong><\/p>\n<p>patrz tabela. Najlepiej wykorzysta\u0107 przed: patrz data wa\u017cno\u015bci. Data wa\u017cno\u015bci, numer partii i numer rejestracyjny zak\u0142adu znajduj\u0105 si\u0119 z ty\u0142u opakowania. Przechowywa\u0107 w suchym i ch\u0142odnym miejscu.<\/p>\n<table style=\"height: 110px;\" width=\"1141\">\n<thead>\n<tr>\n<th>Waga kota<\/th>\n<th>2 kg<\/th>\n<th>3 kg<\/th>\n<th>4 kg<\/th>\n<th>5 kg<\/th>\n<th>6 kg<\/th>\n<\/tr>\n<\/thead>\n<tbody>\n<tr>\n<td style=\"text-align: center;\">Niedowaga<\/td>\n<td style=\"text-align: center;\">40 g<\/td>\n<td style=\"text-align: center;\">55 g<\/td>\n<td style=\"text-align: center;\">75 g<\/td>\n<td style=\"text-align: center;\">95 g<\/td>\n<td style=\"text-align: center;\">115 g<\/td>\n<\/tr>\n<tr>\n<td style=\"text-align: center;\">Waga prawid\u0142owa<\/td>\n<td style=\"text-align: center;\">30 g<\/td>\n<td style=\"text-align: center;\">45 g<\/td>\n<td style=\"text-align: center;\">60 g<\/td>\n<td style=\"text-align: center;\">75 g<\/td>\n<td style=\"text-align: center;\">90 g<\/td>\n<\/tr>\n<\/tbody>\n<\/table>\n<p>&nbsp;<\/p>","protected":false},"excerpt":{"rendered":"<p>Karma dla kot\u00f3w aktywnych, cz\u0119sto wychodz\u0105cych z domu (w wieku 1 &#8211; 7 lat).<\/p>\n<p>Marka: Royal Canin<\/p>\n<p>Faza \u017cycia: Doros\u0142y<\/p>\n<p><span class=\"ty-product-feature__label\">Specjalne wymagania: Wychodz\u0105ce na zewn\u0105trz<\/span><\/p>","protected":false},"featured_media":6783,"comment_status":"open","ping_status":"closed","template":"","meta":{"om_disable_all_campaigns":false,"inline_featured_image":false},"product_brand":[],"product_cat":[42,90,94],"product_tag":[],"class_list":{"0":"post-6774","1":"product","2":"type-product","3":"status-publish","4":"has-post-thumbnail","6":"product_cat-cat-food","7":"product_cat-royal-canin","8":"product_cat-szczegolne-potrzeby-kotow","10":"first","11":"outofstock","12":"taxable","13":"shipping-taxable","14":"product-type-variable"},"_links":{"self":[{"href":"https:\/\/www.lanrel.pl\/pl\/wp-json\/wp\/v2\/product\/6774","targetHints":{"allow":["GET"]}}],"collection":[{"href":"https:\/\/www.lanrel.pl\/pl\/wp-json\/wp\/v2\/product"}],"about":[{"href":"https:\/\/www.lanrel.pl\/pl\/wp-json\/wp\/v2\/types\/product"}],"replies":[{"embeddable":true,"href":"https:\/\/www.lanrel.pl\/pl\/wp-json\/wp\/v2\/comments?post=6774"}],"wp:featuredmedia":[{"embeddable":true,"href":"https:\/\/www.lanrel.pl\/pl\/wp-json\/wp\/v2\/media\/6783"}],"wp:attachment":[{"href":"https:\/\/www.lanrel.pl\/pl\/wp-json\/wp\/v2\/media?parent=6774"}],"wp:term":[{"taxonomy":"product_brand","embeddable":true,"href":"https:\/\/www.lanrel.pl\/pl\/wp-json\/wp\/v2\/product_brand?post=6774"},{"taxonomy":"product_cat","embeddable":true,"href":"https:\/\/www.lanrel.pl\/pl\/wp-json\/wp\/v2\/product_cat?post=6774"},{"taxonomy":"product_tag","embeddable":true,"href":"https:\/\/www.lanrel.pl\/pl\/wp-json\/wp\/v2\/product_tag?post=6774"}],"curies":[{"name":"wp","href":"https:\/\/api.w.org\/{rel}","templated":true}]}}