{"id":6753,"date":"2025-02-23T03:33:55","date_gmt":"2025-02-23T02:33:55","guid":{"rendered":"https:\/\/lanrel.eu\/?post_type=product&#038;p=6753"},"modified":"2025-10-22T13:53:22","modified_gmt":"2025-10-22T11:53:22","slug":"royal-canin-kitten-sterilised-karma-sucha-dla-kociat-od-4-do-12-miesiaca-zycia-sterylizowanych","status":"publish","type":"product","link":"https:\/\/www.lanrel.pl\/pl\/produkt\/royal-canin-kitten-sterilised-karma-sucha-dla-kociat-od-4-do-12-miesiaca-zycia-sterylizowanych\/","title":{"rendered":"ROYAL CANIN\u00ae Kitten Sterilised karma sucha dla koci\u0105t od 4 do 12 miesi\u0105ca \u017cycia, sterylizowanych"},"content":{"rendered":"<p><img fetchpriority=\"high\" decoding=\"async\" class=\"alignnone size-full wp-image-6764\" src=\"http:\/\/lanrel.eu\/wp-content\/uploads\/2025\/02\/FHN-KITTEN-STERILISED-DRY-01.png\" alt=\"\" width=\"2560\" height=\"1355\" srcset=\"https:\/\/www.lanrel.pl\/wp-content\/uploads\/2025\/02\/FHN-KITTEN-STERILISED-DRY-01.png 2560w, https:\/\/www.lanrel.pl\/wp-content\/uploads\/2025\/02\/FHN-KITTEN-STERILISED-DRY-01-300x159.png 300w, https:\/\/www.lanrel.pl\/wp-content\/uploads\/2025\/02\/FHN-KITTEN-STERILISED-DRY-01-1024x542.png 1024w, https:\/\/www.lanrel.pl\/wp-content\/uploads\/2025\/02\/FHN-KITTEN-STERILISED-DRY-01-768x407.png 768w, https:\/\/www.lanrel.pl\/wp-content\/uploads\/2025\/02\/FHN-KITTEN-STERILISED-DRY-01-1536x813.png 1536w, https:\/\/www.lanrel.pl\/wp-content\/uploads\/2025\/02\/FHN-KITTEN-STERILISED-DRY-01-2048x1084.png 2048w, https:\/\/www.lanrel.pl\/wp-content\/uploads\/2025\/02\/FHN-KITTEN-STERILISED-DRY-01-18x10.png 18w, https:\/\/www.lanrel.pl\/wp-content\/uploads\/2025\/02\/FHN-KITTEN-STERILISED-DRY-01-600x318.png 600w\" sizes=\"(max-width: 2560px) 100vw, 2560px\" \/> <img decoding=\"async\" class=\"alignnone size-full wp-image-6765\" src=\"http:\/\/lanrel.eu\/wp-content\/uploads\/2025\/02\/FHN-KITTEN-STERILISED-DRY-02.png\" alt=\"\" width=\"2560\" height=\"1229\" srcset=\"https:\/\/www.lanrel.pl\/wp-content\/uploads\/2025\/02\/FHN-KITTEN-STERILISED-DRY-02.png 2560w, https:\/\/www.lanrel.pl\/wp-content\/uploads\/2025\/02\/FHN-KITTEN-STERILISED-DRY-02-300x144.png 300w, https:\/\/www.lanrel.pl\/wp-content\/uploads\/2025\/02\/FHN-KITTEN-STERILISED-DRY-02-1024x492.png 1024w, https:\/\/www.lanrel.pl\/wp-content\/uploads\/2025\/02\/FHN-KITTEN-STERILISED-DRY-02-768x369.png 768w, https:\/\/www.lanrel.pl\/wp-content\/uploads\/2025\/02\/FHN-KITTEN-STERILISED-DRY-02-1536x737.png 1536w, https:\/\/www.lanrel.pl\/wp-content\/uploads\/2025\/02\/FHN-KITTEN-STERILISED-DRY-02-2048x983.png 2048w, https:\/\/www.lanrel.pl\/wp-content\/uploads\/2025\/02\/FHN-KITTEN-STERILISED-DRY-02-18x9.png 18w, https:\/\/www.lanrel.pl\/wp-content\/uploads\/2025\/02\/FHN-KITTEN-STERILISED-DRY-02-600x288.png 600w\" sizes=\"(max-width: 2560px) 100vw, 2560px\" \/>Wielu opiekun\u00f3w sterylizuje swoje koci\u0119ta w wieku oko\u0142o 6 miesi\u0105ca \u017cycia. W ci\u0105gu 48 godzin po zabiegu metabolizm koci\u0119cia ulega spowolnieniu, lecz jego apetyt znacznie wzrasta! Po sterylizacji poziom aktywno\u015bci koci\u0119cia jest wci\u0105\u017c wysoki, potrzebna jest wi\u0119c karma, kt\u00f3ra wspomaga zdrowy rozw\u00f3j, ale nie stwarza ryzyka rozwoju nadwagi.<\/p>\n<p>Karma sucha ROYAL CANIN\u00ae Sterilised Kitten zosta\u0142a opracowana specjalnie w celu pokrycia potrzeb pokarmowych wysterylizowanych koci\u0105t w drugim etapie wzrostu. Receptura jest odpowiednia dla koci\u0105t w wieku 6-12 miesi\u0119cy, po sterylizacji, w okresie znacznych zmian fizycznych i behawioralnych.<\/p>\n<p>&nbsp;<\/p>\n<p><img decoding=\"async\" class=\"alignnone size-full wp-image-6766\" src=\"http:\/\/lanrel.eu\/wp-content\/uploads\/2025\/02\/FHN-KITTEN-STERILISED-DRY-03.png\" alt=\"\" width=\"2560\" height=\"1903\" srcset=\"https:\/\/www.lanrel.pl\/wp-content\/uploads\/2025\/02\/FHN-KITTEN-STERILISED-DRY-03.png 2560w, https:\/\/www.lanrel.pl\/wp-content\/uploads\/2025\/02\/FHN-KITTEN-STERILISED-DRY-03-300x223.png 300w, https:\/\/www.lanrel.pl\/wp-content\/uploads\/2025\/02\/FHN-KITTEN-STERILISED-DRY-03-1024x761.png 1024w, https:\/\/www.lanrel.pl\/wp-content\/uploads\/2025\/02\/FHN-KITTEN-STERILISED-DRY-03-768x571.png 768w, https:\/\/www.lanrel.pl\/wp-content\/uploads\/2025\/02\/FHN-KITTEN-STERILISED-DRY-03-1536x1142.png 1536w, https:\/\/www.lanrel.pl\/wp-content\/uploads\/2025\/02\/FHN-KITTEN-STERILISED-DRY-03-2048x1522.png 2048w, https:\/\/www.lanrel.pl\/wp-content\/uploads\/2025\/02\/FHN-KITTEN-STERILISED-DRY-03-16x12.png 16w, https:\/\/www.lanrel.pl\/wp-content\/uploads\/2025\/02\/FHN-KITTEN-STERILISED-DRY-03-600x446.png 600w\" sizes=\"(max-width: 2560px) 100vw, 2560px\" \/>Dostosowana do specyficznych potrzeb dieta ma umiarkowan\u0105 zawarto\u015b\u0107 t\u0142uszczu, aby zmniejszy\u0107 ryzyko rozwoju nadwagi, a jednocze\u015bnie zawiera optymalny poziom bia\u0142ka, wapnia i fosforu dla zdrowego rozwoju kota.<\/p>\n<p>Sk\u0142adniki pokarmowe, takie jak witamina C i E, wspomagaj\u0105 rozw\u00f3j zdrowego uk\u0142adu odporno\u015bciowego koci\u0119cia. Wykazano, \u017ce te przeciwutleniacze zwi\u0119kszaj\u0105 ilo\u015b\u0107 i tempo produkcji przeciwcia\u0142 po szczepieniu.<\/p>\n<p>Karma ROYAL CANIN\u00ae Sterilised Kitten zosta\u0142a r\u00f3wnie\u017c wzbogacona w kwasy t\u0142uszczowe omega-3 (DHA), kt\u00f3re wspomagaj\u0105 rozw\u00f3j m\u00f3zgu i narz\u0105du wzroku.<\/p>\n<p>Dzi\u0119ki po\u0142\u0105czeniu korzystnego dzia\u0142ania prebiotyk\u00f3w (MOS) oraz bia\u0142ek o najwy\u017cszej strawno\u015bci karma ROYAL CANIN\u00ae Sterilised Kitten wspomaga optymaln\u0105 r\u00f3wnowag\u0119 mikrobioty jelitowej i sprzyja prawid\u0142owemu trawieniu.<\/p>\n<p><strong>Zalety karmy <\/strong><\/p>\n<p style=\"padding-left: 40px;\"><strong>Rozw\u00f3j organizmu i kontrola masy cia\u0142a. <\/strong><\/p>\n<p style=\"padding-left: 40px;\">Ograniczona zawarto\u015b\u0107 t\u0142uszczu pomaga zapobiega\u0107 rozwojowi nadwagi.<\/p>\n<p style=\"padding-left: 40px;\"><strong>Silny system odporno\u015bciowy. <\/strong><\/p>\n<p style=\"padding-left: 40px;\">Sk\u0142adniki pokarmowe, w tym witaminy C i E, wspieraj\u0105 rozw\u00f3j uk\u0142adu odporno\u015bciowego.<\/p>\n<p style=\"padding-left: 40px;\"><strong>Rozw\u00f3j m\u00f3zgu. <\/strong><\/p>\n<p style=\"padding-left: 40px;\">Kwasy t\u0142uszczowe omega 3 wspomagaj\u0105 rozw\u00f3j m\u00f3zgu.<\/p>\n<p style=\"padding-left: 40px;\"><strong>Wspieranie mikrobiomu. <\/strong><\/p>\n<p style=\"padding-left: 40px;\">Prebiotyki i wysokostrawne bia\u0142ka sprzyjaj\u0105 optymalnej r\u00f3wnowadze flory jelitowej.<\/p>\n<p><img loading=\"lazy\" decoding=\"async\" class=\"alignnone size-full wp-image-6767\" src=\"http:\/\/lanrel.eu\/wp-content\/uploads\/2025\/02\/FHN-KITTEN-STERILISED-DRY-04.png\" alt=\"\" width=\"2560\" height=\"1347\" srcset=\"https:\/\/www.lanrel.pl\/wp-content\/uploads\/2025\/02\/FHN-KITTEN-STERILISED-DRY-04.png 2560w, https:\/\/www.lanrel.pl\/wp-content\/uploads\/2025\/02\/FHN-KITTEN-STERILISED-DRY-04-300x158.png 300w, https:\/\/www.lanrel.pl\/wp-content\/uploads\/2025\/02\/FHN-KITTEN-STERILISED-DRY-04-1024x539.png 1024w, https:\/\/www.lanrel.pl\/wp-content\/uploads\/2025\/02\/FHN-KITTEN-STERILISED-DRY-04-768x404.png 768w, https:\/\/www.lanrel.pl\/wp-content\/uploads\/2025\/02\/FHN-KITTEN-STERILISED-DRY-04-1536x808.png 1536w, https:\/\/www.lanrel.pl\/wp-content\/uploads\/2025\/02\/FHN-KITTEN-STERILISED-DRY-04-2048x1078.png 2048w, https:\/\/www.lanrel.pl\/wp-content\/uploads\/2025\/02\/FHN-KITTEN-STERILISED-DRY-04-18x9.png 18w, https:\/\/www.lanrel.pl\/wp-content\/uploads\/2025\/02\/FHN-KITTEN-STERILISED-DRY-04-600x316.png 600w\" sizes=\"(max-width: 2560px) 100vw, 2560px\" \/>Krokiety karmy ROYAL CANIN\u00ae Sterilised Kitten zosta\u0142y specjalnie dostosowane do delikatnej budowy z\u0119b\u00f3w i szcz\u0119k koci\u0119cia. Efekt mechanicznego czyszczenia z\u0119b\u00f3w, uzyskany podczas rozgryzania karmy, wspomaga higien\u0119 jamy ustnej kota.<\/p>\n<p><img loading=\"lazy\" decoding=\"async\" class=\"alignnone size-full wp-image-6768\" src=\"http:\/\/lanrel.eu\/wp-content\/uploads\/2025\/02\/FHN-KITTEN-STERILISED-DRY-05.png\" alt=\"\" width=\"2560\" height=\"1488\" srcset=\"https:\/\/www.lanrel.pl\/wp-content\/uploads\/2025\/02\/FHN-KITTEN-STERILISED-DRY-05.png 2560w, https:\/\/www.lanrel.pl\/wp-content\/uploads\/2025\/02\/FHN-KITTEN-STERILISED-DRY-05-300x174.png 300w, https:\/\/www.lanrel.pl\/wp-content\/uploads\/2025\/02\/FHN-KITTEN-STERILISED-DRY-05-1024x595.png 1024w, https:\/\/www.lanrel.pl\/wp-content\/uploads\/2025\/02\/FHN-KITTEN-STERILISED-DRY-05-768x446.png 768w, https:\/\/www.lanrel.pl\/wp-content\/uploads\/2025\/02\/FHN-KITTEN-STERILISED-DRY-05-1536x893.png 1536w, https:\/\/www.lanrel.pl\/wp-content\/uploads\/2025\/02\/FHN-KITTEN-STERILISED-DRY-05-2048x1190.png 2048w, https:\/\/www.lanrel.pl\/wp-content\/uploads\/2025\/02\/FHN-KITTEN-STERILISED-DRY-05-18x10.png 18w, https:\/\/www.lanrel.pl\/wp-content\/uploads\/2025\/02\/FHN-KITTEN-STERILISED-DRY-05-600x349.png 600w\" sizes=\"(max-width: 2560px) 100vw, 2560px\" \/>Czy wiesz, \u017ce potrzeby pokarmowe koci\u0105t zmieniaj\u0105 si\u0119 po uko\u0144czeniu okresu wzrostu? Kiedy koci\u0119 po sterylizacji osi\u0105gnie wiek 12 miesi\u0119cy, b\u0119dzie wymaga\u0107 karmy dostosowanej do potrzeb \u017cywieniowych doros\u0142ego kota. Na tym etapie zaleca si\u0119 przej\u015bcie na karm\u0119 ROYAL CANIN\u00ae Appetite Control Care, dost\u0119pn\u0105 w postaci karmy suchej lub karmy mokrej (kawa\u0142ki w sosie lub galaretce).<\/p>\n<p>&nbsp;<\/p>\n<p><iframe title=\"Start of life Royal Canin Kitten Sterilised\" width=\"1170\" height=\"658\" src=\"https:\/\/www.youtube.com\/embed\/e5czio6Ks3s?feature=oembed\" frameborder=\"0\" allow=\"accelerometer; autoplay; clipboard-write; encrypted-media; gyroscope; picture-in-picture; web-share\" referrerpolicy=\"strict-origin-when-cross-origin\" allowfullscreen><\/iframe><\/p>\n<p><img loading=\"lazy\" decoding=\"async\" class=\"alignnone size-full wp-image-6770\" src=\"http:\/\/lanrel.eu\/wp-content\/uploads\/2025\/02\/FHN-KITTEN-STERILISED-DRY-07.png\" alt=\"\" width=\"2560\" height=\"1169\" srcset=\"https:\/\/www.lanrel.pl\/wp-content\/uploads\/2025\/02\/FHN-KITTEN-STERILISED-DRY-07.png 2560w, https:\/\/www.lanrel.pl\/wp-content\/uploads\/2025\/02\/FHN-KITTEN-STERILISED-DRY-07-300x137.png 300w, https:\/\/www.lanrel.pl\/wp-content\/uploads\/2025\/02\/FHN-KITTEN-STERILISED-DRY-07-1024x468.png 1024w, https:\/\/www.lanrel.pl\/wp-content\/uploads\/2025\/02\/FHN-KITTEN-STERILISED-DRY-07-768x351.png 768w, https:\/\/www.lanrel.pl\/wp-content\/uploads\/2025\/02\/FHN-KITTEN-STERILISED-DRY-07-1536x701.png 1536w, https:\/\/www.lanrel.pl\/wp-content\/uploads\/2025\/02\/FHN-KITTEN-STERILISED-DRY-07-2048x935.png 2048w, https:\/\/www.lanrel.pl\/wp-content\/uploads\/2025\/02\/FHN-KITTEN-STERILISED-DRY-07-18x8.png 18w, https:\/\/www.lanrel.pl\/wp-content\/uploads\/2025\/02\/FHN-KITTEN-STERILISED-DRY-07-1170x533.png 1170w, https:\/\/www.lanrel.pl\/wp-content\/uploads\/2025\/02\/FHN-KITTEN-STERILISED-DRY-07-600x274.png 600w\" sizes=\"(max-width: 2560px) 100vw, 2560px\" \/><\/p>\n<p>W firmie Royal Canin jeste\u015bmy silnie zaanga\u017cowani w tworzenie lepszego \u015bwiata dla kot\u00f3w i ps\u00f3w. Od ponad 50 lat \u015bci\u015ble wsp\u00f3\u0142pracujemy z hodowcami, lekarzami weterynarii i ekspertami zajmuj\u0105cymi si\u0119 zwierz\u0119tami towarzysz\u0105cymi. Dzielimy si\u0119 specjalistyczn\u0105 wiedz\u0105 i wynikami bada\u0144 naukowych, by tworzy\u0107 precyzyjne, zindywidualizowane rozwi\u0105zania \u017cywieniowe.<\/p>\n<p>Wszystkie nasze produkty poddawane s\u0105 procesowi surowej kontroli, aby zagwarantowa\u0107 najwy\u017csz\u0105 jako\u015b\u0107 karmy. Stosujemy sk\u0142adniki pokarmowe ze zr\u00f3wnowa\u017conych \u017ar\u00f3de\u0142, a nasze produkty s\u0105 naturalnie konserwowane, bez dodatku sztucznych konserwant\u00f3w, barwnik\u00f3w i aromat\u00f3w. Podaj\u0105c koci\u0119ciu karm\u0119 ROYAL CANIN\u00ae Sterilised Kitten zapewniasz mu kompletn\u0105 i zbilansowan\u0105 diet\u0119.<\/p>\n<h3>WARTO\u015aCI OD\u017bYWCZE<\/h3>\n<p><strong>SK\u0141AD<\/strong><\/p>\n<p>Suszone bia\u0142ko drobiowe, gluten pszenny*, w\u0142\u00f3kno ro\u015blinne, m\u0105ka pszenna, t\u0142uszcze zwierz\u0119ce, hydrolizowane bia\u0142ko drobiowe, m\u0105ka kukurydziana, ry\u017c, kukurydza, gluten kukurydziany, wys\u0142odki buraczane, minera\u0142y, olej sojowy, produkty z dro\u017cd\u017cy, \u0142uski i nasiona psyllium, olej rybny, fruktooligosacharydy, hydrolizowane dro\u017cd\u017ce (\u017ar\u00f3d\u0142o mannooligosacharyd\u00f3w i beta-glukan\u00f3w) (0,27%), olej z alg Schizochytrium sp. (\u017ar\u00f3d\u0142o kwas\u00f3w DHA), m\u0105czka z aksamitki. *L.I.P.: bia\u0142ko wyselekcjonowane ze wzgl\u0119du na bardzo wysok\u0105 strawno\u015b\u0107.<\/p>\n<p><strong>DODATKI (na 1 kg karmy):<\/strong><\/p>\n<p>Witamina A: 21500 UI, Witamina D3: 800 UI, \u017belazo (3b103): 32 mg, Jod (3b201, 3b202): 3,2 mg, Mied\u017a (3b405, 3b406): 10 mg, Mangan (3b502, 3b504): 41 mg, Cynk (3b603, 3b605, 3b606): 128 mg, Selen (3b801, 3b811, 3b812): 0,04 mg &#8211; Dodatki technologiczne: Klinoptylolit pochodzenia osadowego: 10 g &#8211; Konserwanty &#8211; Przeciwutleniacze.<\/p>\n<p>SK\u0141ADNIKI ANALITYCZNE:<\/p>\n<p>Witamina E: 420 mg\/kg &#8211; Witamina C: 180 mg\/kg. BIA\u0141KO SUROWE 34,0% OLEJE I T\u0141USZCZE SUROWE 12,0% POPI\u00d3\u0141 SUROWY 7,4% W\u0141\u00d3KNO SUROWE 9,8% WAP\u0143 1,04% FOSFOR 0,95% KWASY T\u0141USZCZOWE OMEGA-3 (DHA) 0,14%<\/p>\n<p><strong>Spos\u00f3b u\u017cycia:<\/strong><\/p>\n<table style=\"height: 93px;\" width=\"1162\">\n<thead>\n<tr>\n<th style=\"text-align: center;\">Wiek koci\u0119cia (miesi\u0105ce)<\/th>\n<th style=\"text-align: center;\">4<\/th>\n<th style=\"text-align: center;\">5<\/th>\n<th style=\"text-align: center;\">6<\/th>\n<th style=\"text-align: center;\">7<\/th>\n<th style=\"text-align: center;\">8<\/th>\n<th style=\"text-align: center;\">9<\/th>\n<th style=\"text-align: center;\">10<\/th>\n<th style=\"text-align: center;\">11<\/th>\n<th style=\"text-align: center;\">12<\/th>\n<\/tr>\n<\/thead>\n<tbody>\n<tr>\n<td style=\"text-align: center;\">Waga koci\u0119cia (kg)<\/td>\n<td style=\"text-align: center;\">1.8 &#8211; 2.75<\/td>\n<td style=\"text-align: center;\">2.1 &#8211; 3<\/td>\n<td style=\"text-align: center;\">2.4 &#8211; 3.9<\/td>\n<td style=\"text-align: center;\">2.4 &#8211; 3.9<\/td>\n<td style=\"text-align: center;\">2.7 &#8211; 4<\/td>\n<td style=\"text-align: center;\">2.9 &#8211; 5<\/td>\n<td style=\"text-align: center;\">2.9 &#8211; 5<\/td>\n<td style=\"text-align: center;\">2.9 &#8211; 5<\/td>\n<td style=\"text-align: center;\">2.9 &#8211; 5<\/td>\n<\/tr>\n<tr>\n<td style=\"text-align: center;\">Dawka (g\/dzie\u0144)<\/td>\n<td style=\"text-align: center;\">79g<\/td>\n<td style=\"text-align: center;\">83g<\/td>\n<td style=\"text-align: center;\">80g<\/td>\n<td style=\"text-align: center;\">77g<\/td>\n<td style=\"text-align: center;\">73g<\/td>\n<td style=\"text-align: center;\">69g<\/td>\n<td style=\"text-align: center;\">66g<\/td>\n<td style=\"text-align: center;\">63g<\/td>\n<td style=\"text-align: center;\">61g<\/td>\n<\/tr>\n<\/tbody>\n<\/table>\n<table>\n<thead>\n<tr>\n<th>Wiek koci\u0119cia (miesi\u0105ce)<\/th>\n<th>4<\/th>\n<th>5<\/th>\n<th>6<\/th>\n<th>7<\/th>\n<th>8<\/th>\n<th>9<\/th>\n<th>10<\/th>\n<th>11<\/th>\n<th>12<\/th>\n<\/tr>\n<\/thead>\n<tbody>\n<tr>\n<td style=\"text-align: center;\">Waga koci\u0119cia (kg)<\/td>\n<td style=\"text-align: center;\">1.8 &#8211; 2.75<\/td>\n<td style=\"text-align: center;\">2.1 &#8211; 3<\/td>\n<td style=\"text-align: center;\">2.4 &#8211; 3.9<\/td>\n<td style=\"text-align: center;\">2.4 &#8211; 3.9<\/td>\n<td style=\"text-align: center;\">2.7 &#8211; 4<\/td>\n<td style=\"text-align: center;\">2.9 &#8211; 5<\/td>\n<td style=\"text-align: center;\">2.9 &#8211; 5<\/td>\n<td style=\"text-align: center;\">2.9 &#8211; 5<\/td>\n<td style=\"text-align: center;\">2.9 &#8211; 5<\/td>\n<\/tr>\n<tr>\n<td style=\"text-align: center;\">Dawka (g\/dzie\u0144)<\/td>\n<td style=\"text-align: center;\">1 saszetka + 56g<\/td>\n<td style=\"text-align: center;\">1 pouch + 60g<\/td>\n<td style=\"text-align: center;\">1 pouch + 57g<\/td>\n<td style=\"text-align: center;\">1 pouch + 54g<\/td>\n<td style=\"text-align: center;\">1 pouch + 50g<\/td>\n<td style=\"text-align: center;\">1 pouch + 46g<\/td>\n<td style=\"text-align: center;\">1 pouch + 43g<\/td>\n<td style=\"text-align: center;\">1 pouch + 40g<\/td>\n<td style=\"text-align: center;\">1 pouch + 38g<\/td>\n<\/tr>\n<\/tbody>\n<\/table>","protected":false},"excerpt":{"rendered":"<p>Koci\u0119ta od 6 do 12 miesi\u0105ca \u017cycia, sterylizowane<\/p>\n<p>Marka: Royal Canin<\/p>\n<p>Faza \u017cycia: Koci\u0119 Junior<\/p>\n<p><span class=\"ty-product-feature__label\">Specjalne wymagania: Sterylizacja<\/span><\/p>","protected":false},"featured_media":6762,"comment_status":"open","ping_status":"closed","template":"","meta":{"om_disable_all_campaigns":false,"inline_featured_image":false},"product_brand":[],"product_cat":[42,91,90],"product_tag":[],"class_list":{"0":"post-6753","1":"product","2":"type-product","3":"status-publish","4":"has-post-thumbnail","6":"product_cat-cat-food","7":"product_cat-kocieta","8":"product_cat-royal-canin","10":"first","11":"instock","12":"taxable","13":"shipping-taxable","14":"product-type-variable","15":"has-default-attributes"},"_links":{"self":[{"href":"https:\/\/www.lanrel.pl\/pl\/wp-json\/wp\/v2\/product\/6753","targetHints":{"allow":["GET"]}}],"collection":[{"href":"https:\/\/www.lanrel.pl\/pl\/wp-json\/wp\/v2\/product"}],"about":[{"href":"https:\/\/www.lanrel.pl\/pl\/wp-json\/wp\/v2\/types\/product"}],"replies":[{"embeddable":true,"href":"https:\/\/www.lanrel.pl\/pl\/wp-json\/wp\/v2\/comments?post=6753"}],"wp:featuredmedia":[{"embeddable":true,"href":"https:\/\/www.lanrel.pl\/pl\/wp-json\/wp\/v2\/media\/6762"}],"wp:attachment":[{"href":"https:\/\/www.lanrel.pl\/pl\/wp-json\/wp\/v2\/media?parent=6753"}],"wp:term":[{"taxonomy":"product_brand","embeddable":true,"href":"https:\/\/www.lanrel.pl\/pl\/wp-json\/wp\/v2\/product_brand?post=6753"},{"taxonomy":"product_cat","embeddable":true,"href":"https:\/\/www.lanrel.pl\/pl\/wp-json\/wp\/v2\/product_cat?post=6753"},{"taxonomy":"product_tag","embeddable":true,"href":"https:\/\/www.lanrel.pl\/pl\/wp-json\/wp\/v2\/product_tag?post=6753"}],"curies":[{"name":"wp","href":"https:\/\/api.w.org\/{rel}","templated":true}]}}