{"id":6709,"date":"2025-02-22T04:29:57","date_gmt":"2025-02-22T03:29:57","guid":{"rendered":"https:\/\/lanrel.eu\/?post_type=product&#038;p=6709"},"modified":"2025-10-21T21:11:50","modified_gmt":"2025-10-21T19:11:50","slug":"royal-canin-kitten-karma-sucha-dla-kociat-od-4-do-12-miesiaca-zycia","status":"publish","type":"product","link":"https:\/\/www.lanrel.pl\/pl\/produkt\/royal-canin-kitten-karma-sucha-dla-kociat-od-4-do-12-miesiaca-zycia\/","title":{"rendered":"ROYAL CANIN\u00ae Kitten karma sucha dla koci\u0105t od 4 do 12 miesi\u0105ca \u017cycia"},"content":{"rendered":"<p><img fetchpriority=\"high\" decoding=\"async\" class=\"alignnone size-full wp-image-6721\" src=\"http:\/\/lanrel.eu\/wp-content\/uploads\/2025\/02\/SOL-KITTEN-DRY-1.png\" alt=\"\" width=\"2560\" height=\"1356\" srcset=\"https:\/\/www.lanrel.pl\/wp-content\/uploads\/2025\/02\/SOL-KITTEN-DRY-1.png 2560w, https:\/\/www.lanrel.pl\/wp-content\/uploads\/2025\/02\/SOL-KITTEN-DRY-1-300x159.png 300w, https:\/\/www.lanrel.pl\/wp-content\/uploads\/2025\/02\/SOL-KITTEN-DRY-1-1024x542.png 1024w, https:\/\/www.lanrel.pl\/wp-content\/uploads\/2025\/02\/SOL-KITTEN-DRY-1-768x407.png 768w, https:\/\/www.lanrel.pl\/wp-content\/uploads\/2025\/02\/SOL-KITTEN-DRY-1-1536x814.png 1536w, https:\/\/www.lanrel.pl\/wp-content\/uploads\/2025\/02\/SOL-KITTEN-DRY-1-2048x1085.png 2048w, https:\/\/www.lanrel.pl\/wp-content\/uploads\/2025\/02\/SOL-KITTEN-DRY-1-18x10.png 18w, https:\/\/www.lanrel.pl\/wp-content\/uploads\/2025\/02\/SOL-KITTEN-DRY-1-600x318.png 600w\" sizes=\"(max-width: 2560px) 100vw, 2560px\" \/> <img decoding=\"async\" class=\"alignnone size-full wp-image-6722\" src=\"http:\/\/lanrel.eu\/wp-content\/uploads\/2025\/02\/SOL-KITTEN-DRY-2.png\" alt=\"\" width=\"2560\" height=\"1244\" srcset=\"https:\/\/www.lanrel.pl\/wp-content\/uploads\/2025\/02\/SOL-KITTEN-DRY-2.png 2560w, https:\/\/www.lanrel.pl\/wp-content\/uploads\/2025\/02\/SOL-KITTEN-DRY-2-300x146.png 300w, https:\/\/www.lanrel.pl\/wp-content\/uploads\/2025\/02\/SOL-KITTEN-DRY-2-1024x498.png 1024w, https:\/\/www.lanrel.pl\/wp-content\/uploads\/2025\/02\/SOL-KITTEN-DRY-2-768x373.png 768w, https:\/\/www.lanrel.pl\/wp-content\/uploads\/2025\/02\/SOL-KITTEN-DRY-2-1536x746.png 1536w, https:\/\/www.lanrel.pl\/wp-content\/uploads\/2025\/02\/SOL-KITTEN-DRY-2-2048x995.png 2048w, https:\/\/www.lanrel.pl\/wp-content\/uploads\/2025\/02\/SOL-KITTEN-DRY-2-18x9.png 18w, https:\/\/www.lanrel.pl\/wp-content\/uploads\/2025\/02\/SOL-KITTEN-DRY-2-600x292.png 600w\" sizes=\"(max-width: 2560px) 100vw, 2560px\" \/>Karma ROYAL CANIN\u00ae Kitten zosta\u0142a opracowana specjalnie w celu pokrycia potrzeb pokarmowych koci\u0105t w drugim etapie wzrostu. Receptura jest odpowiednia dla koci\u0105t w wieku 4-12 miesi\u0119cy, w okresie znacznych zmian fizycznych i behawioralnych.<\/p>\n<p><img decoding=\"async\" class=\"alignnone size-full wp-image-6723\" src=\"http:\/\/lanrel.eu\/wp-content\/uploads\/2025\/02\/SOL-KITTEN-DRY-3.png\" alt=\"\" width=\"2560\" height=\"1864\" srcset=\"https:\/\/www.lanrel.pl\/wp-content\/uploads\/2025\/02\/SOL-KITTEN-DRY-3.png 2560w, https:\/\/www.lanrel.pl\/wp-content\/uploads\/2025\/02\/SOL-KITTEN-DRY-3-300x218.png 300w, https:\/\/www.lanrel.pl\/wp-content\/uploads\/2025\/02\/SOL-KITTEN-DRY-3-1024x746.png 1024w, https:\/\/www.lanrel.pl\/wp-content\/uploads\/2025\/02\/SOL-KITTEN-DRY-3-768x559.png 768w, https:\/\/www.lanrel.pl\/wp-content\/uploads\/2025\/02\/SOL-KITTEN-DRY-3-1536x1118.png 1536w, https:\/\/www.lanrel.pl\/wp-content\/uploads\/2025\/02\/SOL-KITTEN-DRY-3-2048x1491.png 2048w, https:\/\/www.lanrel.pl\/wp-content\/uploads\/2025\/02\/SOL-KITTEN-DRY-3-16x12.png 16w, https:\/\/www.lanrel.pl\/wp-content\/uploads\/2025\/02\/SOL-KITTEN-DRY-3-600x437.png 600w\" sizes=\"(max-width: 2560px) 100vw, 2560px\" \/>Dostosowana do specyficznych potrzeb dieta ma optymaln\u0105 zawarto\u015b\u0107 bia\u0142ka, sk\u0142adnik\u00f3w mineralnych i witamin oraz pokrywa wysokie zapotrzebowanie na energi\u0119 koci\u0119cia i wspomaga rozw\u00f3j ko\u015bci i mi\u0119\u015bni.<\/p>\n<p>Sk\u0142adniki pokarmowe, takie jak witamina C i E, wspomagaj\u0105 rozw\u00f3j zdrowego uk\u0142adu odporno\u015bciowego koci\u0119cia. Wykazano, \u017ce te przeciwutleniacze zwi\u0119kszaj\u0105 ilo\u015b\u0107 i tempo produkcji przeciwcia\u0142 po szczepieniu.<\/p>\n<p>Karma ROYAL CANIN\u00ae Kitten zosta\u0142a r\u00f3wnie\u017c wzbogacona w kwasy t\u0142uszczowe omega 3 (DHA), kt\u00f3re wspomagaj\u0105 rozw\u00f3j m\u00f3zgu i narz\u0105du wzroku.<\/p>\n<p>Dzi\u0119ki po\u0142\u0105czeniu korzystnego dzia\u0142ania prebiotyk\u00f3w (MOS) oraz bia\u0142ek o najwy\u017cszej strawno\u015bci karma ROYAL CANIN\u00ae Kitten wspomaga optymaln\u0105 r\u00f3wnowag\u0119 mikrobioty jelitowej i sprzyja prawid\u0142owemu trawieniu.<\/p>\n<p><strong>Zalety karmy<\/strong><\/p>\n<p style=\"padding-left: 40px;\"><strong>Rozw\u00f3j organizmu w drugim etapie wzrostu. <\/strong><\/p>\n<p style=\"padding-left: 40px;\">Optymalna zawarto\u015b\u0107 bia\u0142ka, witamin i sk\u0142adnik\u00f3w mineralnych wspomaga prawid\u0142owy rozw\u00f3j kota<\/p>\n<p style=\"padding-left: 40px;\"><strong>Silny system odporno\u015bciowy. <\/strong><\/p>\n<p style=\"padding-left: 40px;\">Sk\u0142adniki pokarmowe, w tym witaminy C i E, sprzyjaj\u0105 rozwojowi uk\u0142adu odporno\u015bciowego<\/p>\n<p style=\"padding-left: 40px;\"><strong>Rozw\u00f3j m\u00f3zgu. <\/strong><\/p>\n<p style=\"padding-left: 40px;\">Kwasy t\u0142uszczowe omega 3 wspomagaj\u0105 rozw\u00f3j m\u00f3zgu<\/p>\n<p style=\"padding-left: 40px;\"><strong>Wspieranie mikrobiomu. <\/strong><\/p>\n<p style=\"padding-left: 40px;\">Prebiotyki i wysokostrawne bia\u0142ka sprzyjaj\u0105 optymalnej r\u00f3wnowadze flory jelitowej<\/p>\n<p><img loading=\"lazy\" decoding=\"async\" class=\"alignnone size-full wp-image-6724\" src=\"http:\/\/lanrel.eu\/wp-content\/uploads\/2025\/02\/SOL-KITTEN-DRY-4.png\" alt=\"\" width=\"2560\" height=\"1334\" srcset=\"https:\/\/www.lanrel.pl\/wp-content\/uploads\/2025\/02\/SOL-KITTEN-DRY-4.png 2560w, https:\/\/www.lanrel.pl\/wp-content\/uploads\/2025\/02\/SOL-KITTEN-DRY-4-300x156.png 300w, https:\/\/www.lanrel.pl\/wp-content\/uploads\/2025\/02\/SOL-KITTEN-DRY-4-1024x534.png 1024w, https:\/\/www.lanrel.pl\/wp-content\/uploads\/2025\/02\/SOL-KITTEN-DRY-4-768x400.png 768w, https:\/\/www.lanrel.pl\/wp-content\/uploads\/2025\/02\/SOL-KITTEN-DRY-4-1536x800.png 1536w, https:\/\/www.lanrel.pl\/wp-content\/uploads\/2025\/02\/SOL-KITTEN-DRY-4-2048x1067.png 2048w, https:\/\/www.lanrel.pl\/wp-content\/uploads\/2025\/02\/SOL-KITTEN-DRY-4-18x9.png 18w, https:\/\/www.lanrel.pl\/wp-content\/uploads\/2025\/02\/SOL-KITTEN-DRY-4-600x313.png 600w\" sizes=\"(max-width: 2560px) 100vw, 2560px\" \/>Krokiety karmy ROYAL CANIN\u00ae Kitten zosta\u0142y specjalnie dostosowane do delikatnej budowy z\u0119b\u00f3w i szcz\u0119k koci\u0119cia. Efekt mechanicznego czyszczenia z\u0119b\u00f3w, uzyskany podczas rozgryzania karmy, wspomaga higien\u0119 jamy ustnej kota.<\/p>\n<p><img loading=\"lazy\" decoding=\"async\" class=\"alignnone size-full wp-image-6725\" src=\"http:\/\/lanrel.eu\/wp-content\/uploads\/2025\/02\/SOL-KITTEN-DRY-5.png\" alt=\"\" width=\"2560\" height=\"1461\" srcset=\"https:\/\/www.lanrel.pl\/wp-content\/uploads\/2025\/02\/SOL-KITTEN-DRY-5.png 2560w, https:\/\/www.lanrel.pl\/wp-content\/uploads\/2025\/02\/SOL-KITTEN-DRY-5-300x171.png 300w, https:\/\/www.lanrel.pl\/wp-content\/uploads\/2025\/02\/SOL-KITTEN-DRY-5-1024x584.png 1024w, https:\/\/www.lanrel.pl\/wp-content\/uploads\/2025\/02\/SOL-KITTEN-DRY-5-768x438.png 768w, https:\/\/www.lanrel.pl\/wp-content\/uploads\/2025\/02\/SOL-KITTEN-DRY-5-1536x877.png 1536w, https:\/\/www.lanrel.pl\/wp-content\/uploads\/2025\/02\/SOL-KITTEN-DRY-5-2048x1169.png 2048w, https:\/\/www.lanrel.pl\/wp-content\/uploads\/2025\/02\/SOL-KITTEN-DRY-5-18x10.png 18w, https:\/\/www.lanrel.pl\/wp-content\/uploads\/2025\/02\/SOL-KITTEN-DRY-5-600x342.png 600w\" sizes=\"(max-width: 2560px) 100vw, 2560px\" \/>Potrzeby pokarmowe koci\u0105t zmieniaj\u0105 si\u0119 po uko\u0144czeniu okresu wzrostu i kiedy koci\u0119 osi\u0105ga wiek 12 miesi\u0119cy wymaga karmy dostosowanej do potrzeb \u017cywieniowych doros\u0142ego kota. Na tym etapie zaleca si\u0119 przej\u015bcie na karmy ROYAL CANIN\u00ae dla kot\u00f3w doros\u0142ych, dost\u0119pne w postaci karmy suchej lub karmy mokrej (pasztet, kawa\u0142ki w sosie lub galaretce).<\/p>\n<p><img loading=\"lazy\" decoding=\"async\" class=\"alignnone size-full wp-image-6727\" src=\"http:\/\/lanrel.eu\/wp-content\/uploads\/2025\/02\/SOL-KITTEN-DRY-7.png\" alt=\"\" width=\"2560\" height=\"590\" srcset=\"https:\/\/www.lanrel.pl\/wp-content\/uploads\/2025\/02\/SOL-KITTEN-DRY-7.png 2560w, https:\/\/www.lanrel.pl\/wp-content\/uploads\/2025\/02\/SOL-KITTEN-DRY-7-300x69.png 300w, https:\/\/www.lanrel.pl\/wp-content\/uploads\/2025\/02\/SOL-KITTEN-DRY-7-1024x236.png 1024w, https:\/\/www.lanrel.pl\/wp-content\/uploads\/2025\/02\/SOL-KITTEN-DRY-7-768x177.png 768w, https:\/\/www.lanrel.pl\/wp-content\/uploads\/2025\/02\/SOL-KITTEN-DRY-7-1536x354.png 1536w, https:\/\/www.lanrel.pl\/wp-content\/uploads\/2025\/02\/SOL-KITTEN-DRY-7-2048x472.png 2048w, https:\/\/www.lanrel.pl\/wp-content\/uploads\/2025\/02\/SOL-KITTEN-DRY-7-18x4.png 18w, https:\/\/www.lanrel.pl\/wp-content\/uploads\/2025\/02\/SOL-KITTEN-DRY-7-600x138.png 600w\" sizes=\"(max-width: 2560px) 100vw, 2560px\" \/> <img loading=\"lazy\" decoding=\"async\" class=\"alignnone size-full wp-image-6728\" src=\"http:\/\/lanrel.eu\/wp-content\/uploads\/2025\/02\/SOL-KITTEN-DRY-8.png\" alt=\"\" width=\"2560\" height=\"1703\" srcset=\"https:\/\/www.lanrel.pl\/wp-content\/uploads\/2025\/02\/SOL-KITTEN-DRY-8.png 2560w, https:\/\/www.lanrel.pl\/wp-content\/uploads\/2025\/02\/SOL-KITTEN-DRY-8-300x200.png 300w, https:\/\/www.lanrel.pl\/wp-content\/uploads\/2025\/02\/SOL-KITTEN-DRY-8-1024x681.png 1024w, https:\/\/www.lanrel.pl\/wp-content\/uploads\/2025\/02\/SOL-KITTEN-DRY-8-768x511.png 768w, https:\/\/www.lanrel.pl\/wp-content\/uploads\/2025\/02\/SOL-KITTEN-DRY-8-1536x1022.png 1536w, https:\/\/www.lanrel.pl\/wp-content\/uploads\/2025\/02\/SOL-KITTEN-DRY-8-2048x1362.png 2048w, https:\/\/www.lanrel.pl\/wp-content\/uploads\/2025\/02\/SOL-KITTEN-DRY-8-18x12.png 18w, https:\/\/www.lanrel.pl\/wp-content\/uploads\/2025\/02\/SOL-KITTEN-DRY-8-600x399.png 600w\" sizes=\"(max-width: 2560px) 100vw, 2560px\" \/><\/p>\n<p><iframe title=\"Start of life Royal Canin Kitten\" width=\"1170\" height=\"658\" src=\"https:\/\/www.youtube.com\/embed\/Ey_eDT0b0_g?feature=oembed\" frameborder=\"0\" allow=\"accelerometer; autoplay; clipboard-write; encrypted-media; gyroscope; picture-in-picture; web-share\" referrerpolicy=\"strict-origin-when-cross-origin\" allowfullscreen><\/iframe><\/p>\n<h3>WARTO\u015aCI OD\u017bYWCZE<\/h3>\n<p><strong>SK\u0141AD<\/strong><\/p>\n<p>Suszone bia\u0142ko drobiowe, ry\u017c, gluten pszenny*, t\u0142uszcze zwierz\u0119ce, m\u0105ka kukurydziana, hydrolizowane bia\u0142ka zwierz\u0119ce, m\u0105ka pszenna, gluten kukurydziany, produkty z dro\u017cd\u017cy, wys\u0142odki buraczane, w\u0142\u00f3kno ro\u015blinne, minera\u0142y, olej sojowy, olej rybny, \u0142uski i nasiona psyllium, fruktooligosacharydy, hydrolizowane dro\u017cd\u017ce (\u017ar\u00f3d\u0142o mannooligosacharyd\u00f3w i beta-glukan\u00f3w) (0,29%), olej z alg Schizochytrium sp. (\u017ar\u00f3d\u0142o kwas\u00f3w DHA), m\u0105czka z aksamitki. *L.I.P.: bia\u0142ko wyselekcjonowane ze wzgl\u0119du na bardzo wysok\u0105 strawno\u015b\u0107.<\/p>\n<p><strong>DODATKI (na 1 kg karmy):<\/strong><\/p>\n<p>Dodatki dietetyczne: Witamina A: 21000 UI, Witamina D3: 800 UI, \u017belazo (3b103): 32 mg, Jod (3b201, 3b202): 3,2 mg, Mied\u017a (3b405, 3b406): 10 mg, Mangan (3b502, 3b504): 42 mg, Cynk (3b603, 3b605, 3b606): 126 mg, Selen (3b801, 3b811, 3b812): 0,05 mg &#8211; Dodatki technologiczne: Klinoptylolit pochodzenia osadowego: 10 g &#8211; Konserwanty &#8211; Przeciwutleniacze.<\/p>\n<p><strong>Sk\u0142adniki analityczne:<\/strong><\/p>\n<p>Witamina E: 500 mg\/kg &#8211; Witamina C: 200 mg\/kg. Energia metaboliczna: 4083 kcal\/kg. BIA\u0141KO SUROWE 36,0% OLEJE I T\u0141USZCZE SUROWE 18,0% POPI\u00d3\u0141 SUROWY 7,8% W\u0141\u00d3KNO SUROWE 2,3% KWASY T\u0141USZCZOWE OMEGA-3 (DHA) 0,17%<\/p>\n<p><strong>Spos\u00f3b u\u017cycia:<\/strong><\/p>\n<table style=\"height: 121px;\" width=\"1161\">\n<thead>\n<tr>\n<th style=\"text-align: center;\">Wiek koci\u0119cia<br \/>\n(miesi\u0105ce)<\/th>\n<th style=\"text-align: center;\">1<\/th>\n<th style=\"text-align: center;\">2<\/th>\n<th style=\"text-align: center;\">3<\/th>\n<th style=\"text-align: center;\">4<\/th>\n<th style=\"text-align: center;\">5<\/th>\n<th style=\"text-align: center;\">6<\/th>\n<th style=\"text-align: center;\">7<\/th>\n<th style=\"text-align: center;\">8<\/th>\n<th style=\"text-align: center;\">9<\/th>\n<th style=\"text-align: center;\">10<\/th>\n<th style=\"text-align: center;\">11<\/th>\n<th style=\"text-align: center;\">12<\/th>\n<\/tr>\n<\/thead>\n<tbody>\n<tr>\n<td style=\"text-align: center;\">Waga koci\u0119cia (kg)<\/td>\n<td style=\"text-align: center;\">0.48 &#8211; 0.9<\/td>\n<td style=\"text-align: center;\">0.8 &#8211; 1.2<\/td>\n<td style=\"text-align: center;\">1.4 &#8211; 2.1<\/td>\n<td style=\"text-align: center;\">1.8 &#8211; 2.75<\/td>\n<td style=\"text-align: center;\">2.1 &#8211; 3<\/td>\n<td style=\"text-align: center;\">2.4 &#8211; 3.9<\/td>\n<td style=\"text-align: center;\">2.4 &#8211; 3.9<\/td>\n<td style=\"text-align: center;\">2.7 &#8211; 4<\/td>\n<td style=\"text-align: center;\">2.9 &#8211; 5<\/td>\n<td style=\"text-align: center;\">2.9 &#8211; 5<\/td>\n<td style=\"text-align: center;\">2.9 &#8211; 5<\/td>\n<td style=\"text-align: center;\">2.9 &#8211; 5<\/td>\n<\/tr>\n<tr>\n<td style=\"text-align: center;\">Dawkowanie (gr\/dzie\u0144)<\/td>\n<td style=\"text-align: center;\">29g<\/td>\n<td style=\"text-align: center;\">48g<\/td>\n<td style=\"text-align: center;\">61g<\/td>\n<td style=\"text-align: center;\">66g<\/td>\n<td style=\"text-align: center;\">69g<\/td>\n<td style=\"text-align: center;\">67g<\/td>\n<td style=\"text-align: center;\">64g<\/td>\n<td style=\"text-align: center;\">61g<\/td>\n<td style=\"text-align: center;\">58g<\/td>\n<td style=\"text-align: center;\">55g<\/td>\n<td style=\"text-align: center;\">53g<\/td>\n<td style=\"text-align: center;\">51g<\/td>\n<\/tr>\n<\/tbody>\n<\/table>\n<table>\n<thead>\n<tr>\n<th>Wiek koci\u0119cia<br \/>\n(miesi\u0105ce)<\/th>\n<th>1<\/th>\n<th>2<\/th>\n<th>3<\/th>\n<th>4<\/th>\n<th>5<\/th>\n<th>6<\/th>\n<th>7<\/th>\n<th>8<\/th>\n<th>9<\/th>\n<th>10<\/th>\n<th>11<\/th>\n<th>12<\/th>\n<\/tr>\n<\/thead>\n<tbody>\n<tr>\n<td style=\"text-align: center;\">Waga koci\u0119cia\u00a0(kg)<\/td>\n<td style=\"text-align: center;\">0.48 &#8211; 0.9<\/td>\n<td style=\"text-align: center;\">0.8 &#8211; 1.2<\/td>\n<td style=\"text-align: center;\">1.4 &#8211; 2.1<\/td>\n<td style=\"text-align: center;\">1.8 &#8211; 2.75<\/td>\n<td style=\"text-align: center;\">2.1 &#8211; 3<\/td>\n<td style=\"text-align: center;\">2.4 &#8211; 3.9<\/td>\n<td style=\"text-align: center;\">2.4 &#8211; 3.9<\/td>\n<td style=\"text-align: center;\">2.7 &#8211; 4<\/td>\n<td style=\"text-align: center;\">2.9 &#8211; 5<\/td>\n<td style=\"text-align: center;\">2.9 &#8211; 5<\/td>\n<td style=\"text-align: center;\">2.9 &#8211; 5<\/td>\n<td style=\"text-align: center;\">2.9 &#8211; 5<\/td>\n<\/tr>\n<tr>\n<td style=\"text-align: center;\">Dawkowanie (gr\/dzie\u0144)<\/td>\n<td style=\"text-align: center;\">tylko BABY CAT MOUSSE<\/td>\n<td style=\"text-align: center;\">1 saszet. + 27g<\/td>\n<td style=\"text-align: center;\">1 pouch + 40g<\/td>\n<td style=\"text-align: center;\">1 pouch + 45g<\/td>\n<td style=\"text-align: center;\">1 pouch + 48g<\/td>\n<td style=\"text-align: center;\">1 pouch + 46g<\/td>\n<td style=\"text-align: center;\">1 pouch + 43g<\/td>\n<td style=\"text-align: center;\">1 pouch + 40g<\/td>\n<td style=\"text-align: center;\">1 pouch + 37g<\/td>\n<td style=\"text-align: center;\">1 pouch + 34g<\/td>\n<td style=\"text-align: center;\">1 pouch + 31g<\/td>\n<td style=\"text-align: center;\">1 pouch + 30g<\/td>\n<\/tr>\n<\/tbody>\n<\/table>","protected":false},"excerpt":{"rendered":"<p>Karma sucha dla koci\u0105t od 4 do 12 miesi\u0105ca \u017cycia, kotki ci\u0119\u017carne, karmi\u0105ce.<\/p>\n<p>Marka: Royal Canin<\/p>\n<p>Faza \u017cycia: Koci\u0119 Junior<\/p>","protected":false},"featured_media":6719,"comment_status":"open","ping_status":"closed","template":"","meta":{"om_disable_all_campaigns":false,"inline_featured_image":false},"product_brand":[],"product_cat":[42,91,90],"product_tag":[],"class_list":{"0":"post-6709","1":"product","2":"type-product","3":"status-publish","4":"has-post-thumbnail","6":"product_cat-cat-food","7":"product_cat-kocieta","8":"product_cat-royal-canin","10":"first","11":"outofstock","12":"taxable","13":"shipping-taxable","14":"product-type-variable","15":"has-default-attributes"},"_links":{"self":[{"href":"https:\/\/www.lanrel.pl\/pl\/wp-json\/wp\/v2\/product\/6709","targetHints":{"allow":["GET"]}}],"collection":[{"href":"https:\/\/www.lanrel.pl\/pl\/wp-json\/wp\/v2\/product"}],"about":[{"href":"https:\/\/www.lanrel.pl\/pl\/wp-json\/wp\/v2\/types\/product"}],"replies":[{"embeddable":true,"href":"https:\/\/www.lanrel.pl\/pl\/wp-json\/wp\/v2\/comments?post=6709"}],"wp:featuredmedia":[{"embeddable":true,"href":"https:\/\/www.lanrel.pl\/pl\/wp-json\/wp\/v2\/media\/6719"}],"wp:attachment":[{"href":"https:\/\/www.lanrel.pl\/pl\/wp-json\/wp\/v2\/media?parent=6709"}],"wp:term":[{"taxonomy":"product_brand","embeddable":true,"href":"https:\/\/www.lanrel.pl\/pl\/wp-json\/wp\/v2\/product_brand?post=6709"},{"taxonomy":"product_cat","embeddable":true,"href":"https:\/\/www.lanrel.pl\/pl\/wp-json\/wp\/v2\/product_cat?post=6709"},{"taxonomy":"product_tag","embeddable":true,"href":"https:\/\/www.lanrel.pl\/pl\/wp-json\/wp\/v2\/product_tag?post=6709"}],"curies":[{"name":"wp","href":"https:\/\/api.w.org\/{rel}","templated":true}]}}