{"id":6564,"date":"2025-02-22T03:46:17","date_gmt":"2025-02-22T02:46:17","guid":{"rendered":"https:\/\/lanrel.eu\/?post_type=product&#038;p=6564"},"modified":"2025-10-22T09:12:53","modified_gmt":"2025-10-22T07:12:53","slug":"royal-canin-motherbabycat-karma-sucha-dla-kotek-w-okresie-ciazy","status":"publish","type":"product","link":"https:\/\/www.lanrel.pl\/pl\/produkt\/royal-canin-motherbabycat-karma-sucha-dla-kotek-w-okresie-ciazy\/","title":{"rendered":"ROYAL CANIN\u00ae Mother&#038;Babycat karma sucha dla kotek w okresie ci\u0105\u017cy"},"content":{"rendered":"<p>&nbsp;<\/p>\n<p><img fetchpriority=\"high\" decoding=\"async\" class=\"alignnone size-full wp-image-6576\" src=\"http:\/\/lanrel.eu\/wp-content\/uploads\/2025\/02\/SOL-MOTHER-BABYCAT-DRY-2023-1.png\" alt=\"\" width=\"1920\" height=\"1006\" srcset=\"https:\/\/www.lanrel.pl\/wp-content\/uploads\/2025\/02\/SOL-MOTHER-BABYCAT-DRY-2023-1.png 1920w, https:\/\/www.lanrel.pl\/wp-content\/uploads\/2025\/02\/SOL-MOTHER-BABYCAT-DRY-2023-1-300x157.png 300w, https:\/\/www.lanrel.pl\/wp-content\/uploads\/2025\/02\/SOL-MOTHER-BABYCAT-DRY-2023-1-1024x537.png 1024w, https:\/\/www.lanrel.pl\/wp-content\/uploads\/2025\/02\/SOL-MOTHER-BABYCAT-DRY-2023-1-768x402.png 768w, https:\/\/www.lanrel.pl\/wp-content\/uploads\/2025\/02\/SOL-MOTHER-BABYCAT-DRY-2023-1-1536x805.png 1536w, https:\/\/www.lanrel.pl\/wp-content\/uploads\/2025\/02\/SOL-MOTHER-BABYCAT-DRY-2023-1-18x9.png 18w, https:\/\/www.lanrel.pl\/wp-content\/uploads\/2025\/02\/SOL-MOTHER-BABYCAT-DRY-2023-1-600x314.png 600w\" sizes=\"(max-width: 1920px) 100vw, 1920px\" \/> <img decoding=\"async\" class=\"alignnone size-full wp-image-6577\" src=\"http:\/\/lanrel.eu\/wp-content\/uploads\/2025\/02\/SOL-MOTHER-BABYCAT-DRY-2023-2.png\" alt=\"\" width=\"1920\" height=\"936\" srcset=\"https:\/\/www.lanrel.pl\/wp-content\/uploads\/2025\/02\/SOL-MOTHER-BABYCAT-DRY-2023-2.png 1920w, https:\/\/www.lanrel.pl\/wp-content\/uploads\/2025\/02\/SOL-MOTHER-BABYCAT-DRY-2023-2-300x146.png 300w, https:\/\/www.lanrel.pl\/wp-content\/uploads\/2025\/02\/SOL-MOTHER-BABYCAT-DRY-2023-2-1024x499.png 1024w, https:\/\/www.lanrel.pl\/wp-content\/uploads\/2025\/02\/SOL-MOTHER-BABYCAT-DRY-2023-2-768x374.png 768w, https:\/\/www.lanrel.pl\/wp-content\/uploads\/2025\/02\/SOL-MOTHER-BABYCAT-DRY-2023-2-1536x749.png 1536w, https:\/\/www.lanrel.pl\/wp-content\/uploads\/2025\/02\/SOL-MOTHER-BABYCAT-DRY-2023-2-18x9.png 18w, https:\/\/www.lanrel.pl\/wp-content\/uploads\/2025\/02\/SOL-MOTHER-BABYCAT-DRY-2023-2-600x293.png 600w\" sizes=\"(max-width: 1920px) 100vw, 1920px\" \/>W ci\u0105gu pierwszych 3 tygodni \u017cycia koci\u0119ta s\u0105 ca\u0142kowicie zale\u017cne od mleka matki. Nast\u0119pnie zaczynaj\u0105 interesowa\u0107 si\u0119 pokarmem sta\u0142ym, kt\u00f3ry je matka: najpierw pr\u00f3buj\u0105 wylizywa\u0107, a potem ucz\u0105 si\u0119 rozgryza\u0107 karm\u0119. Kotki w ci\u0105\u017cy i laktacji powinny wi\u0119c otrzymywa\u0107 od\u017cywcz\u0105 karm\u0119, kt\u00f3ra jest odpowiednia do unikalnych potrzeb \u017cywieniowych zar\u00f3wno matki, jak i jej koci\u0105t.<\/p>\n<p>Karma ROYAL CANIN\u00ae Mother &amp; Babycat zosta\u0142a specjalnie dostosowana do pokrycia wysokich potrzeb energetycznych kotki w okresie ci\u0105\u017cy i laktacji. Karma wspiera r\u00f3wnie\u017c zdrowy rozw\u00f3j koci\u0105t w okresie odsadzania, do 4 miesi\u0105ca \u017cycia.<\/p>\n<p><img decoding=\"async\" class=\"alignnone size-full wp-image-6578\" src=\"http:\/\/lanrel.eu\/wp-content\/uploads\/2025\/02\/SOL-MOTHER-BABYCAT-DRY-2023-3.png\" alt=\"\" width=\"1920\" height=\"1039\" srcset=\"https:\/\/www.lanrel.pl\/wp-content\/uploads\/2025\/02\/SOL-MOTHER-BABYCAT-DRY-2023-3.png 1920w, https:\/\/www.lanrel.pl\/wp-content\/uploads\/2025\/02\/SOL-MOTHER-BABYCAT-DRY-2023-3-300x162.png 300w, https:\/\/www.lanrel.pl\/wp-content\/uploads\/2025\/02\/SOL-MOTHER-BABYCAT-DRY-2023-3-1024x554.png 1024w, https:\/\/www.lanrel.pl\/wp-content\/uploads\/2025\/02\/SOL-MOTHER-BABYCAT-DRY-2023-3-768x416.png 768w, https:\/\/www.lanrel.pl\/wp-content\/uploads\/2025\/02\/SOL-MOTHER-BABYCAT-DRY-2023-3-1536x831.png 1536w, https:\/\/www.lanrel.pl\/wp-content\/uploads\/2025\/02\/SOL-MOTHER-BABYCAT-DRY-2023-3-18x10.png 18w, https:\/\/www.lanrel.pl\/wp-content\/uploads\/2025\/02\/SOL-MOTHER-BABYCAT-DRY-2023-3-600x325.png 600w\" sizes=\"(max-width: 1920px) 100vw, 1920px\" \/>Nowonarodzone koci\u0119ta otrzymuj\u0105 przeciwcia\u0142a wraz z siar\u0105 matki, ale ochrona ta z czasem ulega os\u0142abieniu. ROYAL CANIN\u00ae Mother &amp; Babycat zawiera kompleks witamin C i E o udowodnionym dzia\u0142aniu, wspomagaj\u0105cym zdrowy rozw\u00f3j uk\u0142adu odporno\u015bciowego.<\/p>\n<p>Receptura karmy zosta\u0142a wzbogacona r\u00f3wnie\u017c w kwasy t\u0142uszczowe omega 3 (DHA), by wspiera\u0107 rozw\u00f3j m\u00f3zgu i narz\u0105du wzroku u koci\u0105t.<br \/>\nDzi\u0119ki kombinacji korzystnych prebiotyk\u00f3w (MOS) i wysokostrawnych bia\u0142ek, karma ROYAL CANIN\u00ae Mother &amp; Babycat wspomaga r\u00f3wnie\u017c zdrow\u0105 r\u00f3wnowag\u0119 mikrobioty jelitowej i prawid\u0142owe trawienie.<\/p>\n<p><strong>Zalety karmy<\/strong><\/p>\n<p style=\"padding-left: 40px;\"><strong>Wspomaganie organizmu kotek i koci\u0105t. <\/strong><\/p>\n<p style=\"padding-left: 40px;\">Pokrycie wysokich potrzeb energetycznych kotki oraz wspomaganie wczesnego wzrostu koci\u0105t<\/p>\n<p style=\"padding-left: 40px;\"><strong>Silny uk\u0142ad odporno\u015bciowy. <\/strong><\/p>\n<p style=\"padding-left: 40px;\">Udowodnione dzia\u0142anie kompleksu sk\u0142adnik\u00f3w, sprzyjaj\u0105cych zdrowemu rozwojowi uk\u0142adu odporno\u015bciowego.<\/p>\n<p style=\"padding-left: 40px;\"><strong>Rozw\u00f3j m\u00f3zgu. <\/strong><\/p>\n<p style=\"padding-left: 40px;\">Kwasy t\u0142uszczowe omega 3 wspomagaj\u0105 rozw\u00f3j m\u00f3zgu.<\/p>\n<p style=\"padding-left: 40px;\"><strong>Wspieranie mikrobiomu. <\/strong><\/p>\n<p style=\"padding-left: 40px;\">Prebiotyki i wysokostrawne bia\u0142ka sprzyjaj\u0105 zdrowej r\u00f3wnowadze flory jelitowej.<\/p>\n<p>&nbsp;<\/p>\n<p><img loading=\"lazy\" decoding=\"async\" class=\"alignnone size-full wp-image-6579\" src=\"http:\/\/lanrel.eu\/wp-content\/uploads\/2025\/02\/SOL-MOTHER-BABYCAT-DRY-2023-4.png\" alt=\"\" width=\"1920\" height=\"999\" srcset=\"https:\/\/www.lanrel.pl\/wp-content\/uploads\/2025\/02\/SOL-MOTHER-BABYCAT-DRY-2023-4.png 1920w, https:\/\/www.lanrel.pl\/wp-content\/uploads\/2025\/02\/SOL-MOTHER-BABYCAT-DRY-2023-4-300x156.png 300w, https:\/\/www.lanrel.pl\/wp-content\/uploads\/2025\/02\/SOL-MOTHER-BABYCAT-DRY-2023-4-1024x533.png 1024w, https:\/\/www.lanrel.pl\/wp-content\/uploads\/2025\/02\/SOL-MOTHER-BABYCAT-DRY-2023-4-768x400.png 768w, https:\/\/www.lanrel.pl\/wp-content\/uploads\/2025\/02\/SOL-MOTHER-BABYCAT-DRY-2023-4-1536x799.png 1536w, https:\/\/www.lanrel.pl\/wp-content\/uploads\/2025\/02\/SOL-MOTHER-BABYCAT-DRY-2023-4-18x9.png 18w, https:\/\/www.lanrel.pl\/wp-content\/uploads\/2025\/02\/SOL-MOTHER-BABYCAT-DRY-2023-4-600x312.png 600w\" sizes=\"(max-width: 1920px) 100vw, 1920px\" \/><\/p>\n<p>Krokiety ROYAL CANIN\u00ae Mother &amp; Babycat s\u0105 \u0142atwe do namoczenia wod\u0105, co daje delikatn\u0105 konsystencj\u0119 papki, wspomagaj\u0105c\u0105 nawodnienie organizmu i doskona\u0142\u0105 dla koci\u0105t w okresie odsadzania.<\/p>\n<p>&nbsp;<\/p>\n<p><img loading=\"lazy\" decoding=\"async\" class=\"alignnone size-full wp-image-6580\" src=\"http:\/\/lanrel.eu\/wp-content\/uploads\/2025\/02\/SOL-MOTHER-BABYCAT-DRY-2023-5.png\" alt=\"\" width=\"1920\" height=\"1036\" srcset=\"https:\/\/www.lanrel.pl\/wp-content\/uploads\/2025\/02\/SOL-MOTHER-BABYCAT-DRY-2023-5.png 1920w, https:\/\/www.lanrel.pl\/wp-content\/uploads\/2025\/02\/SOL-MOTHER-BABYCAT-DRY-2023-5-300x162.png 300w, https:\/\/www.lanrel.pl\/wp-content\/uploads\/2025\/02\/SOL-MOTHER-BABYCAT-DRY-2023-5-1024x553.png 1024w, https:\/\/www.lanrel.pl\/wp-content\/uploads\/2025\/02\/SOL-MOTHER-BABYCAT-DRY-2023-5-768x414.png 768w, https:\/\/www.lanrel.pl\/wp-content\/uploads\/2025\/02\/SOL-MOTHER-BABYCAT-DRY-2023-5-1536x829.png 1536w, https:\/\/www.lanrel.pl\/wp-content\/uploads\/2025\/02\/SOL-MOTHER-BABYCAT-DRY-2023-5-18x10.png 18w, https:\/\/www.lanrel.pl\/wp-content\/uploads\/2025\/02\/SOL-MOTHER-BABYCAT-DRY-2023-5-600x324.png 600w\" sizes=\"(max-width: 1920px) 100vw, 1920px\" \/>Czy wiesz, \u017ce potrzeby \u017cywieniowe koci\u0105t zmieniaj\u0105 si\u0119 w okresie wzrostu? Po uko\u0144czeniu pierwszych 4 miesi\u0119cy \u017cycia potrzebuj\u0105 diety, kt\u00f3ra jest odpowiednio dostosowana do ich potrzeb pokarmowych w kolejnym etapie wzrostu.<\/p>\n<p>W tym czasie nale\u017cy przej\u015b\u0107 na wybrane produkty ROYAL CANIN\u00ae Kitten, kt\u00f3re s\u0105 dost\u0119pne w formie karm suchych lub mokrych (pasztet, kawa\u0142ki w sosie lub galaretce)<\/p>\n<p><img loading=\"lazy\" decoding=\"async\" class=\"alignnone size-full wp-image-6581\" src=\"http:\/\/lanrel.eu\/wp-content\/uploads\/2025\/02\/SOL-MOTHER-BABYCAT-DRY-2023-6.png\" alt=\"\" width=\"1920\" height=\"422\" srcset=\"https:\/\/www.lanrel.pl\/wp-content\/uploads\/2025\/02\/SOL-MOTHER-BABYCAT-DRY-2023-6.png 1920w, https:\/\/www.lanrel.pl\/wp-content\/uploads\/2025\/02\/SOL-MOTHER-BABYCAT-DRY-2023-6-300x66.png 300w, https:\/\/www.lanrel.pl\/wp-content\/uploads\/2025\/02\/SOL-MOTHER-BABYCAT-DRY-2023-6-1024x225.png 1024w, https:\/\/www.lanrel.pl\/wp-content\/uploads\/2025\/02\/SOL-MOTHER-BABYCAT-DRY-2023-6-768x169.png 768w, https:\/\/www.lanrel.pl\/wp-content\/uploads\/2025\/02\/SOL-MOTHER-BABYCAT-DRY-2023-6-1536x338.png 1536w, https:\/\/www.lanrel.pl\/wp-content\/uploads\/2025\/02\/SOL-MOTHER-BABYCAT-DRY-2023-6-18x4.png 18w, https:\/\/www.lanrel.pl\/wp-content\/uploads\/2025\/02\/SOL-MOTHER-BABYCAT-DRY-2023-6-600x132.png 600w\" sizes=\"(max-width: 1920px) 100vw, 1920px\" \/>W firmie Royal Canin jeste\u015bmy silnie zaanga\u017cowani w tworzenie lepszego \u015bwiata dla kot\u00f3w i ps\u00f3w. Od ponad 50 lat \u015bci\u015ble wsp\u00f3\u0142pracujemy z hodowcami, lekarzami weterynarii i ekspertami zajmuj\u0105cymi si\u0119 zwierz\u0119tami towarzysz\u0105cymi. Dzielimy si\u0119 specjalistyczn\u0105 wiedz\u0105 i wynikami bada\u0144 naukowych, by tworzy\u0107 precyzyjne, zindywidualizowane rozwi\u0105zania \u017cywieniowe.<\/p>\n<p>Wszystkie nasze produkty poddawane s\u0105 procesowi surowej kontroli, aby zagwarantowa\u0107 najwy\u017csz\u0105 jako\u015b\u0107 karmy. Stosujemy sk\u0142adniki pokarmowe ze zr\u00f3wnowa\u017conych \u017ar\u00f3de\u0142, a nasze produkty s\u0105 naturalnie konserwowane, bez dodatku sztucznych konserwant\u00f3w, barwnik\u00f3w i aromat\u00f3w. Podaj\u0105c kotce i koci\u0119tom kam\u0119 such\u0105 ROYAL CANIN\u00ae Mother &amp; Babycat, masz pewno\u015b\u0107, \u017ce otrzymuj\u0105 kompletn\u0105 i zbilansowan\u0105 diet\u0119.<\/p>\n<p><img loading=\"lazy\" decoding=\"async\" class=\"alignnone size-full wp-image-6582\" src=\"http:\/\/lanrel.eu\/wp-content\/uploads\/2025\/02\/SOL-MOTHER-BABYCAT-DRY-2023-7.png\" alt=\"\" width=\"1920\" height=\"1231\" srcset=\"https:\/\/www.lanrel.pl\/wp-content\/uploads\/2025\/02\/SOL-MOTHER-BABYCAT-DRY-2023-7.png 1920w, https:\/\/www.lanrel.pl\/wp-content\/uploads\/2025\/02\/SOL-MOTHER-BABYCAT-DRY-2023-7-300x192.png 300w, https:\/\/www.lanrel.pl\/wp-content\/uploads\/2025\/02\/SOL-MOTHER-BABYCAT-DRY-2023-7-1024x657.png 1024w, https:\/\/www.lanrel.pl\/wp-content\/uploads\/2025\/02\/SOL-MOTHER-BABYCAT-DRY-2023-7-768x492.png 768w, https:\/\/www.lanrel.pl\/wp-content\/uploads\/2025\/02\/SOL-MOTHER-BABYCAT-DRY-2023-7-1536x985.png 1536w, https:\/\/www.lanrel.pl\/wp-content\/uploads\/2025\/02\/SOL-MOTHER-BABYCAT-DRY-2023-7-18x12.png 18w, https:\/\/www.lanrel.pl\/wp-content\/uploads\/2025\/02\/SOL-MOTHER-BABYCAT-DRY-2023-7-600x385.png 600w\" sizes=\"(max-width: 1920px) 100vw, 1920px\" \/><\/p>\n<p><iframe title=\"Start of life Royal Canin Mother and babycat\" width=\"1170\" height=\"658\" src=\"https:\/\/www.youtube.com\/embed\/zViaBMsdcDM?feature=oembed\" frameborder=\"0\" allow=\"accelerometer; autoplay; clipboard-write; encrypted-media; gyroscope; picture-in-picture; web-share\" referrerpolicy=\"strict-origin-when-cross-origin\" allowfullscreen><\/iframe><\/p>\n<p>&nbsp;<\/p>\n<h3>WARTO\u015aCI OD\u017bYWCZE<\/h3>\n<p><strong>SK\u0141AD<\/strong><\/p>\n<p>Suszone bia\u0142ko drobiowe, t\u0142uszcze zwierz\u0119ce, m\u0105ka kukurydziana, gluten pszenny*, ry\u017c, hydrolizowane bia\u0142ka zwierz\u0119ce, produkty z dro\u017cd\u017cy, wys\u0142odki buraczane, w\u0142\u00f3kno ro\u015blinne, olej sojowy, minera\u0142y, olej rybny, fruktooligosacharydy, hydrolizowane dro\u017cd\u017ce (\u017ar\u00f3d\u0142o mannooligosacharyd\u00f3w i beta-glukan\u00f3w) (0,30%), olej z alg Schizochytrium sp. (\u017ar\u00f3d\u0142o kwas\u00f3w DHA), m\u0105czka z aksamitki. *L.I.P.: bia\u0142ko wyselekcjonowane ze wzgl\u0119du na bardzo wysok\u0105 strawno\u015b\u0107.<\/p>\n<p><strong>DODATKI (na 1 kg karmy):<\/strong><\/p>\n<p>Dodatki dietetyczne: Witamina A: 25500 UI, Witamina D3: 1000 UI, \u017belazo (3b103): 33 mg, Jod (3b201, 3b202): 3,3 mg, Mied\u017a (3b405, 3b406): 10 mg, Mangan (3b502, 3b504): 43 mg, Cynk (3b603, 3b605, 3b606): 130 mg, Selen (3b801, 3b811, 3b812): 0,04 mg &#8211; Dodatki technologiczne: Klinoptylolit pochodzenia osadowego: 5 g &#8211; Konserwanty &#8211; Przeciwutleniacze.<\/p>\n<p><strong>Sk\u0142adniki analityczne:<\/strong><\/p>\n<p>Witamina E: 550 mg\/kg &#8211; Witamina C: 220 mg\/kg. Energia metaboliczna: 4437 kcal\/kg. BIA\u0141KO SUROWE 34,0% OLEJE I T\u0141USZCZE SUROWE 25,0% POPI\u00d3\u0141 SUROWY 7,3%<\/p>\n<p><strong>Spos\u00f3b u\u017cycia:<\/strong><\/p>\n<table style=\"height: 92px;\" width=\"1127\">\n<thead>\n<tr>\n<th>Wiek koci\u0119cia (miesi\u0105ce)<\/th>\n<th>1<\/th>\n<th>2<\/th>\n<th>3<\/th>\n<th>4<\/th>\n<\/tr>\n<\/thead>\n<tbody>\n<tr>\n<td style=\"text-align: center;\">Waga koci\u0119cia (kg)<\/td>\n<td style=\"text-align: center;\">0.6 &#8211; 0.9<\/td>\n<td style=\"text-align: center;\">0.8 &#8211; 1.2<\/td>\n<td style=\"text-align: center;\">1.4 &#8211; 2.1<\/td>\n<td style=\"text-align: center;\">1.8 &#8211; 2.75<\/td>\n<\/tr>\n<tr>\n<td>Dawka (gr\/dzie\u0144)<\/td>\n<td>26<\/td>\n<td>45<\/td>\n<td>56<\/td>\n<td>61<\/td>\n<\/tr>\n<\/tbody>\n<\/table>\n<table style=\"height: 240px;\" width=\"1130\">\n<thead>\n<tr>\n<th>WAGA KOTA (kg)<\/th>\n<th>CI\u0104\u017bA:<br \/>\n6 TYG<\/th>\n<th>CI\u0104\u017bA:<br \/>\n9 TYG<\/th>\n<th>OKRES LAKTACJI<\/th>\n<\/tr>\n<\/thead>\n<tbody>\n<tr>\n<td style=\"text-align: center;\">2<\/td>\n<td style=\"text-align: center;\">38<\/td>\n<td style=\"text-align: center;\">58<\/td>\n<td style=\"text-align: center;\">ad libitum<\/td>\n<\/tr>\n<tr>\n<td style=\"text-align: center;\">3<\/td>\n<td style=\"text-align: center;\">50<\/td>\n<td style=\"text-align: center;\">78<\/td>\n<td style=\"text-align: center;\">ad libitum<\/td>\n<\/tr>\n<tr>\n<td style=\"text-align: center;\">4<\/td>\n<td style=\"text-align: center;\">62<\/td>\n<td style=\"text-align: center;\">95<\/td>\n<td style=\"text-align: center;\">ad libitum<\/td>\n<\/tr>\n<tr>\n<td style=\"text-align: center;\">5<\/td>\n<td style=\"text-align: center;\">72<\/td>\n<td style=\"text-align: center;\">112<\/td>\n<td style=\"text-align: center;\">ad libitum<\/td>\n<\/tr>\n<tr>\n<td style=\"text-align: center;\">6<\/td>\n<td style=\"text-align: center;\">82<\/td>\n<td style=\"text-align: center;\">127<\/td>\n<td style=\"text-align: center;\">ad libitum<\/td>\n<\/tr>\n<tr>\n<td style=\"text-align: center;\">7<\/td>\n<td style=\"text-align: center;\">92<\/td>\n<td style=\"text-align: center;\">142<\/td>\n<td style=\"text-align: center;\">ad libitum<\/td>\n<\/tr>\n<\/tbody>\n<\/table>","protected":false},"excerpt":{"rendered":"<p>Pe\u0142noporcjowa karma dla koci\u0105t od 1 do 4 miesi\u0105ca \u017cycia.<\/p>\n<p>Marka: Royal Canin<\/p>\n<p>Faza \u017cycia: Koci\u0119<\/p>\n<p><span class=\"ty-product-feature__label\">Specjalne wymagania:<\/span> Ci\u0105\u017ca, laktacja, oseski<\/p>","protected":false},"featured_media":6574,"comment_status":"open","ping_status":"closed","template":"","meta":{"om_disable_all_campaigns":false,"inline_featured_image":false},"product_brand":[],"product_cat":[42,91,90],"product_tag":[],"class_list":{"0":"post-6564","1":"product","2":"type-product","3":"status-publish","4":"has-post-thumbnail","6":"product_cat-cat-food","7":"product_cat-kocieta","8":"product_cat-royal-canin","10":"first","11":"outofstock","12":"taxable","13":"shipping-taxable","14":"product-type-variable","15":"has-default-attributes"},"_links":{"self":[{"href":"https:\/\/www.lanrel.pl\/pl\/wp-json\/wp\/v2\/product\/6564","targetHints":{"allow":["GET"]}}],"collection":[{"href":"https:\/\/www.lanrel.pl\/pl\/wp-json\/wp\/v2\/product"}],"about":[{"href":"https:\/\/www.lanrel.pl\/pl\/wp-json\/wp\/v2\/types\/product"}],"replies":[{"embeddable":true,"href":"https:\/\/www.lanrel.pl\/pl\/wp-json\/wp\/v2\/comments?post=6564"}],"wp:featuredmedia":[{"embeddable":true,"href":"https:\/\/www.lanrel.pl\/pl\/wp-json\/wp\/v2\/media\/6574"}],"wp:attachment":[{"href":"https:\/\/www.lanrel.pl\/pl\/wp-json\/wp\/v2\/media?parent=6564"}],"wp:term":[{"taxonomy":"product_brand","embeddable":true,"href":"https:\/\/www.lanrel.pl\/pl\/wp-json\/wp\/v2\/product_brand?post=6564"},{"taxonomy":"product_cat","embeddable":true,"href":"https:\/\/www.lanrel.pl\/pl\/wp-json\/wp\/v2\/product_cat?post=6564"},{"taxonomy":"product_tag","embeddable":true,"href":"https:\/\/www.lanrel.pl\/pl\/wp-json\/wp\/v2\/product_tag?post=6564"}],"curies":[{"name":"wp","href":"https:\/\/api.w.org\/{rel}","templated":true}]}}