{"id":6551,"date":"2025-02-21T04:21:07","date_gmt":"2025-02-21T03:21:07","guid":{"rendered":"https:\/\/lanrel.eu\/?post_type=product&#038;p=6551"},"modified":"2025-10-22T09:13:00","modified_gmt":"2025-10-22T07:13:00","slug":"royal-canin-indoor-long-hair-karma-sucha-dla-kotow-doroslych","status":"publish","type":"product","link":"https:\/\/www.lanrel.pl\/pl\/produkt\/royal-canin-indoor-long-hair-karma-sucha-dla-kotow-doroslych\/","title":{"rendered":"ROYAL CANIN\u00ae Indoor Long Hair karma sucha dla kot\u00f3w doros\u0142ych"},"content":{"rendered":"<p><img fetchpriority=\"high\" decoding=\"async\" class=\"aligncenter\" src=\"https:\/\/perfectpg.pl\/2019\/home-life-indoor-long-hair\/_img\/main-baner.png\" width=\"478\" height=\"586\" \/><\/p>\n<p>Koty d\u0142ugow\u0142ose, przebywaj\u0105ce w domu wymagaj\u0105 specyficznych sk\u0142adnik\u00f3w sprzyjaj\u0105cych zdrowiu.<\/p>\n<p>ROYAL CANIN\u00ae Indoor Long Hair to karma opracowana specjalnie dla kot\u00f3w d\u0142ugow\u0142osych, przebywaj\u0105cych w domu.<\/p>\n<p>Karma ROYAL CANIN\u00ae Indoor Long Hair sprzyja pobudzeniu pasa\u017cu jelitowego i u\u0142atwieniu naturalnej eliminacji po\u0142kni\u0119tej sier\u015bci. Ma to ogromne znaczenie, zw\u0142aszcza w przypadku kot\u00f3w d\u0142ugow\u0142osych, poniewa\u017c pomaga to redukowa\u0107 tworzenie si\u0119 kul w\u0142osowych.<\/p>\n<p>Karma ROYAL CANIN\u00ae Indoor Long Hair zawiera bia\u0142ka wyselekcjonowane ze wzgl\u0119du na ich wysok\u0105 strawno\u015b\u0107. Sprzyja to zmniejszeniu intensywno\u015bci zapachu i obj\u0119to\u015bci odchod\u00f3w &#8211; co jest istotne nie tylko dla kota, ale tak\u017ce opiekuna kota!<\/p>\n<p>Wraz z wiekiem kondycja sk\u00f3ra i sier\u015bci kota wymaga szczeg\u00f3lnego wsparcia. Jest to szczeg\u00f3lnie istotne u kot\u00f3w d\u0142ugow\u0142osych. Karma ROYAL CANIN\u00ae Indoor Long Hair zawiera kwasy t\u0142uszczowe EPA i DHA, kt\u00f3re pomagaj\u0105 utrzyma\u0107 zdrow\u0105 sk\u00f3r\u0119 i pi\u0119kn\u0105 sier\u015b\u0107.<\/p>\n<p>Nale\u017cy tak\u017ce regularnie szczotkowa\u0107 sier\u015b\u0107, aby unikn\u0105\u0107 sko\u0142tunienia.<\/p>\n<p>Karma ROYAL CANIN\u00ae Indoor Long Hair wspiera prawid\u0142owe funkcjonowanie uk\u0142adu moczowego.<\/p>\n<p>Linia produkt\u00f3w ROYAL CANIN\u00ae dla kot\u00f3w przebywaj\u0105cych w domu dostosowana jest do trybu \u017cycia, wieku:<\/p>\n<ul>\n<li>Indoor 27<\/li>\n<li>Indoor Appetite Control<\/li>\n<li>Indoor 7+<\/li>\n<\/ul>\n<p>Misj\u0105 ROYAL CANIN\u00ae jest zapewnianie rozwi\u0105za\u0144 \u017cywieniowych dostosowanych do potrzeb zwierz\u0105t. Wszystkie nasze produkty przechodz\u0105 liczne kontrole jako\u015bci, aby sprosta\u0107 najwy\u017cszym standardom marki i dostarczy\u0107 kotu pokarm dostosowany do jego potrzeb \u017cywieniowych. ROYAL CANIN\u00ae Indoor Long Hair jest karm\u0105 pe\u0142noporcjow\u0105.<\/p>\n<p><img decoding=\"async\" class=\"aligncenter\" src=\"https:\/\/perfectpg.pl\/2019\/home-life-indoor-long-hair\/_img\/advantages-baner.png\" width=\"752\" height=\"344\" \/><\/p>\n<p><strong>Zalety:<\/strong><\/p>\n<p style=\"padding-left: 40px;\"><strong>Zapobieganie powstawaniu kul w\u0142osowych\uff1a<\/strong><\/p>\n<p style=\"padding-left: 40px;\">Koty d\u0142ugow\u0142ose przebywaj\u0105ce wy\u0142\u0105cznie w domu s\u0105 szczeg\u00f3lnie nara\u017cone na powstawanie kul w\u0142osowych. Karma INDOOR LONG HAIR pobudza pasa\u017c jelitowy i u\u0142atwia eliminacj\u0119 po\u0142kni\u0119tych w\u0142os\u00f3w. Receptura zawiera unikaln\u0105 kompozycj\u0119 w\u0142\u00f3kna, m.in. psyllium.<\/p>\n<p style=\"padding-left: 40px;\"><strong>Redukcja nieprzyjemnego zapachu odchod\u00f3w\uff1a<\/strong><\/p>\n<p style=\"padding-left: 40px;\">Niska aktywno\u015b\u0107 prowadzi do os\u0142abienia pasa\u017cu jelitowego, co mo\u017ce by\u0107 przyczyn\u0105 pojawiania si\u0119 odchod\u00f3w o intensywnym zapachu. Karma INDOOR LONG HAIR zawiera wysokostrawne bia\u0142ko (L.I.P.*) i pomaga zredukowa\u0107 ilo\u015b\u0107 oraz intensywno\u015b\u0107 zapachu odchod\u00f3w. *L.I.P.: bia\u0142ko wyselekcjonowane ze wzgl\u0119du na bardzo wysok\u0105 strawno\u015b\u0107.<\/p>\n<p style=\"padding-left: 40px;\"><strong>Zdrowa sk\u00f3ra i pi\u0119kna sier\u015b\u0107\uff1a<\/strong><\/p>\n<p style=\"padding-left: 40px;\">Sk\u00f3ra i sier\u015b\u0107 odzwierciedlaj\u0105 og\u00f3lny stan zdrowia kota. Karma Indoor Long Hair zawiera unikalne kwasy t\u0142uszczowe, w tym EPA i DHA, aby pom\u00f3c utrzyma\u0107 zdrow\u0105 sk\u00f3r\u0119 oraz l\u015bni\u0105c\u0105 sier\u015b\u0107.<\/p>\n<p style=\"padding-left: 40px;\"><strong>Ochrona uk\u0142adu moczowego\uff1a<\/strong><\/p>\n<p style=\"padding-left: 40px;\">Receptura wspieraj\u0105ca prawid\u0142owe funkcjonowanie uk\u0142adu moczowego u doros\u0142ych kot\u00f3w.<\/p>\n<p>&nbsp;<\/p>\n<h3>WARTO\u015aCI OD\u017bYWCZE<\/h3>\n<p>&nbsp;<\/p>\n<h3>\u00a0 \u00a0 \u00a0 \u00a0 <img decoding=\"async\" class=\"\" src=\"https:\/\/perfectpg.pl\/2019\/home-life-indoor-long-hair\/_img\/diet-diagram.png\" width=\"587\" height=\"361\" \/>\u00a0 \u00a0 \u00a0 \u00a0 \u00a0 \u00a0 \u00a0 \u00a0 \u00a0 \u00a0 \u00a0 \u00a0 \u00a0 \u00a0 \u00a0 \u00a0 <img loading=\"lazy\" decoding=\"async\" class=\"\" src=\"https:\/\/perfectpg.pl\/2019\/home-life-indoor-long-hair\/_img\/diet-baner.png\" width=\"357\" height=\"365\" \/><\/h3>\n<p>&nbsp;<\/p>\n<p><strong>Sk\u0142ad: <\/strong><\/p>\n<p>suszone bia\u0142ko drobiowe, kukurydza, ry\u017c, izolat bia\u0142ka ro\u015blinnego*, pszenica, t\u0142uszcze zwierz\u0119ce, hydrolizat bia\u0142ka zwierz\u0119cego, m\u0105ka pszenna, w\u0142\u00f3kno ro\u015blinne, olej sojowy, pulpa buraczana, sole mineralne, dro\u017cd\u017ce i ich cz\u0119\u015bci, olej rybny, fruktooligosacharydy, \u0142uski i nasiona psyllium (0,5%), olej z og\u00f3recznika.<\/p>\n<p>*L.I.P.: bia\u0142ko wyselekcjonowane ze wzgl\u0119du na bardzo wysok\u0105 strawno\u015b\u0107.<\/p>\n<p><strong>DODATKI (na 1 kg karmy): <\/strong><\/p>\n<p>Dodatki dietetyczne: Witamina A: 22000 UI, Witamina D3: 800 UI, \u017belazo (3b103): 37 mg, Jod (3b201, 3b202): 3,7 mg, Mied\u017a (3b405, 3b406): 11 mg, Mangan (3b502, 3b504): 48 mg, Cynk (3b603, 3b605, 3b606): 145 mg, Selen (3b801, 3b811, 3b812): 0,06 mg &#8211; Dodatki technologiczne: Klinoptylolit pochodzenia osadowego: 10 g &#8211; Konserwanty\u00a0&#8211; Przeciwutleniacze.<\/p>\n<p><strong>Sk\u0142adniki analityczne: <\/strong><\/p>\n<p>Bia\u0142ko surowe: 30% &#8211; Oleje i t\u0142uszcze surowe: 15% &#8211; Popi\u00f3\u0142 surowy: 8,1% &#8211; W\u0142\u00f3kno surowe: 4,1% &#8211; EPA\/DHA: 3,1 g\/kg.Spos\u00f3b u\u017cycia: patrz tabela. Najlepiej<\/p>\n<p><strong>wykorzysta\u0107 przed: <\/strong><\/p>\n<p>patrz data wa\u017cno\u015bci. Data wa\u017cno\u015bci, numer partii i numer rejestracyjny zak\u0142adu znajduj\u0105 si\u0119 z ty\u0142u opakowania. Przechowywa\u0107 w suchym i ch\u0142odnym miejscu.<\/p>\n<table style=\"height: 330px;\" width=\"1134\">\n<thead>\n<tr>\n<th>Masa cia\u0142a kota<\/th>\n<th>Niska aktywno\u015b\u0107<\/th>\n<th>Umiarkowana aktywno\u015b\u0107<\/th>\n<th>Wysoka aktywno\u015b\u0107<\/th>\n<\/tr>\n<\/thead>\n<tbody>\n<tr>\n<td style=\"text-align: center;\">2 kg<\/td>\n<td style=\"text-align: center;\">26 g<\/td>\n<td style=\"text-align: center;\">33 g<\/td>\n<td style=\"text-align: center;\">40 g<\/td>\n<\/tr>\n<tr>\n<td style=\"text-align: center;\">3 kg<\/td>\n<td style=\"text-align: center;\">35 g<\/td>\n<td style=\"text-align: center;\">44 g<\/td>\n<td style=\"text-align: center;\">53 g<\/td>\n<\/tr>\n<tr>\n<td style=\"text-align: center;\">4 kg<\/td>\n<td style=\"text-align: center;\">43 g<\/td>\n<td style=\"text-align: center;\">54 g<\/td>\n<td style=\"text-align: center;\">65 g<\/td>\n<\/tr>\n<tr>\n<td style=\"text-align: center;\">5 kg<\/td>\n<td style=\"text-align: center;\">51 g<\/td>\n<td style=\"text-align: center;\">63 g<\/td>\n<td style=\"text-align: center;\">76 g<\/td>\n<\/tr>\n<tr>\n<td style=\"text-align: center;\">6 kg<\/td>\n<td style=\"text-align: center;\">58 g<\/td>\n<td style=\"text-align: center;\">72 g<\/td>\n<td style=\"text-align: center;\">86 g<\/td>\n<\/tr>\n<tr>\n<td style=\"text-align: center;\">7 kg<\/td>\n<td style=\"text-align: center;\">64 g<\/td>\n<td style=\"text-align: center;\">80 g<\/td>\n<td style=\"text-align: center;\">96 g<\/td>\n<\/tr>\n<tr>\n<td style=\"text-align: center;\">8 kg<\/td>\n<td style=\"text-align: center;\">71 g<\/td>\n<td style=\"text-align: center;\">88 g<\/td>\n<td style=\"text-align: center;\">106 g<\/td>\n<\/tr>\n<tr>\n<td style=\"text-align: center;\">9 kg<\/td>\n<td style=\"text-align: center;\">77 g<\/td>\n<td style=\"text-align: center;\">96 g<\/td>\n<td style=\"text-align: center;\">115 g<\/td>\n<\/tr>\n<tr>\n<td style=\"text-align: center;\">10 kg<\/td>\n<td style=\"text-align: center;\">83 g<\/td>\n<td style=\"text-align: center;\">104 g<\/td>\n<td style=\"text-align: center;\">124 g<\/td>\n<\/tr>\n<\/tbody>\n<\/table>\n<p>&nbsp;<\/p>","protected":false},"excerpt":{"rendered":"<p>Karma dla kot\u00f3w d\u0142ugow\u0142osych, przebywaj\u0105cych wy\u0142\u0105cznie w domu, dla pi\u0119knie l\u015bni\u0105cej sier\u015bci, zapobieganie powstawaniu kul w\u0142osowych.<\/p>\n<p>Marka: Royal Canin<\/p>\n<p>Faza \u017cycia: Doros\u0142y<\/p>\n<p><span class=\"ty-product-feature__label\">Specjalne wymagania:<\/span>\u00a0Przebywaj\u0105ce w domu<\/p>","protected":false},"featured_media":6559,"comment_status":"open","ping_status":"closed","template":"","meta":{"om_disable_all_campaigns":false,"inline_featured_image":false},"product_brand":[],"product_cat":[42,90,93],"product_tag":[],"class_list":{"0":"post-6551","1":"product","2":"type-product","3":"status-publish","4":"has-post-thumbnail","6":"product_cat-cat-food","7":"product_cat-royal-canin","8":"product_cat-styl-zycai","10":"first","11":"outofstock","12":"taxable","13":"shipping-taxable","14":"product-type-variable","15":"has-default-attributes"},"_links":{"self":[{"href":"https:\/\/www.lanrel.pl\/pl\/wp-json\/wp\/v2\/product\/6551","targetHints":{"allow":["GET"]}}],"collection":[{"href":"https:\/\/www.lanrel.pl\/pl\/wp-json\/wp\/v2\/product"}],"about":[{"href":"https:\/\/www.lanrel.pl\/pl\/wp-json\/wp\/v2\/types\/product"}],"replies":[{"embeddable":true,"href":"https:\/\/www.lanrel.pl\/pl\/wp-json\/wp\/v2\/comments?post=6551"}],"wp:featuredmedia":[{"embeddable":true,"href":"https:\/\/www.lanrel.pl\/pl\/wp-json\/wp\/v2\/media\/6559"}],"wp:attachment":[{"href":"https:\/\/www.lanrel.pl\/pl\/wp-json\/wp\/v2\/media?parent=6551"}],"wp:term":[{"taxonomy":"product_brand","embeddable":true,"href":"https:\/\/www.lanrel.pl\/pl\/wp-json\/wp\/v2\/product_brand?post=6551"},{"taxonomy":"product_cat","embeddable":true,"href":"https:\/\/www.lanrel.pl\/pl\/wp-json\/wp\/v2\/product_cat?post=6551"},{"taxonomy":"product_tag","embeddable":true,"href":"https:\/\/www.lanrel.pl\/pl\/wp-json\/wp\/v2\/product_tag?post=6551"}],"curies":[{"name":"wp","href":"https:\/\/api.w.org\/{rel}","templated":true}]}}