{"id":6540,"date":"2025-02-20T15:01:02","date_gmt":"2025-02-20T14:01:02","guid":{"rendered":"https:\/\/lanrel.eu\/?post_type=product&#038;p=6540"},"modified":"2025-10-22T09:13:09","modified_gmt":"2025-10-22T07:13:09","slug":"royal-canin-indoor-apetite-control-2-kg-karma-sucha-dla-kotow-doroslych","status":"publish","type":"product","link":"https:\/\/www.lanrel.pl\/pl\/produkt\/royal-canin-indoor-apetite-control-2-kg-karma-sucha-dla-kotow-doroslych\/","title":{"rendered":"ROYAL CANIN\u00ae Indoor Apetite Control karma sucha dla kot\u00f3w doros\u0142ych"},"content":{"rendered":"<p><img fetchpriority=\"high\" decoding=\"async\" class=\"aligncenter\" src=\"https:\/\/perfectpg.pl\/2019\/indoor-appetite-control\/_img\/main-baner.png\" width=\"453\" height=\"492\" \/><\/p>\n<p>Je\u015bli kota silnie domaga si\u0119 jedzenia, warto zastanowi\u0107 si\u0119 nad zmian\u0105 karmy.<\/p>\n<p>ROYAL CANIN\u00ae Indoor Appetite Control to karma opracowana specjalnie dla kot\u00f3w przebywaj\u0105cych w domu.<\/p>\n<p>Koty przebywaj\u0105ce w domu wykazuj\u0105 mniejsz\u0105 aktywno\u015b\u0107, dlatego te\u017c mo\u017ce by\u0107 bardziej sk\u0142onny do przejadania si\u0119. Karma ROYAL CANIN\u00ae Indoor Appetite Control w naturalny spos\u00f3b reguluje apetyt kot\u00f3w intensywnie domagaj\u0105cych si\u0119 jedzenia, dzi\u0119ki podwy\u017cszonemu poziomowi bia\u0142ka oraz w\u0142\u00f3kna pokarmowego.<\/p>\n<p>Dzi\u0119ki naturalnej regulacji apetytu, karma ROYAL CANIN\u00ae Indoor Appetite Control sprzyja utrzymaniu prawid\u0142owej masy cia\u0142a, a tym samy pomaga chroni\u0107 stawy i ko\u015bci.<\/p>\n<p>Wysokostrawne bia\u0142ko sprzyja redukcji nieprzyjemnego zapachu odchod\u00f3w.<\/p>\n<p>Dzi\u0119ki unikalnej kombinacji w\u0142\u00f3kna, w tym psyllium, karma ROYAL CANIN\u00ae Indoor Appetite Control pobudza pasa\u017c jelitowy oraz u\u0142atwia eliminacj\u0119 po\u0142kni\u0119tej sier\u015bci.<\/p>\n<p>Karma ROYAL CANIN\u00ae Indoor Appetite Control wspomaga ochron\u0119 uk\u0142adu moczowego kota. Linia produkt\u00f3w ROYAL CANIN\u00ae dla kot\u00f3w przebywaj\u0105cych w domu dostosowana jest do trybu \u017cycia, wieku:<\/p>\n<ul>\n<li>Indoor 27<\/li>\n<li>Indoor Long Hair<\/li>\n<li>Indoor 7+<\/li>\n<\/ul>\n<p>Misj\u0105 ROYAL CANIN\u00ae jest zapewnianie rozwi\u0105za\u0144 \u017cywieniowych dostosowanych do potrzeb zwierz\u0105t. Wszystkie nasze produkty przechodz\u0105 liczne kontrole jako\u015bci, aby sprosta\u0107 najwy\u017cszym standardom marki i dostarczy\u0107 kotu pokarm dostosowany do jego potrzeb \u017cywieniowych. ROYAL CANIN\u00ae Indoor Appetite Control jest karm\u0105 pe\u0142noporcjow\u0105.<\/p>\n<p>&nbsp;<\/p>\n<p>&nbsp;<\/p>\n<p><img decoding=\"async\" class=\"aligncenter\" src=\"https:\/\/perfectpg.pl\/2019\/indoor-appetite-control\/_img\/advantages-baner.png\" width=\"823\" height=\"392\" \/><\/p>\n<p>&nbsp;<\/p>\n<p><strong>Zalety:<\/strong><\/p>\n<p style=\"padding-left: 40px;\"><strong>Zapewnienie uczucia syto\u015bci\uff1a<\/strong><\/p>\n<p style=\"padding-left: 40px;\">Koty przebywaj\u0105ce wy\u0142\u0105cznie w domu s\u0105 mniej aktywne i cz\u0119sto domagaj\u0105 si\u0119 jedzenia. Karma Indoor Appetite Control pomaga w naturalny spos\u00f3b regulowa\u0107 apetyt kot\u00f3w, dzi\u0119ki zbilansowanemu poziomowi bia\u0142ka oraz w\u0142\u00f3kna pokarmowego. Formu\u0142a karmy sprzyja r\u00f3wnie\u017c utrzymaniu optymalnej masy cia\u0142a.<\/p>\n<p style=\"padding-left: 40px;\"><strong>Redukcja nieprzyjemnego zapachu odchod\u00f3w\uff1a<\/strong><\/p>\n<p style=\"padding-left: 40px;\">Wysokostrawne bia\u0142ko pomaga zredukowa\u0107 ilo\u015b\u0107 oraz intensywno\u015b\u0107 zapachu odchod\u00f3w.<\/p>\n<p style=\"padding-left: 40px;\"><strong>Zapobieganie powstawaniu kul w\u0142osowych\uff1a<\/strong><\/p>\n<div class=\"sc-fqkvVR grmmWd\" data-qa=\"product-benefits-item\">\n<div class=\"sc-dcJsrY dwHOrx\">\n<p class=\"sc-gsFSXq eusNcO\" style=\"padding-left: 40px;\" data-qa=\"product-benefits-item-text\">Karma pobudza pasa\u017c jelitowy i u\u0142atwia eliminacj\u0119 po\u0142kni\u0119tych w\u0142os\u00f3w, dzi\u0119ki unikalnej kompozycji w\u0142\u00f3kna, m.in. psyllium.<\/p>\n<\/div>\n<\/div>\n<div class=\"sc-fqkvVR grmmWd\" data-qa=\"product-benefits-item\">\n<div class=\"sc-dcJsrY dwHOrx\" style=\"padding-left: 40px;\"><strong>Ochrona uk\u0142adu moczowego\uff1a<\/strong><\/div>\n<div class=\"sc-dcJsrY dwHOrx\" style=\"padding-left: 40px;\">Receptura wspieraj\u0105ca prawid\u0142owe funkcjonowanie uk\u0142adu moczowego u doros\u0142ych kot\u00f3w.<\/div>\n<\/div>\n<div><\/div>\n<h3>WARTO\u015aCI OD\u017bYWCZE<\/h3>\n<p><img decoding=\"async\" class=\"\" src=\"https:\/\/perfectpg.pl\/2019\/indoor-appetite-control\/_img\/diet-diagram.png\" width=\"608\" height=\"368\" \/>\u00a0 \u00a0 \u00a0 \u00a0 \u00a0 \u00a0 \u00a0 \u00a0 \u00a0 \u00a0 \u00a0 \u00a0 \u00a0 \u00a0 \u00a0 \u00a0 \u00a0 <img loading=\"lazy\" decoding=\"async\" class=\"\" src=\"https:\/\/perfectpg.pl\/2019\/indoor-appetite-control\/_img\/diet-baner.png\" width=\"352\" height=\"382\" \/><\/p>\n<p>&nbsp;<\/p>\n<p><strong>Sk\u0142ad: <\/strong><\/p>\n<p>suszone bia\u0142ko drobiowe, ry\u017c, kukurydza, w\u0142\u00f3kno ro\u015blinne, pszenica, izolat bia\u0142ka ro\u015blinnego*, t\u0142uszcze zwierz\u0119ce, hydrolizat bia\u0142ka zwierz\u0119cego, gluten kukurydziany, pulpa buraczana, dro\u017cd\u017ce i ich cz\u0119\u015bci, sole mineralne, olej sojowy, fruktooligosacharydy, olej rybny, \u0142uski i nasiona psyllium (0,5%).<\/p>\n<p>*L.I.P.: bia\u0142ko wyselekcjonowane ze wzgl\u0119du na bardzo wysok\u0105 strawno\u015b\u0107.<\/p>\n<p><strong>Dodatki (na 1 kg karmy): <\/strong><\/p>\n<p>Dodatki dietetyczne: Witamina A: 14000\u00a0UI, Witamina D3: 700\u00a0UI, E1 (\u017belazo): 33\u00a0mg, E2 (Jod): 3,3\u00a0mg, E4 (Mied\u017a): 10\u00a0mg, E5 (Mangan): 43\u00a0mg, E6 (Cynk): 129\u00a0mg, E8 (Selen): 0,07\u00a0mg\u00a0&#8211; Dodatki technologiczne: Klinoptylolit pochodzenia osadowego: 10\u00a0g\u00a0&#8211; Konserwanty\u00a0&#8211; Przeciwutleniacze.<\/p>\n<p><strong>Sk\u0142adniki analityczne: <\/strong><\/p>\n<p>Bia\u0142ko surowe: 29%\u00a0&#8211; Oleje i t\u0142uszcze surowe: 12%\u00a0&#8211; Popi\u00f3\u0142 surowy: 7,3%\u00a0&#8211; W\u0142\u00f3kno surowe: 7,1%.<\/p>\n<p><strong>Spos\u00f3b u\u017cycia: <\/strong><\/p>\n<p>patrz tabela. Najlepiej wykorzysta\u0107 przed: patrz data wa\u017cno\u015bci. Data wa\u017cno\u015bci, numer partii i numer rejestracyjny zak\u0142adu znajduj\u0105 si\u0119 z ty\u0142u opakowania. Przechowywa\u0107 w suchym i ch\u0142odnym miejscu.<\/p>\n<table style=\"height: 137px;\" width=\"1143\">\n<thead>\n<tr>\n<th>Masa cia\u0142a kota<\/th>\n<th>2 kg<\/th>\n<th>3 kg<\/th>\n<th>4 kg<\/th>\n<th>5 kg<\/th>\n<th>6 kg<\/th>\n<th>7 kg<\/th>\n<th>8 kg<\/th>\n<th>9 kg<\/th>\n<th>10 kg<\/th>\n<\/tr>\n<\/thead>\n<tbody>\n<tr>\n<td style=\"text-align: center;\">Niska aktywno\u015b\u0107<\/td>\n<td style=\"text-align: center;\">28 g<\/td>\n<td style=\"text-align: center;\">38 g<\/td>\n<td style=\"text-align: center;\">47 g<\/td>\n<td style=\"text-align: center;\">55 g<\/td>\n<td style=\"text-align: center;\">62 g<\/td>\n<td style=\"text-align: center;\">69 g<\/td>\n<td style=\"text-align: center;\">76 g<\/td>\n<td style=\"text-align: center;\">83 g<\/td>\n<td style=\"text-align: center;\">89 g<\/td>\n<\/tr>\n<tr>\n<td style=\"text-align: center;\">Normalna aktywno\u015b\u0107<\/td>\n<td style=\"text-align: center;\">36 g<\/td>\n<td style=\"text-align: center;\">47 g<\/td>\n<td style=\"text-align: center;\">58 g<\/td>\n<td style=\"text-align: center;\">68 g<\/td>\n<td style=\"text-align: center;\">78 g<\/td>\n<td style=\"text-align: center;\">87 g<\/td>\n<td style=\"text-align: center;\">95 g<\/td>\n<td style=\"text-align: center;\">104 g<\/td>\n<td style=\"text-align: center;\">112 g<\/td>\n<\/tr>\n<tr>\n<td style=\"text-align: center;\">Wysoka aktywno\u015b\u0107<\/td>\n<td style=\"text-align: center;\">43 g<\/td>\n<td style=\"text-align: center;\">57 g<\/td>\n<td style=\"text-align: center;\">70 g<\/td>\n<td style=\"text-align: center;\">82 g<\/td>\n<td style=\"text-align: center;\">93 g<\/td>\n<td style=\"text-align: center;\">104 g<\/td>\n<td style=\"text-align: center;\">114 g<\/td>\n<td style=\"text-align: center;\">124 g<\/td>\n<td style=\"text-align: center;\">134 g<\/td>\n<\/tr>\n<\/tbody>\n<\/table>","protected":false},"excerpt":{"rendered":"<p class=\"ty-mainbox-title\">przebywaj\u0105cych wy\u0142\u0105cznie w domu, domagaj\u0105cych si\u0119 jedzenia<\/p>\n<p>Marka: Royal Canin<\/p>\n<p>Faza \u017cycia: Doros\u0142y<\/p>\n<p><span class=\"ty-product-feature__label\">Specjalne wymagania: Przebywaj\u0105ce w domu<\/span><\/p>","protected":false},"featured_media":6548,"comment_status":"open","ping_status":"closed","template":"","meta":{"om_disable_all_campaigns":false,"inline_featured_image":false},"product_brand":[],"product_cat":[42,90,93],"product_tag":[],"class_list":{"0":"post-6540","1":"product","2":"type-product","3":"status-publish","4":"has-post-thumbnail","6":"product_cat-cat-food","7":"product_cat-royal-canin","8":"product_cat-styl-zycai","10":"first","11":"outofstock","12":"taxable","13":"shipping-taxable","14":"product-type-variable","15":"has-default-attributes"},"_links":{"self":[{"href":"https:\/\/www.lanrel.pl\/pl\/wp-json\/wp\/v2\/product\/6540","targetHints":{"allow":["GET"]}}],"collection":[{"href":"https:\/\/www.lanrel.pl\/pl\/wp-json\/wp\/v2\/product"}],"about":[{"href":"https:\/\/www.lanrel.pl\/pl\/wp-json\/wp\/v2\/types\/product"}],"replies":[{"embeddable":true,"href":"https:\/\/www.lanrel.pl\/pl\/wp-json\/wp\/v2\/comments?post=6540"}],"wp:featuredmedia":[{"embeddable":true,"href":"https:\/\/www.lanrel.pl\/pl\/wp-json\/wp\/v2\/media\/6548"}],"wp:attachment":[{"href":"https:\/\/www.lanrel.pl\/pl\/wp-json\/wp\/v2\/media?parent=6540"}],"wp:term":[{"taxonomy":"product_brand","embeddable":true,"href":"https:\/\/www.lanrel.pl\/pl\/wp-json\/wp\/v2\/product_brand?post=6540"},{"taxonomy":"product_cat","embeddable":true,"href":"https:\/\/www.lanrel.pl\/pl\/wp-json\/wp\/v2\/product_cat?post=6540"},{"taxonomy":"product_tag","embeddable":true,"href":"https:\/\/www.lanrel.pl\/pl\/wp-json\/wp\/v2\/product_tag?post=6540"}],"curies":[{"name":"wp","href":"https:\/\/api.w.org\/{rel}","templated":true}]}}