{"id":6518,"date":"2025-02-20T04:43:47","date_gmt":"2025-02-20T03:43:47","guid":{"rendered":"https:\/\/lanrel.eu\/?post_type=product&#038;p=6518"},"modified":"2025-10-22T09:13:17","modified_gmt":"2025-10-22T07:13:17","slug":"royal-caninindoor-27-karma-sucha-dla-kotow-doroslych","status":"publish","type":"product","link":"https:\/\/www.lanrel.pl\/pl\/produkt\/royal-caninindoor-27-karma-sucha-dla-kotow-doroslych\/","title":{"rendered":"ROYAL CANIN\u00aeIndoor 27 karma sucha dla kot\u00f3w doros\u0142ych"},"content":{"rendered":"<p><img fetchpriority=\"high\" decoding=\"async\" class=\"alignnone size-full wp-image-6529\" src=\"http:\/\/lanrel.eu\/wp-content\/uploads\/2025\/02\/Indoor-DRY-1.png\" alt=\"\" width=\"1920\" height=\"642\" srcset=\"https:\/\/www.lanrel.pl\/wp-content\/uploads\/2025\/02\/Indoor-DRY-1.png 1920w, https:\/\/www.lanrel.pl\/wp-content\/uploads\/2025\/02\/Indoor-DRY-1-300x100.png 300w, https:\/\/www.lanrel.pl\/wp-content\/uploads\/2025\/02\/Indoor-DRY-1-1024x342.png 1024w, https:\/\/www.lanrel.pl\/wp-content\/uploads\/2025\/02\/Indoor-DRY-1-768x257.png 768w, https:\/\/www.lanrel.pl\/wp-content\/uploads\/2025\/02\/Indoor-DRY-1-1536x514.png 1536w, https:\/\/www.lanrel.pl\/wp-content\/uploads\/2025\/02\/Indoor-DRY-1-18x6.png 18w, https:\/\/www.lanrel.pl\/wp-content\/uploads\/2025\/02\/Indoor-DRY-1-600x201.png 600w\" sizes=\"(max-width: 1920px) 100vw, 1920px\" \/> <img decoding=\"async\" class=\"alignnone size-full wp-image-6530\" src=\"http:\/\/lanrel.eu\/wp-content\/uploads\/2025\/02\/Indoor-DRY-2.png\" alt=\"\" width=\"1920\" height=\"648\" srcset=\"https:\/\/www.lanrel.pl\/wp-content\/uploads\/2025\/02\/Indoor-DRY-2.png 1920w, https:\/\/www.lanrel.pl\/wp-content\/uploads\/2025\/02\/Indoor-DRY-2-300x101.png 300w, https:\/\/www.lanrel.pl\/wp-content\/uploads\/2025\/02\/Indoor-DRY-2-1024x346.png 1024w, https:\/\/www.lanrel.pl\/wp-content\/uploads\/2025\/02\/Indoor-DRY-2-768x259.png 768w, https:\/\/www.lanrel.pl\/wp-content\/uploads\/2025\/02\/Indoor-DRY-2-1536x518.png 1536w, https:\/\/www.lanrel.pl\/wp-content\/uploads\/2025\/02\/Indoor-DRY-2-18x6.png 18w, https:\/\/www.lanrel.pl\/wp-content\/uploads\/2025\/02\/Indoor-DRY-2-600x203.png 600w\" sizes=\"(max-width: 1920px) 100vw, 1920px\" \/> <img decoding=\"async\" class=\"alignnone size-full wp-image-6531\" src=\"http:\/\/lanrel.eu\/wp-content\/uploads\/2025\/02\/Indoor-DRY-3.png\" alt=\"\" width=\"1920\" height=\"900\" srcset=\"https:\/\/www.lanrel.pl\/wp-content\/uploads\/2025\/02\/Indoor-DRY-3.png 1920w, https:\/\/www.lanrel.pl\/wp-content\/uploads\/2025\/02\/Indoor-DRY-3-300x141.png 300w, https:\/\/www.lanrel.pl\/wp-content\/uploads\/2025\/02\/Indoor-DRY-3-1024x480.png 1024w, https:\/\/www.lanrel.pl\/wp-content\/uploads\/2025\/02\/Indoor-DRY-3-768x360.png 768w, https:\/\/www.lanrel.pl\/wp-content\/uploads\/2025\/02\/Indoor-DRY-3-1536x720.png 1536w, https:\/\/www.lanrel.pl\/wp-content\/uploads\/2025\/02\/Indoor-DRY-3-18x8.png 18w, https:\/\/www.lanrel.pl\/wp-content\/uploads\/2025\/02\/Indoor-DRY-3-600x281.png 600w\" sizes=\"(max-width: 1920px) 100vw, 1920px\" \/> <img loading=\"lazy\" decoding=\"async\" class=\"alignnone size-full wp-image-6532\" src=\"http:\/\/lanrel.eu\/wp-content\/uploads\/2025\/02\/Indoor-DRY-4.png\" alt=\"\" width=\"1920\" height=\"737\" srcset=\"https:\/\/www.lanrel.pl\/wp-content\/uploads\/2025\/02\/Indoor-DRY-4.png 1920w, https:\/\/www.lanrel.pl\/wp-content\/uploads\/2025\/02\/Indoor-DRY-4-300x115.png 300w, https:\/\/www.lanrel.pl\/wp-content\/uploads\/2025\/02\/Indoor-DRY-4-1024x393.png 1024w, https:\/\/www.lanrel.pl\/wp-content\/uploads\/2025\/02\/Indoor-DRY-4-768x295.png 768w, https:\/\/www.lanrel.pl\/wp-content\/uploads\/2025\/02\/Indoor-DRY-4-1536x590.png 1536w, https:\/\/www.lanrel.pl\/wp-content\/uploads\/2025\/02\/Indoor-DRY-4-18x7.png 18w, https:\/\/www.lanrel.pl\/wp-content\/uploads\/2025\/02\/Indoor-DRY-4-600x230.png 600w\" sizes=\"(max-width: 1920px) 100vw, 1920px\" \/>Koty przebywaj\u0105ce w domu s\u0105 mniej aktywne od wychodz\u0105cych, dlatego wymagaj\u0105 odpowiednio zbilansowanej karmy, pokrywaj\u0105cej wszystkie ich potrzeby \u017cywieniowe.<br \/>\nROYAL CANIN\u00ae Indoor 27 to karma opracowana specjalnie dla kot\u00f3w przebywaj\u0105cych w domu.<\/p>\n<p>&nbsp;<\/p>\n<p><img loading=\"lazy\" decoding=\"async\" class=\"alignnone size-full wp-image-6533\" src=\"http:\/\/lanrel.eu\/wp-content\/uploads\/2025\/02\/Indoor-DRY-5.png\" alt=\"\" width=\"1920\" height=\"941\" srcset=\"https:\/\/www.lanrel.pl\/wp-content\/uploads\/2025\/02\/Indoor-DRY-5.png 1920w, https:\/\/www.lanrel.pl\/wp-content\/uploads\/2025\/02\/Indoor-DRY-5-300x147.png 300w, https:\/\/www.lanrel.pl\/wp-content\/uploads\/2025\/02\/Indoor-DRY-5-1024x502.png 1024w, https:\/\/www.lanrel.pl\/wp-content\/uploads\/2025\/02\/Indoor-DRY-5-768x376.png 768w, https:\/\/www.lanrel.pl\/wp-content\/uploads\/2025\/02\/Indoor-DRY-5-1536x753.png 1536w, https:\/\/www.lanrel.pl\/wp-content\/uploads\/2025\/02\/Indoor-DRY-5-18x9.png 18w, https:\/\/www.lanrel.pl\/wp-content\/uploads\/2025\/02\/Indoor-DRY-5-600x294.png 600w\" sizes=\"(max-width: 1920px) 100vw, 1920px\" \/>Karma ROYAL CANIN\u00ae Indoor 27 zawiera wysokostrawne bia\u0142ka L.I.P., wyselekcjonowane ze wzgl\u0119du na bardzo wysok\u0105 przyswajalno\u015b\u0107. Dzi\u0119ki temu karma sprzyja zmniejszeniu intensywno\u015bci zapachu i obj\u0119to\u015bci odchod\u00f3w, czyli objaw\u00f3w s\u0142abego pasa\u017cu jelitowego spowodowanego nisk\u0105 aktywno\u015bci\u0105.<br \/>\nKoty przebywaj\u0105ce w domu s\u0105 mniej aktywne w por\u00f3wnaniu do kot\u00f3w wychodz\u0105cych, dlatego karma ROYAL CANIN\u00ae Indoor 27 charakteryzuje si\u0119 umiarkowanym poziomem t\u0142uszczu, co gwarantuje, \u017ce liczba spo\u017cywanych kalorii przez kota jest dostosowana do poziomu jego aktywno\u015bci \u2013 zawarto\u015b\u0107 kalorii przyczynia si\u0119 r\u00f3wnie\u017c do utrzymania idealnej masy cia\u0142a.<br \/>\nKoty przebywaj\u0105ce wy\u0142\u0105cznie w domu wi\u0119kszo\u015b\u0107 czasu sp\u0119dzaj\u0105 na piel\u0119gnacji sier\u015bci. Dzi\u0119ki dodatkowi unikalnej kompozycji w\u0142\u00f3kna pokarmowego, w tym psyllium, karma sprzyja naturalnej eliminacji po\u0142kni\u0119tych w\u0142os\u00f3w, redukuj\u0105c powstawanie kul w\u0142osowych.<br \/>\nKarma ROYAL CANIN\u00ae Indoor 27 wspiera prawid\u0142owe funkcjonowanie uk\u0142adu moczowego.<\/p>\n<p><strong><u>Zalety<\/u><\/strong><\/p>\n<p style=\"padding-left: 40px;\"><strong>Redukcja intensywno\u015bci zapachu odchod\u00f3w\uff1a<\/strong><\/p>\n<p style=\"padding-left: 40px;\">Niska aktywno\u015b\u0107 prowadzi do os\u0142abienia pasa\u017cu jelitowego, co mo\u017ce by\u0107 przyczyn\u0105 pojawiania si\u0119 odchod\u00f3w o intensywnym zapachu. Karma Indoor 27 zawiera wysokostrawne bia\u0142ko (L.I.P.*), odpowiedni poziom w\u0142\u00f3kna i unikalne sk\u0142adniki od\u017cywcze, wspomagaj\u0105ce proces trawienia, przez co pomaga zredukowa\u0107 ilo\u015b\u0107 oraz intensywno\u015b\u0107 zapachu odchod\u00f3w. *L.I.P.: bia\u0142ko wyselekcjonowane ze wzgl\u0119du na bardzo wysok\u0105 strawno\u015b\u0107.<\/p>\n<p style=\"padding-left: 40px;\"><strong>Umiarkowany poziom energii\uff1a<\/strong><\/p>\n<p style=\"padding-left: 40px;\">Umiarkowany poziom t\u0142uszczu, dostosowany do niskiej aktywno\u015bci fizycznej kot\u00f3w przebywaj\u0105cych wy\u0142\u0105cznie w domu, pomaga utrzyma\u0107 optymaln\u0105 mas\u0119 cia\u0142a.<\/p>\n<p style=\"padding-left: 40px;\"><strong>Zapobieganie powstawaniu kul w\u0142osowych\uff1a<\/strong><\/p>\n<div class=\"sc-fqkvVR grmmWd\" data-qa=\"product-benefits-item\">\n<div class=\"sc-dcJsrY dwHOrx\">\n<p class=\"sc-gsFSXq eusNcO\" style=\"padding-left: 40px;\" data-qa=\"product-benefits-item-text\">Karma Indoor 27 pobudza pasa\u017c jelitowy i u\u0142atwia eliminacj\u0119 po\u0142kni\u0119tych w\u0142os\u00f3w, dzi\u0119ki unikalnej kompozycji w\u0142\u00f3kna, m.in. psyllium.<\/p>\n<\/div>\n<\/div>\n<div class=\"sc-fqkvVR grmmWd\" data-qa=\"product-benefits-item\">\n<div class=\"sc-dcJsrY dwHOrx\"><\/div>\n<\/div>\n<p><img loading=\"lazy\" decoding=\"async\" class=\"alignnone size-full wp-image-6534\" src=\"http:\/\/lanrel.eu\/wp-content\/uploads\/2025\/02\/Indoor-DRY-6.png\" alt=\"\" width=\"1920\" height=\"716\" srcset=\"https:\/\/www.lanrel.pl\/wp-content\/uploads\/2025\/02\/Indoor-DRY-6.png 1920w, https:\/\/www.lanrel.pl\/wp-content\/uploads\/2025\/02\/Indoor-DRY-6-300x112.png 300w, https:\/\/www.lanrel.pl\/wp-content\/uploads\/2025\/02\/Indoor-DRY-6-1024x382.png 1024w, https:\/\/www.lanrel.pl\/wp-content\/uploads\/2025\/02\/Indoor-DRY-6-768x286.png 768w, https:\/\/www.lanrel.pl\/wp-content\/uploads\/2025\/02\/Indoor-DRY-6-1536x573.png 1536w, https:\/\/www.lanrel.pl\/wp-content\/uploads\/2025\/02\/Indoor-DRY-6-18x7.png 18w, https:\/\/www.lanrel.pl\/wp-content\/uploads\/2025\/02\/Indoor-DRY-6-600x224.png 600w\" sizes=\"(max-width: 1920px) 100vw, 1920px\" \/> <img loading=\"lazy\" decoding=\"async\" class=\"alignnone size-full wp-image-6535\" src=\"http:\/\/lanrel.eu\/wp-content\/uploads\/2025\/02\/Indoor-DRY-7.png\" alt=\"\" width=\"1920\" height=\"1172\" srcset=\"https:\/\/www.lanrel.pl\/wp-content\/uploads\/2025\/02\/Indoor-DRY-7.png 1920w, https:\/\/www.lanrel.pl\/wp-content\/uploads\/2025\/02\/Indoor-DRY-7-300x183.png 300w, https:\/\/www.lanrel.pl\/wp-content\/uploads\/2025\/02\/Indoor-DRY-7-1024x625.png 1024w, https:\/\/www.lanrel.pl\/wp-content\/uploads\/2025\/02\/Indoor-DRY-7-768x469.png 768w, https:\/\/www.lanrel.pl\/wp-content\/uploads\/2025\/02\/Indoor-DRY-7-1536x938.png 1536w, https:\/\/www.lanrel.pl\/wp-content\/uploads\/2025\/02\/Indoor-DRY-7-18x12.png 18w, https:\/\/www.lanrel.pl\/wp-content\/uploads\/2025\/02\/Indoor-DRY-7-600x366.png 600w\" sizes=\"(max-width: 1920px) 100vw, 1920px\" \/><\/p>\n<p>Linia produkt\u00f3w ROYAL CANIN\u00ae dla kot\u00f3w przebywaj\u0105cych w domu dostosowana jest do trybu \u017cycia, wieku: Indoor Appetite Control, Indoor Long Hair, oraz Indoor 7+.<br \/>\nMisj\u0105 ROYAL CANIN\u00ae jest zapewnianie rozwi\u0105za\u0144 \u017cywieniowych dostosowanych do potrzeb zwierz\u0105t. Wszystkie nasze produkty przechodz\u0105 liczne kontrole jako\u015bci, aby sprosta\u0107 najwy\u017cszym standardom marki i dostarczy\u0107 kotu pokarm dostosowany do jego potrzeb \u017cywieniowych. ROYAL CANIN\u00ae Indoor 27 jest karm\u0105 pe\u0142noporcjow\u0105.<\/p>\n<h3>WARTO\u015aCI OD\u017bYWCZE<\/h3>\n<p><strong>Sk\u0142ad: <\/strong><\/p>\n<p>suszone bia\u0142ko drobiowe, ry\u017c, pszenica, kukurydza, izolat bia\u0142ka ro\u015blinnego*, t\u0142uszcze zwierz\u0119ce, hydrolizat bia\u0142ka zwierz\u0119cego, m\u0105ka pszenna, w\u0142\u00f3kno ro\u015blinne, pulpa buraczana, dro\u017cd\u017ce i ich cz\u0119\u015bci, olej sojowy, sole mineralne, frukto\u00adoligosacharydy, olej rybny, \u0142uski i nasiona psyllium (0,5%).<\/p>\n<p>*L.I.P.: bia\u0142ko wyselekcjonowane ze wzgl\u0119du na bardzo wysok\u0105 strawno\u015b\u0107.<\/p>\n<p><strong>DODATKI (na 1 kg karmy): <\/strong><\/p>\n<p>Dodatki dietetyczne: Witamina A: 13500 UI, Witamina D3: 700 UI, \u017belazo (3b103): 42 mg, Jod (3b201, 3b202): 4,2 mg, Mied\u017a (3b405, 3b406): 13 mg, Mangan (3b502, 3b504): 55 mg, Cynk (3b603, 3b605, 3b606): 164 mg, Selen (3b801, 3b811, 3b812): 0,09 mg &#8211; Dodatki technologiczne: Klinoptylolit pochodzenia osadowego: 10 g &#8211; Konserwanty\u00a0&#8211; Przeciwutleniacze.<\/p>\n<p><strong>Sk\u0142adniki analityczne: <\/strong><\/p>\n<p>Bia\u0142ko surowe: 27%\u00a0&#8211; Oleje i t\u0142uszcze surowe: 13%\u00a0&#8211; Popi\u00f3\u0142 surowy: 7,3%\u00a0&#8211; W\u0142\u00f3kno surowe: 4%.<\/p>\n<p><strong>Spos\u00f3b u\u017cycia: <\/strong><\/p>\n<p>patrz tabela. Najlepiej wykorzysta\u0107 przed: patrz data wa\u017cno\u015bci. Data wa\u017cno\u015bci, numer partii i numer rejestracyjny zak\u0142adu znajduj\u0105 si\u0119 z ty\u0142u opakowania. Przechowywa\u0107 w suchym i ch\u0142odnym miejscu.<\/p>\n<table style=\"height: 286px;\" width=\"1138\">\n<thead>\n<tr>\n<th style=\"text-align: center;\">Masa cia\u0142a kota<\/th>\n<th style=\"text-align: center;\">Niska aktywno\u015b\u0107<\/th>\n<th style=\"text-align: center;\">Umiarkowana aktywno\u015b\u0107<\/th>\n<th style=\"text-align: center;\">Wysoka aktywno\u015b\u0107<\/th>\n<\/tr>\n<\/thead>\n<tbody>\n<tr>\n<td style=\"text-align: center;\">2 kg<\/td>\n<td style=\"text-align: center;\">27 g<\/td>\n<td style=\"text-align: center;\">34 g<\/td>\n<td style=\"text-align: center;\">41 g<\/td>\n<\/tr>\n<tr>\n<td style=\"text-align: center;\">3 kg<\/td>\n<td style=\"text-align: center;\">36 g<\/td>\n<td style=\"text-align: center;\">45 g<\/td>\n<td style=\"text-align: center;\">54 g<\/td>\n<\/tr>\n<tr>\n<td style=\"text-align: center;\">4 kg<\/td>\n<td style=\"text-align: center;\">44 g<\/td>\n<td style=\"text-align: center;\">55 g<\/td>\n<td style=\"text-align: center;\">66 g<\/td>\n<\/tr>\n<tr>\n<td style=\"text-align: center;\">5 kg<\/td>\n<td style=\"text-align: center;\">52 g<\/td>\n<td style=\"text-align: center;\">65 g<\/td>\n<td style=\"text-align: center;\">78 g<\/td>\n<\/tr>\n<tr>\n<td style=\"text-align: center;\">6 kg<\/td>\n<td style=\"text-align: center;\">59 g<\/td>\n<td style=\"text-align: center;\">74 g<\/td>\n<td style=\"text-align: center;\">89 g<\/td>\n<\/tr>\n<tr>\n<td style=\"text-align: center;\">7 kg<\/td>\n<td style=\"text-align: center;\">66 g<\/td>\n<td style=\"text-align: center;\">82 g<\/td>\n<td style=\"text-align: center;\">99 g<\/td>\n<\/tr>\n<tr>\n<td style=\"text-align: center;\">8 kg<\/td>\n<td style=\"text-align: center;\">72 g<\/td>\n<td style=\"text-align: center;\">91 g<\/td>\n<td style=\"text-align: center;\">109 g<\/td>\n<\/tr>\n<tr>\n<td style=\"text-align: center;\">9 kg<\/td>\n<td style=\"text-align: center;\">79 g<\/td>\n<td style=\"text-align: center;\">99 g<\/td>\n<td style=\"text-align: center;\">118 g<\/td>\n<\/tr>\n<tr>\n<td style=\"text-align: center;\">10 kg<\/td>\n<td style=\"text-align: center;\">85 g<\/td>\n<td style=\"text-align: center;\">106 g<\/td>\n<td style=\"text-align: center;\">127 g<\/td>\n<\/tr>\n<\/tbody>\n<\/table>","protected":false},"excerpt":{"rendered":"<p>Karma dla doros\u0142ych kot\u00f3w przebywaj\u0105cych wy\u0142\u0105cznie w domu.<\/p>\n<p>Marka: Royal Canin<\/p>\n<p>Faza \u017cycia: Doros\u0142y<\/p>\n<p><span class=\"ty-product-feature__label\">Specjalne wymagania:<\/span>\u00a0Przebywaj\u0105ce w domu<\/p>","protected":false},"featured_media":6526,"comment_status":"open","ping_status":"closed","template":"","meta":{"om_disable_all_campaigns":false,"inline_featured_image":false},"product_brand":[],"product_cat":[42,90,93],"product_tag":[],"class_list":{"0":"post-6518","1":"product","2":"type-product","3":"status-publish","4":"has-post-thumbnail","6":"product_cat-cat-food","7":"product_cat-royal-canin","8":"product_cat-styl-zycai","10":"first","11":"instock","12":"taxable","13":"shipping-taxable","14":"purchasable","15":"product-type-variable","16":"has-default-attributes"},"_links":{"self":[{"href":"https:\/\/www.lanrel.pl\/pl\/wp-json\/wp\/v2\/product\/6518","targetHints":{"allow":["GET"]}}],"collection":[{"href":"https:\/\/www.lanrel.pl\/pl\/wp-json\/wp\/v2\/product"}],"about":[{"href":"https:\/\/www.lanrel.pl\/pl\/wp-json\/wp\/v2\/types\/product"}],"replies":[{"embeddable":true,"href":"https:\/\/www.lanrel.pl\/pl\/wp-json\/wp\/v2\/comments?post=6518"}],"wp:featuredmedia":[{"embeddable":true,"href":"https:\/\/www.lanrel.pl\/pl\/wp-json\/wp\/v2\/media\/6526"}],"wp:attachment":[{"href":"https:\/\/www.lanrel.pl\/pl\/wp-json\/wp\/v2\/media?parent=6518"}],"wp:term":[{"taxonomy":"product_brand","embeddable":true,"href":"https:\/\/www.lanrel.pl\/pl\/wp-json\/wp\/v2\/product_brand?post=6518"},{"taxonomy":"product_cat","embeddable":true,"href":"https:\/\/www.lanrel.pl\/pl\/wp-json\/wp\/v2\/product_cat?post=6518"},{"taxonomy":"product_tag","embeddable":true,"href":"https:\/\/www.lanrel.pl\/pl\/wp-json\/wp\/v2\/product_tag?post=6518"}],"curies":[{"name":"wp","href":"https:\/\/api.w.org\/{rel}","templated":true}]}}