{"id":6505,"date":"2025-02-19T15:08:58","date_gmt":"2025-02-19T14:08:58","guid":{"rendered":"https:\/\/lanrel.eu\/?post_type=product&#038;p=6505"},"modified":"2025-10-22T09:13:24","modified_gmt":"2025-10-22T07:13:24","slug":"royal-canin-sensible-33-karma-sucha-dla-kotow-doroslych","status":"publish","type":"product","link":"https:\/\/www.lanrel.pl\/pl\/produkt\/royal-canin-sensible-33-karma-sucha-dla-kotow-doroslych\/","title":{"rendered":"ROYAL CANIN\u00ae Sensible 33 karma sucha dla kot\u00f3w doros\u0142ych"},"content":{"rendered":"<p><img fetchpriority=\"high\" decoding=\"async\" class=\"aligncenter\" src=\"https:\/\/perfectpg.pl\/sensible\/main-baner.png\" width=\"677\" height=\"581\" \/><\/p>\n<p>Niekt\u00f3re koty maj\u0105 wra\u017cliwy przew\u00f3d pokarmowy i wymagaj\u0105 zmiany karmy. Pewne sk\u0142adniki pokarmowe mog\u0105 wspiera\u0107 uk\u0142ad pokarmowy kota.<\/p>\n<p>Karma ROYAL CANIN\u00ae Sensible 33 zosta\u0142a opracowana specjalnie dla kot\u00f3w od 1 do 7 roku \u017cycia, o wra\u017cliwym przewodzie pokarmowym. Karma ROYAL CANIN\u00ae Sensible 33 zawiera unikaln\u0105 kombinacj\u0119 sk\u0142adnik\u00f3w pokarmowych wspieraj\u0105cych przebieg procesu trawienia oraz zachowanie r\u00f3wnowagi flory bakteryjnej.<\/p>\n<p>Zastosowanie wysokiej jako\u015bci sk\u0142adnik\u00f3w pokarmowych, takich jak bia\u0142ka L.I.P. \u2013 znane ze swojej wysokiej strawno\u015bci \u2013 ma na celu ograniczenie niestrawnych cz\u0105stek w okr\u0119\u017cnicy kota. Gdy proces trawienia Twojego kota zacznie si\u0119 poprawia\u0107, mo\u017cesz nadal karmi\u0107 go ROYAL CANIN\u00ae Sensible 33, poniewa\u017c karma zosta\u0142a specjalnie opracowana, aby nie tylko wspiera\u0107 trawienie twojego kota, ale tak\u017ce utrzyma\u0107 je w p\u00f3\u017aniejszym czasie.<\/p>\n<p>Karma ROYAL CANIN\u00ae Sensible 33 charakteryzuje si\u0119 wysok\u0105 smakowito\u015bci\u0105 oraz trzema typami krokiet\u00f3w, pobudzaj\u0105c apetyt i u\u0142atwiaj\u0105c trawienie.<\/p>\n<p>Mniejsze porcje oznaczaj\u0105, \u017ce uk\u0142ad trawienny kota nie jest przeci\u0105\u017cony i mo\u017ce \u0142agodzi\u0107 dyskomfort spowodowany problemami \u017co\u0142\u0105dkowymi.<\/p>\n<p>Wysoka kaloryczno\u015b\u0107 karmy ROYAL CANIN\u00ae Sensible 33 pokrywa potrzeby energetyczne aktywnych kot\u00f3w.<\/p>\n<p>Karma ROYAL CANIN\u00ae Sensible 33 wspiera prawid\u0142owe funkcjonowanie uk\u0142adu moczowego.<\/p>\n<p>Misj\u0105 ROYAL CANIN\u00ae jest zapewnianie rozwi\u0105za\u0144 \u017cywieniowych dostosowanych do potrzeb zwierz\u0105t. Wszystkie nasze produkty przechodz\u0105 liczne kontrole jako\u015bci, aby sprosta\u0107 najwy\u017cszym standardom marki i dostarczy\u0107 kotu pokarm dostosowany do jego potrzeb \u017cywieniowych. ROYAL CANIN\u00ae Sensible 33 jest karm\u0105 pe\u0142noporcjow\u0105.<\/p>\n<p><img decoding=\"async\" class=\"aligncenter\" src=\"https:\/\/perfectpg.pl\/sensible\/advantages-baner.png\" width=\"708\" height=\"311\" \/><\/p>\n<p>&nbsp;<\/p>\n<p><strong>Zalety: <\/strong><\/p>\n<p style=\"padding-left: 40px;\"><strong>Prawid\u0142owy przebieg trawienia:<\/strong><\/p>\n<p style=\"padding-left: 40px;\">Wra\u017cliwy przew\u00f3d pokarmowy mo\u017ce prowadzi\u0107 do zaburze\u0144 procesu trawienia,\u00a0a w konsekwencji zwi\u0119kszenia ilo\u015bci odchod\u00f3w i pogorszenia konsystencji ka\u0142u.\u00a0KarmaSensible 33 sprzyja ochronie przewodu pokarmowego i r\u00f3wnowadze flory bakteryjnej jelit, dzi\u0119ki zawarto\u015bci wysoko przyswajalnych bia\u0142ek L.I.P. oraz prebiotyk\u00f3w.<\/p>\n<p style=\"padding-left: 40px;\"><strong>Najwy\u017csza smakowito\u015b\u0107:<\/strong><\/p>\n<p style=\"padding-left: 40px;\">Trzy rodzaje krokiet\u00f3w, r\u00f3\u017cni\u0105cych si\u0119 kszta\u0142tem oraz zastosowanie wyj\u0105tkowej kombinacji najwy\u017cszej jako\u015bci naturalnych sk\u0142adnik\u00f3w aromatycznych , zaspokaja nawet najbardziej wybredny apetyt.<\/p>\n<p style=\"padding-left: 40px;\"><strong>Wysoka koncentracja energii:<\/strong><\/p>\n<p style=\"padding-left: 40px;\">Receptura opracowana specjalnie dla kot\u00f3w o wysokim zapotrzebowaniu na energi\u0119.<\/p>\n<p>&nbsp;<\/p>\n<h3>WARTO\u015aCI OD\u017bYWCZE<\/h3>\n<p><img decoding=\"async\" class=\"\" src=\"https:\/\/perfectpg.pl\/2019\/sensible\/_img\/diet-diagram.png\" width=\"590\" height=\"361\" \/>.\u00a0 <img loading=\"lazy\" decoding=\"async\" class=\"\" src=\"https:\/\/perfectpg.pl\/2019\/sensible\/_img\/diet-baner.png\" width=\"495\" height=\"372\" \/><\/p>\n<p>&nbsp;<\/p>\n<p><strong>SK\u0141AD: <\/strong><\/p>\n<p>suszone bia\u0142ko drobiowe, ry\u017c, t\u0142uszcze zwierz\u0119ce, kukurydza, izolat bia\u0142ka ro\u015blinnego*, suszone bia\u0142ko wieprzowe*, m\u0105ka pszenna, pszenica, hydrolizat bia\u0142ka zwierz\u0119cego, gluten kukurydziany, dro\u017cd\u017ce i ich cz\u0119\u015bci, pulpa buraczana, sole mineralne, olej rybny, w\u0142\u00f3kno ro\u015blinne, olej sojowy, fruktooligosacharydy. *L.I.P.: bia\u0142ko wyselekcjonowane ze wzgl\u0119du na bardzo wysok\u0105 strawno\u015b\u0107.<\/p>\n<p><strong>DODATKI (na 1 kg karmy): <\/strong><\/p>\n<p>Dodatki dietetyczne: Witamina A: 18500 UI, Witamina D3: 1000 UI, \u017belazo (3b103): 38 mg, Jod (3b201, 3b202): 3,8 mg, Mied\u017a (3b405, 3b406): 12 mg, Mangan (3b502, 3b504): 50 mg, Cynk (3b603, 3b605, 3b606): 150 mg, Selen (3b801, 3b811, 3b812): 0,1 mg &#8211; Dodatki technologiczne: Klinoptylolit pochodzenia osadowego: 5 g &#8211; Dodatki zootechniczne: Chlorek amonu: 5 g &#8211; Konserwanty &#8211; Przeciwutleniacze.<\/p>\n<p><strong>SK\u0141ADNIKI ANALITYCZNE: <\/strong><\/p>\n<p>Bia\u0142ko surowe: 33%\u00a0&#8211; Oleje i t\u0142uszcze surowe: 22%\u00a0&#8211; Popi\u00f3\u0142 surowy: 7,4%\u00a0&#8211; W\u0142\u00f3kno surowe: 1,6%.<\/p>\n<p><strong>SPOS\u00d3B U\u017bYCIA: <\/strong><\/p>\n<p>patrz tabela. Najlepiej wykorzysta\u0107 przed: patrz data wa\u017cno\u015bci. Data wa\u017cno\u015bci, numer partii i numer rejestracyjny zak\u0142adu znajduj\u0105 si\u0119 z ty\u0142u opakowania. Przechowywa\u0107 w suchym i ch\u0142odnym miejscu.<\/p>\n<table style=\"height: 101px;\" width=\"1128\">\n<thead>\n<tr>\n<th style=\"text-align: center;\">Masa cia\u0142a kota<\/th>\n<th style=\"text-align: center;\">2 kg<\/th>\n<th style=\"text-align: center;\">3 kg<\/th>\n<th style=\"text-align: center;\">4 kg<\/th>\n<th style=\"text-align: center;\">5 kg<\/th>\n<th style=\"text-align: center;\">6 kg<\/th>\n<th style=\"text-align: center;\">Kotki w ci\u0105\u017cy<\/th>\n<th style=\"text-align: center;\">Kotki w laktacji<\/th>\n<\/tr>\n<\/thead>\n<tbody>\n<tr>\n<td style=\"text-align: center;\">Niedowaga<\/td>\n<td style=\"text-align: center;\">30 g<\/td>\n<td style=\"text-align: center;\">50 g<\/td>\n<td style=\"text-align: center;\">65 g<\/td>\n<td style=\"text-align: center;\">80 g<\/td>\n<td style=\"text-align: center;\">95 g<\/td>\n<td style=\"text-align: center;\">34 g &#8211; 155 g<\/td>\n<td style=\"text-align: center;\">do woli<\/td>\n<\/tr>\n<tr>\n<td style=\"text-align: center;\">Prawid\u0142owa waga<\/td>\n<td style=\"text-align: center;\">25 g<\/td>\n<td style=\"text-align: center;\">40 g<\/td>\n<td style=\"text-align: center;\">50 g<\/td>\n<td style=\"text-align: center;\">65 g<\/td>\n<td style=\"text-align: center;\">75 g<\/td>\n<td style=\"text-align: center;\">35 g &#8211; 155 g<\/td>\n<td style=\"text-align: center;\">do woli<\/td>\n<\/tr>\n<tr>\n<td style=\"text-align: center;\">Nadwaga<\/td>\n<td style=\"text-align: center;\">&#8211;<\/td>\n<td style=\"text-align: center;\">&#8211;<\/td>\n<td style=\"text-align: center;\">40 g<\/td>\n<td style=\"text-align: center;\">50 g<\/td>\n<td style=\"text-align: center;\">60 g<\/td>\n<td style=\"text-align: center;\">36 g &#8211; 155 g<\/td>\n<td style=\"text-align: center;\">do woli<\/td>\n<\/tr>\n<\/tbody>\n<\/table>","protected":false},"excerpt":{"rendered":"<p>Karma dla doros\u0142ych, wra\u017cliwych kot\u00f3w z delikatnym uk\u0142adem trawiennym.<\/p>\n<p>Marka: Royal Canin<\/p>\n<p>Faza \u017cycia: Doros\u0142y<\/p>","protected":false},"featured_media":6513,"comment_status":"open","ping_status":"closed","template":"","meta":{"om_disable_all_campaigns":false,"inline_featured_image":false},"product_brand":[],"product_cat":[42,90,94],"product_tag":[],"class_list":{"0":"post-6505","1":"product","2":"type-product","3":"status-publish","4":"has-post-thumbnail","6":"product_cat-cat-food","7":"product_cat-royal-canin","8":"product_cat-szczegolne-potrzeby-kotow","10":"first","11":"instock","12":"taxable","13":"shipping-taxable","14":"purchasable","15":"product-type-variable","16":"has-default-attributes"},"_links":{"self":[{"href":"https:\/\/www.lanrel.pl\/pl\/wp-json\/wp\/v2\/product\/6505","targetHints":{"allow":["GET"]}}],"collection":[{"href":"https:\/\/www.lanrel.pl\/pl\/wp-json\/wp\/v2\/product"}],"about":[{"href":"https:\/\/www.lanrel.pl\/pl\/wp-json\/wp\/v2\/types\/product"}],"replies":[{"embeddable":true,"href":"https:\/\/www.lanrel.pl\/pl\/wp-json\/wp\/v2\/comments?post=6505"}],"wp:featuredmedia":[{"embeddable":true,"href":"https:\/\/www.lanrel.pl\/pl\/wp-json\/wp\/v2\/media\/6513"}],"wp:attachment":[{"href":"https:\/\/www.lanrel.pl\/pl\/wp-json\/wp\/v2\/media?parent=6505"}],"wp:term":[{"taxonomy":"product_brand","embeddable":true,"href":"https:\/\/www.lanrel.pl\/pl\/wp-json\/wp\/v2\/product_brand?post=6505"},{"taxonomy":"product_cat","embeddable":true,"href":"https:\/\/www.lanrel.pl\/pl\/wp-json\/wp\/v2\/product_cat?post=6505"},{"taxonomy":"product_tag","embeddable":true,"href":"https:\/\/www.lanrel.pl\/pl\/wp-json\/wp\/v2\/product_tag?post=6505"}],"curies":[{"name":"wp","href":"https:\/\/api.w.org\/{rel}","templated":true}]}}