{"id":6493,"date":"2025-02-19T14:34:36","date_gmt":"2025-02-19T13:34:36","guid":{"rendered":"https:\/\/lanrel.eu\/?post_type=product&#038;p=6493"},"modified":"2025-10-22T09:13:33","modified_gmt":"2025-10-22T07:13:33","slug":"royal-canin-fit-karma-sucha-dla-kotow-doroslych-wspierajaca-idealna-kondycje","status":"publish","type":"product","link":"https:\/\/www.lanrel.pl\/pl\/produkt\/royal-canin-fit-karma-sucha-dla-kotow-doroslych-wspierajaca-idealna-kondycje\/","title":{"rendered":"ROYAL CANIN\u00ae FIT karma sucha dla kot\u00f3w doros\u0142ych, wspieraj\u0105ca idealn\u0105 kondycj\u0119"},"content":{"rendered":"<p><img fetchpriority=\"high\" decoding=\"async\" class=\"aligncenter\" src=\"https:\/\/perfectpg.pl\/fit_regular\/main-baner.png\" width=\"471\" height=\"594\" \/><\/p>\n<p>Doros\u0142y i aktywny kot r\u00f3wnie\u017c potrzebuje wsparcia jego zdrowia. Odpowiednia dieta musi pokrywa\u0107 w pe\u0142ni zapotrzebowanie na poszczeg\u00f3lne sk\u0142adniki pokarmowe.<\/p>\n<p>Karma ROYAL CANIN\u00ae Fit 32 to rozwi\u0105zanie \u017cywieniowe dla kot\u00f3w doros\u0142ych, od 1 do 7 \u017cycia, pokrywaj\u0105ce wszystkie potrzeby \u017cywieniowe kota i wspieraj\u0105ce jego zdrowie.<\/p>\n<p>Doskonale zbilansowana karma ROYAL CANIN\u00ae Fit 32 idealnie pokrywa zapotrzebowanie kot\u00f3w doros\u0142ych na energi\u0119 i sk\u0142adniki pokarmowe, gwarantuj\u0105c kotu utrzymanie prawid\u0142owej kondycji.<\/p>\n<p>Specjalnie opracowana receptura karmy ROYAL CANIN\u00ae Fit 32, dzi\u0119ki umiarkowanej zawarto\u015bci energii, pomaga utrzyma\u0107 prawid\u0142ow\u0105 mas\u0119 cia\u0142a.<\/p>\n<p>Podczas piel\u0119gnacji sier\u015bci koty po\u0142ykaj\u0105 lu\u017ane w\u0142osy, kt\u00f3re kumuluj\u0105c si\u0119 w przewodzie pokarmowym, tworz\u0105 kule w\u0142osowe. Dzi\u0119ki unikalnej kompozycji w\u0142\u00f3kna pokarmowego, karma ROYAL CANIN\u00ae Fit 32 sprzyja naturalnej eliminacji po\u0142kni\u0119tej sier\u015bci. Tym samym sprzyja redukcji powstawania kul w\u0142osowych.<\/p>\n<p>Ponadto karma wspiera prawid\u0142owe funkcjonowanie uk\u0142adu moczowego, dzi\u0119ki odpowiedniemu bilansowi sk\u0142adnik\u00f3w mineralnych i szeregu witamin.<\/p>\n<p>Misj\u0105 ROYAL CANIN\u00ae jest zapewnianie rozwi\u0105za\u0144 \u017cywieniowych dostosowanych do potrzeb zwierz\u0105t. Wszystkie nasze produkty przechodz\u0105 liczne kontrole jako\u015bci, aby sprosta\u0107 najwy\u017cszym standardom marki i dostarczy\u0107 kotu pokarm dostosowany do jego potrzeb \u017cywieniowych. ROYAL CANIN\u00ae Fit 32 jest karm\u0105 pe\u0142noporcjow\u0105.<\/p>\n<p>&nbsp;<\/p>\n<p>&nbsp;<\/p>\n<p><img decoding=\"async\" class=\"aligncenter\" src=\"https:\/\/perfectpg.pl\/fit_regular\/advantages-baner.png\" width=\"853\" height=\"389\" \/><\/p>\n<p>&nbsp;<\/p>\n<p><strong>Zalety: <\/strong><\/p>\n<p style=\"padding-left: 40px;\"><strong>Zr\u00f3wnowa\u017cony bilans sk\u0142adnik\u00f3w pokarmowych:<\/strong><\/p>\n<p style=\"padding-left: 40px;\">Doskonale zbilansowana karma idealnie pokrywa zapotrzebowanie kot\u00f3w doros\u0142ych na energi\u0119 i sk\u0142adniki pokarmowe, gwarantuj\u0105c kotu utrzymanie prawid\u0142owej kondycji.<\/p>\n<p style=\"padding-left: 40px;\"><strong>Optymalna masa cia\u0142a:<\/strong><\/p>\n<p style=\"padding-left: 40px;\">Specjalnie opracowana receptura, dzi\u0119ki umiarkowanej zawarto\u015bci energii, pomaga utrzyma\u0107 prawid\u0142ow\u0105 mas\u0119 cia\u0142a.<\/p>\n<p style=\"padding-left: 40px;\"><strong>Zapobieganie powstawaniu kul w\u0142osowych:<\/strong><\/p>\n<p style=\"padding-left: 40px;\">Pobudzenie pasa\u017cu jelitowego i u\u0142atwienie naturalnej eliminacji po\u0142kni\u0119tej sier\u015bci dzi\u0119ki zastosowaniu unikalnej kompozycji w\u0142\u00f3kna pokarmowego.<\/p>\n<h3><\/h3>\n<h3>WARTO\u015aCI OD\u017bYWCZE<\/h3>\n<p>&nbsp;<\/p>\n<p><img decoding=\"async\" class=\"\" src=\"https:\/\/perfectpg.pl\/fit_regular\/diet-diagram.png\" width=\"593\" height=\"363\" \/>.\u00a0 \u00a0 \u00a0 \u00a0 \u00a0 \u00a0 \u00a0 \u00a0 \u00a0 \u00a0 \u00a0 \u00a0 <img loading=\"lazy\" decoding=\"async\" class=\"\" src=\"https:\/\/perfectpg.pl\/fit_regular\/diet-baner.png\" width=\"349\" height=\"380\" \/><\/p>\n<p>&nbsp;<\/p>\n<p><strong>SK\u0141AD: <\/strong><\/p>\n<p>suszone bia\u0142ka drobiowe, ry\u017c, suszone bia\u0142ka wieprzowe, pszenica, kukurydza, t\u0142uszcze zwierz\u0119ce, hydrolizowane bia\u0142ka zwierz\u0119ce, w\u0142\u00f3kno ro\u015blinne, m\u0105ka pszenna, gluten kukurydziany, produkty dro\u017cd\u017cy, wys\u0142odki buraczane, minera\u0142y, olej sojowy, olej z ryb, \u0142uski i nasiona psyllium (0,5%), dro\u017cd\u017ce (\u017ar\u00f3d\u0142o mannooligosacharyd\u00f3w), m\u0105czka z aksamitki.<\/p>\n<p><strong>DODATKI (na 1 kg karmy): <\/strong><\/p>\n<p>Dodatki dietetyczne: Witamina A: 14200 UI, Witamina D3: 740 UI, \u017belazo (3b103): 37 mg, Jod (3b201, 3b202): 3,7 mg, Mied\u017a (3b405, 3b406): 11 mg, Mangan (3b502, 3b504): 48 mg, Cynk (3b603, 3b605, 3b606): 126 mg, Selen (3b801, 3b811, 3b812): 0,09 mg &#8211; Dodatki zootechniczne: Chlorek amonu: 5 g &#8211; Przeciwutleniacze.<\/p>\n<p><strong>SK\u0141ADNIKI ANALITYCZNE: <\/strong><\/p>\n<p>Bia\u0142ko surowe: 32,0% &#8211; W\u0142\u00f3kno surowe: 4,7% &#8211; Oleje i t\u0142uszcze surowe: 15,0% &#8211; Popi\u00f3\u0142 surowy: 7,2%.<\/p>\n<p><strong>SPOS\u00d3B U\u017bYCIA: <\/strong><\/p>\n<p>patrz tabela. Najlepiej wykorzysta\u0107 przed: patrz data wa\u017cno\u015bci. Data wa\u017cno\u015bci, numer partii i numer rejestracyjny zak\u0142adu znajduj\u0105 si\u0119 na opakowaniu. Przechowywa\u0107 w suchym i ch\u0142odnym miejscu.<\/p>","protected":false},"excerpt":{"rendered":"<p>Karma sucha dla kot\u00f3w \u015brednio aktywnych, rzadko wychodz\u0105cych z domu (w wieku 1-10 lat).<\/p>\n<p>Marka: Royal Canin<\/p>\n<p>Faza \u017cycia: Doros\u0142y<\/p>\n<p>&nbsp;<\/p>","protected":false},"featured_media":6501,"comment_status":"open","ping_status":"closed","template":"","meta":{"om_disable_all_campaigns":false,"inline_featured_image":false},"product_brand":[],"product_cat":[42,90,93],"product_tag":[],"class_list":{"0":"post-6493","1":"product","2":"type-product","3":"status-publish","4":"has-post-thumbnail","6":"product_cat-cat-food","7":"product_cat-royal-canin","8":"product_cat-styl-zycai","10":"first","11":"outofstock","12":"taxable","13":"shipping-taxable","14":"product-type-variable","15":"has-default-attributes"},"_links":{"self":[{"href":"https:\/\/www.lanrel.pl\/pl\/wp-json\/wp\/v2\/product\/6493","targetHints":{"allow":["GET"]}}],"collection":[{"href":"https:\/\/www.lanrel.pl\/pl\/wp-json\/wp\/v2\/product"}],"about":[{"href":"https:\/\/www.lanrel.pl\/pl\/wp-json\/wp\/v2\/types\/product"}],"replies":[{"embeddable":true,"href":"https:\/\/www.lanrel.pl\/pl\/wp-json\/wp\/v2\/comments?post=6493"}],"wp:featuredmedia":[{"embeddable":true,"href":"https:\/\/www.lanrel.pl\/pl\/wp-json\/wp\/v2\/media\/6501"}],"wp:attachment":[{"href":"https:\/\/www.lanrel.pl\/pl\/wp-json\/wp\/v2\/media?parent=6493"}],"wp:term":[{"taxonomy":"product_brand","embeddable":true,"href":"https:\/\/www.lanrel.pl\/pl\/wp-json\/wp\/v2\/product_brand?post=6493"},{"taxonomy":"product_cat","embeddable":true,"href":"https:\/\/www.lanrel.pl\/pl\/wp-json\/wp\/v2\/product_cat?post=6493"},{"taxonomy":"product_tag","embeddable":true,"href":"https:\/\/www.lanrel.pl\/pl\/wp-json\/wp\/v2\/product_tag?post=6493"}],"curies":[{"name":"wp","href":"https:\/\/api.w.org\/{rel}","templated":true}]}}