{"id":6479,"date":"2025-02-19T13:14:51","date_gmt":"2025-02-19T12:14:51","guid":{"rendered":"https:\/\/lanrel.eu\/?post_type=product&#038;p=6479"},"modified":"2025-10-22T09:13:51","modified_gmt":"2025-10-22T07:13:51","slug":"royal-canin-exigent-savour-35-30-sensation-karma-sucha-dla-kotow-doroslych","status":"publish","type":"product","link":"https:\/\/www.lanrel.pl\/pl\/produkt\/royal-canin-exigent-savour-35-30-sensation-karma-sucha-dla-kotow-doroslych\/","title":{"rendered":"ROYAL CANIN Exigent Savour 35\/30 Sensation karma sucha dla kot\u00f3w doros\u0142ych"},"content":{"rendered":"<p><img fetchpriority=\"high\" decoding=\"async\" class=\"aligncenter\" src=\"https:\/\/perfectpg.pl\/2019\/savour-exigent\/_img\/main-baner.png\" width=\"463\" height=\"623\" \/><\/p>\n<p>&nbsp;<\/p>\n<p>Niekt\u00f3re koty s\u0105 szczeg\u00f3lnie wybredne i trudno jest zaspokoi\u0107 ich potrzeby. Jest to typowa cecha kot\u00f3w, jednak odpowiednio dobrana karma mo\u017ce pobudzi\u0107 apetyt nawet tych bardzo wybrednych kot\u00f3w, dostarczaj\u0105c wszystkie potrzebne sk\u0142adniki pokarmowe.<\/p>\n<p>Karma ROYAL CANIN\u00ae Savour Exigent zosta\u0142a opracowana specjlanie dla kot\u00f3w wybrednych. Dla cz\u0119\u015bci kot\u00f3w kryterium wyboru karmy jest r\u00f3\u017cnorodno\u015b\u0107 krokiet\u00f3w. Karma Savour Exigent charakteryzuje si\u0119 dwoma typami krokiet\u00f3w, o r\u00f3\u017cnych recepturach i teksturach, pobudzaj\u0105c apetyt nawet najbardziej wybrednych kot\u00f3w.<\/p>\n<p>Odpowiednia tekstura krokiet\u00f3w jest jednym z czynnik\u00f3w wp\u0142ywaj\u0105cych na wyb\u00f3r karmy, dlatego parametry krokiet\u00f3w karmy Savour Exigent zosta\u0142y opracowane tak, aby pobudza\u0107 apetyt kot\u00f3w.<\/p>\n<p>Przy wyborze karmy koty kieruj\u0105 si\u0119: aromatem, tekstur\u0105 krokiet\u00f3w oraz jako\u015bci\u0105 bia\u0142ka. Dlatego firma ROYAL CANIN\u00ae opracowa\u0142a 3 unikalne receptury, pobudzaj\u0105ce apetyt nawet najbardziej wybrednych kot\u00f3w.<\/p>\n<p>Odpowiedni poziom energii w karmie ROYAL CANIN\u00ae Savour Exigent sprzyja utrzymaniu odpowiedniej masy cia\u0142a.<\/p>\n<p>Karma ROYAL CANIN\u00ae Savour Exigent jest odpowiednia tak\u017ce dla kot\u00f3w przebywaj\u0105cych w domu i sterylizowanych.<\/p>\n<p>Misj\u0105 ROYAL CANIN\u00ae jest zapewnianie rozwi\u0105za\u0144 \u017cywieniowych dostosowanych do potrzeb zwierz\u0105t. Wszystkie nasze produkty przechodz\u0105 liczne kontrole jako\u015bci, aby sprosta\u0107 najwy\u017cszym standardom marki i dostarczy\u0107 kotu pokarm dostosowany do jego potrzeb \u017cywieniowych. ROYAL CANIN\u00ae Savour Exigent jest karm\u0105 pe\u0142noporcjow\u0105.<\/p>\n<p>&nbsp;<\/p>\n<p>&nbsp;<\/p>\n<p><img decoding=\"async\" class=\"aligncenter\" src=\"https:\/\/perfectpg.pl\/2019\/savour-exigent\/_img\/advantages-baner.png\" width=\"923\" height=\"455\" \/><\/p>\n<p>&nbsp;<\/p>\n<p><strong>Zalety:<\/strong><\/p>\n<p style=\"padding-left: 40px;\"><strong>Dwa r\u00f3\u017cne krokiety\uff1a<\/strong><\/p>\n<p style=\"padding-left: 40px;\">Dla niekt\u00f3rych wybrednych kot\u00f3w szczeg\u00f3lnie atrakcyjna jest r\u00f3\u017cnorodno\u015b\u0107 pokarmu i smaku. Karma Savour Exigent zawiera dwa rodzaje krokiet\u00f3w, r\u00f3\u017cni\u0105cych si\u0119 kszta\u0142tem, receptur\u0105 i tekstur\u0105, aby zaspokoi\u0107 naturalne preferencje kot\u00f3w wybrednych.<\/p>\n<p style=\"padding-left: 40px;\"><strong>Optymalna masa cia\u0142a:<\/strong><\/p>\n<p style=\"padding-left: 40px;\">Odpowiedni poziom energii pomaga utrzyma\u0107 optymaln\u0105 mas\u0119 cia\u0142a u kot\u00f3w wybrednych.<\/p>\n<p style=\"padding-left: 40px;\"><strong>Indywidualne preferencje:<\/strong><\/p>\n<p style=\"padding-left: 40px;\">Ka\u017cdy kot ma indywidualne preferencje pokarmowe, kieruj\u0105c si\u0119 przy wyborze karmy profilem aromatycznym, smakiem lub poziomem bia\u0142ka. Z tych wzgl\u0119d\u00f3w firma Royal Canin opracowa\u0142a trzy r\u00f3\u017cne receptury, aby zaspokoi\u0107 nawet najbardziej wybredne koty.<\/p>\n<p style=\"padding-left: 40px;\"><strong>Zdrowie uk\u0142adu moczowego:<\/strong><\/p>\n<p style=\"padding-left: 40px;\">Receptura wspieraj\u0105ca prawid\u0142owe funkcjonowanie uk\u0142adu moczowego u doros\u0142ych kot\u00f3w.<\/p>\n<p>&nbsp;<\/p>\n<h3>WARTO\u015aCI OD\u017bYWCZE<\/h3>\n<p><img decoding=\"async\" class=\"\" src=\"https:\/\/perfectpg.pl\/2019\/savour-exigent\/_img\/diet-diagram.png\" width=\"598\" height=\"363\" \/>.\u00a0 \u00a0 \u00a0 \u00a0 \u00a0 \u00a0 \u00a0 \u00a0 \u00a0 \u00a0 \u00a0 \u00a0 \u00a0 \u00a0 \u00a0 \u00a0 \u00a0 \u00a0 \u00a0 \u00a0 \u00a0 <img loading=\"lazy\" decoding=\"async\" class=\"\" src=\"https:\/\/perfectpg.pl\/2019\/savour-exigent\/_img\/diet-baner.png\" width=\"286\" height=\"407\" \/><\/p>\n<p>&nbsp;<\/p>\n<p><strong>Sk\u0142ad: <\/strong><\/p>\n<p>kukurydza, suszone bia\u0142ko drobiowe, ry\u017c, izolat bia\u0142ka ro\u015blinnego*, t\u0142uszcze zwierz\u0119ce, gluten kukurydziany, hydrolizat bia\u0142ka zwierz\u0119cego, w\u0142\u00f3kno ro\u015blinne, dro\u017cd\u017ce i ich cz\u0119\u015bci, sole mineralne, pulpa buraczana, olej sojowy, fruktooligosacharydy, olej z og\u00f3recznika.<\/p>\n<p>*L.I.P.: bia\u0142ko wyselekcjonowane ze wzgl\u0119du na bardzo wysok\u0105 strawno\u015b\u0107.<\/p>\n<p><strong>DODATKI (na 1 kg karmy): <\/strong><\/p>\n<p>Dodatki dietetyczne: Witamina A: 14500 UI, Witamina D3: 800 UI, \u017belazo (3b103): 37 mg, Jod (3b201, 3b202): 3,7 mg, Mied\u017a (3b405, 3b406): 11 mg, Mangan (3b502, 3b504): 48 mg, Cynk (3b603, 3b605, 3b606): 143 mg, Selen (3b801, 3b811, 3b812): 0,08 mg &#8211; Dodatki technologiczne: Klinoptylolit pochodzenia osadowego: 5 g &#8211; Dodatki zootechniczne: Chlorek amonu: 5 g &#8211; Konserwanty &#8211; Przeciwutleniacze.<\/p>\n<p><strong>Sk\u0142adniki analityczne: <\/strong><\/p>\n<p>Bia\u0142ko surowe: 33%\u00a0&#8211; Oleje i t\u0142uszcze surowe: 16%\u00a0&#8211; Popi\u00f3\u0142 surowy: 7,2%\u00a0&#8211; W\u0142\u00f3kno surowe: 3,1%.<\/p>\n<p><strong>Spos\u00f3b u\u017cycia: <\/strong><\/p>\n<p>patrz tabela. Najlepiej wykorzysta\u0107 przed: patrz data wa\u017cno\u015bci. Data wa\u017cno\u015bci, numer partii i numer rejestracyjny zak\u0142adu znajduj\u0105 si\u0119 z ty\u0142u opakowania. Przechowywa\u0107 w suchym i ch\u0142odnym miejscu.<\/p>\n<table style=\"height: 243px;\" width=\"1132\">\n<thead>\n<tr>\n<td>\n<p style=\"text-align: center;\"><strong>Masa cia\u0142a kota<\/strong><\/p>\n<\/td>\n<td style=\"text-align: center;\"><strong>2 kg<\/strong><\/td>\n<td style=\"text-align: center;\"><strong>3 kg<\/strong><\/td>\n<td style=\"text-align: center;\"><strong>4 kg<\/strong><\/td>\n<td style=\"text-align: center;\"><strong>5 kg<\/strong><\/td>\n<td style=\"text-align: center;\"><strong>6 kg<\/strong><\/td>\n<td style=\"text-align: center;\"><strong>7 kg<\/strong><\/td>\n<td style=\"text-align: center;\"><strong>8 kg<\/strong><\/td>\n<td style=\"text-align: center;\"><strong>9 kg<\/strong><\/td>\n<td style=\"text-align: center;\"><strong>10 kg<\/strong><\/td>\n<\/tr>\n<\/thead>\n<tbody>\n<tr>\n<td>\n<p style=\"text-align: center;\">Niedowaga<\/p>\n<\/td>\n<td style=\"text-align: center;\">40 g<\/td>\n<td style=\"text-align: center;\">55 g<\/td>\n<td style=\"text-align: center;\">75 g<\/td>\n<td style=\"text-align: center;\">95 g<\/td>\n<td style=\"text-align: center;\">115 g<\/td>\n<td style=\"text-align: center;\">&#8211;<\/td>\n<td style=\"text-align: center;\">&#8211;<\/td>\n<td style=\"text-align: center;\">&#8211;<\/td>\n<td style=\"text-align: center;\">&#8211;<\/td>\n<\/tr>\n<tr>\n<td style=\"text-align: center;\">Prawid\u0142owa waga<\/td>\n<td style=\"text-align: center;\">30 g<\/td>\n<td style=\"text-align: center;\">45 g<\/td>\n<td style=\"text-align: center;\">65 g<\/td>\n<td style=\"text-align: center;\">75 g<\/td>\n<td style=\"text-align: center;\">90 g<\/td>\n<td style=\"text-align: center;\">105 g<\/td>\n<td style=\"text-align: center;\">120 g<\/td>\n<td style=\"text-align: center;\">135 g<\/td>\n<td>\n<p style=\"text-align: center;\">150 g<\/p>\n<\/td>\n<\/tr>\n<tr>\n<td style=\"text-align: center;\">Nadwaga<\/td>\n<td style=\"text-align: center;\">&#8211;<\/td>\n<td style=\"text-align: center;\">&#8211;<\/td>\n<td style=\"text-align: center;\">45 g<\/td>\n<td style=\"text-align: center;\">55 g<\/td>\n<td style=\"text-align: center;\">70 g<\/td>\n<td style=\"text-align: center;\">80 g<\/td>\n<td style=\"text-align: center;\">90 g<\/td>\n<td style=\"text-align: center;\">100 g<\/td>\n<td>\n<p style=\"text-align: center;\">115 g<\/p>\n<\/td>\n<\/tr>\n<\/tbody>\n<\/table>","protected":false},"excerpt":{"rendered":"<p>Karma sucha dla kot\u00f3w doros\u0142ych, wybrednych (w wieku 1-10 lat), kieruj\u0105cych si\u0119 tekstur\u0105 krokieta<\/p>\n<p>Marka: Royal Canin<\/p>\n<p>Faza \u017cycia: Doros\u0142y<\/p>\n<p>Specjalne wymagania:Wra\u017cliwy uk\u0142ad pokarmowy<\/p>","protected":false},"featured_media":6488,"comment_status":"open","ping_status":"closed","template":"","meta":{"om_disable_all_campaigns":false,"inline_featured_image":false},"product_brand":[],"product_cat":[42,90,94],"product_tag":[],"class_list":{"0":"post-6479","1":"product","2":"type-product","3":"status-publish","4":"has-post-thumbnail","6":"product_cat-cat-food","7":"product_cat-royal-canin","8":"product_cat-szczegolne-potrzeby-kotow","10":"first","11":"outofstock","12":"taxable","13":"shipping-taxable","14":"product-type-variable","15":"has-default-attributes"},"_links":{"self":[{"href":"https:\/\/www.lanrel.pl\/pl\/wp-json\/wp\/v2\/product\/6479","targetHints":{"allow":["GET"]}}],"collection":[{"href":"https:\/\/www.lanrel.pl\/pl\/wp-json\/wp\/v2\/product"}],"about":[{"href":"https:\/\/www.lanrel.pl\/pl\/wp-json\/wp\/v2\/types\/product"}],"replies":[{"embeddable":true,"href":"https:\/\/www.lanrel.pl\/pl\/wp-json\/wp\/v2\/comments?post=6479"}],"wp:featuredmedia":[{"embeddable":true,"href":"https:\/\/www.lanrel.pl\/pl\/wp-json\/wp\/v2\/media\/6488"}],"wp:attachment":[{"href":"https:\/\/www.lanrel.pl\/pl\/wp-json\/wp\/v2\/media?parent=6479"}],"wp:term":[{"taxonomy":"product_brand","embeddable":true,"href":"https:\/\/www.lanrel.pl\/pl\/wp-json\/wp\/v2\/product_brand?post=6479"},{"taxonomy":"product_cat","embeddable":true,"href":"https:\/\/www.lanrel.pl\/pl\/wp-json\/wp\/v2\/product_cat?post=6479"},{"taxonomy":"product_tag","embeddable":true,"href":"https:\/\/www.lanrel.pl\/pl\/wp-json\/wp\/v2\/product_tag?post=6479"}],"curies":[{"name":"wp","href":"https:\/\/api.w.org\/{rel}","templated":true}]}}