{"id":6467,"date":"2025-02-18T14:18:04","date_gmt":"2025-02-18T13:18:04","guid":{"rendered":"https:\/\/lanrel.eu\/?post_type=product&#038;p=6467"},"modified":"2025-10-22T09:14:07","modified_gmt":"2025-10-22T07:14:07","slug":"royal-canin-exigent-protein-preference-42-karma-sucha-dla-kotow-doroslych","status":"publish","type":"product","link":"https:\/\/www.lanrel.pl\/pl\/produkt\/royal-canin-exigent-protein-preference-42-karma-sucha-dla-kotow-doroslych\/","title":{"rendered":"ROYAL CANIN\u00ae Exigent Protein Preference 42 karma sucha dla kot\u00f3w doros\u0142ych"},"content":{"rendered":"<p><img fetchpriority=\"high\" decoding=\"async\" class=\"aligncenter\" src=\"https:\/\/perfectpg.pl\/protein-exigent\/main-baner.png\" width=\"440\" height=\"588\" \/><\/p>\n<p>&nbsp;<\/p>\n<p>Niekt\u00f3re koty s\u0105 szczeg\u00f3lnie wybredne i trudno jest zaspokoi\u0107 ich potrzeby. Jest to typowa cecha kot\u00f3w, jednak odpowiednio dobrana karma mo\u017ce pobudzi\u0107 apetyt nawet tych bardzo wybrednych kot\u00f3w, dostarczaj\u0105c wszystkie potrzebne sk\u0142adniki pokarmowe.<\/p>\n<p>Karma ROYAL CANIN\u00ae Protein Exigent zosta\u0142a opracowana specjalnie dla kot\u00f3w doros\u0142ych, powy\u017cej 12 miesi\u0105ca \u017cycia, wybrednych, aby sprzyja\u0107 ich zdrowiu.<\/p>\n<p>Dla cz\u0119\u015bci kot\u00f3w g\u0142\u00f3wnym kryterium wyboru karmy jest poziom bia\u0142ka. Karma ROYAL CANIN\u00ae Protein Exigent charakteryzuje si\u0119 odpowiednim zbilansowaniem bia\u0142ka, w\u0119glowodan\u00f3w i t\u0142uszczu oraz najwy\u017csz\u0105 smakowito\u015bci\u0105. Bia\u0142ka L.I.P., zawarte w karmie, charakteryzuj\u0105 si\u0119 bardzo wysok\u0105 strawno\u015bci\u0105.<\/p>\n<p>Karma ROYAL CANIN\u00ae Protein Exigent charakteryzuje si\u0119 odpowiednim poziomem energii, sprzyjaj\u0105c utrzymaniu prawid\u0142owej masy cia\u0142a.<\/p>\n<p>Jak pokazuj\u0105 badania, koty przy wyborze karmy koty kieruj\u0105 si\u0119:<\/p>\n<ul>\n<li>Jako\u015bci\u0105 i poziomem bia\u0142ka<\/li>\n<li>Aromatem<\/li>\n<li>Tekstur\u0105 krokiet\u00f3w<\/li>\n<\/ul>\n<p>Firma ROYAL CANIN\u00ae opracowa\u0142a 3 unikalne receptury, pobudzaj\u0105ce apetyt nawet najbardziej wybrednych kot\u00f3w. W linii produkt\u00f3w dla kot\u00f3w wybrednych znajduj\u0105 si\u0119 tak\u017ce ROYAL CANIN\u00ae Savour Exigent oraz ROYAL CANIN\u00ae Aroma Exigent.<\/p>\n<p>Odpowiedni bilans sk\u0142adnik\u00f3w mineralnych w karmie ROYAL CANIN\u00ae Protein Exigent wspomaga ochron\u0119 uk\u0142adu moczowego<\/p>\n<p>Misj\u0105 ROYAL CANIN\u00ae jest zapewnianie rozwi\u0105za\u0144 \u017cywieniowych dostosowanych do potrzeb zwierz\u0105t. Wszystkie nasze produkty przechodz\u0105 liczne kontrole jako\u015bci, aby sprosta\u0107 najwy\u017cszym standardom marki i dostarczy\u0107 kotu pokarm dostosowany do jego potrzeb \u017cywieniowych. ROYAL CANIN\u00ae Protein Exigent jest karm\u0105 pe\u0142noporcjow\u0105.<\/p>\n<p>&nbsp;<\/p>\n<p>&nbsp;<\/p>\n<p><img decoding=\"async\" class=\"aligncenter\" src=\"https:\/\/perfectpg.pl\/protein-exigent\/advantages-baner.png\" \/><\/p>\n<p><strong>Zalety:<\/strong><\/p>\n<p style=\"padding-left: 40px;\"><strong>Optymalny poziom bia\u0142ka:<\/strong><\/p>\n<p style=\"padding-left: 40px;\">Dla niekt\u00f3rych wybrednych kot\u00f3w szczeg\u00f3lnie wa\u017cne jest samopoczucie po posi\u0142ku oraz odpowiedni poziom bia\u0142ka w karmie. Karma Protein Exigent zawiera odpowiednie proporcje bia\u0142ka, w\u0119glowodan\u00f3w i t\u0142uszczu, aby zaspokoi\u0107 naturalne preferencje kot\u00f3w wybrednych.<\/p>\n<p style=\"padding-left: 40px;\"><strong>Optymalna masa cia\u0142a:<\/strong><\/p>\n<p style=\"padding-left: 40px;\">Odpowiedni poziom energii pomaga utrzyma\u0107 optymaln\u0105 mas\u0119 cia\u0142a u kot\u00f3w wybrednych.<\/p>\n<p style=\"padding-left: 40px;\"><strong>Indywidualne preferencje: <\/strong><\/p>\n<p style=\"padding-left: 40px;\">Ka\u017cdy kot ma indywidualne preferencje pokarmowe, kieruj\u0105c si\u0119 przy wyborze karmy profilem aromatycznym, smakiem lub poziomem bia\u0142ka. Z tych wzgl\u0119d\u00f3w firma Royal Canin opracowa\u0142a trzy r\u00f3\u017cne receptury, aby zaspokoi\u0107 nawet najbardziej wybredne koty.<\/p>\n<p style=\"padding-left: 40px;\"><strong>Zdrowie uk\u0142adu moczowego:<\/strong><\/p>\n<p style=\"padding-left: 40px;\">Receptura wspieraj\u0105ca prawid\u0142owe funkcjonowanie uk\u0142adu moczowego u doros\u0142ych kot\u00f3w.<\/p>\n<h3>WARTO\u015aCI OD\u017bYWCZE<\/h3>\n<p><img decoding=\"async\" class=\"\" src=\"https:\/\/perfectpg.pl\/protein-exigent\/diet-diagram.png\" width=\"597\" height=\"359\" \/>\u00a0 \u00a0 \u00a0 \u00a0 \u00a0 \u00a0 \u00a0 \u00a0 \u00a0 \u00a0.\u00a0 \u00a0 \u00a0 \u00a0 \u00a0 \u00a0 \u00a0 \u00a0 \u00a0 \u00a0 \u00a0 \u00a0 \u00a0 <img decoding=\"async\" class=\"\" src=\"https:\/\/perfectpg.pl\/protein-exigent\/diet-baner.png\" width=\"303\" height=\"431\" \/><\/p>\n<p>&nbsp;<\/p>\n<p><strong>Sk\u0142ad: <\/strong><\/p>\n<p>suszone bia\u0142ko drobiowe, kukurydza, izolat bia\u0142ka ro\u015blinnego*, psze-nica, t\u0142uszcze zwierz\u0119ce, gluten kukurydziany, hydrolizat bia\u0142ka zwierz\u0119cego, pulpa buraczana, w\u0142\u00f3kno ro\u015blinne, sole mineralne, dro\u017cd\u017ce i ich cz\u0119\u015bci, olej sojowy, olej z og\u00f3recznika.<\/p>\n<p>*L.I.P.: bia\u0142ko wyselekcjonowane ze wzgl\u0119du na bardzo wysok\u0105 strawno\u015b\u0107.<\/p>\n<p><strong>Dodatki (na 1 kg karmy): <\/strong><\/p>\n<p>Dodatki dietetyczne: Witamina A: 17500\u00a0UI, Witamina D3: 900\u00a0UI, E1 (\u017belazo): 32\u00a0mg, E2 (Jod): 3,3\u00a0mg, E4 (Mied\u017a): 10\u00a0mg, E5 (Mangan): 42\u00a0mg, E6 (Cynk): 126\u00a0mg, E8 (Selen): 0,05\u00a0mg\u00a0&#8211; Dodatki technologiczne: Klinoptylolit pochodzenia osadowego: 5\u00a0g\u00a0&#8211; Konserwanty\u00a0&#8211; Przeciwutleniacze.<\/p>\n<p><strong>Sk\u0142adniki analityczne: <\/strong><\/p>\n<p>Bia\u0142ko surowe: 41%\u00a0&#8211; Oleje i t\u0142uszcze surowe: 15%\u00a0&#8211; Popi\u00f3\u0142 surowy: 8,7%\u00a0&#8211; W\u0142\u00f3kno surowe: 3,1%.<\/p>\n<p><strong>Spos\u00f3b u\u017cycia: <\/strong><\/p>\n<p>patrz tabela. Najlepiej wykorzysta\u0107 przed: patrz data wa\u017cno\u015bci. Data wa\u017cno\u015bci, numer partii i numer rejestracyjny zak\u0142adu znajduj\u0105 si\u0119 z ty\u0142u opakowania. Przechowywa\u0107 w suchym i ch\u0142odnym miejscu.<\/p>\n<table style=\"height: 220px;\" width=\"1126\">\n<thead>\n<tr>\n<td>\n<p style=\"text-align: center;\"><strong>Masa cia\u0142a kota<\/strong><\/p>\n<\/td>\n<td style=\"text-align: center;\"><strong>2 kg<\/strong><\/td>\n<td style=\"text-align: center;\"><strong>3 kg<\/strong><\/td>\n<td style=\"text-align: center;\"><strong>4 kg<\/strong><\/td>\n<td style=\"text-align: center;\"><strong>5 kg<\/strong><\/td>\n<td style=\"text-align: center;\"><strong>6 kg<\/strong><\/td>\n<td style=\"text-align: center;\"><strong>7 kg<\/strong><\/td>\n<td style=\"text-align: center;\"><strong>8 kg<\/strong><\/td>\n<td style=\"text-align: center;\"><strong>9 kg<\/strong><\/td>\n<td style=\"text-align: center;\"><strong>10 kg<\/strong><\/td>\n<\/tr>\n<\/thead>\n<tbody>\n<tr>\n<td>\n<p style=\"text-align: center;\">Niedowaga<\/p>\n<\/td>\n<td style=\"text-align: center;\">40 g<\/td>\n<td style=\"text-align: center;\">60 g<\/td>\n<td style=\"text-align: center;\">75 g<\/td>\n<td style=\"text-align: center;\">95 g<\/td>\n<td style=\"text-align: center;\">115 g<\/td>\n<td style=\"text-align: center;\">&#8211;<\/td>\n<td style=\"text-align: center;\">&#8211;<\/td>\n<td style=\"text-align: center;\">&#8211;<\/td>\n<td>\n<p style=\"text-align: center;\">&#8211;<\/p>\n<\/td>\n<\/tr>\n<tr>\n<td>\n<p style=\"text-align: center;\">Prawid\u0142owa waga<\/p>\n<\/td>\n<td style=\"text-align: center;\">30 g<\/td>\n<td style=\"text-align: center;\">45 g<\/td>\n<td style=\"text-align: center;\">60 g<\/td>\n<td style=\"text-align: center;\">75 g<\/td>\n<td style=\"text-align: center;\">95 g<\/td>\n<td style=\"text-align: center;\">110 g<\/td>\n<td style=\"text-align: center;\">125 g<\/td>\n<td style=\"text-align: center;\">140 g<\/td>\n<td>\n<p style=\"text-align: center;\">155 g<\/p>\n<\/td>\n<\/tr>\n<tr>\n<td>\n<p style=\"text-align: center;\">Nadwaga<\/p>\n<\/td>\n<td style=\"text-align: center;\">&#8211;<\/td>\n<td style=\"text-align: center;\">&#8211;<\/td>\n<td style=\"text-align: center;\">45 g<\/td>\n<td style=\"text-align: center;\">60 g<\/td>\n<td style=\"text-align: center;\">70 g<\/td>\n<td style=\"text-align: center;\">80 g<\/td>\n<td style=\"text-align: center;\">95 g<\/td>\n<td style=\"text-align: center;\">105 g<\/td>\n<td>\n<p style=\"text-align: center;\">115 g<\/p>\n<\/td>\n<\/tr>\n<\/tbody>\n<\/table>","protected":false},"excerpt":{"rendered":"<p>Karma dla kot\u00f3w doros\u0142ych, wybrednych (w wieku 1-10 lat), kieruj\u0105cych si\u0119 zawarto\u015bci\u0105 bia\u0142ka<\/p>\n<p>Marka: Royal Canin<\/p>\n<p>Faza \u017cycia: Doros\u0142y<\/p>\n<p>Specjalne wymagania:Wra\u017cliwy uk\u0142ad pokarmowy<\/p>","protected":false},"featured_media":6475,"comment_status":"open","ping_status":"closed","template":"","meta":{"om_disable_all_campaigns":false,"inline_featured_image":false},"product_brand":[],"product_cat":[42,90,94],"product_tag":[],"class_list":{"0":"post-6467","1":"product","2":"type-product","3":"status-publish","4":"has-post-thumbnail","6":"product_cat-cat-food","7":"product_cat-royal-canin","8":"product_cat-szczegolne-potrzeby-kotow","10":"first","11":"outofstock","12":"taxable","13":"shipping-taxable","14":"product-type-variable","15":"has-default-attributes"},"_links":{"self":[{"href":"https:\/\/www.lanrel.pl\/pl\/wp-json\/wp\/v2\/product\/6467","targetHints":{"allow":["GET"]}}],"collection":[{"href":"https:\/\/www.lanrel.pl\/pl\/wp-json\/wp\/v2\/product"}],"about":[{"href":"https:\/\/www.lanrel.pl\/pl\/wp-json\/wp\/v2\/types\/product"}],"replies":[{"embeddable":true,"href":"https:\/\/www.lanrel.pl\/pl\/wp-json\/wp\/v2\/comments?post=6467"}],"wp:featuredmedia":[{"embeddable":true,"href":"https:\/\/www.lanrel.pl\/pl\/wp-json\/wp\/v2\/media\/6475"}],"wp:attachment":[{"href":"https:\/\/www.lanrel.pl\/pl\/wp-json\/wp\/v2\/media?parent=6467"}],"wp:term":[{"taxonomy":"product_brand","embeddable":true,"href":"https:\/\/www.lanrel.pl\/pl\/wp-json\/wp\/v2\/product_brand?post=6467"},{"taxonomy":"product_cat","embeddable":true,"href":"https:\/\/www.lanrel.pl\/pl\/wp-json\/wp\/v2\/product_cat?post=6467"},{"taxonomy":"product_tag","embeddable":true,"href":"https:\/\/www.lanrel.pl\/pl\/wp-json\/wp\/v2\/product_tag?post=6467"}],"curies":[{"name":"wp","href":"https:\/\/api.w.org\/{rel}","templated":true}]}}