{"id":6455,"date":"2025-02-18T13:49:47","date_gmt":"2025-02-18T12:49:47","guid":{"rendered":"https:\/\/lanrel.eu\/?post_type=product&#038;p=6455"},"modified":"2025-10-22T09:14:12","modified_gmt":"2025-10-22T07:14:12","slug":"royal-canin-exigent-aromatic-attraction-33-karma-sucha-dla-kotow-doroslych-wybrednych-kierujacych-sie-zapachem","status":"publish","type":"product","link":"https:\/\/www.lanrel.pl\/pl\/produkt\/royal-canin-exigent-aromatic-attraction-33-karma-sucha-dla-kotow-doroslych-wybrednych-kierujacych-sie-zapachem\/","title":{"rendered":"ROYAL CANIN\u00ae Exigent Aromatic Attraction 33 karma sucha dla kot\u00f3w doros\u0142ych, wybrednych, kieruj\u0105cych si\u0119 zapachem"},"content":{"rendered":"<p><img fetchpriority=\"high\" decoding=\"async\" class=\"aligncenter\" src=\"https:\/\/perfectpg.pl\/2019\/aroma-exigent\/_img\/main-baner.png\" width=\"445\" height=\"597\" \/><\/p>\n<p>&nbsp;<\/p>\n<p>Niekt\u00f3re koty s\u0105 szczeg\u00f3lnie wybredne i trudno jest zaspokoi\u0107 ich potrzeby. Jest to typowa cecha kot\u00f3w, jednak odpowiednio dobrana karma mo\u017ce pobudzi\u0107 apetyt nawet tych bardzo wybrednych kot\u00f3w, dostarczaj\u0105c wszystkie potrzebne sk\u0142adniki pokarmowe.<\/p>\n<p>Karma ROYAL CANIN\u00ae Aroma Exigent zosta\u0142a opracowana specjalnie dla kot\u00f3w doros\u0142ych, powy\u017cej 12 miesi\u0105ca zycia, wybrednych, aby sprzyja\u0107 ich zdrowiu.<\/p>\n<p>Dla cz\u0119\u015bci kot\u00f3w g\u0142\u00f3wnym kryterium wyboru karmy jest jej zapach. Karma ROYAL CANIN\u00ae Aroma Exigent charakteryzuje si\u0119 atrakcyjnym zapachem, pobudzaj\u0105c apetyt nawet najbardziej wybrednych kot\u00f3w.<\/p>\n<p>Karma ROYAL CANIN\u00ae Aroma Exigent pomaga utrzyma\u0107 prawid\u0142ow\u0105 mas\u0119 cia\u0142a, dzi\u0119ki dostosowanemu poziomowi energii. Nale\u017cy przestrzega\u0107 zalecanego dawkowania karmy, zamieszczonego na opakowaniu karmy. Dodatkowo karma pomaga chroni\u0107 uk\u0142ad moczowy kota.<\/p>\n<p>Jak pokazuj\u0105 badania, koty przy wyborze karmy koty kieruj\u0105 si\u0119:<\/p>\n<ul>\n<li>Jako\u015bci\u0105 i poziomem bia\u0142ka<\/li>\n<li>Aromatem<\/li>\n<li>Tekstur\u0105 krokiet\u00f3w<\/li>\n<\/ul>\n<p>Dlatego firma ROYAL CANIN\u00ae opracowa\u0142a 3 unikalne receptury, pobudzaj\u0105ce apetyt nawet najbardziej wybrednych kot\u00f3w. W linii produkt\u00f3w dla kot\u00f3w wybrednych znajduj\u0105 si\u0119 tak\u017ce ROYAL CANIN\u00ae Savour Exigent oraz ROYAL CANIN\u00ae Protein Exigent.<\/p>\n<p>Misj\u0105 ROYAL CANIN\u00ae jest zapewnianie rozwi\u0105za\u0144 \u017cywieniowych dostosowanych do potrzeb zwierz\u0105t. Wszystkie nasze produkty przechodz\u0105 liczne kontrole jako\u015bci, aby sprosta\u0107 najwy\u017cszym standardom marki i dostarczy\u0107 kotu pokarm dostosowany do jego potrzeb \u017cywieniowych. ROYAL CANIN\u00ae Aroma Exigent jest karm\u0105 pe\u0142noporcjow\u0105.<\/p>\n<p>&nbsp;<\/p>\n<p>&nbsp;<\/p>\n<p><img decoding=\"async\" src=\"https:\/\/perfectpg.pl\/2019\/aroma-exigent\/_img\/advantages-baner.png\" \/><\/p>\n<p>&nbsp;<\/p>\n<p><strong>Zalety:<\/strong><\/p>\n<p style=\"padding-left: 40px;\"><strong>Atrakcyjny zapach\uff1a<\/strong><\/p>\n<p style=\"padding-left: 40px;\">Dla niekt\u00f3rych wybrednych kot\u00f3w szczeg\u00f3lnie atrakcyjny jest profil aromatyczny na bazie ryb. Firma Royal Canin opracowa\u0142a karm\u0119 Aroma Exigent, o wyj\u0105tkowej recepturze, zawieraj\u0105cej bia\u0142ko rybne o unikalnym profilu aromatycznym, aby zaspokoi\u0107 naturalne preferencje kot\u00f3w wybrednych.<\/p>\n<p style=\"padding-left: 40px;\"><strong>Optymalna masa cia\u0142a\uff1a<\/strong><\/p>\n<p style=\"padding-left: 40px;\">Odpowiedni poziom energii pomaga utrzyma\u0107 optymaln\u0105 mas\u0119 cia\u0142a u kot\u00f3w wybrednych.<\/p>\n<p style=\"padding-left: 40px;\"><strong>Indywidualne preferencje\uff1a<\/strong><\/p>\n<p style=\"padding-left: 40px;\">Ka\u017cdy kot ma indywidualne preferencje pokarmowe, kieruj\u0105c si\u0119 przy wyborze karmy profilem aromatycznym, smakiem lub poziomem bia\u0142ka. Z tych wzgl\u0119d\u00f3w firma Royal Canin opracowa\u0142a trzy r\u00f3\u017cne receptury, aby zaspokoi\u0107 nawet najbardziej wybredne koty.<\/p>\n<p style=\"padding-left: 40px;\"><strong>Zdrowie uk\u0142adu moczowego\uff1a<\/strong><\/p>\n<p style=\"padding-left: 40px;\">Receptura wspieraj\u0105ca prawid\u0142owe funkcjonowanie uk\u0142adu moczowego u doros\u0142ych kot\u00f3w.<\/p>\n<h3>WARTO\u015aCI OD\u017bYWCZE<\/h3>\n<p>&nbsp;<\/p>\n<p><img decoding=\"async\" class=\"\" src=\"https:\/\/perfectpg.pl\/2019\/aroma-exigent\/_img\/diet-diagram.png\" width=\"587\" height=\"357\" \/>\u00a0 \u00a0 \u00a0 \u00a0 \u00a0 \u00a0 \u00a0 \u00a0 \u00a0 \u00a0 \u00a0 \u00a0 \u00a0 \u00a0 \u00a0 \u00a0 \u00a0 \u00a0 \u00a0 \u00a0\u00a0 <img decoding=\"async\" class=\"\" src=\"https:\/\/perfectpg.pl\/2019\/aroma-exigent\/_img\/diet-baner.png\" width=\"290\" height=\"396\" \/><\/p>\n<p>&nbsp;<\/p>\n<p><strong>Sk\u0142ad: <\/strong><\/p>\n<p>kukurydza, suszone ryby, t\u0142uszcze zwierz\u0119ce, pszenica, suszone bia\u0142ko drobiowe, gluten kukurydziany, izolat bia\u0142ka ro\u015blinnego*, hydrolizat bia\u0142ka zwierz\u0119cego, m\u0105ka kukurydziana, w\u0142\u00f3kno ro\u015blinne, sole mineralne, pulpa buraczana, dro\u017cd\u017ce i ich cz\u0119\u015bci, olej sojowy, olej rybny, olej z og\u00f3recznika.<\/p>\n<p>*L.I.P.: bia\u0142ko wyselekcjonowane ze wzgl\u0119du na bardzo wysok\u0105 strawno\u015b\u0107.<\/p>\n<p><strong>DODATKI (na 1 kg karmy): <\/strong><\/p>\n<p>Dodatki dietetyczne: Witamina A: 27500 UI, Witamina D3: 700 UI, \u017belazo (3b103): 38 mg, Jod (3b201, 3b202): 3,4 mg, Mied\u017a (3b405, 3b406): 14 mg, Mangan (3b502, 3b504): 50 mg, Cynk (3b603, 3b605, 3b606): 180 mg &#8211; Dodatki technologiczne: Klinoptylolit pochodzenia osadowego: 5 g &#8211; Konserwanty &#8211; Przeciwutleniacze.<\/p>\n<p><strong>Sk\u0142adniki analityczne: <\/strong><\/p>\n<p>Bia\u0142ko surowe: 33% &#8211; Oleje i t\u0142uszcze surowe: 15% &#8211; Popi\u00f3\u0142 surowy: 8,2% &#8211; W\u0142\u00f3kno surowe: 3,3%.<\/p>\n<p><strong>Spos\u00f3b u\u017cycia: <\/strong><\/p>\n<p>patrz tabela. Najlepiej wykorzysta\u0107 przed: patrz data wa\u017cno\u015bci. Data wa\u017cno\u015bci, numer partii i numer rejestracyjny zak\u0142adu znajduj\u0105 si\u0119 z ty\u0142u opakowania. Przechowywa\u0107 w suchym i ch\u0142odnym miejscu.<\/p>\n<table style=\"height: 246px;\" width=\"1114\">\n<thead>\n<tr>\n<td>\n<p style=\"text-align: center;\"><strong>Masa cia\u0142a kota<\/strong><\/p>\n<\/td>\n<td style=\"text-align: center;\"><strong>2 kg<\/strong><\/td>\n<td style=\"text-align: center;\"><strong>3 kg<\/strong><\/td>\n<td style=\"text-align: center;\"><strong>4 kg<\/strong><\/td>\n<td style=\"text-align: center;\"><strong>5 kg<\/strong><\/td>\n<td style=\"text-align: center;\"><strong>6 kg<\/strong><\/td>\n<td style=\"text-align: center;\"><strong>7 kg<\/strong><\/td>\n<td style=\"text-align: center;\"><strong>8 kg<\/strong><\/td>\n<td style=\"text-align: center;\"><strong>9 kg<\/strong><\/td>\n<td style=\"text-align: center;\"><strong>10 kg<\/strong><\/td>\n<\/tr>\n<\/thead>\n<tbody>\n<tr>\n<td>\n<p style=\"text-align: center;\">Niedowaga<\/p>\n<\/td>\n<td style=\"text-align: center;\">40 g<\/td>\n<td style=\"text-align: center;\">55 g<\/td>\n<td style=\"text-align: center;\">75 g<\/td>\n<td style=\"text-align: center;\">95 g<\/td>\n<td style=\"text-align: center;\">115 g<\/td>\n<td style=\"text-align: center;\">&#8211;<\/td>\n<td style=\"text-align: center;\">&#8211;<\/td>\n<td style=\"text-align: center;\">&#8211;<\/td>\n<td>\n<p style=\"text-align: center;\">&#8211;<\/p>\n<\/td>\n<\/tr>\n<tr>\n<td>\n<p style=\"text-align: center;\">Prawid\u0142owa waga<\/p>\n<\/td>\n<td style=\"text-align: center;\">30 g<\/td>\n<td style=\"text-align: center;\">45 g<\/td>\n<td style=\"text-align: center;\">60 g<\/td>\n<td style=\"text-align: center;\">75 g<\/td>\n<td style=\"text-align: center;\">90 g<\/td>\n<td style=\"text-align: center;\">105 g<\/td>\n<td style=\"text-align: center;\">120 g<\/td>\n<td style=\"text-align: center;\">140 g<\/td>\n<td>\n<p style=\"text-align: center;\">155 g<\/p>\n<\/td>\n<\/tr>\n<tr>\n<td>\n<p style=\"text-align: center;\">Nadwaga<\/p>\n<\/td>\n<td style=\"text-align: center;\">&#8211;<\/td>\n<td style=\"text-align: center;\">&#8211;<\/td>\n<td style=\"text-align: center;\">45 g<\/td>\n<td style=\"text-align: center;\">55 g<\/td>\n<td style=\"text-align: center;\">70 g<\/td>\n<td style=\"text-align: center;\">80 g<\/td>\n<td style=\"text-align: center;\">90 g<\/td>\n<td style=\"text-align: center;\">105 g<\/td>\n<td>\n<p style=\"text-align: center;\">115 g<\/p>\n<\/td>\n<\/tr>\n<\/tbody>\n<\/table>\n<p>&nbsp;<\/p>","protected":false},"excerpt":{"rendered":"<p>Koty wybredne, Powy\u017cej 1. roku \u017cycia.<\/p>\n<p>Marka: Royal Canin<\/p>\n<p>Faza \u017cycia: Doros\u0142y<\/p>\n<p>Specjalne wymagania:Wra\u017cliwy uk\u0142ad pokarmowy<\/p>","protected":false},"featured_media":6463,"comment_status":"open","ping_status":"closed","template":"","meta":{"om_disable_all_campaigns":false,"inline_featured_image":false},"product_brand":[],"product_cat":[42,90,94],"product_tag":[],"class_list":{"0":"post-6455","1":"product","2":"type-product","3":"status-publish","4":"has-post-thumbnail","6":"product_cat-cat-food","7":"product_cat-royal-canin","8":"product_cat-szczegolne-potrzeby-kotow","10":"first","11":"outofstock","12":"taxable","13":"shipping-taxable","14":"product-type-variable"},"_links":{"self":[{"href":"https:\/\/www.lanrel.pl\/pl\/wp-json\/wp\/v2\/product\/6455","targetHints":{"allow":["GET"]}}],"collection":[{"href":"https:\/\/www.lanrel.pl\/pl\/wp-json\/wp\/v2\/product"}],"about":[{"href":"https:\/\/www.lanrel.pl\/pl\/wp-json\/wp\/v2\/types\/product"}],"replies":[{"embeddable":true,"href":"https:\/\/www.lanrel.pl\/pl\/wp-json\/wp\/v2\/comments?post=6455"}],"wp:featuredmedia":[{"embeddable":true,"href":"https:\/\/www.lanrel.pl\/pl\/wp-json\/wp\/v2\/media\/6463"}],"wp:attachment":[{"href":"https:\/\/www.lanrel.pl\/pl\/wp-json\/wp\/v2\/media?parent=6455"}],"wp:term":[{"taxonomy":"product_brand","embeddable":true,"href":"https:\/\/www.lanrel.pl\/pl\/wp-json\/wp\/v2\/product_brand?post=6455"},{"taxonomy":"product_cat","embeddable":true,"href":"https:\/\/www.lanrel.pl\/pl\/wp-json\/wp\/v2\/product_cat?post=6455"},{"taxonomy":"product_tag","embeddable":true,"href":"https:\/\/www.lanrel.pl\/pl\/wp-json\/wp\/v2\/product_tag?post=6455"}],"curies":[{"name":"wp","href":"https:\/\/api.w.org\/{rel}","templated":true}]}}