{"id":6442,"date":"2025-02-19T13:57:13","date_gmt":"2025-02-19T12:57:13","guid":{"rendered":"https:\/\/lanrel.eu\/?post_type=product&#038;p=6442"},"modified":"2025-10-22T09:13:42","modified_gmt":"2025-10-22T07:13:42","slug":"royal-canin-ageing-sterilised-12-4kg-karma-sucha-dla-kotow-dojrzalych-sterylizowanych","status":"publish","type":"product","link":"https:\/\/www.lanrel.pl\/pl\/produkt\/royal-canin-ageing-sterilised-12-4kg-karma-sucha-dla-kotow-dojrzalych-sterylizowanych\/","title":{"rendered":"ROYAL CANIN\u00ae Ageing Sterilised +12 4kg karma sucha dla kot\u00f3w dojrza\u0142ych, sterylizowanych"},"content":{"rendered":"<p><img decoding=\"async\" class=\"aligncenter\" src=\"https:\/\/perfectpg.pl\/2019\/ageing-senior-12-sterilised\/_img\/main-baner.png\" \/><\/p>\n<p>ROYAL CANIN\u00ae Ageing Sterilised 12+ to karma opracowana specjalnie dla kot\u00f3w starszych, sterylizowanych.<\/p>\n<p>Karma ROYAL CANIN\u00ae Ageing Sterilised 12+ charakteryzuje si\u0119 umiarkowanym poziomem t\u0142uszczu, aby wspiera\u0107 utrzymanie prawid\u0142owej masy cia\u0142a.<\/p>\n<p>Opatentowany kompleks przeciwutleniaczy, w tym likopen i kwasy t\u0142uszczowe omega 3, wspiera zachowanie witalno\u015bci.<\/p>\n<p>Dzi\u0119ki dostosowanemu poziomowi fosforu, karma ROYAL CANIN\u00ae Ageing Sterilised 12+ wspiera prawid\u0142owe funkcjonowanie nerek.<\/p>\n<p>Maj\u0105c na uwadze preferencje \u017cywieniowe kot\u00f3w, karma ROYAL CANIN\u00ae Ageing 12+ jest dost\u0119pna tak\u017ce w formie kawa\u0142k\u00f3w w smakowitym sosie oraz galaretce.<\/p>\n<p>Dost\u0119pna jest tak\u017ce karma sucha dla kot\u00f3w starszych, niesterylizowanych.<\/p>\n<p>W przypadku \u017cywienia karm\u0105 mokr\u0105 i such\u0105 nale\u017cy zapozna\u0107 si\u0119 z tabel\u0105 dawkowania, aby dobra\u0107 odpowiedni\u0105 porcj\u0119 poszczeg\u00f3lnych karm.<\/p>\n<p><img decoding=\"async\" class=\"aligncenter\" src=\"https:\/\/perfectpg.pl\/2019\/ageing-senior-12-sterilised\/_img\/advantages-baner.png\" \/><\/p>\n<p><strong>Zalety:<\/strong><\/p>\n<p style=\"padding-left: 40px;\"><strong>Utrzymanie prawid\u0142owej masy cia\u0142a<\/strong><\/p>\n<p style=\"padding-left: 40px;\">Zachowanie prawid\u0142owej masy cia\u0142a,dzi\u0119ki zawarto\u015bciLolL-karnityny wp\u0142ywaj\u0105cej na pobudzenie metabolizmu t\u0142uszczy przy jednoczesnym zachowaniu masy<\/p>\n<p style=\"padding-left: 40px;\">mi\u0119\u015bniowej.<\/p>\n<p style=\"padding-left: 40px;\"><strong>Zachowanie witalno\u015bci<\/strong><\/p>\n<p style=\"padding-left: 40px;\">Karma sprzyja zachowaniu witalno\u015bci u kot\u00f3w powy\u017cej 12. roku \u017cycia poprzez dodatek kwas\u00f3w t\u0142uszczowych i opatentowanego kompleksu wsp\u00f3\u0142dzia\u0142aj\u0105cych<\/p>\n<p style=\"padding-left: 40px;\">przeciwutleniaczy (witaminy, likopen, zielona herbata, polifenole z winogron) wp\u0142ywaj\u0105cych na ochron\u0119 kom\u00f3rek przed dzia\u0142aniem wolnych rodnik\u00f3w.<\/p>\n<p style=\"padding-left: 40px;\"><strong>Wspomaganie funkcjonowania nerek<\/strong><\/p>\n<p style=\"padding-left: 40px;\">Sprzyjanie prawid\u0142owej pracy nerek, dzi\u0119ki obni\u017conej zawarto\u015bci fosforu (0,6%).<\/p>\n<p style=\"padding-left: 40px;\"><strong>Ochrona uk\u0142adu moczowego<\/strong><\/p>\n<p>&nbsp;<\/p>\n<p><img fetchpriority=\"high\" decoding=\"async\" class=\"\" src=\"https:\/\/perfectpg.pl\/2019\/ageing-senior-12-sterilised\/_img\/diet-diagram.png\" width=\"645\" height=\"422\" \/>\u00a0 \u00a0 \u00a0 \u00a0 \u00a0 \u00a0 \u00a0 \u00a0 \u00a0 \u00a0 \u00a0 \u00a0 \u00a0 \u00a0 \u00a0 \u00a0 \u00a0 \u00a0 \u00a0 \u00a0 \u00a0 \u00a0\u00a0 <img decoding=\"async\" class=\"\" src=\"https:\/\/perfectpg.pl\/2019\/ageing-senior-12-sterilised\/_img\/diet-baner.png\" width=\"259\" height=\"420\" \/><\/p>\n<p>&nbsp;<\/p>\n<h3>WARTO\u015aCI OD\u017bYWCZE<\/h3>\n<p><strong>SK\u0141AD:<\/strong><\/p>\n<p>kukurydza,\u00a0gluten pszenny*,\u00a0m\u0105ka kukurydziana,\u00a0suszone bia\u0142ka drobiowe,\u00a0pszenica,\u00a0gluten kukurydziany,\u00a0t\u0142uszcze zwierz\u0119ce,\u00a0w\u0142\u00f3kno ro\u015blinne,\u00a0hydrolizowane bia\u0142ka zwierz\u0119ce,\u00a0pulpa z cykorii,\u00a0minera\u0142y,\u00a0olej z ryb,\u00a0olej sojowy,\u00a0produkty dro\u017cd\u017cy,\u00a0suszona pulpa pomidorowa (\u017ar\u00f3d\u0142o likopenu),\u00a0fruktooligosacharydy,\u00a0\u0142uski i nasiona psyllium,\u00a0dro\u017cd\u017ce (\u017ar\u00f3d\u0142o mannooligosacharyd\u00f3w),\u00a0olej z og\u00f3recznika,\u00a0glukozamina uzyskana z fermentacji,\u00a0m\u0105czka z aksamitki,\u00a0hydrolizowana chrz\u0105stka (\u017ar\u00f3d\u0142o chondroityny).<\/p>\n<p>*L.I.P.: bia\u0142ko wyselekcjonowane ze wzgl\u0119du na bardzo wysok\u0105 strawno\u015b\u0107.<\/p>\n<p><strong>DODATKI\u00a0(na 1 kg karmy):\u00a0<\/strong><\/p>\n<p>Dodatki dietetyczne:\u00a0Witamina A:\u00a020600\u00a0UI,\u00a0Witamina D3:\u00a0743\u00a0UI,\u00a0\u017belazo (3b103):\u00a042\u00a0mg,\u00a0Jod (3b201, 3b202):\u00a04,2\u00a0mg,\u00a0Mied\u017a (3b405, 3b406):\u00a013\u00a0mg,\u00a0Mangan (3b502, 3b504):\u00a055\u00a0mg,\u00a0Cynk (3b603, 3b605, 3b606):\u00a0151\u00a0mg,\u00a0Selen (3b801, 3b811, 3b812):\u00a00,07\u00a0mg\u00a0&#8211;\u00a0Przeciwutleniacze.<\/p>\n<p><strong>SK\u0141ADNIKI ANALITYCZNE:<\/strong><\/p>\n<p>Bia\u0142ko surowe:\u00a030,0%\u00a0&#8211;\u00a0W\u0142\u00f3kno surowe:\u00a05,0%\u00a0&#8211;\u00a0Oleje i t\u0142uszcze surowe:\u00a015,0%\u00a0&#8211;\u00a0Popi\u00f3\u0142 surowy:\u00a05,4%\u00a0&#8211;\u00a0Fosfor:\u00a00,6%\u00a0&#8211;\u00a0EPA\/DHA:\u00a00,6%\u00a0&#8211;\u00a0Tryptofan:\u00a00,4%\u00a0&#8211;\u00a0Beta-karoten:\u00a015,2\u00a0mg\/kg\u00a0&#8211;\u00a0Likopen:\u00a07\u00a0mg\/kg\u00a0&#8211;\u00a0L-karnityna:\u00a0212\u00a0mg\/kg.<\/p>\n<p><strong>SPOS\u00d3B U\u017bYCIA:<\/strong><\/p>\n<p>patrz tabela. Najlepiej wykorzysta\u0107 przed: patrz data wa\u017cno\u015bci. Data wa\u017cno\u015bci, numer partii i numer rejestracyjny zak\u0142adu znajduj\u0105 si\u0119 na opakowaniu. Przechowywa\u0107 w suchym i ch\u0142odnym miejscu.<\/p>","protected":false},"excerpt":{"rendered":"<p>Karma dla kot\u00f3w sterylizowanych powy\u017cej 12 roku \u017cycia. Wspiera utrzymanie nienagannej sylwetki.<\/p>\n<p>Marka: Royal Canin<\/p>\n<p>Faza \u017cycia: Senior<\/p>\n<p>Specjalne wymagania: Sterylizacja<\/p>\n<p>&nbsp;<\/p>","protected":false},"featured_media":6451,"comment_status":"open","ping_status":"closed","template":"","meta":{"om_disable_all_campaigns":false,"inline_featured_image":false},"product_brand":[],"product_cat":[42,90,93],"product_tag":[],"class_list":{"0":"post-6442","1":"product","2":"type-product","3":"status-publish","4":"has-post-thumbnail","6":"product_cat-cat-food","7":"product_cat-royal-canin","8":"product_cat-styl-zycai","10":"first","11":"outofstock","12":"taxable","13":"shipping-taxable","14":"product-type-variable"},"_links":{"self":[{"href":"https:\/\/www.lanrel.pl\/pl\/wp-json\/wp\/v2\/product\/6442","targetHints":{"allow":["GET"]}}],"collection":[{"href":"https:\/\/www.lanrel.pl\/pl\/wp-json\/wp\/v2\/product"}],"about":[{"href":"https:\/\/www.lanrel.pl\/pl\/wp-json\/wp\/v2\/types\/product"}],"replies":[{"embeddable":true,"href":"https:\/\/www.lanrel.pl\/pl\/wp-json\/wp\/v2\/comments?post=6442"}],"wp:featuredmedia":[{"embeddable":true,"href":"https:\/\/www.lanrel.pl\/pl\/wp-json\/wp\/v2\/media\/6451"}],"wp:attachment":[{"href":"https:\/\/www.lanrel.pl\/pl\/wp-json\/wp\/v2\/media?parent=6442"}],"wp:term":[{"taxonomy":"product_brand","embeddable":true,"href":"https:\/\/www.lanrel.pl\/pl\/wp-json\/wp\/v2\/product_brand?post=6442"},{"taxonomy":"product_cat","embeddable":true,"href":"https:\/\/www.lanrel.pl\/pl\/wp-json\/wp\/v2\/product_cat?post=6442"},{"taxonomy":"product_tag","embeddable":true,"href":"https:\/\/www.lanrel.pl\/pl\/wp-json\/wp\/v2\/product_tag?post=6442"}],"curies":[{"name":"wp","href":"https:\/\/api.w.org\/{rel}","templated":true}]}}