{"id":6428,"date":"2025-02-18T10:47:01","date_gmt":"2025-02-18T09:47:01","guid":{"rendered":"https:\/\/lanrel.eu\/?post_type=product&#038;p=6428"},"modified":"2025-10-22T09:31:12","modified_gmt":"2025-10-22T07:31:12","slug":"royal-canin-ageing-12-karma-sucha-dla-kotow-dojrzalych-powyzej-12-roku-zycia","status":"publish","type":"product","link":"https:\/\/www.lanrel.pl\/pl\/produkt\/royal-canin-ageing-12-karma-sucha-dla-kotow-dojrzalych-powyzej-12-roku-zycia\/","title":{"rendered":"ROYAL CANIN\u00ae Ageing 11+ karma sucha dla kot\u00f3w dojrza\u0142ych po 11 roku \u017cycia"},"content":{"rendered":"<p><strong>Najwa\u017cniejsze cechy\/ korzy\u015bci:<\/strong><\/p>\n<ul>\n<li>Dla kot\u00f3w powy\u017cej 11. roku \u017cycia<\/li>\n<li>Krokiety u\u0142atwiaj\u0105ce jedzenie<\/li>\n<li>Kompleks HealthyAge7<sup>TM<\/sup><\/li>\n<li>Dost\u0119pna tak\u017ce w postaci karmy mokrej<\/li>\n<\/ul>\n<p>U kot\u00f3w starszych, powy\u017cej 11 roku \u017cycia zmieniaj\u0105 si\u0119 zar\u00f3wno tryb \u017cycia, jak i potrzeby zdrowotne. Wczesne rozpoznanie tych zmian pomaga wspiera\u0107 dobre samopoczucie i jako\u015b\u0107 \u017cycia takich kot\u00f3w.<\/p>\n<p>Sucha karma ROYAL CANIN\u00ae AGEING 11+ opracowana zosta\u0142a specjalnie dla kot\u00f3w w wieku powy\u017cej 11 lat. Receptura karmy charakteryzuje si\u0119 precyzyjnie dobranymi sk\u0142adnikami pokarmowymi tak, aby wspiera\u0107 zdrowie oraz witalno\u015b\u0107 kot\u00f3w starszych.<\/p>\n<h4><strong>Krokiety u\u0142atwiaj\u0105ce jedzenie<\/strong><\/h4>\n<p>Krokiety w karmie ROYAL CANIN\u00ae AGEING 11+ zosta\u0142y opracowane i przetestowane przez koty starsze tak, aby u\u0142atwi\u0107 im jedzenie i sprawi\u0107, aby ka\u017cdy posi\u0142ek by\u0142 przyjemno\u015bci\u0105.<\/p>\n<h4><strong>Kompleks HealthyAge7<sup>TM<\/sup> <\/strong><\/h4>\n<p>Wyj\u0105tkowa receptura, zawieraj\u0105ca kompleks HealthyAge7\u2122, dostarcza precyzyjnie dobrane sk\u0142adniki pokarmowe, kt\u00f3re pomagaj\u0105 wspiera\u0107 7 kluczowych obszar\u00f3w zwi\u0105zanych ze zdrowiem I witalno\u015bci\u0105 kot\u00f3w w wieku powy\u017cej 11 lat:<\/p>\n<ul>\n<li><strong>Apetyt i masa cia\u0142a: <\/strong>wyj\u0105tkowa smakowito\u015b\u0107 oraz wysoka koncentracja energii wp\u0142ywaj\u0105 korzystnie na apetyt i pomagaj\u0105 w utrzymaniu optymalnej masy cia\u0142a u kot\u00f3w starszych.<\/li>\n<li><strong>Trawienie: <\/strong>prebiotyki oraz wysokostrawne bia\u0142ka wp\u0142ywaj\u0105 korzystnie na przebieg procesu trawienia.<\/li>\n<li><strong>Ruchomo\u015b\u0107 staw\u00f3w: <\/strong>dodatek EPA + DHA oraz chondroityny wp\u0142ywa korzystnie na zdrowie i ruchomo\u015b\u0107 staw\u00f3w.<\/li>\n<li><strong>Sk\u00f3ra i sier\u015b\u0107: <\/strong>dodatek kwasu linolowego oraz cynku wspiera zdrowie sk\u00f3ry i sier\u015bci.<\/li>\n<li><strong>Nerki:<\/strong> wysokiej jako\u015bci bia\u0142ka oraz odpowiedni poziom fosforu wp\u0142ywaj\u0105 korzystnie na zdrowie nerek.<\/li>\n<li><strong>M\u00f3zg i wzrok: <\/strong>dodatek tryptofanu, EPA + DHA, tauryny i witaminy A pomaga wspiera\u0107 prac\u0119 m\u00f3zgu i prawid\u0142owe widzenie.<\/li>\n<li><strong>Odporno\u015b\u0107: <\/strong>dodatek witamin C i E, tauryny beta- karotenu oraz likopenu wspiera uk\u0142ad immunologiczny.<\/li>\n<\/ul>\n<h4><strong>Karmienie mieszane dla kot\u00f3w w podesz\u0142ym wieku<\/strong><\/h4>\n<p>Karma ROYAL CANIN\u00ae AGEING 11+ dost\u0119pna jest zar\u00f3wno w postaci suchej, jak i mokrej, w r\u00f3\u017cnych wariantach: kawa\u0142ki w sosie i kawa\u0142ki w galaretce. Karmienie mieszane pomaga pobudzi\u0107 apetyt kota poprzez urozmaicenie konsystencji podawanego mu pokarmu i zaspokojenie jego indywidualnych preferencji.<\/p>\n<h4><strong>SK\u0141AD:<\/strong><\/h4>\n<p>kukurydza, pszenica, suszone bia\u0142ka drobiowe, gluten pszenny*, t\u0142uszcze zwierz\u0119ce, hydrolizowane bia\u0142ka zwierz\u0119ce, wys\u0142odki buraczane, gluten kukurydziany, olej sojowy, minera\u0142y, produkty z dro\u017cd\u017cy, w\u0142\u00f3kno ro\u015blinne, m\u0105ka kukurydziana, olej z alg Schizochytrium sp. (\u017ar\u00f3d\u0142o kwas\u00f3w EPA+DHA), suszona pulpa pomidorowa (\u017ar\u00f3d\u0142o likopenu), \u0142uski i nasiona psyllium, fruktooligosacharydy, dro\u017cd\u017ce (\u017ar\u00f3d\u0142o mannooligosacharyd\u00f3w), glukozamina uzyskana z fermentacji, olej z ryb, m\u0105czka z aksamitki, hydrolizowana chrz\u0105stka (\u017ar\u00f3d\u0142o chondroityny 0,001%).<\/p>\n<p>*L.I.P.: bia\u0142ko wyselekcjonowane ze wzgl\u0119du na bardzo wysok\u0105 strawno\u015b\u0107.<\/p>\n<h4><strong>DODATKI\u00a0<\/strong>(na 1 kg karmy):<\/h4>\n<p>Dodatki dietetyczne:\u00a0Witamina A:\u00a019100\u00a0UI,\u00a0Witamina D3:\u00a01000\u00a0UI,\u00a0Witamina E:\u00a0480\u00a0mg,\u00a0Witamina C:\u00a0410\u00a0mg,\u00a0Tauryna:\u00a02,5\u00a0g,\u00a0Tryptofan:\u00a05\u00a0g,\u00a0\u017belazo (3b103):\u00a036\u00a0mg,\u00a0Jod (3b201, 3b202):\u00a03,6\u00a0mg,\u00a0Mied\u017a (3b405, 3b406):\u00a011\u00a0mg,\u00a0Mangan (3b502, 3b504):\u00a046\u00a0mg,\u00a0Cynk (3b603, 3b605, 3b606):\u00a0133\u00a0mg,\u00a0Selen (3b801, 3b811, 3b812):\u00a00,06\u00a0mg\u00a0&#8211;\u00a0Przeciwutleniacze.<\/p>\n<h4><strong>SK\u0141ADNIKI ANALITYCZNE:<\/strong><\/h4>\n<p>Bia\u0142ko surowe:\u00a030,0%\u00a0&#8211;\u00a0W\u0142\u00f3kno surowe:\u00a02,9%\u00a0&#8211;\u00a0Oleje i t\u0142uszcze surowe:\u00a017,0%\u00a0&#8211;\u00a0Popi\u00f3\u0142 surowy:\u00a06,1%\u00a0&#8211;\u00a0Kwas linolowy:\u00a03,9%\u00a0&#8211;\u00a0Fosfor:\u00a00,7%\u00a0&#8211;\u00a0EPA+DHA:\u00a00,6%\u00a0&#8211;\u00a0Beta-karoten:\u00a016\u00a0mg\/kg\u00a0&#8211;\u00a0Likopen:\u00a07\u00a0mg\/kg\u00a0&#8211;\u00a0Energia metaboliczna:\u00a04033\u00a0kcal\/kg.<\/p>\n<h4><strong>SPOS\u00d3B U\u017bYCIA:<\/strong><\/h4>\n<p>patrz tabela.<\/p>\n<p>Nale\u017cy zapewni\u0107 sta\u0142y dost\u0119p do \u015bwie\u017cej wody.\u00a0Najlepiej wykorzysta\u0107 przed: patrz data wa\u017cno\u015bci. Data wa\u017cno\u015bci, numer partii i numer rejestracyjny zak\u0142adu znajduj\u0105 si\u0119 na opakowaniu.\u00a0Przechowywa\u0107 w suchym i ch\u0142odnym miejscu.<\/p>\n<p>&nbsp;<\/p>\n<div class=\"advantages-info\">\n<div class=\"third-col\">\n<p>&nbsp;<\/p>\n<p>&nbsp;<\/p>\n<\/div>\n<\/div>","protected":false},"excerpt":{"rendered":"<p>Karma dla kot\u00f3w powy\u017cej 12 roku \u017cycia. Chroni nerki i pomaga w zachowaniu dobrej kondycji starszych kot\u00f3w.<\/p>\n<p>Marka: Royal Canin<\/p>\n<p>Faza \u017cycia: Doros\u0142y<\/p>\n<p>Specjalne wymagania: Senior<\/p>\n<p>&nbsp;<\/p>","protected":false},"featured_media":7592,"comment_status":"open","ping_status":"closed","template":"","meta":{"om_disable_all_campaigns":false,"inline_featured_image":false},"product_brand":[],"product_cat":[42,90,94],"product_tag":[],"class_list":{"0":"post-6428","1":"product","2":"type-product","3":"status-publish","4":"has-post-thumbnail","6":"product_cat-cat-food","7":"product_cat-royal-canin","8":"product_cat-szczegolne-potrzeby-kotow","10":"first","11":"outofstock","12":"taxable","13":"shipping-taxable","14":"product-type-variable","15":"has-default-attributes"},"_links":{"self":[{"href":"https:\/\/www.lanrel.pl\/pl\/wp-json\/wp\/v2\/product\/6428","targetHints":{"allow":["GET"]}}],"collection":[{"href":"https:\/\/www.lanrel.pl\/pl\/wp-json\/wp\/v2\/product"}],"about":[{"href":"https:\/\/www.lanrel.pl\/pl\/wp-json\/wp\/v2\/types\/product"}],"replies":[{"embeddable":true,"href":"https:\/\/www.lanrel.pl\/pl\/wp-json\/wp\/v2\/comments?post=6428"}],"wp:featuredmedia":[{"embeddable":true,"href":"https:\/\/www.lanrel.pl\/pl\/wp-json\/wp\/v2\/media\/7592"}],"wp:attachment":[{"href":"https:\/\/www.lanrel.pl\/pl\/wp-json\/wp\/v2\/media?parent=6428"}],"wp:term":[{"taxonomy":"product_brand","embeddable":true,"href":"https:\/\/www.lanrel.pl\/pl\/wp-json\/wp\/v2\/product_brand?post=6428"},{"taxonomy":"product_cat","embeddable":true,"href":"https:\/\/www.lanrel.pl\/pl\/wp-json\/wp\/v2\/product_cat?post=6428"},{"taxonomy":"product_tag","embeddable":true,"href":"https:\/\/www.lanrel.pl\/pl\/wp-json\/wp\/v2\/product_tag?post=6428"}],"curies":[{"name":"wp","href":"https:\/\/api.w.org\/{rel}","templated":true}]}}