{"id":6411,"date":"2025-02-18T03:37:01","date_gmt":"2025-02-18T02:37:01","guid":{"rendered":"https:\/\/lanrel.eu\/?post_type=product&#038;p=6411"},"modified":"2025-02-24T09:47:30","modified_gmt":"2025-02-24T08:47:30","slug":"royal-canin-urinary-care-karma-sucha-dla-kotow-doroslych","status":"publish","type":"product","link":"https:\/\/www.lanrel.pl\/pl\/produkt\/royal-canin-urinary-care-karma-sucha-dla-kotow-doroslych\/","title":{"rendered":"ROYAL CANIN\u00ae Urinary Care karma sucha dla kot\u00f3w doros\u0142ych"},"content":{"rendered":"<div style=\"width: 1170px;\" class=\"wp-video\"><!--[if lt IE 9]><script>document.createElement('video');<\/script><![endif]-->\n<video class=\"wp-video-shortcode\" id=\"video-6411-1\" width=\"1170\" height=\"658\" preload=\"metadata\" controls=\"controls\"><source type=\"video\/mp4\" src=\"http:\/\/lanrel.eu\/wp-content\/uploads\/2025\/02\/urinary-1080p.mp4?_=1\" \/><a href=\"http:\/\/lanrel.eu\/wp-content\/uploads\/2025\/02\/urinary-1080p.mp4\">http:\/\/lanrel.eu\/wp-content\/uploads\/2025\/02\/urinary-1080p.mp4<\/a><\/video><\/div>\n<p>&nbsp;<\/p>\n<p><strong>Features &amp; Benefits :<\/strong><\/p>\n<ul>\n<li>Pomaga wspiera\u0107 zdrowie dr\u00f3g moczowych<\/li>\n<li>Pomaga utrzyma\u0107 odpowiedni poziom minera\u0142\u00f3w i niskie pH moczu<\/li>\n<li>Udowodniona skuteczno\u015b\u0107<\/li>\n<\/ul>\n<p>&nbsp;<\/p>\n<p>Dieta kota odgrywa istotn\u0105 rol\u0119 w jego \u017cyciu. Linia karm ROYAL CANIN\u00ae Feline Care Nutrition opracowana zosta\u0142a specjalnie po to, aby wspiera\u0107 koty o szczeg\u00f3lnych wra\u017cliwo\u015bciach.<\/p>\n<p>Zmiana w zachowaniu zwi\u0105zanym z pobieraniem wody czy oddawaniem moczu (takie, jak np oddawanie moczu poza kuwet\u0105), a tak\u017ce zmiany w zabarwieniu czy zapachu moczu mog\u0105 \u015bwiadczy\u0107 o problemach w obr\u0119bie dr\u00f3g moczowych.<\/p>\n<p>Karma ROYAL CANIN\u00ae Urinary to pe\u0142noporcjowa, zbilansowana karma, opracowana po to, aby wspiera\u0107 optymalne \u015brodowisko i zdrowie dr\u00f3g moczowych.<\/p>\n<p>Receptura karmy pomaga utrzyma\u0107 odpowiedni poziom minera\u0142\u00f3w i niskie pH moczu, dzi\u0119ki czemu mocz kota jest bardziej rozcie\u0144czony.<\/p>\n<p>ROYAL CANIN\u00ae Urinary Care to karma o potwierdzonej skuteczno\u015bci. Nasze badania<sup>*<\/sup> wykaza\u0142y, \u017ce karma wp\u0142ywa korzystnie na zdrowie dr\u00f3g moczowych kot\u00f3w w ci\u0105gu zaledwie 10 dni stosowania.<\/p>\n<p>Karma ROYAL CANIN\u00ae Urinary Care dost\u0119pna jest tak\u017ce w postaci mokrej o dw\u00f3ch r\u00f3\u017cnych teksturach: plasterki w sosie i w galaretce. Karmienie mieszane karm\u0105 mokr\u0105 i such\u0105 jest preferowane przez wiele kot\u00f3w. Karma sucha wp\u0142ywa korzystnie na higien\u0119 jamy ustnej i jest \u0142atwa do przechowywania, podczas gdy karma mokra sprzyja prawid\u0142owemu nawodnieniu organizmu i zdrowiu dr\u00f3g moczowych.<\/p>\n<p>Wszystkie karmy firmy ROYAL CANIN\u00ae podlegaj\u0105 szczeg\u00f3\u0142owym procesom kontroli jako\u015bci, aby zagwarantowa\u0107 najwy\u017csz\u0105 jako\u015b\u0107 produktu. Karma ROYAL CANIN\u00ae Urinary Care to karma pe\u0142noporcjowa i zbilansowana.<\/p>\n<p><sup>*<\/sup><em>Badania w\u0142asne Royal Canin<\/em><\/p>\n<h3>WARTO\u015aCI OD\u017bYWCZE<\/h3>\n<p><strong>SK\u0141AD: <\/strong><\/p>\n<p>gluten pszenny*, kukurydza, suszone bia\u0142ko drobiowe, ry\u017c, pszenica, t\u0142uszcze zwierz\u0119ce, w\u0142\u00f3kno ro\u015blinne, gluten kukurydziany, hydrolizowane bia\u0142ka zwierz\u0119ce, m\u0105ka kukurydziana, minera\u0142y, wys\u0142odki buraczane, produkty dro\u017cd\u017cy, olej sojowy, olej z ryb, m\u0105czka z aksamitki.<\/p>\n<p>*L.I.P.: bia\u0142ko wyselekcjonowane ze wzgl\u0119du na bardzo wysok\u0105 strawno\u015b\u0107.<\/p>\n<p><strong>DODATKI (na 1 kg karmy): <\/strong><\/p>\n<p>Dodatki dietetyczne: Witamina A: 14000 UI, Witamina D3: 700 UI, \u017belazo (3b103): 33 mg, Jod (3b201, 3b202): 3,3 mg, Mied\u017a (3b405, 3b406): 10 mg, Mangan (3b502, 3b504): 43 mg, Cynk (3b603, 3b605, 3b606): 135 mg, Selen (3b801, 3b811, 3b812): 0,05 mg &#8211; Przeciwutleniacze.<\/p>\n<p><strong>SK\u0141ADNIKI ANALITYCZNE: <\/strong><\/p>\n<p>Bia\u0142ko surowe: 33,0% &#8211; Oleje i t\u0142uszcze surowe: 13,0% &#8211; Popi\u00f3\u0142 surowy: 6,8% &#8211; W\u0142\u00f3kno surowe: 5,0%.<\/p>\n<p><strong>SPOS\u00d3B U\u017bYCIA: <\/strong><\/p>\n<p>patrz tabela.<\/p>","protected":false},"excerpt":{"rendered":"<p>wspieraj\u0105ce ochron\u0119 dolnych dr\u00f3g moczowych.<\/p>\n<p>Marka: Royal Canin<\/p>\n<p>Faza \u017cycia: Doros\u0142y<\/p>\n<p>Specjalne wymagania:Wra\u017cliwy uk\u0142ad moczowy<\/p>","protected":false},"featured_media":6421,"comment_status":"open","ping_status":"closed","template":"","meta":{"om_disable_all_campaigns":false,"inline_featured_image":false},"product_brand":[],"product_cat":[42,90,94],"product_tag":[],"class_list":{"0":"post-6411","1":"product","2":"type-product","3":"status-publish","4":"has-post-thumbnail","6":"product_cat-cat-food","7":"product_cat-royal-canin","8":"product_cat-szczegolne-potrzeby-kotow","10":"first","11":"outofstock","12":"taxable","13":"shipping-taxable","14":"product-type-variable","15":"has-default-attributes"},"_links":{"self":[{"href":"https:\/\/www.lanrel.pl\/pl\/wp-json\/wp\/v2\/product\/6411","targetHints":{"allow":["GET"]}}],"collection":[{"href":"https:\/\/www.lanrel.pl\/pl\/wp-json\/wp\/v2\/product"}],"about":[{"href":"https:\/\/www.lanrel.pl\/pl\/wp-json\/wp\/v2\/types\/product"}],"replies":[{"embeddable":true,"href":"https:\/\/www.lanrel.pl\/pl\/wp-json\/wp\/v2\/comments?post=6411"}],"wp:featuredmedia":[{"embeddable":true,"href":"https:\/\/www.lanrel.pl\/pl\/wp-json\/wp\/v2\/media\/6421"}],"wp:attachment":[{"href":"https:\/\/www.lanrel.pl\/pl\/wp-json\/wp\/v2\/media?parent=6411"}],"wp:term":[{"taxonomy":"product_brand","embeddable":true,"href":"https:\/\/www.lanrel.pl\/pl\/wp-json\/wp\/v2\/product_brand?post=6411"},{"taxonomy":"product_cat","embeddable":true,"href":"https:\/\/www.lanrel.pl\/pl\/wp-json\/wp\/v2\/product_cat?post=6411"},{"taxonomy":"product_tag","embeddable":true,"href":"https:\/\/www.lanrel.pl\/pl\/wp-json\/wp\/v2\/product_tag?post=6411"}],"curies":[{"name":"wp","href":"https:\/\/api.w.org\/{rel}","templated":true}]}}