{"id":6390,"date":"2025-02-18T02:44:53","date_gmt":"2025-02-18T01:44:53","guid":{"rendered":"https:\/\/lanrel.eu\/?post_type=product&#038;p=6390"},"modified":"2025-02-24T09:47:53","modified_gmt":"2025-02-24T08:47:53","slug":"royal-canin-light-weight-care-karma-sucha-dla-kotow-doroslych","status":"publish","type":"product","link":"https:\/\/www.lanrel.pl\/pl\/produkt\/royal-canin-light-weight-care-karma-sucha-dla-kotow-doroslych\/","title":{"rendered":"ROYAL CANIN\u00ae Light Weight Care karma sucha dla kot\u00f3w doros\u0142ych"},"content":{"rendered":"<div style=\"width: 1170px;\" class=\"wp-video\"><!--[if lt IE 9]><script>document.createElement('video');<\/script><![endif]-->\n<video class=\"wp-video-shortcode\" id=\"video-6390-1\" width=\"1170\" height=\"658\" preload=\"metadata\" controls=\"controls\"><source type=\"video\/mp4\" src=\"http:\/\/lanrel.eu\/wp-content\/uploads\/2025\/02\/light_weight-1080p.mp4?_=1\" \/><a href=\"http:\/\/lanrel.eu\/wp-content\/uploads\/2025\/02\/light_weight-1080p.mp4\">http:\/\/lanrel.eu\/wp-content\/uploads\/2025\/02\/light_weight-1080p.mp4<\/a><\/video><\/div>\n<p><img fetchpriority=\"high\" decoding=\"async\" class=\"alignnone size-full wp-image-6401\" src=\"http:\/\/lanrel.eu\/wp-content\/uploads\/2025\/02\/FCN-Light-Weight-Care-Nawigacja.png\" alt=\"\" width=\"2560\" height=\"7776\" srcset=\"https:\/\/www.lanrel.pl\/wp-content\/uploads\/2025\/02\/FCN-Light-Weight-Care-Nawigacja.png 2560w, https:\/\/www.lanrel.pl\/wp-content\/uploads\/2025\/02\/FCN-Light-Weight-Care-Nawigacja-99x300.png 99w, https:\/\/www.lanrel.pl\/wp-content\/uploads\/2025\/02\/FCN-Light-Weight-Care-Nawigacja-337x1024.png 337w, https:\/\/www.lanrel.pl\/wp-content\/uploads\/2025\/02\/FCN-Light-Weight-Care-Nawigacja-768x2333.png 768w, https:\/\/www.lanrel.pl\/wp-content\/uploads\/2025\/02\/FCN-Light-Weight-Care-Nawigacja-506x1536.png 506w, https:\/\/www.lanrel.pl\/wp-content\/uploads\/2025\/02\/FCN-Light-Weight-Care-Nawigacja-674x2048.png 674w, https:\/\/www.lanrel.pl\/wp-content\/uploads\/2025\/02\/FCN-Light-Weight-Care-Nawigacja-4x12.png 4w, https:\/\/www.lanrel.pl\/wp-content\/uploads\/2025\/02\/FCN-Light-Weight-Care-Nawigacja-600x1823.png 600w\" sizes=\"(max-width: 2560px) 100vw, 2560px\" \/><\/p>\n<p><strong>Features &amp; Benefits :<\/strong><\/p>\n<ul>\n<li>Pomaga ograniczy\u0107 nadmierny przyrost masy cia\u0142a<\/li>\n<li>Pomaga zapewni\u0107 uczucie syto\u015bci<\/li>\n<li>Pomaga chroni\u0107 mas\u0119 mi\u0119\u015bniow\u0105<\/li>\n<li>Wp\u0142ywa korzystnie na metabolizm t\u0142uszczy<\/li>\n<li>Udowodniona skuteczno\u015b\u0107<\/li>\n<\/ul>\n<p>Karma ROYAL CANIN\u00ae Light Weight Care to pe\u0142noporcjowa, zbilansowana karma, opracowana po to, aby ograniczy\u0107 nadmierny przyrost masy cia\u0142a i wspiera\u0107 utrzymanie prawid\u0142owej kondycji.<\/p>\n<p>Receptura zawieraj\u0105ca unikaln\u0105 kombinacj\u0119 w\u0142\u00f3kna pokarmowego, pomaga zapewni\u0107 kotu uczucie syto\u015bci po posi\u0142ku. Karma wspiera tak\u017ce utrzymanie optymalnej kondycji u kota.<\/p>\n<p>Odpowiedni poziom bia\u0142ka pomaga chroni\u0107 mas\u0119 mi\u0119\u015bniow\u0105 kota i sprzyja utrzymaniu prawid\u0142owej kondycji. Karma ROYAL CANIN\u00ae Light Weight Care wzbogacona zosta\u0142a tak\u017ce w L-karnityn\u0119- aminokwas wp\u0142ywaj\u0105cy korzystnie na metabolizm t\u0142uszczy.<\/p>\n<p>ROYAL CANIN\u00ae Light Weight Care to karma o potwierdzonej skuteczno\u015bci. Nasze badania<sup>*<\/sup> wykaza\u0142y, \u017ce ponad 90% kot\u00f3w otrzymuj\u0105cych t\u0119 karm\u0119 uzyska\u0142o lepsz\u0105 kondycj\u0119 cia\u0142a w ci\u0105gu zaledwie 8 tygodni stosowania.<\/p>\n<p>Karma ROYAL CANIN\u00ae Light Weight Care dost\u0119pna jest tak\u017ce w postaci mokrej o dw\u00f3ch r\u00f3\u017cnych teksturach: plasterki w sosie i plasterki w galaretce. Karmienie mieszane karm\u0105 mokr\u0105 i such\u0105 jest preferowane przez wiele kot\u00f3w.<\/p>\n<p><sup>*<\/sup><em>Badania w\u0142asne Royal Canin <\/em><\/p>\n<p>&nbsp;<\/p>\n<h3>WARTO\u015aCI OD\u017bYWCZE<\/h3>\n<p><strong>SK\u0141AD: <\/strong><\/p>\n<p>suszone bia\u0142ko drobiowe, w\u0142\u00f3kno ro\u015blinne, gluten pszenny*, kukurydza, gluten kukurydziany, ry\u017c, hydrolizowane bia\u0142ka zwierz\u0119ce, m\u0105ka kukurydziana, pszenica, t\u0142uszcze zwierz\u0119ce, minera\u0142y, wys\u0142odki buraczane, produkty dro\u017cd\u017cy, olej z ryb, \u0142uski i nasiona psyllium (0,50%), olej sojowy.<\/p>\n<p>*L.I.P.: bia\u0142ko wyselekcjonowane ze wzgl\u0119du na bardzo wysok\u0105 strawno\u015b\u0107.<\/p>\n<p><strong>DODATKI (na 1 kg karmy): <\/strong><\/p>\n<p>Dodatki dietetyczne: Witamina A: 21000 UI, Witamina D3: 800 UI, \u017belazo (3b103): 30 mg, Jod (3b201, 3b202): 3 mg, Mied\u017a (3b405, 3b406): 9 mg, Mangan (3b502, 3b504): 39 mg, Cynk (3b603, 3b605, 3b606): 128 mg, Selen (3b801, 3b811, 3b812): 0,06 mg &#8211; Przeciwutleniacze.<\/p>\n<p><strong>SK\u0141ADNIKI ANALITYCZNE: <\/strong><\/p>\n<p>Bia\u0142ko surowe: 36,0% &#8211; Oleje i t\u0142uszcze surowe: 10,0% &#8211; Popi\u00f3\u0142 surowy: 7,5% &#8211; W\u0142\u00f3kno surowe: 10,3% &#8211; L-karnityna: 200 mg\/kg.<\/p>\n<p><strong>SPOS\u00d3B U\u017bYCIA: <\/strong><\/p>\n<p>patrz tabela.<\/p>\n<p>&nbsp;<\/p>","protected":false},"excerpt":{"rendered":"<p>utrzymanie prawid\u0142owej masy cia\u0142a<\/p>\n<p>Marka: Royal Canin<\/p>\n<p>Faza \u017cycia: Doros\u0142y<\/p>\n<p>Specjalne wymagania: Nadwaga<\/p>","protected":false},"featured_media":6399,"comment_status":"open","ping_status":"closed","template":"","meta":{"om_disable_all_campaigns":false,"inline_featured_image":false},"product_brand":[],"product_cat":[42,90,94],"product_tag":[],"class_list":{"0":"post-6390","1":"product","2":"type-product","3":"status-publish","4":"has-post-thumbnail","6":"product_cat-cat-food","7":"product_cat-royal-canin","8":"product_cat-szczegolne-potrzeby-kotow","10":"first","11":"outofstock","12":"taxable","13":"shipping-taxable","14":"product-type-variable","15":"has-default-attributes"},"_links":{"self":[{"href":"https:\/\/www.lanrel.pl\/pl\/wp-json\/wp\/v2\/product\/6390","targetHints":{"allow":["GET"]}}],"collection":[{"href":"https:\/\/www.lanrel.pl\/pl\/wp-json\/wp\/v2\/product"}],"about":[{"href":"https:\/\/www.lanrel.pl\/pl\/wp-json\/wp\/v2\/types\/product"}],"replies":[{"embeddable":true,"href":"https:\/\/www.lanrel.pl\/pl\/wp-json\/wp\/v2\/comments?post=6390"}],"wp:featuredmedia":[{"embeddable":true,"href":"https:\/\/www.lanrel.pl\/pl\/wp-json\/wp\/v2\/media\/6399"}],"wp:attachment":[{"href":"https:\/\/www.lanrel.pl\/pl\/wp-json\/wp\/v2\/media?parent=6390"}],"wp:term":[{"taxonomy":"product_brand","embeddable":true,"href":"https:\/\/www.lanrel.pl\/pl\/wp-json\/wp\/v2\/product_brand?post=6390"},{"taxonomy":"product_cat","embeddable":true,"href":"https:\/\/www.lanrel.pl\/pl\/wp-json\/wp\/v2\/product_cat?post=6390"},{"taxonomy":"product_tag","embeddable":true,"href":"https:\/\/www.lanrel.pl\/pl\/wp-json\/wp\/v2\/product_tag?post=6390"}],"curies":[{"name":"wp","href":"https:\/\/api.w.org\/{rel}","templated":true}]}}