{"id":6373,"date":"2025-02-16T03:39:18","date_gmt":"2025-02-16T02:39:18","guid":{"rendered":"https:\/\/lanrel.eu\/?post_type=product&#038;p=6373"},"modified":"2025-02-24T09:48:12","modified_gmt":"2025-02-24T08:48:12","slug":"royal-canin-hairball-care-karma-sucha-dla-kotow-doroslych-eliminacja-kul-wlosowych","status":"publish","type":"product","link":"https:\/\/www.lanrel.pl\/pl\/produkt\/royal-canin-hairball-care-karma-sucha-dla-kotow-doroslych-eliminacja-kul-wlosowych\/","title":{"rendered":"ROYAL CANIN\u00ae Hairball Care karma sucha dla kot\u00f3w doros\u0142ych, eliminacja kul w\u0142osowych"},"content":{"rendered":"<div style=\"width: 1170px;\" class=\"wp-video\"><!--[if lt IE 9]><script>document.createElement('video');<\/script><![endif]-->\n<video class=\"wp-video-shortcode\" id=\"video-6373-1\" width=\"1170\" height=\"658\" preload=\"metadata\" controls=\"controls\"><source type=\"video\/mp4\" src=\"http:\/\/lanrel.eu\/wp-content\/uploads\/2025\/02\/hairball-1080p.mp4?_=1\" \/><a href=\"http:\/\/lanrel.eu\/wp-content\/uploads\/2025\/02\/hairball-1080p.mp4\">http:\/\/lanrel.eu\/wp-content\/uploads\/2025\/02\/hairball-1080p.mp4<\/a><\/video><\/div>\n<p>&nbsp;<\/p>\n<p><strong>Features &amp; Benefits :<\/strong><\/p>\n<ul>\n<li>Odpowiednio opracowana receptura pomaga zmniejszy\u0107 powstawanie kul w\u0142osowych<\/li>\n<li>Odpowiednia kompozycja w\u0142\u00f3kna pokarmowego pomaga pobudzi\u0107 pasa\u017c jelitowy<\/li>\n<li>Udowodniona skuteczno\u015b\u0107<\/li>\n<\/ul>\n<p>&nbsp;<\/p>\n<p>Dieta kota odgrywa istotn\u0105 rol\u0119 w jego \u017cyciu. Linia karm ROYAL CANIN\u00ae Feline Care Nutrition opracowana zosta\u0142a specjalnie po to, aby wspiera\u0107 koty o szczeg\u00f3lnych wra\u017cliwo\u015bciach.<\/p>\n<p>Koty znaczn\u0105 cz\u0119\u015b\u0107 dnia sp\u0119dzaj\u0105 na piel\u0119gnacji sier\u015bci, po\u0142ykaj\u0105c przy tym du\u017ce ilo\u015bci w\u0142os\u00f3w. Takie po\u0142kni\u0119te w\u0142osy mog\u0105 gromadzi\u0107 si\u0119 w przewodzie pokarmowym, tworz\u0105c kule w\u0142osowe, kt\u00f3re nast\u0119pnie usuwane s\u0105 z organizmu albo przez jam\u0119 ustn\u0105 albo wraz z ka\u0142em. W pewnych przypadkach, nagromadzona sier\u015b\u0107 powoduje dyskomfort a nawet powa\u017cniejsze problemy.<\/p>\n<p>Karma ROYAL CANIN\u00ae Hairball Care to pe\u0142noporcjowa, zbilansowana karma, opracowana po to, aby zmniejszy\u0107 powstawanie kul w\u0142osowych.<\/p>\n<p>Receptura zawieraj\u0105ca odpowiedni\u0105 kompozycj\u0119 w\u0142\u00f3kna pokarmowego (w tym psyllium) w spos\u00f3b naturalny pomaga pobudzi\u0107 pasa\u017c jelitowy. Dzi\u0119ki temu po\u0142kni\u0119te przez kota w\u0142osy nie gromadz\u0105 si\u0119 w \u017co\u0142\u0105dku, gdzie tworz\u0105 trudne do usuni\u0119cia kule w\u0142osowe tylko wydalane s\u0105 wraz z ka\u0142em.<\/p>\n<p>Receptura karmy charakteryzuje si\u0119 odpowiednim poziomem minera\u0142\u00f3w tak, aby wspiera\u0107 zdrowie dr\u00f3g moczowych kota.<\/p>\n<p>ROYAL CANIN\u00ae Hairball Care to karma o potwierdzonej skuteczno\u015bci. Nasze badania<sup>*<\/sup> wykaza\u0142y, \u017ce karma zmniejsza powstawanie kul w\u0142osowych u kot\u00f3w w ci\u0105gu zaledwie 14 dni stosowania.<\/p>\n<p>Karma ROYAL CANIN\u00ae Hairball Care dost\u0119pna jest tak\u017ce w postaci mokrej o dw\u00f3ch r\u00f3\u017cnych teksturach: plasterki w sosie i plasterki w galaretce. Karmienie mieszane karm\u0105 mokr\u0105 i such\u0105 jest preferowane przez wiele kot\u00f3w. Karma sucha wp\u0142ywa korzystnie na higien\u0119 jamy ustnej i jest \u0142atwa do przechowywania, podczas gdy karma mokra sprzyja prawid\u0142owemu nawodnieniu organizmu i zdrowiu dr\u00f3g moczowych.<\/p>\n<p>Wszystkie karmy firmy ROYAL CANIN\u00ae podlegaj\u0105 szczeg\u00f3\u0142owym procesom kontroli jako\u015bci, aby zagwarantowa\u0107 najwy\u017csz\u0105 jako\u015b\u0107 produktu. Karma ROYAL CANIN\u00ae Hairball Care to karma pe\u0142noporcjowa i zbilansowana.<\/p>\n<p><sup>*<\/sup><em>Badania w\u0142asne Royal Canin<\/em><\/p>\n<h3>WARTO\u015aCI OD\u017bYWCZE<\/h3>\n<p><strong>SK\u0141AD: <\/strong><\/p>\n<p>suszone bia\u0142ko drobiowe, gluten pszenny*, kukurydza, w\u0142\u00f3kno ro\u015blinne, ry\u017c, t\u0142uszcze zwierz\u0119ce, hydrolizowane bia\u0142ka zwierz\u0119ce, pszenica, m\u0105ka kukurydziana, gluten kukurydziany, wys\u0142odki buraczane, minera\u0142y, produkty dro\u017cd\u017cy, olej sojowy, olej z ryb, \u0142uski i nasiona psyllium (0,50%), fruktooligosacharydy.<\/p>\n<p>*L.I.P.: bia\u0142ko wyselekcjonowane ze wzgl\u0119du na bardzo wysok\u0105 strawno\u015b\u0107.<\/p>\n<p><strong>DODATKI (na 1 kg karmy): <\/strong><\/p>\n<p>Dodatki dietetyczne: Witamina A: 24000 UI, Witamina D3: 940 UI, \u017belazo (3b103): 30 mg, Jod (3b201, 3b202): 3 mg, Mied\u017a (3b405, 3b406): 9 mg, Mangan (3b502, 3b504): 39 mg, Cynk (3b603, 3b605, 3b606): 130 mg, Selen (3b801, 3b811, 3b812): 0,04 mg &#8211; Przeciwutleniacze.<\/p>\n<p><strong>SK\u0141ADNIKI ANALITYCZNE: <\/strong><\/p>\n<p>Bia\u0142ko surowe: 34,0% &#8211; Oleje i t\u0142uszcze surowe: 15,0% &#8211; Popi\u00f3\u0142 surowy: 6,9% &#8211; W\u0142\u00f3kno surowe: 6,7% &#8211; W\u0142\u00f3kno pokarmowe (og\u00f3\u0142em): 15,0%.<\/p>\n<p><strong>SPOS\u00d3B U\u017bYCIA: <\/strong><\/p>\n<p>patrz tabela.<\/p>\n<p>&nbsp;<\/p>","protected":false},"excerpt":{"rendered":"<p>Karma dla kot\u00f3w doros\u0142ych od 1 do 10 roku \u017cycia, przebywaj\u0105cych tylko w domu, maj\u0105cych d\u0142u\u017csz\u0105 sier\u015b\u0107 lub problemy z wydalaniem kul w\u0142osowych.<\/p>\n<p>Marka: Royal Canin<\/p>\n<p>Faza \u017cycia: Doros\u0142y<\/p>\n<p>Specjalne wymagania:Kule w\u0142osowe<\/p>","protected":false},"featured_media":6383,"comment_status":"open","ping_status":"closed","template":"","meta":{"om_disable_all_campaigns":false,"inline_featured_image":false},"product_brand":[],"product_cat":[42,90,94],"product_tag":[],"class_list":{"0":"post-6373","1":"product","2":"type-product","3":"status-publish","4":"has-post-thumbnail","6":"product_cat-cat-food","7":"product_cat-royal-canin","8":"product_cat-szczegolne-potrzeby-kotow","10":"first","11":"outofstock","12":"taxable","13":"shipping-taxable","14":"product-type-variable","15":"has-default-attributes"},"_links":{"self":[{"href":"https:\/\/www.lanrel.pl\/pl\/wp-json\/wp\/v2\/product\/6373","targetHints":{"allow":["GET"]}}],"collection":[{"href":"https:\/\/www.lanrel.pl\/pl\/wp-json\/wp\/v2\/product"}],"about":[{"href":"https:\/\/www.lanrel.pl\/pl\/wp-json\/wp\/v2\/types\/product"}],"replies":[{"embeddable":true,"href":"https:\/\/www.lanrel.pl\/pl\/wp-json\/wp\/v2\/comments?post=6373"}],"wp:featuredmedia":[{"embeddable":true,"href":"https:\/\/www.lanrel.pl\/pl\/wp-json\/wp\/v2\/media\/6383"}],"wp:attachment":[{"href":"https:\/\/www.lanrel.pl\/pl\/wp-json\/wp\/v2\/media?parent=6373"}],"wp:term":[{"taxonomy":"product_brand","embeddable":true,"href":"https:\/\/www.lanrel.pl\/pl\/wp-json\/wp\/v2\/product_brand?post=6373"},{"taxonomy":"product_cat","embeddable":true,"href":"https:\/\/www.lanrel.pl\/pl\/wp-json\/wp\/v2\/product_cat?post=6373"},{"taxonomy":"product_tag","embeddable":true,"href":"https:\/\/www.lanrel.pl\/pl\/wp-json\/wp\/v2\/product_tag?post=6373"}],"curies":[{"name":"wp","href":"https:\/\/api.w.org\/{rel}","templated":true}]}}