{"id":6353,"date":"2025-02-16T03:03:41","date_gmt":"2025-02-16T02:03:41","guid":{"rendered":"https:\/\/lanrel.eu\/?post_type=product&#038;p=6353"},"modified":"2025-02-24T09:48:41","modified_gmt":"2025-02-24T08:48:41","slug":"royal-canin-hairskin-care-karma-sucha-dla-kotow-doroslych-lsniaca-siersc-i-zdrowa-skora","status":"publish","type":"product","link":"https:\/\/www.lanrel.pl\/pl\/produkt\/royal-canin-hairskin-care-karma-sucha-dla-kotow-doroslych-lsniaca-siersc-i-zdrowa-skora\/","title":{"rendered":"ROYAL CANIN\u00ae Hair&#038;Skin Care karma sucha dla kot\u00f3w doros\u0142ych, l\u015bni\u0105ca sier\u015b\u0107 i zdrowa sk\u00f3ra"},"content":{"rendered":"<div style=\"width: 1170px;\" class=\"wp-video\"><!--[if lt IE 9]><script>document.createElement('video');<\/script><![endif]-->\n<video class=\"wp-video-shortcode\" id=\"video-6353-1\" width=\"1170\" height=\"658\" preload=\"metadata\" controls=\"controls\"><source type=\"video\/mp4\" src=\"http:\/\/lanrel.eu\/wp-content\/uploads\/2025\/02\/hair__skin-1080p.mp4?_=1\" \/><a href=\"http:\/\/lanrel.eu\/wp-content\/uploads\/2025\/02\/hair__skin-1080p.mp4\">http:\/\/lanrel.eu\/wp-content\/uploads\/2025\/02\/hair__skin-1080p.mp4<\/a><\/video><\/div>\n<p>&nbsp;<\/p>\n<p>Dieta kota odgrywa istotn\u0105 rol\u0119 w jego \u017cyciu. Linia karm ROYAL CANIN\u00ae Feline Care Nutrition opracowana zosta\u0142a specjalnie po to, aby wspiera\u0107 koty o szczeg\u00f3lnych wra\u017cliwo\u015bciach.<\/p>\n<p>Wygl\u0105d sier\u015bci i sk\u00f3ry kota \u015bwiadcz\u0105 o og\u00f3lnym stanie jego zdrowia. U zdrowych kot\u00f3w sier\u015b\u0107 jest l\u015bni\u0105ca i g\u0142adka. Zbyt intensywna piel\u0119gnacja czy drapanie mog\u0105 prowadzi\u0107 do uszkodzenia i zaburze\u0144 w funkcjonowaniu warstwy ochronnej sk\u00f3ry.<\/p>\n<p>Karma ROYAL CANIN\u00ae Hair &amp; Skin Care to pe\u0142noporcjowa, zbilansowana karma, opracowana po to, aby wspiera\u0107 zdrowie i po\u0142ysk sier\u015bci.<\/p>\n<p>Receptura zawieraj\u0105ca kwasy t\u0142uszczowe omega- 3 i omega- 6 (w tym GLA, EPA i DHA) pomaga wspiera\u0107 i od\u017cywia\u0107 sk\u00f3r\u0119 kota.<\/p>\n<p>Karma zawiera tak\u017ce kompleks wsp\u00f3\u0142dzia\u0142aj\u0105cych witamin, kt\u00f3ry pomaga wzmocni\u0107 funkcj\u0119 barierow\u0105 sk\u00f3ry, kt\u00f3ra chroni j\u0105 przed szkodliwymi czynnikami \u015brodowiskowymi.<\/p>\n<p>Receptura karmy charakteryzuje si\u0119 odpowiednim poziomem minera\u0142\u00f3w tak, aby wspiera\u0107 zdrowie dr\u00f3g moczowych kota.<\/p>\n<p>ROYAL CANIN\u00ae Hair &amp; Skin Care to karma o potwierdzonej skuteczno\u015bci. Nasze badania<sup>*<\/sup> wykaza\u0142y, \u017ce ponad 90% opiekun\u00f3w zaobserwowa\u0142o popraw\u0119 wygl\u0105du sk\u00f3ry i sier\u015bci kota w ci\u0105gu zaledwie 3 tygodni stosowania karmy.<\/p>\n<p>Karma ROYAL CANIN\u00ae Hair &amp; Skin Care dost\u0119pna jest tak\u017ce w postaci mokrej o trzech r\u00f3\u017cnych teksturach: plasterki w sosie, plasterki w galaretce i pasztet. Karmienie mieszane karm\u0105 mokr\u0105 i such\u0105 jest preferowane przez wiele kot\u00f3w. Karma sucha wp\u0142ywa korzystnie na higien\u0119 jamy ustnej i jest \u0142atwa do przechowywania, podczas gdy karma mokra sprzyja prawid\u0142owemu nawodnieniu organizmu i zdrowiu dr\u00f3g moczowych.<\/p>\n<p>Wszystkie karmy firmy ROYAL CANIN\u00ae podlegaj\u0105 szczeg\u00f3\u0142owym procesom kontroli jako\u015bci, aby zagwarantowa\u0107 najwy\u017csz\u0105 jako\u015b\u0107 produktu. Karma ROYAL CANIN\u00ae Hair &amp; Skin Care to karma pe\u0142noporcjowa i zbilansowana.<\/p>\n<p><sup>*<\/sup><em>Badania w\u0142asne Royal Canin<\/em><\/p>\n<p><strong>Features &amp; Benefits:<\/strong><\/p>\n<ul>\n<li>Pomaga wspiera\u0107 zdrowie sk\u00f3ry i po\u0142ysk sier\u015bci<\/li>\n<li>Udodowdniona skuteczno\u015b\u0107<\/li>\n<\/ul>\n<h3>WARTO\u015aCI OD\u017bYWCZE<\/h3>\n<p><strong>SK\u0141AD: <\/strong><\/p>\n<p>suszone bia\u0142ko drobiowe, t\u0142uszcze zwierz\u0119ce, gluten pszenny*, ry\u017c, w\u0142\u00f3kno ro\u015blinne, kukurydza, hydrolizowane bia\u0142ka zwierz\u0119ce, pszenica, produkty dro\u017cd\u017cy, m\u0105ka kukurydziana, gluten kukurydziany, minera\u0142y, wys\u0142odki buraczane, olej sojowy, olej z ryb, olej z og\u00f3recznika.<\/p>\n<p>*L.I.P.: bia\u0142ko wyselekcjonowane ze wzgl\u0119du na bardzo wysok\u0105 strawno\u015b\u0107.<\/p>\n<p><strong>DODATKI (na 1 kg karmy): <\/strong><\/p>\n<p>Dodatki dietetyczne: Witamina A: 31500 UI, Witamina D3: 800 UI, \u017belazo (3b103): 28 mg, Jod (3b201, 3b202): 2,8 mg, Mied\u017a (3b405, 3b406): 9 mg, Mangan (3b502, 3b504): 37 mg, Cynk (3b603, 3b605, 3b606): 131 mg, Selen (3b801, 3b811, 3b812): 0,04 mg &#8211; Przeciwutleniacze.<\/p>\n<p><strong>SK\u0141ADNIKI ANALITYCZNE: <\/strong><\/p>\n<p>Bia\u0142ko surowe: 33,0% &#8211; Oleje i t\u0142uszcze surowe: 22,0% &#8211; Popi\u00f3\u0142 surowy: 6,9% &#8211; W\u0142\u00f3kno surowe: 4,9% &#8211; Kwasy t\u0142uszczowe omega-3: 1,03% &#8211; EPA\/DHA: 0,38% &#8211; Kwasy t\u0142uszczowe omega-6: 5,31% &#8211; Kwas gammalinolenowy (GLA): 0,05%.<\/p>\n<p><strong>SPOS\u00d3B U\u017bYCIA: <\/strong><\/p>\n<p>patrz tabela.<\/p>","protected":false},"excerpt":{"rendered":"<p>Karma dla kota poprawiaj\u0105ca wygl\u0105d sier\u015bci i zdrowie sk\u00f3ry.<\/p>\n<p>Marka: Royal Canin<\/p>\n<p>Faza \u017cycia: Doros\u0142y<\/p>\n<p>Specjalne wymagania:Sk\u00f3ra i sier\u015b\u0107<\/p>","protected":false},"featured_media":6363,"comment_status":"open","ping_status":"closed","template":"","meta":{"om_disable_all_campaigns":false,"inline_featured_image":false},"product_brand":[],"product_cat":[42,90,94],"product_tag":[],"class_list":{"0":"post-6353","1":"product","2":"type-product","3":"status-publish","4":"has-post-thumbnail","6":"product_cat-cat-food","7":"product_cat-royal-canin","8":"product_cat-szczegolne-potrzeby-kotow","10":"first","11":"outofstock","12":"taxable","13":"shipping-taxable","14":"product-type-variable","15":"has-default-attributes"},"_links":{"self":[{"href":"https:\/\/www.lanrel.pl\/pl\/wp-json\/wp\/v2\/product\/6353","targetHints":{"allow":["GET"]}}],"collection":[{"href":"https:\/\/www.lanrel.pl\/pl\/wp-json\/wp\/v2\/product"}],"about":[{"href":"https:\/\/www.lanrel.pl\/pl\/wp-json\/wp\/v2\/types\/product"}],"replies":[{"embeddable":true,"href":"https:\/\/www.lanrel.pl\/pl\/wp-json\/wp\/v2\/comments?post=6353"}],"wp:featuredmedia":[{"embeddable":true,"href":"https:\/\/www.lanrel.pl\/pl\/wp-json\/wp\/v2\/media\/6363"}],"wp:attachment":[{"href":"https:\/\/www.lanrel.pl\/pl\/wp-json\/wp\/v2\/media?parent=6353"}],"wp:term":[{"taxonomy":"product_brand","embeddable":true,"href":"https:\/\/www.lanrel.pl\/pl\/wp-json\/wp\/v2\/product_brand?post=6353"},{"taxonomy":"product_cat","embeddable":true,"href":"https:\/\/www.lanrel.pl\/pl\/wp-json\/wp\/v2\/product_cat?post=6353"},{"taxonomy":"product_tag","embeddable":true,"href":"https:\/\/www.lanrel.pl\/pl\/wp-json\/wp\/v2\/product_tag?post=6353"}],"curies":[{"name":"wp","href":"https:\/\/api.w.org\/{rel}","templated":true}]}}