{"id":6326,"date":"2025-02-15T04:00:15","date_gmt":"2025-02-15T03:00:15","guid":{"rendered":"https:\/\/lanrel.eu\/?post_type=product&#038;p=6326"},"modified":"2025-02-24T09:49:36","modified_gmt":"2025-02-24T08:49:36","slug":"royal-canin-digestive-care-karma-sucha-dla-kotow-doroslych-wspierajaca-prawidlowe-trawienie","status":"publish","type":"product","link":"https:\/\/www.lanrel.pl\/pl\/produkt\/royal-canin-digestive-care-karma-sucha-dla-kotow-doroslych-wspierajaca-prawidlowe-trawienie\/","title":{"rendered":"ROYAL CANIN\u00ae Digestive Care karma sucha dla kot\u00f3w doros\u0142ych wspieraj\u0105ca prawid\u0142owe trawienie"},"content":{"rendered":"<p><img fetchpriority=\"high\" decoding=\"async\" class=\"alignnone size-full wp-image-6338\" src=\"http:\/\/lanrel.eu\/wp-content\/uploads\/2025\/02\/FCN-Digestive-Care-DRY-1.png\" alt=\"\" width=\"2560\" height=\"931\" srcset=\"https:\/\/www.lanrel.pl\/wp-content\/uploads\/2025\/02\/FCN-Digestive-Care-DRY-1.png 2560w, https:\/\/www.lanrel.pl\/wp-content\/uploads\/2025\/02\/FCN-Digestive-Care-DRY-1-300x109.png 300w, https:\/\/www.lanrel.pl\/wp-content\/uploads\/2025\/02\/FCN-Digestive-Care-DRY-1-1024x372.png 1024w, https:\/\/www.lanrel.pl\/wp-content\/uploads\/2025\/02\/FCN-Digestive-Care-DRY-1-768x279.png 768w, https:\/\/www.lanrel.pl\/wp-content\/uploads\/2025\/02\/FCN-Digestive-Care-DRY-1-1536x559.png 1536w, https:\/\/www.lanrel.pl\/wp-content\/uploads\/2025\/02\/FCN-Digestive-Care-DRY-1-2048x745.png 2048w, https:\/\/www.lanrel.pl\/wp-content\/uploads\/2025\/02\/FCN-Digestive-Care-DRY-1-18x7.png 18w, https:\/\/www.lanrel.pl\/wp-content\/uploads\/2025\/02\/FCN-Digestive-Care-DRY-1-600x218.png 600w\" sizes=\"(max-width: 2560px) 100vw, 2560px\" \/> <img decoding=\"async\" class=\"alignnone size-full wp-image-6339\" src=\"http:\/\/lanrel.eu\/wp-content\/uploads\/2025\/02\/FCN-Digestive-Care-DRY-2.png\" alt=\"\" width=\"2560\" height=\"804\" srcset=\"https:\/\/www.lanrel.pl\/wp-content\/uploads\/2025\/02\/FCN-Digestive-Care-DRY-2.png 2560w, https:\/\/www.lanrel.pl\/wp-content\/uploads\/2025\/02\/FCN-Digestive-Care-DRY-2-300x94.png 300w, https:\/\/www.lanrel.pl\/wp-content\/uploads\/2025\/02\/FCN-Digestive-Care-DRY-2-1024x322.png 1024w, https:\/\/www.lanrel.pl\/wp-content\/uploads\/2025\/02\/FCN-Digestive-Care-DRY-2-768x241.png 768w, https:\/\/www.lanrel.pl\/wp-content\/uploads\/2025\/02\/FCN-Digestive-Care-DRY-2-1536x482.png 1536w, https:\/\/www.lanrel.pl\/wp-content\/uploads\/2025\/02\/FCN-Digestive-Care-DRY-2-2048x643.png 2048w, https:\/\/www.lanrel.pl\/wp-content\/uploads\/2025\/02\/FCN-Digestive-Care-DRY-2-18x6.png 18w, https:\/\/www.lanrel.pl\/wp-content\/uploads\/2025\/02\/FCN-Digestive-Care-DRY-2-600x188.png 600w\" sizes=\"(max-width: 2560px) 100vw, 2560px\" \/><img decoding=\"async\" class=\"alignnone size-full wp-image-6341\" src=\"http:\/\/lanrel.eu\/wp-content\/uploads\/2025\/02\/FCN-Digestive-Care-DRY-4.png\" alt=\"\" width=\"2560\" height=\"1095\" srcset=\"https:\/\/www.lanrel.pl\/wp-content\/uploads\/2025\/02\/FCN-Digestive-Care-DRY-4.png 2560w, https:\/\/www.lanrel.pl\/wp-content\/uploads\/2025\/02\/FCN-Digestive-Care-DRY-4-300x128.png 300w, https:\/\/www.lanrel.pl\/wp-content\/uploads\/2025\/02\/FCN-Digestive-Care-DRY-4-1024x438.png 1024w, https:\/\/www.lanrel.pl\/wp-content\/uploads\/2025\/02\/FCN-Digestive-Care-DRY-4-768x329.png 768w, https:\/\/www.lanrel.pl\/wp-content\/uploads\/2025\/02\/FCN-Digestive-Care-DRY-4-1536x657.png 1536w, https:\/\/www.lanrel.pl\/wp-content\/uploads\/2025\/02\/FCN-Digestive-Care-DRY-4-2048x876.png 2048w, https:\/\/www.lanrel.pl\/wp-content\/uploads\/2025\/02\/FCN-Digestive-Care-DRY-4-18x8.png 18w, https:\/\/www.lanrel.pl\/wp-content\/uploads\/2025\/02\/FCN-Digestive-Care-DRY-4-600x257.png 600w\" sizes=\"(max-width: 2560px) 100vw, 2560px\" \/><\/p>\n<div style=\"width: 1170px;\" class=\"wp-video\"><!--[if lt IE 9]><script>document.createElement('video');<\/script><![endif]-->\n<video class=\"wp-video-shortcode\" id=\"video-6326-1\" width=\"1170\" height=\"658\" preload=\"metadata\" controls=\"controls\"><source type=\"video\/mp4\" src=\"http:\/\/lanrel.eu\/wp-content\/uploads\/2025\/02\/digestive-1080p.mp4?_=1\" \/><a href=\"http:\/\/lanrel.eu\/wp-content\/uploads\/2025\/02\/digestive-1080p.mp4\">http:\/\/lanrel.eu\/wp-content\/uploads\/2025\/02\/digestive-1080p.mp4<\/a><\/video><\/div>\n<p><img loading=\"lazy\" decoding=\"async\" class=\"alignnone size-full wp-image-6342\" src=\"http:\/\/lanrel.eu\/wp-content\/uploads\/2025\/02\/FCN-Digestive-Care-DRY-5.png\" alt=\"\" width=\"2560\" height=\"785\" srcset=\"https:\/\/www.lanrel.pl\/wp-content\/uploads\/2025\/02\/FCN-Digestive-Care-DRY-5.png 2560w, https:\/\/www.lanrel.pl\/wp-content\/uploads\/2025\/02\/FCN-Digestive-Care-DRY-5-300x92.png 300w, https:\/\/www.lanrel.pl\/wp-content\/uploads\/2025\/02\/FCN-Digestive-Care-DRY-5-1024x314.png 1024w, https:\/\/www.lanrel.pl\/wp-content\/uploads\/2025\/02\/FCN-Digestive-Care-DRY-5-768x236.png 768w, https:\/\/www.lanrel.pl\/wp-content\/uploads\/2025\/02\/FCN-Digestive-Care-DRY-5-1536x471.png 1536w, https:\/\/www.lanrel.pl\/wp-content\/uploads\/2025\/02\/FCN-Digestive-Care-DRY-5-2048x628.png 2048w, https:\/\/www.lanrel.pl\/wp-content\/uploads\/2025\/02\/FCN-Digestive-Care-DRY-5-18x6.png 18w, https:\/\/www.lanrel.pl\/wp-content\/uploads\/2025\/02\/FCN-Digestive-Care-DRY-5-600x184.png 600w\" sizes=\"(max-width: 2560px) 100vw, 2560px\" \/> <img loading=\"lazy\" decoding=\"async\" class=\"alignnone size-full wp-image-6343\" src=\"http:\/\/lanrel.eu\/wp-content\/uploads\/2025\/02\/FCN-Digestive-Care-DRY-6.png\" alt=\"\" width=\"2560\" height=\"1454\" srcset=\"https:\/\/www.lanrel.pl\/wp-content\/uploads\/2025\/02\/FCN-Digestive-Care-DRY-6.png 2560w, https:\/\/www.lanrel.pl\/wp-content\/uploads\/2025\/02\/FCN-Digestive-Care-DRY-6-300x170.png 300w, https:\/\/www.lanrel.pl\/wp-content\/uploads\/2025\/02\/FCN-Digestive-Care-DRY-6-1024x582.png 1024w, https:\/\/www.lanrel.pl\/wp-content\/uploads\/2025\/02\/FCN-Digestive-Care-DRY-6-768x436.png 768w, https:\/\/www.lanrel.pl\/wp-content\/uploads\/2025\/02\/FCN-Digestive-Care-DRY-6-1536x872.png 1536w, https:\/\/www.lanrel.pl\/wp-content\/uploads\/2025\/02\/FCN-Digestive-Care-DRY-6-2048x1163.png 2048w, https:\/\/www.lanrel.pl\/wp-content\/uploads\/2025\/02\/FCN-Digestive-Care-DRY-6-18x10.png 18w, https:\/\/www.lanrel.pl\/wp-content\/uploads\/2025\/02\/FCN-Digestive-Care-DRY-6-600x341.png 600w\" sizes=\"(max-width: 2560px) 100vw, 2560px\" \/> <img loading=\"lazy\" decoding=\"async\" class=\"alignnone size-full wp-image-6344\" src=\"http:\/\/lanrel.eu\/wp-content\/uploads\/2025\/02\/FCN-Digestive-Care-DRY-7.png\" alt=\"\" width=\"2560\" height=\"1392\" srcset=\"https:\/\/www.lanrel.pl\/wp-content\/uploads\/2025\/02\/FCN-Digestive-Care-DRY-7.png 2560w, https:\/\/www.lanrel.pl\/wp-content\/uploads\/2025\/02\/FCN-Digestive-Care-DRY-7-300x163.png 300w, https:\/\/www.lanrel.pl\/wp-content\/uploads\/2025\/02\/FCN-Digestive-Care-DRY-7-1024x557.png 1024w, https:\/\/www.lanrel.pl\/wp-content\/uploads\/2025\/02\/FCN-Digestive-Care-DRY-7-768x418.png 768w, https:\/\/www.lanrel.pl\/wp-content\/uploads\/2025\/02\/FCN-Digestive-Care-DRY-7-1536x835.png 1536w, https:\/\/www.lanrel.pl\/wp-content\/uploads\/2025\/02\/FCN-Digestive-Care-DRY-7-2048x1114.png 2048w, https:\/\/www.lanrel.pl\/wp-content\/uploads\/2025\/02\/FCN-Digestive-Care-DRY-7-18x10.png 18w, https:\/\/www.lanrel.pl\/wp-content\/uploads\/2025\/02\/FCN-Digestive-Care-DRY-7-600x326.png 600w\" sizes=\"(max-width: 2560px) 100vw, 2560px\" \/> <img loading=\"lazy\" decoding=\"async\" class=\"alignnone size-full wp-image-6345\" src=\"http:\/\/lanrel.eu\/wp-content\/uploads\/2025\/02\/FCN-Digestive-Care-DRY-8.png\" alt=\"\" width=\"2560\" height=\"1377\" srcset=\"https:\/\/www.lanrel.pl\/wp-content\/uploads\/2025\/02\/FCN-Digestive-Care-DRY-8.png 2560w, https:\/\/www.lanrel.pl\/wp-content\/uploads\/2025\/02\/FCN-Digestive-Care-DRY-8-300x161.png 300w, https:\/\/www.lanrel.pl\/wp-content\/uploads\/2025\/02\/FCN-Digestive-Care-DRY-8-1024x551.png 1024w, https:\/\/www.lanrel.pl\/wp-content\/uploads\/2025\/02\/FCN-Digestive-Care-DRY-8-768x413.png 768w, https:\/\/www.lanrel.pl\/wp-content\/uploads\/2025\/02\/FCN-Digestive-Care-DRY-8-1536x826.png 1536w, https:\/\/www.lanrel.pl\/wp-content\/uploads\/2025\/02\/FCN-Digestive-Care-DRY-8-2048x1102.png 2048w, https:\/\/www.lanrel.pl\/wp-content\/uploads\/2025\/02\/FCN-Digestive-Care-DRY-8-18x10.png 18w, https:\/\/www.lanrel.pl\/wp-content\/uploads\/2025\/02\/FCN-Digestive-Care-DRY-8-600x323.png 600w\" sizes=\"(max-width: 2560px) 100vw, 2560px\" \/> <img loading=\"lazy\" decoding=\"async\" class=\"alignnone size-full wp-image-6346\" src=\"http:\/\/lanrel.eu\/wp-content\/uploads\/2025\/02\/FCN-Digestive-Care-DRY-9.png\" alt=\"\" width=\"2560\" height=\"1660\" srcset=\"https:\/\/www.lanrel.pl\/wp-content\/uploads\/2025\/02\/FCN-Digestive-Care-DRY-9.png 2560w, https:\/\/www.lanrel.pl\/wp-content\/uploads\/2025\/02\/FCN-Digestive-Care-DRY-9-300x195.png 300w, https:\/\/www.lanrel.pl\/wp-content\/uploads\/2025\/02\/FCN-Digestive-Care-DRY-9-1024x664.png 1024w, https:\/\/www.lanrel.pl\/wp-content\/uploads\/2025\/02\/FCN-Digestive-Care-DRY-9-768x498.png 768w, https:\/\/www.lanrel.pl\/wp-content\/uploads\/2025\/02\/FCN-Digestive-Care-DRY-9-1536x996.png 1536w, https:\/\/www.lanrel.pl\/wp-content\/uploads\/2025\/02\/FCN-Digestive-Care-DRY-9-2048x1328.png 2048w, https:\/\/www.lanrel.pl\/wp-content\/uploads\/2025\/02\/FCN-Digestive-Care-DRY-9-18x12.png 18w, https:\/\/www.lanrel.pl\/wp-content\/uploads\/2025\/02\/FCN-Digestive-Care-DRY-9-600x389.png 600w\" sizes=\"(max-width: 2560px) 100vw, 2560px\" \/><\/p>\n<p>Karma ROYAL CANIN\u00ae Digestive Care to pe\u0142noporcjowa, zbilansowana karma, opracowana po to, aby wspiera\u0107 prawid\u0142owe trawienie.<\/p>\n<p>Receptura zawieraj\u0105ca wysokostrawne bia\u0142ka (L.I.P.) oraz odpowiedni\u0105 kombinacj\u0119 prebiotyk\u00f3w i w\u0142\u00f3kna (w tym psyllium), wp\u0142ywa korzystnie na jako\u015b\u0107 ka\u0142u.<\/p>\n<p>ROYAL CANIN\u00ae Digestive Care to karma o potwierdzonej skuteczno\u015bci. Nasze badania<sup>*<\/sup> wykaza\u0142y, \u017ce karma pomaga poprawi\u0107 jako\u015b\u0107 ka\u0142u u kot\u00f3w w 95% w ci\u0105gu zaledwie 10 dni stosowania.<\/p>\n<p>Karma ROYAL CANIN\u00ae Digestive Care dost\u0119pna jest tak\u017ce w postaci mokrej o dw\u00f3ch r\u00f3\u017cnych teksturach: plasterki w sosie i pasztet. Karmienie mieszane karm\u0105 mokr\u0105 i such\u0105 jest preferowane przez wiele kot\u00f3w.<\/p>\n<p><sup>*<\/sup><em>Badania w\u0142asne Royal Canin <\/em><\/p>\n<p><strong>Features &amp; Benefits:<\/strong><\/p>\n<ul>\n<li>Pomaga wspiera\u0107 prawid\u0142owe trawienie<\/li>\n<li>Zawiera wysokostrawne bia\u0142ka, prebiotyki (FOS) i w\u0142\u00f3kno pokarmowe<\/li>\n<li>Wspiera r\u00f3wnowag\u0119 flory bakteryjnej jelit i wp\u0142ywa korzystnie na jako\u015b\u0107 ka\u0142u<\/li>\n<li>Udowodniona skuteczno\u015b\u0107<\/li>\n<\/ul>\n<h3>WARTO\u015aCI OD\u017bYWCZE<\/h3>\n<p><strong>SK\u0141AD: <\/strong><\/p>\n<p>gluten pszenny*, suszone bia\u0142ko drobiowe, m\u0105ka pszenna, ry\u017c, t\u0142uszcze zwierz\u0119ce, gluten kukurydziany, suszone ryby, hydrolizowane bia\u0142ka zwierz\u0119ce, m\u0105ka kukurydziana, w\u0142\u00f3kno ro\u015blinne, minera\u0142y, pulpa z cykorii, olej sojowy, olej z ryb, \u0142uski i nasiona psyllium (0,50%), fruktooligosacharydy (0,47%), hydrolizowane dro\u017cd\u017ce (\u017ar\u00f3d\u0142o mannooligosacharyd\u00f3w).<\/p>\n<p>*L.I.P.: bia\u0142ko wyselekcjonowane ze wzgl\u0119du na bardzo wysok\u0105 strawno\u015b\u0107.<\/p>\n<p><strong>DODATKI (na 1 kg karmy): <\/strong><\/p>\n<p>Dodatki dietetyczne: Witamina A: 12500 UI, Witamina D3: 700 UI, \u017belazo (3b103): 34 mg, Jod (3b201, 3b202): 3,4 mg, Mied\u017a (3b405, 3b406): 10 mg, Mangan (3b502, 3b504): 44 mg, Cynk (3b603, 3b605, 3b606): 126 mg, Selen (3b801, 3b811, 3b812): 0,05 mg &#8211; Dodatki technologiczne: Klinoptylolit pochodzenia osadowego: 10 g &#8211; Przeciwutleniacze.<\/p>\n<p><strong>SK\u0141ADNIKI ANALITYCZNE: <\/strong><\/p>\n<p>Bia\u0142ko surowe: 38,0% &#8211; Oleje i t\u0142uszcze surowe: 15,0% &#8211; Popi\u00f3\u0142 surowy: 8,2% &#8211; W\u0142\u00f3kno surowe: 3,3%.<\/p>\n<p><strong>SPOS\u00d3B U\u017bYCIA: <\/strong><\/p>\n<p>patrz tabela.<\/p>\n<p>&nbsp;<\/p>","protected":false},"excerpt":{"rendered":"<p>Karma sucha dla doros\u0142ych kot\u00f3w z zaburzeniami pokarmowymi oraz trawiennymi.<\/p>\n<p>Marka: Royal Canin<\/p>\n<p>Faza \u017cycia: Doros\u0142y<\/p>\n<p>Specjalne wymagania: Wra\u017cliwy przew\u00f3d pokarmowy<\/p>","protected":false},"featured_media":6336,"comment_status":"open","ping_status":"closed","template":"","meta":{"om_disable_all_campaigns":false,"inline_featured_image":false},"product_brand":[],"product_cat":[42,90,94],"product_tag":[],"class_list":{"0":"post-6326","1":"product","2":"type-product","3":"status-publish","4":"has-post-thumbnail","6":"product_cat-cat-food","7":"product_cat-royal-canin","8":"product_cat-szczegolne-potrzeby-kotow","10":"first","11":"outofstock","12":"taxable","13":"shipping-taxable","14":"product-type-variable"},"_links":{"self":[{"href":"https:\/\/www.lanrel.pl\/pl\/wp-json\/wp\/v2\/product\/6326","targetHints":{"allow":["GET"]}}],"collection":[{"href":"https:\/\/www.lanrel.pl\/pl\/wp-json\/wp\/v2\/product"}],"about":[{"href":"https:\/\/www.lanrel.pl\/pl\/wp-json\/wp\/v2\/types\/product"}],"replies":[{"embeddable":true,"href":"https:\/\/www.lanrel.pl\/pl\/wp-json\/wp\/v2\/comments?post=6326"}],"wp:featuredmedia":[{"embeddable":true,"href":"https:\/\/www.lanrel.pl\/pl\/wp-json\/wp\/v2\/media\/6336"}],"wp:attachment":[{"href":"https:\/\/www.lanrel.pl\/pl\/wp-json\/wp\/v2\/media?parent=6326"}],"wp:term":[{"taxonomy":"product_brand","embeddable":true,"href":"https:\/\/www.lanrel.pl\/pl\/wp-json\/wp\/v2\/product_brand?post=6326"},{"taxonomy":"product_cat","embeddable":true,"href":"https:\/\/www.lanrel.pl\/pl\/wp-json\/wp\/v2\/product_cat?post=6326"},{"taxonomy":"product_tag","embeddable":true,"href":"https:\/\/www.lanrel.pl\/pl\/wp-json\/wp\/v2\/product_tag?post=6326"}],"curies":[{"name":"wp","href":"https:\/\/api.w.org\/{rel}","templated":true}]}}