{"id":6302,"date":"2025-02-11T10:59:08","date_gmt":"2025-02-11T09:59:08","guid":{"rendered":"https:\/\/lanrel.eu\/?post_type=product&#038;p=6302"},"modified":"2025-02-24T09:50:18","modified_gmt":"2025-02-24T08:50:18","slug":"royal-canindental-care-karma-sucha-dla-kotow-doroslych","status":"publish","type":"product","link":"https:\/\/www.lanrel.pl\/pl\/produkt\/royal-canindental-care-karma-sucha-dla-kotow-doroslych\/","title":{"rendered":"ROYAL CANIN\u00aeDental Care karma sucha dla kot\u00f3w doros\u0142ych"},"content":{"rendered":"<p><img fetchpriority=\"high\" decoding=\"async\" class=\"alignnone size-full wp-image-6314\" src=\"http:\/\/lanrel.eu\/wp-content\/uploads\/2025\/02\/FCN-Dental-Care-DRY-1.png\" alt=\"\" width=\"2560\" height=\"931\" srcset=\"https:\/\/www.lanrel.pl\/wp-content\/uploads\/2025\/02\/FCN-Dental-Care-DRY-1.png 2560w, https:\/\/www.lanrel.pl\/wp-content\/uploads\/2025\/02\/FCN-Dental-Care-DRY-1-300x109.png 300w, https:\/\/www.lanrel.pl\/wp-content\/uploads\/2025\/02\/FCN-Dental-Care-DRY-1-1024x372.png 1024w, https:\/\/www.lanrel.pl\/wp-content\/uploads\/2025\/02\/FCN-Dental-Care-DRY-1-768x279.png 768w, https:\/\/www.lanrel.pl\/wp-content\/uploads\/2025\/02\/FCN-Dental-Care-DRY-1-1536x559.png 1536w, https:\/\/www.lanrel.pl\/wp-content\/uploads\/2025\/02\/FCN-Dental-Care-DRY-1-2048x745.png 2048w, https:\/\/www.lanrel.pl\/wp-content\/uploads\/2025\/02\/FCN-Dental-Care-DRY-1-18x7.png 18w, https:\/\/www.lanrel.pl\/wp-content\/uploads\/2025\/02\/FCN-Dental-Care-DRY-1-600x218.png 600w\" sizes=\"(max-width: 2560px) 100vw, 2560px\" \/><\/p>\n<p><img decoding=\"async\" class=\"alignnone size-full wp-image-6315\" src=\"http:\/\/lanrel.eu\/wp-content\/uploads\/2025\/02\/FCN-Dental-Care-DRY-2.png\" alt=\"\" width=\"2560\" height=\"798\" srcset=\"https:\/\/www.lanrel.pl\/wp-content\/uploads\/2025\/02\/FCN-Dental-Care-DRY-2.png 2560w, https:\/\/www.lanrel.pl\/wp-content\/uploads\/2025\/02\/FCN-Dental-Care-DRY-2-300x94.png 300w, https:\/\/www.lanrel.pl\/wp-content\/uploads\/2025\/02\/FCN-Dental-Care-DRY-2-1024x319.png 1024w, https:\/\/www.lanrel.pl\/wp-content\/uploads\/2025\/02\/FCN-Dental-Care-DRY-2-768x239.png 768w, https:\/\/www.lanrel.pl\/wp-content\/uploads\/2025\/02\/FCN-Dental-Care-DRY-2-1536x479.png 1536w, https:\/\/www.lanrel.pl\/wp-content\/uploads\/2025\/02\/FCN-Dental-Care-DRY-2-2048x638.png 2048w, https:\/\/www.lanrel.pl\/wp-content\/uploads\/2025\/02\/FCN-Dental-Care-DRY-2-18x6.png 18w, https:\/\/www.lanrel.pl\/wp-content\/uploads\/2025\/02\/FCN-Dental-Care-DRY-2-600x187.png 600w\" sizes=\"(max-width: 2560px) 100vw, 2560px\" \/><\/p>\n<div style=\"width: 1170px;\" class=\"wp-video\"><!--[if lt IE 9]><script>document.createElement('video');<\/script><![endif]-->\n<video class=\"wp-video-shortcode\" id=\"video-6302-1\" width=\"1170\" height=\"658\" preload=\"metadata\" controls=\"controls\"><source type=\"video\/mp4\" src=\"http:\/\/lanrel.eu\/wp-content\/uploads\/2025\/02\/dental-1080p.mp4?_=1\" \/><a href=\"http:\/\/lanrel.eu\/wp-content\/uploads\/2025\/02\/dental-1080p.mp4\">http:\/\/lanrel.eu\/wp-content\/uploads\/2025\/02\/dental-1080p.mp4<\/a><\/video><\/div>\n<p><img decoding=\"async\" class=\"alignnone size-full wp-image-6317\" src=\"http:\/\/lanrel.eu\/wp-content\/uploads\/2025\/02\/FCN-Dental-Care-DRY-4.png\" alt=\"\" width=\"2560\" height=\"1092\" srcset=\"https:\/\/www.lanrel.pl\/wp-content\/uploads\/2025\/02\/FCN-Dental-Care-DRY-4.png 2560w, https:\/\/www.lanrel.pl\/wp-content\/uploads\/2025\/02\/FCN-Dental-Care-DRY-4-300x128.png 300w, https:\/\/www.lanrel.pl\/wp-content\/uploads\/2025\/02\/FCN-Dental-Care-DRY-4-1024x437.png 1024w, https:\/\/www.lanrel.pl\/wp-content\/uploads\/2025\/02\/FCN-Dental-Care-DRY-4-768x328.png 768w, https:\/\/www.lanrel.pl\/wp-content\/uploads\/2025\/02\/FCN-Dental-Care-DRY-4-1536x655.png 1536w, https:\/\/www.lanrel.pl\/wp-content\/uploads\/2025\/02\/FCN-Dental-Care-DRY-4-2048x874.png 2048w, https:\/\/www.lanrel.pl\/wp-content\/uploads\/2025\/02\/FCN-Dental-Care-DRY-4-18x8.png 18w, https:\/\/www.lanrel.pl\/wp-content\/uploads\/2025\/02\/FCN-Dental-Care-DRY-4-600x256.png 600w\" sizes=\"(max-width: 2560px) 100vw, 2560px\" \/> <img loading=\"lazy\" decoding=\"async\" class=\"alignnone size-full wp-image-6318\" src=\"http:\/\/lanrel.eu\/wp-content\/uploads\/2025\/02\/FCN-Dental-Care-DRY-5.png\" alt=\"\" width=\"2560\" height=\"803\" srcset=\"https:\/\/www.lanrel.pl\/wp-content\/uploads\/2025\/02\/FCN-Dental-Care-DRY-5.png 2560w, https:\/\/www.lanrel.pl\/wp-content\/uploads\/2025\/02\/FCN-Dental-Care-DRY-5-300x94.png 300w, https:\/\/www.lanrel.pl\/wp-content\/uploads\/2025\/02\/FCN-Dental-Care-DRY-5-1024x321.png 1024w, https:\/\/www.lanrel.pl\/wp-content\/uploads\/2025\/02\/FCN-Dental-Care-DRY-5-768x241.png 768w, https:\/\/www.lanrel.pl\/wp-content\/uploads\/2025\/02\/FCN-Dental-Care-DRY-5-1536x482.png 1536w, https:\/\/www.lanrel.pl\/wp-content\/uploads\/2025\/02\/FCN-Dental-Care-DRY-5-2048x642.png 2048w, https:\/\/www.lanrel.pl\/wp-content\/uploads\/2025\/02\/FCN-Dental-Care-DRY-5-18x6.png 18w, https:\/\/www.lanrel.pl\/wp-content\/uploads\/2025\/02\/FCN-Dental-Care-DRY-5-600x188.png 600w\" sizes=\"(max-width: 2560px) 100vw, 2560px\" \/> <img loading=\"lazy\" decoding=\"async\" class=\"alignnone size-full wp-image-6319\" src=\"http:\/\/lanrel.eu\/wp-content\/uploads\/2025\/02\/FCN-Dental-Care-DRY-6.png\" alt=\"\" width=\"2560\" height=\"1255\" srcset=\"https:\/\/www.lanrel.pl\/wp-content\/uploads\/2025\/02\/FCN-Dental-Care-DRY-6.png 2560w, https:\/\/www.lanrel.pl\/wp-content\/uploads\/2025\/02\/FCN-Dental-Care-DRY-6-300x147.png 300w, https:\/\/www.lanrel.pl\/wp-content\/uploads\/2025\/02\/FCN-Dental-Care-DRY-6-1024x502.png 1024w, https:\/\/www.lanrel.pl\/wp-content\/uploads\/2025\/02\/FCN-Dental-Care-DRY-6-768x377.png 768w, https:\/\/www.lanrel.pl\/wp-content\/uploads\/2025\/02\/FCN-Dental-Care-DRY-6-1536x753.png 1536w, https:\/\/www.lanrel.pl\/wp-content\/uploads\/2025\/02\/FCN-Dental-Care-DRY-6-2048x1004.png 2048w, https:\/\/www.lanrel.pl\/wp-content\/uploads\/2025\/02\/FCN-Dental-Care-DRY-6-18x9.png 18w, https:\/\/www.lanrel.pl\/wp-content\/uploads\/2025\/02\/FCN-Dental-Care-DRY-6-600x294.png 600w\" sizes=\"(max-width: 2560px) 100vw, 2560px\" \/> <img loading=\"lazy\" decoding=\"async\" class=\"alignnone size-full wp-image-6320\" src=\"http:\/\/lanrel.eu\/wp-content\/uploads\/2025\/02\/FCN-Dental-Care-DRY-7.png\" alt=\"\" width=\"2560\" height=\"1376\" srcset=\"https:\/\/www.lanrel.pl\/wp-content\/uploads\/2025\/02\/FCN-Dental-Care-DRY-7.png 2560w, https:\/\/www.lanrel.pl\/wp-content\/uploads\/2025\/02\/FCN-Dental-Care-DRY-7-300x161.png 300w, https:\/\/www.lanrel.pl\/wp-content\/uploads\/2025\/02\/FCN-Dental-Care-DRY-7-1024x550.png 1024w, https:\/\/www.lanrel.pl\/wp-content\/uploads\/2025\/02\/FCN-Dental-Care-DRY-7-768x413.png 768w, https:\/\/www.lanrel.pl\/wp-content\/uploads\/2025\/02\/FCN-Dental-Care-DRY-7-1536x826.png 1536w, https:\/\/www.lanrel.pl\/wp-content\/uploads\/2025\/02\/FCN-Dental-Care-DRY-7-2048x1101.png 2048w, https:\/\/www.lanrel.pl\/wp-content\/uploads\/2025\/02\/FCN-Dental-Care-DRY-7-18x10.png 18w, https:\/\/www.lanrel.pl\/wp-content\/uploads\/2025\/02\/FCN-Dental-Care-DRY-7-600x323.png 600w\" sizes=\"(max-width: 2560px) 100vw, 2560px\" \/> <img loading=\"lazy\" decoding=\"async\" class=\"alignnone size-full wp-image-6321\" src=\"http:\/\/lanrel.eu\/wp-content\/uploads\/2025\/02\/FCN-Dental-Care-DRY-8.png\" alt=\"\" width=\"2560\" height=\"1677\" srcset=\"https:\/\/www.lanrel.pl\/wp-content\/uploads\/2025\/02\/FCN-Dental-Care-DRY-8.png 2560w, https:\/\/www.lanrel.pl\/wp-content\/uploads\/2025\/02\/FCN-Dental-Care-DRY-8-300x197.png 300w, https:\/\/www.lanrel.pl\/wp-content\/uploads\/2025\/02\/FCN-Dental-Care-DRY-8-1024x671.png 1024w, https:\/\/www.lanrel.pl\/wp-content\/uploads\/2025\/02\/FCN-Dental-Care-DRY-8-768x503.png 768w, https:\/\/www.lanrel.pl\/wp-content\/uploads\/2025\/02\/FCN-Dental-Care-DRY-8-1536x1006.png 1536w, https:\/\/www.lanrel.pl\/wp-content\/uploads\/2025\/02\/FCN-Dental-Care-DRY-8-2048x1342.png 2048w, https:\/\/www.lanrel.pl\/wp-content\/uploads\/2025\/02\/FCN-Dental-Care-DRY-8-18x12.png 18w, https:\/\/www.lanrel.pl\/wp-content\/uploads\/2025\/02\/FCN-Dental-Care-DRY-8-600x393.png 600w\" sizes=\"(max-width: 2560px) 100vw, 2560px\" \/><\/p>\n<p>Karma ROYAL CANIN\u00ae Dental Care to pe\u0142noporcjowa, zbilansowana karma, opracowana po to, aby wspiera\u0107 utrzymanie zdrowia i higieny jamy ustnej kota.<\/p>\n<p>Sucha karma ROYAL CANIN\u00ae Dental Care wzbogacona zosta\u0142a w aktywne sk\u0142adniki, kt\u00f3re wi\u0105\u017c\u0105 wap\u0144 zawarty w \u015blinie, aby ograniczy\u0107 powstawanie kamienia naz\u0119bnego.<\/p>\n<p>Karma zawiera specjalnie opracowany krokiet, o unikalnej teksturze, kt\u00f3ry sprzyja mechanicznemu oczyszczaniu z\u0119b\u00f3w podczas jego rozgryzania. Taki efekt czyszczenia z\u0119b\u00f3w pomaga ograniczy\u0107 powstawanie p\u0142ytki i kamienia naz\u0119bnego w trakcie ka\u017cdego posi\u0142ku.<\/p>\n<p>ROYAL CANIN\u00ae Dental Care to karma o potwierdzonej skuteczno\u015bci. Nasze badania<sup>*<\/sup> wykaza\u0142y, \u017ce karma pomaga ograniczy\u0107 powstawanie kamienia naz\u0119bnego u kot\u00f3w do 59% w ci\u0105gu zaledwie 28 dni stosowania.<\/p>\n<p><sup>*<\/sup><em>Badania w\u0142asne Royal Canin<\/em><\/p>\n<p><strong>Cechy i korzy\u015bci <\/strong><\/p>\n<ul>\n<li>Aktywne sk\u0142adniki, kt\u00f3re pomagaj\u0105 zapobiega\u0107 powstawaniu kamienia naz\u0119bnego<\/li>\n<li>Specjalnie opracowany krokiet o unikalnym dzia\u0142aniu czyszcz\u0105cym z\u0119by<\/li>\n<li>Udowodniona skuteczno\u015b\u0107<\/li>\n<\/ul>\n<h3>WARTO\u015aCI OD\u017bYWCZE<\/h3>\n<p><strong>SK\u0141AD: <\/strong><\/p>\n<p>suszone bia\u0142ko drobiowe, ry\u017c, gluten pszenny*, t\u0142uszcze zwierz\u0119ce, kukurydza, m\u0105ka kukurydziana, w\u0142\u00f3kno ro\u015blinne, hydrolizowane bia\u0142ka zwierz\u0119ce, pszenica, gluten kukurydziany, minera\u0142y (w tym tr\u00f3jfosforan pi\u0119ciosodowy (0,2%)), wys\u0142odki buraczane, olej z ryb, olej sojowy, fruktooligosacharydy, \u0142uski i nasiona psyllium.<\/p>\n<p>*L.I.P.: bia\u0142ko wyselekcjonowane ze wzgl\u0119du na bardzo wysok\u0105 strawno\u015b\u0107.<\/p>\n<p><strong>DODATKI (na 1 kg karmy): <\/strong><\/p>\n<p>Dodatki dietetyczne: Witamina A: 14000 UI, Witamina D3: 700 UI, \u017belazo (3b103): 35 mg, Jod (3b201, 3b202): 3,5 mg, Mied\u017a (3b405, 3b406): 11 mg, Mangan (3b502, 3b504): 45 mg, Cynk (3b603, 3b605, 3b606): 133 mg, Selen (3b801, 3b811, 3b812): 0,06 mg &#8211; Przeciwutleniacze.<\/p>\n<p><strong>SK\u0141ADNIKI ANALITYCZNE: <\/strong><\/p>\n<p>Bia\u0142ko surowe: 30,0% &#8211; Oleje i t\u0142uszcze surowe: 15,0% &#8211; Popi\u00f3\u0142 surowy: 7,1% &#8211; W\u0142\u00f3kno surowe: 5,3%.<\/p>\n<p><strong>SPOS\u00d3B U\u017bYCIA: <\/strong><\/p>\n<p>patrz tabela.<\/p>\n<p>&nbsp;<\/p>\n<p>&nbsp;<\/p>","protected":false},"excerpt":{"rendered":"<p>Karma sucha dla doros\u0142ych kot\u00f3w od 1 do 10 roku \u017cycia, Rozwi\u0105zanie zywieniowe wspomagaj\u0105ce redukcj\u0119 odk\u0142adania si\u0119 kamienia naz\u0119bnego.<\/p>\n<p>Marka: Royal Canin<\/p>\n<p>Faza \u017cycia: Doros\u0142y<\/p>\n<p>Specjalne wymagania: zdrowe z\u0119by<\/p>","protected":false},"featured_media":6311,"comment_status":"open","ping_status":"closed","template":"","meta":{"om_disable_all_campaigns":false,"inline_featured_image":false},"product_brand":[],"product_cat":[42,90,94],"product_tag":[],"class_list":{"0":"post-6302","1":"product","2":"type-product","3":"status-publish","4":"has-post-thumbnail","6":"product_cat-cat-food","7":"product_cat-royal-canin","8":"product_cat-szczegolne-potrzeby-kotow","10":"first","11":"outofstock","12":"taxable","13":"shipping-taxable","14":"product-type-variable","15":"has-default-attributes"},"_links":{"self":[{"href":"https:\/\/www.lanrel.pl\/pl\/wp-json\/wp\/v2\/product\/6302","targetHints":{"allow":["GET"]}}],"collection":[{"href":"https:\/\/www.lanrel.pl\/pl\/wp-json\/wp\/v2\/product"}],"about":[{"href":"https:\/\/www.lanrel.pl\/pl\/wp-json\/wp\/v2\/types\/product"}],"replies":[{"embeddable":true,"href":"https:\/\/www.lanrel.pl\/pl\/wp-json\/wp\/v2\/comments?post=6302"}],"wp:featuredmedia":[{"embeddable":true,"href":"https:\/\/www.lanrel.pl\/pl\/wp-json\/wp\/v2\/media\/6311"}],"wp:attachment":[{"href":"https:\/\/www.lanrel.pl\/pl\/wp-json\/wp\/v2\/media?parent=6302"}],"wp:term":[{"taxonomy":"product_brand","embeddable":true,"href":"https:\/\/www.lanrel.pl\/pl\/wp-json\/wp\/v2\/product_brand?post=6302"},{"taxonomy":"product_cat","embeddable":true,"href":"https:\/\/www.lanrel.pl\/pl\/wp-json\/wp\/v2\/product_cat?post=6302"},{"taxonomy":"product_tag","embeddable":true,"href":"https:\/\/www.lanrel.pl\/pl\/wp-json\/wp\/v2\/product_tag?post=6302"}],"curies":[{"name":"wp","href":"https:\/\/api.w.org\/{rel}","templated":true}]}}