{"id":6274,"date":"2025-02-11T09:16:45","date_gmt":"2025-02-11T08:16:45","guid":{"rendered":"https:\/\/lanrel.eu\/?post_type=product&#038;p=6274"},"modified":"2025-02-24T09:50:38","modified_gmt":"2025-02-24T08:50:38","slug":"royal-canin-appetite-control-sucha-karma-dla-doroslych-kotow-domagajacych-sie-jedzenia","status":"publish","type":"product","link":"https:\/\/www.lanrel.pl\/pl\/produkt\/royal-canin-appetite-control-sucha-karma-dla-doroslych-kotow-domagajacych-sie-jedzenia\/","title":{"rendered":"ROYAL CANIN\u00ae Appetite Control"},"content":{"rendered":"<div style=\"width: 1170px;\" class=\"wp-video\"><!--[if lt IE 9]><script>document.createElement('video');<\/script><![endif]-->\n<video class=\"wp-video-shortcode\" id=\"video-6274-1\" width=\"1170\" height=\"658\" preload=\"metadata\" controls=\"controls\"><source type=\"video\/mp4\" src=\"http:\/\/lanrel.eu\/wp-content\/uploads\/2025\/02\/apetite_control-1080p.mp4?_=1\" \/><a href=\"http:\/\/lanrel.eu\/wp-content\/uploads\/2025\/02\/apetite_control-1080p.mp4\">http:\/\/lanrel.eu\/wp-content\/uploads\/2025\/02\/apetite_control-1080p.mp4<\/a><\/video><\/div>\n<p><img fetchpriority=\"high\" decoding=\"async\" class=\"alignnone size-full wp-image-6287\" src=\"http:\/\/lanrel.eu\/wp-content\/uploads\/2025\/02\/FCN-Appetite-Control-Dry-1.png\" alt=\"\" width=\"2560\" height=\"920\" srcset=\"https:\/\/www.lanrel.pl\/wp-content\/uploads\/2025\/02\/FCN-Appetite-Control-Dry-1.png 2560w, https:\/\/www.lanrel.pl\/wp-content\/uploads\/2025\/02\/FCN-Appetite-Control-Dry-1-300x108.png 300w, https:\/\/www.lanrel.pl\/wp-content\/uploads\/2025\/02\/FCN-Appetite-Control-Dry-1-1024x368.png 1024w, https:\/\/www.lanrel.pl\/wp-content\/uploads\/2025\/02\/FCN-Appetite-Control-Dry-1-768x276.png 768w, https:\/\/www.lanrel.pl\/wp-content\/uploads\/2025\/02\/FCN-Appetite-Control-Dry-1-1536x552.png 1536w, https:\/\/www.lanrel.pl\/wp-content\/uploads\/2025\/02\/FCN-Appetite-Control-Dry-1-2048x736.png 2048w, https:\/\/www.lanrel.pl\/wp-content\/uploads\/2025\/02\/FCN-Appetite-Control-Dry-1-18x6.png 18w, https:\/\/www.lanrel.pl\/wp-content\/uploads\/2025\/02\/FCN-Appetite-Control-Dry-1-600x216.png 600w\" sizes=\"(max-width: 2560px) 100vw, 2560px\" \/> <img decoding=\"async\" class=\"alignnone size-full wp-image-6288\" src=\"http:\/\/lanrel.eu\/wp-content\/uploads\/2025\/02\/FCN-Appetite-Control-Dry-2.png\" alt=\"\" width=\"2560\" height=\"813\" srcset=\"https:\/\/www.lanrel.pl\/wp-content\/uploads\/2025\/02\/FCN-Appetite-Control-Dry-2.png 2560w, https:\/\/www.lanrel.pl\/wp-content\/uploads\/2025\/02\/FCN-Appetite-Control-Dry-2-300x95.png 300w, https:\/\/www.lanrel.pl\/wp-content\/uploads\/2025\/02\/FCN-Appetite-Control-Dry-2-1024x325.png 1024w, https:\/\/www.lanrel.pl\/wp-content\/uploads\/2025\/02\/FCN-Appetite-Control-Dry-2-768x244.png 768w, https:\/\/www.lanrel.pl\/wp-content\/uploads\/2025\/02\/FCN-Appetite-Control-Dry-2-1536x488.png 1536w, https:\/\/www.lanrel.pl\/wp-content\/uploads\/2025\/02\/FCN-Appetite-Control-Dry-2-2048x650.png 2048w, https:\/\/www.lanrel.pl\/wp-content\/uploads\/2025\/02\/FCN-Appetite-Control-Dry-2-18x6.png 18w, https:\/\/www.lanrel.pl\/wp-content\/uploads\/2025\/02\/FCN-Appetite-Control-Dry-2-600x191.png 600w\" sizes=\"(max-width: 2560px) 100vw, 2560px\" \/> <img decoding=\"async\" class=\"alignnone size-full wp-image-6289\" src=\"http:\/\/lanrel.eu\/wp-content\/uploads\/2025\/02\/FCN-Appetite-Control-Dry-3.png\" alt=\"\" width=\"2560\" height=\"1332\" srcset=\"https:\/\/www.lanrel.pl\/wp-content\/uploads\/2025\/02\/FCN-Appetite-Control-Dry-3.png 2560w, https:\/\/www.lanrel.pl\/wp-content\/uploads\/2025\/02\/FCN-Appetite-Control-Dry-3-300x156.png 300w, https:\/\/www.lanrel.pl\/wp-content\/uploads\/2025\/02\/FCN-Appetite-Control-Dry-3-1024x533.png 1024w, https:\/\/www.lanrel.pl\/wp-content\/uploads\/2025\/02\/FCN-Appetite-Control-Dry-3-768x400.png 768w, https:\/\/www.lanrel.pl\/wp-content\/uploads\/2025\/02\/FCN-Appetite-Control-Dry-3-1536x799.png 1536w, https:\/\/www.lanrel.pl\/wp-content\/uploads\/2025\/02\/FCN-Appetite-Control-Dry-3-2048x1066.png 2048w, https:\/\/www.lanrel.pl\/wp-content\/uploads\/2025\/02\/FCN-Appetite-Control-Dry-3-18x9.png 18w, https:\/\/www.lanrel.pl\/wp-content\/uploads\/2025\/02\/FCN-Appetite-Control-Dry-3-600x312.png 600w\" sizes=\"(max-width: 2560px) 100vw, 2560px\" \/> <img loading=\"lazy\" decoding=\"async\" class=\"alignnone size-full wp-image-6290\" src=\"http:\/\/lanrel.eu\/wp-content\/uploads\/2025\/02\/FCN-Appetite-Control-Dry-4.png\" alt=\"\" width=\"2560\" height=\"1159\" srcset=\"https:\/\/www.lanrel.pl\/wp-content\/uploads\/2025\/02\/FCN-Appetite-Control-Dry-4.png 2560w, https:\/\/www.lanrel.pl\/wp-content\/uploads\/2025\/02\/FCN-Appetite-Control-Dry-4-300x136.png 300w, https:\/\/www.lanrel.pl\/wp-content\/uploads\/2025\/02\/FCN-Appetite-Control-Dry-4-1024x464.png 1024w, https:\/\/www.lanrel.pl\/wp-content\/uploads\/2025\/02\/FCN-Appetite-Control-Dry-4-768x348.png 768w, https:\/\/www.lanrel.pl\/wp-content\/uploads\/2025\/02\/FCN-Appetite-Control-Dry-4-1536x695.png 1536w, https:\/\/www.lanrel.pl\/wp-content\/uploads\/2025\/02\/FCN-Appetite-Control-Dry-4-2048x927.png 2048w, https:\/\/www.lanrel.pl\/wp-content\/uploads\/2025\/02\/FCN-Appetite-Control-Dry-4-18x8.png 18w, https:\/\/www.lanrel.pl\/wp-content\/uploads\/2025\/02\/FCN-Appetite-Control-Dry-4-600x272.png 600w\" sizes=\"(max-width: 2560px) 100vw, 2560px\" \/> <img loading=\"lazy\" decoding=\"async\" class=\"alignnone size-full wp-image-6291\" src=\"http:\/\/lanrel.eu\/wp-content\/uploads\/2025\/02\/FCN-Appetite-Control-Dry-5.png\" alt=\"\" width=\"2560\" height=\"842\" srcset=\"https:\/\/www.lanrel.pl\/wp-content\/uploads\/2025\/02\/FCN-Appetite-Control-Dry-5.png 2560w, https:\/\/www.lanrel.pl\/wp-content\/uploads\/2025\/02\/FCN-Appetite-Control-Dry-5-300x99.png 300w, https:\/\/www.lanrel.pl\/wp-content\/uploads\/2025\/02\/FCN-Appetite-Control-Dry-5-1024x337.png 1024w, https:\/\/www.lanrel.pl\/wp-content\/uploads\/2025\/02\/FCN-Appetite-Control-Dry-5-768x253.png 768w, https:\/\/www.lanrel.pl\/wp-content\/uploads\/2025\/02\/FCN-Appetite-Control-Dry-5-1536x505.png 1536w, https:\/\/www.lanrel.pl\/wp-content\/uploads\/2025\/02\/FCN-Appetite-Control-Dry-5-2048x674.png 2048w, https:\/\/www.lanrel.pl\/wp-content\/uploads\/2025\/02\/FCN-Appetite-Control-Dry-5-18x6.png 18w, https:\/\/www.lanrel.pl\/wp-content\/uploads\/2025\/02\/FCN-Appetite-Control-Dry-5-600x197.png 600w\" sizes=\"(max-width: 2560px) 100vw, 2560px\" \/> <img loading=\"lazy\" decoding=\"async\" class=\"alignnone size-full wp-image-6292\" src=\"http:\/\/lanrel.eu\/wp-content\/uploads\/2025\/02\/FCN-Appetite-Control-Dry-6.png\" alt=\"\" width=\"2559\" height=\"1182\" srcset=\"https:\/\/www.lanrel.pl\/wp-content\/uploads\/2025\/02\/FCN-Appetite-Control-Dry-6.png 2559w, https:\/\/www.lanrel.pl\/wp-content\/uploads\/2025\/02\/FCN-Appetite-Control-Dry-6-300x139.png 300w, https:\/\/www.lanrel.pl\/wp-content\/uploads\/2025\/02\/FCN-Appetite-Control-Dry-6-1024x473.png 1024w, https:\/\/www.lanrel.pl\/wp-content\/uploads\/2025\/02\/FCN-Appetite-Control-Dry-6-768x355.png 768w, https:\/\/www.lanrel.pl\/wp-content\/uploads\/2025\/02\/FCN-Appetite-Control-Dry-6-1536x709.png 1536w, https:\/\/www.lanrel.pl\/wp-content\/uploads\/2025\/02\/FCN-Appetite-Control-Dry-6-2048x946.png 2048w, https:\/\/www.lanrel.pl\/wp-content\/uploads\/2025\/02\/FCN-Appetite-Control-Dry-6-18x8.png 18w, https:\/\/www.lanrel.pl\/wp-content\/uploads\/2025\/02\/FCN-Appetite-Control-Dry-6-600x277.png 600w\" sizes=\"(max-width: 2559px) 100vw, 2559px\" \/> <img loading=\"lazy\" decoding=\"async\" class=\"alignnone size-full wp-image-6293\" src=\"http:\/\/lanrel.eu\/wp-content\/uploads\/2025\/02\/FCN-Appetite-Control-Dry-7.png\" alt=\"\" width=\"2559\" height=\"1362\" srcset=\"https:\/\/www.lanrel.pl\/wp-content\/uploads\/2025\/02\/FCN-Appetite-Control-Dry-7.png 2559w, https:\/\/www.lanrel.pl\/wp-content\/uploads\/2025\/02\/FCN-Appetite-Control-Dry-7-300x160.png 300w, https:\/\/www.lanrel.pl\/wp-content\/uploads\/2025\/02\/FCN-Appetite-Control-Dry-7-1024x545.png 1024w, https:\/\/www.lanrel.pl\/wp-content\/uploads\/2025\/02\/FCN-Appetite-Control-Dry-7-768x409.png 768w, https:\/\/www.lanrel.pl\/wp-content\/uploads\/2025\/02\/FCN-Appetite-Control-Dry-7-1536x818.png 1536w, https:\/\/www.lanrel.pl\/wp-content\/uploads\/2025\/02\/FCN-Appetite-Control-Dry-7-2048x1090.png 2048w, https:\/\/www.lanrel.pl\/wp-content\/uploads\/2025\/02\/FCN-Appetite-Control-Dry-7-18x10.png 18w, https:\/\/www.lanrel.pl\/wp-content\/uploads\/2025\/02\/FCN-Appetite-Control-Dry-7-600x319.png 600w\" sizes=\"(max-width: 2559px) 100vw, 2559px\" \/> <img loading=\"lazy\" decoding=\"async\" class=\"alignnone size-full wp-image-6294\" src=\"http:\/\/lanrel.eu\/wp-content\/uploads\/2025\/02\/FCN-Appetite-Control-Dry-8.png\" alt=\"\" width=\"2559\" height=\"1376\" srcset=\"https:\/\/www.lanrel.pl\/wp-content\/uploads\/2025\/02\/FCN-Appetite-Control-Dry-8.png 2559w, https:\/\/www.lanrel.pl\/wp-content\/uploads\/2025\/02\/FCN-Appetite-Control-Dry-8-300x161.png 300w, https:\/\/www.lanrel.pl\/wp-content\/uploads\/2025\/02\/FCN-Appetite-Control-Dry-8-1024x551.png 1024w, https:\/\/www.lanrel.pl\/wp-content\/uploads\/2025\/02\/FCN-Appetite-Control-Dry-8-768x413.png 768w, https:\/\/www.lanrel.pl\/wp-content\/uploads\/2025\/02\/FCN-Appetite-Control-Dry-8-1536x826.png 1536w, https:\/\/www.lanrel.pl\/wp-content\/uploads\/2025\/02\/FCN-Appetite-Control-Dry-8-2048x1101.png 2048w, https:\/\/www.lanrel.pl\/wp-content\/uploads\/2025\/02\/FCN-Appetite-Control-Dry-8-18x10.png 18w, https:\/\/www.lanrel.pl\/wp-content\/uploads\/2025\/02\/FCN-Appetite-Control-Dry-8-600x323.png 600w\" sizes=\"(max-width: 2559px) 100vw, 2559px\" \/> <img loading=\"lazy\" decoding=\"async\" class=\"alignnone size-full wp-image-6295\" src=\"http:\/\/lanrel.eu\/wp-content\/uploads\/2025\/02\/FCN-Appetite-Control-Dry-9.png\" alt=\"\" width=\"2559\" height=\"1245\" srcset=\"https:\/\/www.lanrel.pl\/wp-content\/uploads\/2025\/02\/FCN-Appetite-Control-Dry-9.png 2559w, https:\/\/www.lanrel.pl\/wp-content\/uploads\/2025\/02\/FCN-Appetite-Control-Dry-9-300x146.png 300w, https:\/\/www.lanrel.pl\/wp-content\/uploads\/2025\/02\/FCN-Appetite-Control-Dry-9-1024x498.png 1024w, https:\/\/www.lanrel.pl\/wp-content\/uploads\/2025\/02\/FCN-Appetite-Control-Dry-9-768x374.png 768w, https:\/\/www.lanrel.pl\/wp-content\/uploads\/2025\/02\/FCN-Appetite-Control-Dry-9-1536x747.png 1536w, https:\/\/www.lanrel.pl\/wp-content\/uploads\/2025\/02\/FCN-Appetite-Control-Dry-9-2048x996.png 2048w, https:\/\/www.lanrel.pl\/wp-content\/uploads\/2025\/02\/FCN-Appetite-Control-Dry-9-18x9.png 18w, https:\/\/www.lanrel.pl\/wp-content\/uploads\/2025\/02\/FCN-Appetite-Control-Dry-9-600x292.png 600w\" sizes=\"(max-width: 2559px) 100vw, 2559px\" \/><\/p>\n<p>Dieta kota odgrywa istotn\u0105 role w jego \u017cyciu. Linia karm ROYAL CANIN\u00ae Feline Care Nutrition opracowana zosta\u0142a specjalnie po to, aby wspiera\u0107 koty o szczeg\u00f3lnych wra\u017cliwo\u015bciach.<\/p>\n<p>Karma ROYAL CANIN\u00ae Appetite Control Care to pe\u0142noporcjowa, zbilansowana karma, opracowana po to, aby pomaga\u0107 w kontrolowaniu nawyku \u017cebrania.<\/p>\n<p>Karma wzbogacona zosta\u0142a tak\u017ce w L-karnityn\u0119- aminokwas wp\u0142ywaj\u0105cy korzystnie na metabolizm t\u0142uszczy.<\/p>\n<p>ROYAL CANIN\u00ae Appetite Control Care to karma o potwierdzonej skuteczno\u015bci. Nasze badania<sup>*<\/sup> wykaza\u0142y, \u017ce ponad 90% opiekun\u00f3w kot\u00f3w zaobserwowa\u0142o zmniejszenie nasilenia nawyku \u017cebrania w ci\u0105gu zaledwie 4 tygodni stosowania tej karmy.<\/p>\n<p>Karma ROYAL CANIN\u00ae Appetite Control Care dost\u0119pna jest tak\u017ce w postaci mokrej o trzech r\u00f3\u017cnych teksturach: plasterki w sosie, plasterki w galaretce oraz pasztet. Karmienie mieszane karm\u0105 mokr\u0105 i such\u0105 jest preferowane przez wiele kot\u00f3w.<\/p>\n<p><sup>*<\/sup><em>Badania w\u0142asne Royal Canin<\/em><\/p>\n<p><strong>Features &amp; Benefits <\/strong><\/p>\n<ul>\n<li>Pomaga kontrolowa\u0107 nawyk \u017cebrania<\/li>\n<li>Zawiera odpowiedni poziom bia\u0142ka i t\u0142uszczu<\/li>\n<li>Dodatek L-karnityny wp\u0142ywa korzystnie na metabolizm t\u0142uszczy<\/li>\n<li>Udowodniona skuteczno\u015b\u0107<\/li>\n<\/ul>\n<h2>WARTO\u015aCI OD\u017bYWCZE<\/h2>\n<p><strong>SK\u0141AD: <\/strong><\/p>\n<p>suszone bia\u0142ko drobiowe, w\u0142\u00f3kno ro\u015blinne, kukurydza, gluten pszenny*, pszenica, gluten kukurydziany, hydrolizowane bia\u0142ka zwierz\u0119ce, t\u0142uszcze zwierz\u0119ce, ry\u017c, minera\u0142y, wys\u0142odki buraczane, produkty dro\u017cd\u017cy, olej sojowy, olej z ryb, \u0142uski i nasiona psyllium, fruktooligosacharydy.<\/p>\n<p>*L.I.P.: bia\u0142ko wyselekcjonowane ze wzgl\u0119du na bardzo wysok\u0105 strawno\u015b\u0107.<\/p>\n<p><strong>DODATKI (na 1 kg karmy): <\/strong><\/p>\n<p>Dodatki dietetyczne: Witamina A: 19500 UI, Witamina D3: 700 UI, \u017belazo (3b103): 28 mg, Jod (3b201, 3b202): 2,8 mg, Mied\u017a (3b405, 3b406): 9 mg, Mangan (3b502, 3b504): 36 mg, Cynk (3b603, 3b605, 3b606): 127 mg, Selen (3b801, 3b811, 3b812): 0,04 mg &#8211; Dodatki technologiczne: Klinoptylolit pochodzenia osadowego: 10 g &#8211; Przeciwutleniacze.<\/p>\n<p><strong>SK\u0141ADNIKI ANALITYCZNE: <\/strong><\/p>\n<p>Bia\u0142ko surowe: 34,0% &#8211; Oleje i t\u0142uszcze surowe: 12,0% &#8211; Popi\u00f3\u0142 surowy: 8,2% &#8211; W\u0142\u00f3kno surowe: 9,2% &#8211; L-karnityna: 200 mg\/kg.<\/p>\n<p><strong>SPOS\u00d3B U\u017bYCIA: <\/strong><\/p>\n<p>patrz tabela.<\/p>","protected":false},"excerpt":{"rendered":"<p>sucha karma dla doros\u0142ych kot\u00f3w domagaj\u0105cych si\u0119 jedzenia<\/p>\n<p>Marka: Royal Canin<\/p>\n<p>Faza \u017cycia: Doros\u0142y<\/p>\n<p>Specjalne wymagania: Przebywaj\u0105ce w domu<\/p>","protected":false},"featured_media":6284,"comment_status":"open","ping_status":"closed","template":"","meta":{"om_disable_all_campaigns":false,"inline_featured_image":false},"product_brand":[],"product_cat":[42,90,94],"product_tag":[],"class_list":{"0":"post-6274","1":"product","2":"type-product","3":"status-publish","4":"has-post-thumbnail","6":"product_cat-cat-food","7":"product_cat-royal-canin","8":"product_cat-szczegolne-potrzeby-kotow","10":"first","11":"outofstock","12":"taxable","13":"shipping-taxable","14":"product-type-variable","15":"has-default-attributes"},"_links":{"self":[{"href":"https:\/\/www.lanrel.pl\/pl\/wp-json\/wp\/v2\/product\/6274","targetHints":{"allow":["GET"]}}],"collection":[{"href":"https:\/\/www.lanrel.pl\/pl\/wp-json\/wp\/v2\/product"}],"about":[{"href":"https:\/\/www.lanrel.pl\/pl\/wp-json\/wp\/v2\/types\/product"}],"replies":[{"embeddable":true,"href":"https:\/\/www.lanrel.pl\/pl\/wp-json\/wp\/v2\/comments?post=6274"}],"wp:featuredmedia":[{"embeddable":true,"href":"https:\/\/www.lanrel.pl\/pl\/wp-json\/wp\/v2\/media\/6284"}],"wp:attachment":[{"href":"https:\/\/www.lanrel.pl\/pl\/wp-json\/wp\/v2\/media?parent=6274"}],"wp:term":[{"taxonomy":"product_brand","embeddable":true,"href":"https:\/\/www.lanrel.pl\/pl\/wp-json\/wp\/v2\/product_brand?post=6274"},{"taxonomy":"product_cat","embeddable":true,"href":"https:\/\/www.lanrel.pl\/pl\/wp-json\/wp\/v2\/product_cat?post=6274"},{"taxonomy":"product_tag","embeddable":true,"href":"https:\/\/www.lanrel.pl\/pl\/wp-json\/wp\/v2\/product_tag?post=6274"}],"curies":[{"name":"wp","href":"https:\/\/api.w.org\/{rel}","templated":true}]}}