{"id":6252,"date":"2025-02-09T21:46:39","date_gmt":"2025-02-09T20:46:39","guid":{"rendered":"https:\/\/lanrel.eu\/?post_type=product&#038;p=6252"},"modified":"2025-02-24T09:52:18","modified_gmt":"2025-02-24T08:52:18","slug":"royal-canin-sphynx-adult-karma-sucha-dla-kotow-doroslych-rasy-sfinks","status":"publish","type":"product","link":"https:\/\/www.lanrel.pl\/pl\/produkt\/royal-canin-sphynx-adult-karma-sucha-dla-kotow-doroslych-rasy-sfinks\/","title":{"rendered":"ROYAL CANIN Sphynx Adult karma sucha dla kot\u00f3w doros\u0142ych rasy sfinks"},"content":{"rendered":"<p><img fetchpriority=\"high\" decoding=\"async\" class=\"alignnone size-full wp-image-6261\" src=\"http:\/\/lanrel.eu\/wp-content\/uploads\/2025\/02\/01-3.png\" alt=\"\" width=\"1920\" height=\"648\" srcset=\"https:\/\/www.lanrel.pl\/wp-content\/uploads\/2025\/02\/01-3.png 1920w, https:\/\/www.lanrel.pl\/wp-content\/uploads\/2025\/02\/01-3-300x101.png 300w, https:\/\/www.lanrel.pl\/wp-content\/uploads\/2025\/02\/01-3-1024x346.png 1024w, https:\/\/www.lanrel.pl\/wp-content\/uploads\/2025\/02\/01-3-768x259.png 768w, https:\/\/www.lanrel.pl\/wp-content\/uploads\/2025\/02\/01-3-1536x518.png 1536w, https:\/\/www.lanrel.pl\/wp-content\/uploads\/2025\/02\/01-3-18x6.png 18w, https:\/\/www.lanrel.pl\/wp-content\/uploads\/2025\/02\/01-3-600x203.png 600w\" sizes=\"(max-width: 1920px) 100vw, 1920px\" \/><\/p>\n<p><img decoding=\"async\" class=\"alignnone size-full wp-image-6263\" src=\"http:\/\/lanrel.eu\/wp-content\/uploads\/2025\/02\/03-3.png\" alt=\"\" width=\"1920\" height=\"770\" srcset=\"https:\/\/www.lanrel.pl\/wp-content\/uploads\/2025\/02\/03-3.png 1920w, https:\/\/www.lanrel.pl\/wp-content\/uploads\/2025\/02\/03-3-300x120.png 300w, https:\/\/www.lanrel.pl\/wp-content\/uploads\/2025\/02\/03-3-1024x411.png 1024w, https:\/\/www.lanrel.pl\/wp-content\/uploads\/2025\/02\/03-3-768x308.png 768w, https:\/\/www.lanrel.pl\/wp-content\/uploads\/2025\/02\/03-3-1536x616.png 1536w, https:\/\/www.lanrel.pl\/wp-content\/uploads\/2025\/02\/03-3-18x7.png 18w, https:\/\/www.lanrel.pl\/wp-content\/uploads\/2025\/02\/03-3-600x241.png 600w\" sizes=\"(max-width: 1920px) 100vw, 1920px\" \/><\/p>\n<p><img decoding=\"async\" class=\"alignnone size-full wp-image-6262\" src=\"http:\/\/lanrel.eu\/wp-content\/uploads\/2025\/02\/02-3.png\" alt=\"\" width=\"1920\" height=\"670\" srcset=\"https:\/\/www.lanrel.pl\/wp-content\/uploads\/2025\/02\/02-3.png 1920w, https:\/\/www.lanrel.pl\/wp-content\/uploads\/2025\/02\/02-3-300x105.png 300w, https:\/\/www.lanrel.pl\/wp-content\/uploads\/2025\/02\/02-3-1024x357.png 1024w, https:\/\/www.lanrel.pl\/wp-content\/uploads\/2025\/02\/02-3-768x268.png 768w, https:\/\/www.lanrel.pl\/wp-content\/uploads\/2025\/02\/02-3-1536x536.png 1536w, https:\/\/www.lanrel.pl\/wp-content\/uploads\/2025\/02\/02-3-18x6.png 18w, https:\/\/www.lanrel.pl\/wp-content\/uploads\/2025\/02\/02-3-600x209.png 600w\" sizes=\"(max-width: 1920px) 100vw, 1920px\" \/>Sfinksy to fascynuj\u0105ca rasa. Ich niespotykany wygl\u0105d jednych zachwyca, u drugich wywo\u0142uje zdziwienie. Mimo \u017ce wydaj\u0105 si\u0119 ma\u0142ymi kotami, ich ci\u0119\u017car mo\u017ce zdziwi\u0107.<\/p>\n<p>ROYAL CANIN\u00ae Sphynx Adult to karma opracowana specjalnie dla kot\u00f3w rasy sfinks. Karma dostarcza wszystkich niezb\u0119dnych sk\u0142adnik\u00f3w pokarmowych wspieraj\u0105cych organizm kot\u00f3w rasy sfinks, powy\u017cej 12 miesi\u0105ca \u017cycia.<\/p>\n<p><img loading=\"lazy\" decoding=\"async\" class=\"alignnone size-full wp-image-6264\" src=\"http:\/\/lanrel.eu\/wp-content\/uploads\/2025\/02\/04-3.png\" alt=\"\" width=\"1920\" height=\"1078\" srcset=\"https:\/\/www.lanrel.pl\/wp-content\/uploads\/2025\/02\/04-3.png 1920w, https:\/\/www.lanrel.pl\/wp-content\/uploads\/2025\/02\/04-3-300x168.png 300w, https:\/\/www.lanrel.pl\/wp-content\/uploads\/2025\/02\/04-3-1024x575.png 1024w, https:\/\/www.lanrel.pl\/wp-content\/uploads\/2025\/02\/04-3-768x431.png 768w, https:\/\/www.lanrel.pl\/wp-content\/uploads\/2025\/02\/04-3-1536x862.png 1536w, https:\/\/www.lanrel.pl\/wp-content\/uploads\/2025\/02\/04-3-18x10.png 18w, https:\/\/www.lanrel.pl\/wp-content\/uploads\/2025\/02\/04-3-600x337.png 600w\" sizes=\"(max-width: 1920px) 100vw, 1920px\" \/>Z powodu braku ow\u0142osienia koty rasy sfinks potrzebuj\u0105 karmy wysokoenergetycznej, aby zr\u00f3wnowa\u017cy\u0142a utrat\u0119 ciep\u0142a przez sk\u00f3r\u0119. Karma ROYAL CANIN\u00ae Sphynx Adult charakteryzuje si\u0119 wysok\u0105 kaloryczno\u015bci\u0105, dzi\u0119ki podwy\u017cszonemu poziomowi t\u0142uszczu, co pozwala pokry\u0107 wysokie potrzeby energetyczne kot\u00f3w tej rasy. Odpowiedni bilans sk\u0142adnik\u00f3w mineralnych w karmie wspomaga ochron\u0119 uk\u0142adu moczowego.<\/p>\n<p>Wbrew pozorom koty te nie s\u0105 zupe\u0142nie \u0142yse \u2013 ich cia\u0142o pokryte jest delikatnym meszkiem. Jednym z kluczowych zada\u0144 sk\u00f3ry jest ochrona przed wnikaniem do organizmu drobnoustroj\u00f3w; koty rasy sfinks maj\u0105 grub\u0105 warstw\u0119 nask\u00f3rka, jednak brak sier\u015bci i pigmentacji powoduje, \u017ce sk\u00f3ra jest nara\u017cona na dzia\u0142anie czynnik\u00f3w zewn\u0119trznych<\/p>\n<p>Unikalny kompleks sk\u0142adnik\u00f3w pokarmowych wspiera nieprzepuszczalno\u015b\u0107 bariery sk\u00f3rnej. Dodatek kwas\u00f3w t\u0142uszczowych omega 3 i omega 6 pomaga utrzyma\u0107 zdrow\u0105 sk\u00f3r\u0119.<\/p>\n<p>Odpowiednie \u017cywienie jest tak\u017ce kluczowym czynnikiem w utrzymaniu zdrowego serca. Dlatego karma ROYAL CANIN\u00ae Sphynx Adult zawiera tauryn\u0119, kwasy t\u0142uszczowe EPA i DHA (kwasy t\u0142uszczowe omega 3) wspieraj\u0105ce prawid\u0142ow\u0105 prac\u0119 serca.<\/p>\n<p><img loading=\"lazy\" decoding=\"async\" class=\"alignnone size-full wp-image-6265\" src=\"http:\/\/lanrel.eu\/wp-content\/uploads\/2025\/02\/05-3.png\" alt=\"\" width=\"1920\" height=\"1082\" srcset=\"https:\/\/www.lanrel.pl\/wp-content\/uploads\/2025\/02\/05-3.png 1920w, https:\/\/www.lanrel.pl\/wp-content\/uploads\/2025\/02\/05-3-300x169.png 300w, https:\/\/www.lanrel.pl\/wp-content\/uploads\/2025\/02\/05-3-1024x577.png 1024w, https:\/\/www.lanrel.pl\/wp-content\/uploads\/2025\/02\/05-3-768x433.png 768w, https:\/\/www.lanrel.pl\/wp-content\/uploads\/2025\/02\/05-3-1536x866.png 1536w, https:\/\/www.lanrel.pl\/wp-content\/uploads\/2025\/02\/05-3-18x10.png 18w, https:\/\/www.lanrel.pl\/wp-content\/uploads\/2025\/02\/05-3-600x338.png 600w\" sizes=\"(max-width: 1920px) 100vw, 1920px\" \/><\/p>\n<p><strong>Zalety:<\/strong><\/p>\n<p style=\"padding-left: 40px;\"><strong>Wysoka poda\u017c energii\uff1a<\/strong><\/p>\n<p style=\"padding-left: 40px;\">Receptura o wysokiej zawarto\u015bci t\u0142uszczu, pokrywa podwy\u017cszone zapotrzebowanie energetyczne kot\u00f3w bezw\u0142osych.<\/p>\n<p style=\"padding-left: 40px;\"><strong>Zdrowie sk\u00f3ry\uff1a<\/strong><\/p>\n<p style=\"padding-left: 40px;\">Unikalny kompleks ska\u0142dnik\u00f3w pokarmowych wzmacnia barier\u0119 sk\u00f3rn\u0105. Receptura wzbogacona w kwasy t\u0142uszczowe omega 3 i omega 6 sprzyja zdrowiu sk\u00f3ry.<\/p>\n<p style=\"padding-left: 40px;\"><strong>Ochrona serca\uff1a<\/strong><\/p>\n<p style=\"padding-left: 40px;\">Tauryna i kwasy t\u0142uszczowe EPA i DHA wspomagaj\u0105 prawid\u0142ow\u0105 prac\u0119 serca.<\/p>\n<p style=\"padding-left: 40px;\"><strong>Ochrona uk\u0142adu moczowego\uff1a<\/strong><\/p>\n<p style=\"padding-left: 40px;\">Formulated with a balance of minerals to help maintain the health of an adult cat\u2019s urinary system.<\/p>\n<p><img loading=\"lazy\" decoding=\"async\" class=\"alignnone size-full wp-image-6266\" src=\"http:\/\/lanrel.eu\/wp-content\/uploads\/2025\/02\/06-3.png\" alt=\"\" width=\"1920\" height=\"672\" srcset=\"https:\/\/www.lanrel.pl\/wp-content\/uploads\/2025\/02\/06-3.png 1920w, https:\/\/www.lanrel.pl\/wp-content\/uploads\/2025\/02\/06-3-300x105.png 300w, https:\/\/www.lanrel.pl\/wp-content\/uploads\/2025\/02\/06-3-1024x358.png 1024w, https:\/\/www.lanrel.pl\/wp-content\/uploads\/2025\/02\/06-3-768x269.png 768w, https:\/\/www.lanrel.pl\/wp-content\/uploads\/2025\/02\/06-3-1536x538.png 1536w, https:\/\/www.lanrel.pl\/wp-content\/uploads\/2025\/02\/06-3-18x6.png 18w, https:\/\/www.lanrel.pl\/wp-content\/uploads\/2025\/02\/06-3-600x210.png 600w\" sizes=\"(max-width: 1920px) 100vw, 1920px\" \/><\/p>\n<p style=\"padding-left: 40px;\"><strong>Specjalnie opracowany krokiet<\/strong><\/p>\n<p style=\"padding-left: 40px;\">Unikalny krokiet w kszta\u0142cie tr\u00f3jk\u0105ta, dostosowany do budowy szcz\u0119k kot\u00f3w rasy sfinks, zach\u0119ca do rozgryzania karmy i sprzyja higienie jamy ustnej.<\/p>\n<p><img loading=\"lazy\" decoding=\"async\" class=\"alignnone size-full wp-image-6267\" src=\"http:\/\/lanrel.eu\/wp-content\/uploads\/2025\/02\/07-3.png\" alt=\"\" width=\"1920\" height=\"1276\" srcset=\"https:\/\/www.lanrel.pl\/wp-content\/uploads\/2025\/02\/07-3.png 1920w, https:\/\/www.lanrel.pl\/wp-content\/uploads\/2025\/02\/07-3-300x199.png 300w, https:\/\/www.lanrel.pl\/wp-content\/uploads\/2025\/02\/07-3-1024x681.png 1024w, https:\/\/www.lanrel.pl\/wp-content\/uploads\/2025\/02\/07-3-768x510.png 768w, https:\/\/www.lanrel.pl\/wp-content\/uploads\/2025\/02\/07-3-1536x1021.png 1536w, https:\/\/www.lanrel.pl\/wp-content\/uploads\/2025\/02\/07-3-18x12.png 18w, https:\/\/www.lanrel.pl\/wp-content\/uploads\/2025\/02\/07-3-600x399.png 600w\" sizes=\"(max-width: 1920px) 100vw, 1920px\" \/>Misj\u0105 ROYAL CANIN\u00ae jest zapewnianie rozwi\u0105za\u0144 \u017cywieniowych dostosowanych do potrzeb zwierz\u0105t. Wszystkie nasze produkty przechodz\u0105 liczne kontrole jako\u015bci, aby sprosta\u0107 najwy\u017cszym standardom marki i dostarczy\u0107 kotu pokarm dostosowany do jego potrzeb \u017cywieniowych. ROYAL CANIN\u00ae Sphynx Adult jest karm\u0105 pe\u0142noporcjow\u0105.<\/p>\n<p><img loading=\"lazy\" decoding=\"async\" class=\"alignnone size-full wp-image-6269\" src=\"http:\/\/lanrel.eu\/wp-content\/uploads\/2025\/02\/08-3.png\" alt=\"\" width=\"1920\" height=\"1174\" srcset=\"https:\/\/www.lanrel.pl\/wp-content\/uploads\/2025\/02\/08-3.png 1920w, https:\/\/www.lanrel.pl\/wp-content\/uploads\/2025\/02\/08-3-300x183.png 300w, https:\/\/www.lanrel.pl\/wp-content\/uploads\/2025\/02\/08-3-1024x626.png 1024w, https:\/\/www.lanrel.pl\/wp-content\/uploads\/2025\/02\/08-3-768x470.png 768w, https:\/\/www.lanrel.pl\/wp-content\/uploads\/2025\/02\/08-3-1536x939.png 1536w, https:\/\/www.lanrel.pl\/wp-content\/uploads\/2025\/02\/08-3-18x12.png 18w, https:\/\/www.lanrel.pl\/wp-content\/uploads\/2025\/02\/08-3-600x367.png 600w\" sizes=\"(max-width: 1920px) 100vw, 1920px\" \/><\/p>\n<h2>WARTO\u015aCI OD\u017bYWCZE<\/h2>\n<div data-testid=\"product-nutrition-content\" aria-expanded=\"true\"><strong>SK\u0141AD<\/strong><\/div>\n<div class=\"sc-cwHptR iRzDne\" data-testid=\"product-nutrition-content\" aria-expanded=\"true\">suszone bia\u0142ka drobiowe, t\u0142uszcze zwierz\u0119ce, ry\u017c, gluten pszenny*, gluten kukurydziany, hydrolizowane bia\u0142ka zwierz\u0119ce, kukurydza, w\u0142\u00f3kno ro\u015blinne, suszone bia\u0142ka wieprzowe, pszenica, wys\u0142odki buraczane, produkty dro\u017cd\u017cy, minera\u0142y, olej z ryb, suszona pulpa pomidorowa (\u017ar\u00f3d\u0142o likopenu), olej sojowy, fruktooligosacharydy, dro\u017cd\u017ce (\u017ar\u00f3d\u0142o mannooligosacharyd\u00f3w), olej z og\u00f3recznika, m\u0105czka z aksamitki. *L.I.P.: bia\u0142ko wyselekcjonowane ze wzgl\u0119du na bardzo wysok\u0105 strawno\u015b\u0107.<\/div>\n<div data-testid=\"product-nutrition-content\" aria-expanded=\"true\"><\/div>\n<div data-testid=\"product-nutrition-content\" aria-expanded=\"true\"><strong>DODATKI<\/strong><\/div>\n<div data-testid=\"product-nutrition-content\" aria-expanded=\"true\">\n<div class=\"sc-cwHptR iRzDne\" data-testid=\"product-nutrition-content\" aria-expanded=\"true\">DODATKI (na 1 kg karmy): Dodatki dietetyczne: Witamina A: 32400 UI, Witamina D3: 866 UI, Tauryna: 2,9 g, \u017belazo (3b103): 35 mg, Jod (3b201, 3b202): 3,5 mg, Mied\u017a (3b405, 3b406): 11 mg, Mangan (3b502, 3b504): 45 mg, Cynk (3b603, 3b605, 3b606): 134 mg, Selen (3b801, 3b811, 3b812): 0,09 mg &#8211; Dodatki technologiczne: Klinoptylolit pochodzenia osadowego: 10 g &#8211; Przeciwutleniacze.<\/div>\n<\/div>\n<div data-testid=\"product-nutrition-content\" aria-expanded=\"true\"><\/div>\n<div data-testid=\"product-nutrition-content\" aria-expanded=\"true\"><strong>SK\u0141ADNIKI ANALITYCZNE<\/strong><\/div>\n<div data-testid=\"product-nutrition-content\" aria-expanded=\"true\">\n<div class=\"sc-cwHptR iRzDne\" data-testid=\"product-nutrition-content\" aria-expanded=\"true\">Bia\u0142ko surowe: 33,0% &#8211; W\u0142\u00f3kno surowe: 4,9% &#8211; Oleje i t\u0142uszcze surowe: 23,0% &#8211; Popi\u00f3\u0142 surowy: 7,4% &#8211; Kwasy t\u0142uszczowe omega-6: 4,7% &#8211; Kwasy t\u0142uszczowe omega-3: 1% &#8211; EPA\/DHA: 0,4% &#8211; L-karnityna: 50 mg\/kg.<\/div>\n<div data-testid=\"product-nutrition-content\" aria-expanded=\"true\"><\/div>\n<\/div>\n<div data-testid=\"product-nutrition-content\" aria-expanded=\"true\"><strong>DAWKOWANIE<\/strong><\/div>\n<div data-testid=\"product-nutrition-content\" aria-expanded=\"true\">patrz tabela. Najlepiej wykorzysta\u0107 przed: patrz data wa\u017cno\u015bci. Data wa\u017cno\u015bci, numer partii i numer rejestracyjny zak\u0142adu znajduj\u0105 si\u0119 z ty\u0142u opakowania. Przechowywa\u0107 w suchym i ch\u0142odnym miejscu.<\/div>\n<table style=\"height: 342px;\" width=\"1109\">\n<thead>\n<tr>\n<td>\n<p style=\"text-align: center;\"><strong>Masa cia\u0142a<\/strong><\/p>\n<\/td>\n<td style=\"text-align: center;\"><strong>Nadwaga<\/strong><\/td>\n<td style=\"text-align: center;\"><strong>Waga prawid\u0142owa<\/strong><\/td>\n<td>\n<p style=\"text-align: center;\"><strong>Niedowaga<\/strong><\/p>\n<\/td>\n<\/tr>\n<\/thead>\n<tbody>\n<tr>\n<td>\n<p style=\"text-align: center;\">2 kg<\/p>\n<\/td>\n<td style=\"text-align: center;\">&#8211;<\/td>\n<td style=\"text-align: center;\">42 g<\/td>\n<td>\n<p style=\"text-align: center;\">56 g<\/p>\n<\/td>\n<\/tr>\n<tr>\n<td>\n<p style=\"text-align: center;\">3 kg<\/p>\n<\/td>\n<td style=\"text-align: center;\">&#8211;<\/td>\n<td style=\"text-align: center;\">56 g<\/td>\n<td style=\"text-align: center;\">75 g<\/td>\n<\/tr>\n<tr>\n<td>\n<p style=\"text-align: center;\">4 kg<\/p>\n<\/td>\n<td style=\"text-align: center;\">60 g<\/td>\n<td style=\"text-align: center;\">69 g<\/td>\n<td style=\"text-align: center;\">92 g<\/td>\n<\/tr>\n<tr>\n<td style=\"text-align: center;\">5 kg<\/td>\n<td style=\"text-align: center;\">70 g<\/td>\n<td style=\"text-align: center;\">81 g<\/td>\n<td>\n<p style=\"text-align: center;\">&#8211;<\/p>\n<\/td>\n<\/tr>\n<tr>\n<td style=\"text-align: center;\">6 kg<\/td>\n<td style=\"text-align: center;\">79 g<\/td>\n<td style=\"text-align: center;\">&#8211;<\/td>\n<td style=\"text-align: center;\"><\/td>\n<\/tr>\n<\/tbody>\n<\/table>","protected":false},"excerpt":{"rendered":"<p>Karma sucha przeznaczona dla kot\u00f3w rasy sfinks od 12 miesi\u0105ca \u017cycia<\/p>\n<p>Marka: Royal Canin<\/p>\n<p>Faza \u017cycia:: Doros\u0142y<\/p>","protected":false},"featured_media":6260,"comment_status":"open","ping_status":"closed","template":"","meta":{"om_disable_all_campaigns":false,"inline_featured_image":false},"product_brand":[],"product_cat":[42,92,90],"product_tag":[],"class_list":{"0":"post-6252","1":"product","2":"type-product","3":"status-publish","4":"has-post-thumbnail","6":"product_cat-cat-food","7":"product_cat-koty-rasowe","8":"product_cat-royal-canin","10":"first","11":"outofstock","12":"taxable","13":"shipping-taxable","14":"purchasable","15":"product-type-variable","16":"has-default-attributes"},"_links":{"self":[{"href":"https:\/\/www.lanrel.pl\/pl\/wp-json\/wp\/v2\/product\/6252","targetHints":{"allow":["GET"]}}],"collection":[{"href":"https:\/\/www.lanrel.pl\/pl\/wp-json\/wp\/v2\/product"}],"about":[{"href":"https:\/\/www.lanrel.pl\/pl\/wp-json\/wp\/v2\/types\/product"}],"replies":[{"embeddable":true,"href":"https:\/\/www.lanrel.pl\/pl\/wp-json\/wp\/v2\/comments?post=6252"}],"wp:featuredmedia":[{"embeddable":true,"href":"https:\/\/www.lanrel.pl\/pl\/wp-json\/wp\/v2\/media\/6260"}],"wp:attachment":[{"href":"https:\/\/www.lanrel.pl\/pl\/wp-json\/wp\/v2\/media?parent=6252"}],"wp:term":[{"taxonomy":"product_brand","embeddable":true,"href":"https:\/\/www.lanrel.pl\/pl\/wp-json\/wp\/v2\/product_brand?post=6252"},{"taxonomy":"product_cat","embeddable":true,"href":"https:\/\/www.lanrel.pl\/pl\/wp-json\/wp\/v2\/product_cat?post=6252"},{"taxonomy":"product_tag","embeddable":true,"href":"https:\/\/www.lanrel.pl\/pl\/wp-json\/wp\/v2\/product_tag?post=6252"}],"curies":[{"name":"wp","href":"https:\/\/api.w.org\/{rel}","templated":true}]}}